{"id":101902,"date":"2025-10-09T11:38:20","date_gmt":"2025-10-09T11:38:20","guid":{"rendered":"https:\/\/novalaw.unl.pt\/?page_id=101902"},"modified":"2025-10-17T11:51:27","modified_gmt":"2025-10-17T11:51:27","slug":"joao-morais-leitaos-bibliographic-collection-becomes-part-of-the-heritage-of-nova-school-of-law","status":"publish","type":"page","link":"https:\/\/novalaw.unl.pt\/en\/joao-morais-leitaos-bibliographic-collection-becomes-part-of-the-heritage-of-nova-school-of-law\/","title":{"rendered":"Jo\u00e3o Morais Leit\u00e3o&#8217;s bibliographic collection becomes part of the heritage of NOVA School of Law"},"content":{"rendered":"\t\t<div data-elementor-type=\"wp-page\" data-elementor-id=\"101902\" class=\"elementor elementor-101902\" data-elementor-settings=\"[]\">\n\t\t\t\t\t\t\t<div class=\"elementor-section-wrap\">\n\t\t\t\t\t\t\t<section class=\"elementor-section elementor-top-section elementor-element elementor-element-7036356 elementor-section-boxed elementor-section-height-default elementor-section-height-default\" data-id=\"7036356\" data-element_type=\"section\">\n\t\t\t\t\t\t<div class=\"elementor-container elementor-column-gap-default\">\n\t\t\t\t\t<div class=\"elementor-column elementor-col-100 elementor-top-column elementor-element elementor-element-51b62604\" data-id=\"51b62604\" data-element_type=\"column\">\n\t\t\t<div class=\"elementor-widget-wrap elementor-element-populated\">\n\t\t\t\t\t\t\t\t<div class=\"elementor-element elementor-element-2fe70fb elementor-hidden-mobile elementor-hidden-tablet elementor-widget elementor-widget-image\" data-id=\"2fe70fb\" data-element_type=\"widget\" data-widget_type=\"image.default\">\n\t\t\t\t<div class=\"elementor-widget-container\">\n\t\t\t\t\t\t\t\t\t\t\t\t\t\t\t<img loading=\"lazy\" decoding=\"async\" width=\"1920\" height=\"450\" src=\"https:\/\/novalaw.unl.pt\/wp-content\/uploads\/2025\/10\/Site_AcervobibliograficodeJoaoMoraisLeitao_desktop.jpg\" class=\"attachment-full size-full\" alt=\"\" srcset=\"https:\/\/novalaw.unl.pt\/wp-content\/uploads\/2025\/10\/Site_AcervobibliograficodeJoaoMoraisLeitao_desktop.jpg 1920w, https:\/\/novalaw.unl.pt\/wp-content\/uploads\/2025\/10\/Site_AcervobibliograficodeJoaoMoraisLeitao_desktop-300x70.jpg 300w, https:\/\/novalaw.unl.pt\/wp-content\/uploads\/2025\/10\/Site_AcervobibliograficodeJoaoMoraisLeitao_desktop-1024x240.jpg 1024w, https:\/\/novalaw.unl.pt\/wp-content\/uploads\/2025\/10\/Site_AcervobibliograficodeJoaoMoraisLeitao_desktop-768x180.jpg 768w, https:\/\/novalaw.unl.pt\/wp-content\/uploads\/2025\/10\/Site_AcervobibliograficodeJoaoMoraisLeitao_desktop-1536x360.jpg 1536w\" sizes=\"auto, (max-width: 1920px) 100vw, 1920px\" \/>\t\t\t\t\t\t\t\t\t\t\t\t\t\t\t<\/div>\n\t\t\t\t<\/div>\n\t\t\t\t<div class=\"elementor-element elementor-element-470b19b9 elementor-hidden-desktop elementor-hidden-laptop elementor-widget elementor-widget-image\" data-id=\"470b19b9\" data-element_type=\"widget\" data-widget_type=\"image.default\">\n\t\t\t\t<div class=\"elementor-widget-container\">\n\t\t\t\t\t\t\t\t\t\t\t\t\t\t\t<img loading=\"lazy\" decoding=\"async\" width=\"720\" height=\"500\" src=\"https:\/\/novalaw.unl.pt\/wp-content\/uploads\/2025\/10\/Site_AcervobibliograficodeJoaoMoraisLeitao_mobile.jpg\" class=\"attachment-full size-full\" alt=\"\" srcset=\"https:\/\/novalaw.unl.pt\/wp-content\/uploads\/2025\/10\/Site_AcervobibliograficodeJoaoMoraisLeitao_mobile.jpg 720w, https:\/\/novalaw.unl.pt\/wp-content\/uploads\/2025\/10\/Site_AcervobibliograficodeJoaoMoraisLeitao_mobile-300x208.jpg 300w\" sizes=\"auto, (max-width: 720px) 100vw, 720px\" \/>\t\t\t\t\t\t\t\t\t\t\t\t\t\t\t<\/div>\n\t\t\t\t<\/div>\n\t\t\t\t\t<\/div>\n\t\t<\/div>\n\t\t\t\t\t\t\t<\/div>\n\t\t<\/section>\n\t\t\t\t<section class=\"elementor-section elementor-top-section elementor-element elementor-element-6eb9e04a elementor-section-boxed elementor-section-height-default elementor-section-height-default\" data-id=\"6eb9e04a\" data-element_type=\"section\">\n\t\t\t\t\t\t<div class=\"elementor-container elementor-column-gap-default\">\n\t\t\t\t\t<div class=\"elementor-column elementor-col-100 elementor-top-column elementor-element elementor-element-31fe5570\" data-id=\"31fe5570\" data-element_type=\"column\">\n\t\t\t<div class=\"elementor-widget-wrap elementor-element-populated\">\n\t\t\t\t\t\t\t\t<div class=\"elementor-element elementor-element-48215bce elementor-widget elementor-widget-ekit_wb_28926\" data-id=\"48215bce\" data-element_type=\"widget\" data-widget_type=\"ekit_wb_28926.default\">\n\t\t\t\t<div class=\"elementor-widget-container\">\n\t\t\t<h1 class=\"normal-title preto bold-text\">Jo\u00e3o Morais Leit\u00e3o's bibliographic collection becomes part of the heritage of NOVA School of Law<\/h1>\n\t\t\t\t<\/div>\n\t\t\t\t<\/div>\n\t\t\t\t<div class=\"elementor-element elementor-element-f9a6275 elementor-widget elementor-widget-post-info\" data-id=\"f9a6275\" data-element_type=\"widget\" data-widget_type=\"post-info.default\">\n\t\t\t\t<div class=\"elementor-widget-container\">\n\t\t\t\t\t<ul class=\"elementor-inline-items elementor-icon-list-items elementor-post-info\">\n\t\t\t\t\t\t\t\t<li class=\"elementor-icon-list-item elementor-repeater-item-bc243a4 elementor-inline-item\" itemprop=\"datePublished\">\n\t\t\t\t\t\t\t\t\t\t<span class=\"elementor-icon-list-icon\">\n\t\t\t\t\t\t\t\t<i aria-hidden=\"true\" class=\"fas fa-calendar\"><\/i>\t\t\t\t\t\t\t<\/span>\n\t\t\t\t\t\t\t\t\t<span class=\"elementor-icon-list-text elementor-post-info__item elementor-post-info__item--type-date\">\n\t\t\t\t\t\t\t\t\t\t9 de October de 2025\t\t\t\t\t<\/span>\n\t\t\t\t\t\t\t\t<\/li>\n\t\t\t\t<\/ul>\n\t\t\t\t<\/div>\n\t\t\t\t<\/div>\n\t\t\t\t<div class=\"elementor-element elementor-element-6218e3c elementor-widget elementor-widget-text-editor\" data-id=\"6218e3c\" data-element_type=\"widget\" data-widget_type=\"text-editor.default\">\n\t\t\t\t<div class=\"elementor-widget-container\">\n\t\t\t\t\t\t\t<p><strong>The bibliographic collection of Jo\u00e3o Morais Leit\u00e3o, founding partner of <a href=\"https:\/\/www.mlgts.pt\/en\/\">Morais Leit\u00e3o, Galv\u00e3o Teles, Soares da Silva &amp; Associados<\/a>, who was also a visiting professor during the founding phase of NOVA School of Law, has now become part of the faculty&#8217;s heritage<\/strong>. This gesture, rich in symbolic meaning, represents the recognition of a historical link between the legal profession and the teaching of law at NOVA.<\/p><p>A leading figure in Portuguese advocacy, Professor Leit\u00e3o was also instrumental in <strong>establishing one of the earliest protocols between NOVA School of Law and the Morais Leit\u00e3o law firm<\/strong> \u2014 one of our longest-standing and most significant <a href=\"https:\/\/novalaw.unl.pt\/en\/strategic-partnerships\/\">strategic partnerships<\/a>. This agreement, still in force today, stands as a testament to a collaboration that has contributed to training generations of lawyers.<\/p><p>The collection will remain in storage until the Faculty moves to its new premises, after which it will be available for consultation by appointment.<\/p><p><strong>NOVA School of Law would like to express its deepest gratitude to the family of Jo\u00e3o Morais Leit\u00e3o, and in particular to Maria Morais Leit\u00e3o<\/strong>, for their generosity and the trust placed in the institution. This gesture ensures that part of the history of Portuguese law is preserved and made available to future generations.<\/p><p>This collection is more than just a library; it represents a testament to a life dedicated to law and an enduring partnership that continues to inspire the academic community at NOVA School of Law.<\/p>\t\t\t\t\t\t<\/div>\n\t\t\t\t<\/div>\n\t\t\t\t\t<\/div>\n\t\t<\/div>\n\t\t\t\t\t\t\t<\/div>\n\t\t<\/section>\n\t\t\t\t<section class=\"elementor-section elementor-top-section elementor-element elementor-element-30595e34 elementor-section-boxed elementor-section-height-default elementor-section-height-default\" data-id=\"30595e34\" data-element_type=\"section\">\n\t\t\t\t\t\t<div class=\"elementor-container elementor-column-gap-default\">\n\t\t\t\t\t<div class=\"elementor-column elementor-col-100 elementor-top-column elementor-element elementor-element-5726d54c\" data-id=\"5726d54c\" data-element_type=\"column\">\n\t\t\t<div class=\"elementor-widget-wrap\">\n\t\t\t\t\t\t\t\t\t<\/div>\n\t\t<\/div>\n\t\t\t\t\t\t\t<\/div>\n\t\t<\/section>\n\t\t\t\t<section class=\"elementor-section elementor-top-section elementor-element elementor-element-31a4b8a1 elementor-section-boxed elementor-section-height-default elementor-section-height-default\" data-id=\"31a4b8a1\" data-element_type=\"section\">\n\t\t\t\t\t\t<div class=\"elementor-container elementor-column-gap-default\">\n\t\t\t\t\t<div class=\"elementor-column elementor-col-100 elementor-top-column elementor-element elementor-element-49bb6277\" data-id=\"49bb6277\" data-element_type=\"column\">\n\t\t\t<div class=\"elementor-widget-wrap elementor-element-populated\">\n\t\t\t\t\t\t\t\t<div class=\"elementor-element elementor-element-54422a57 elementor-widget elementor-widget-ekit_wb_10548\" data-id=\"54422a57\" data-element_type=\"widget\" data-widget_type=\"ekit_wb_10548.default\">\n\t\t\t\t<div class=\"elementor-widget-container\">\n\t\t\t<script type='text\/javascript' src='https:\/\/platform-api.sharethis.com\/js\/sharethis.js#property=64ae9869f57abe0019c4e32e&product=sticky-share-buttons' async='async'><\/script>\n\t\t\t\t<\/div>\n\t\t\t\t<\/div>\n\t\t\t\t\t<\/div>\n\t\t<\/div>\n\t\t\t\t\t\t\t<\/div>\n\t\t<\/section>\n\t\t\t\t\t\t<\/div>\n\t\t\t\t\t<\/div>\n\t\t","protected":false},"excerpt":{"rendered":"<p>Jo\u00e3o Morais Leit\u00e3o&#8217;s bibliographic collection becomes part of the heritage of NOVA School of Law The bibliographic collection of Jo\u00e3o Morais Leit\u00e3o, founding partner of Morais Leit\u00e3o, Galv\u00e3o Teles, Soares da Silva &amp; Associados, who was also a visiting professor during the founding phase of NOVA School of Law, has now become part of the &hellip;<\/p>\n<p class=\"read-more\"> <a class=\"\" href=\"https:\/\/novalaw.unl.pt\/en\/joao-morais-leitaos-bibliographic-collection-becomes-part-of-the-heritage-of-nova-school-of-law\/\"> <span class=\"screen-reader-text\">Jo\u00e3o Morais Leit\u00e3o&#8217;s bibliographic collection becomes part of the heritage of NOVA School of Law<\/span> Read More &raquo;<\/a><\/p>\n","protected":false},"author":2,"featured_media":101568,"parent":0,"menu_order":0,"comment_status":"closed","ping_status":"closed","template":"","meta":{"footnotes":""},"categories":[82],"tags":[],"class_list":["post-101902","page","type-page","status-publish","has-post-thumbnail","hentry","category-news"],"yoast_head":"<!-- This site is optimized with the Yoast SEO Premium plugin v27.5 (Yoast SEO v27.5) - https:\/\/yoast.com\/product\/yoast-seo-premium-wordpress\/ -->\n<title>Jo\u00e3o Morais Leit\u00e3o&#039;s bibliographic collection becomes part of the heritage of NOVA School of Law - NOVA School of Law | Faculdade de Direito da Universidade NOVA de Lisboa<\/title>\n<meta name=\"robots\" content=\"index, follow, max-snippet:-1, max-image-preview:large, max-video-preview:-1\" \/>\n<link rel=\"canonical\" href=\"https:\/\/novalaw.unl.pt\/en\/joao-morais-leitaos-bibliographic-collection-becomes-part-of-the-heritage-of-nova-school-of-law\/\" \/>\n<meta property=\"og:locale\" content=\"en_US\" \/>\n<meta property=\"og:type\" content=\"article\" \/>\n<meta property=\"og:title\" content=\"Jo\u00e3o Morais Leit\u00e3o&#039;s bibliographic collection becomes part of the heritage of NOVA School of Law\" \/>\n<meta property=\"og:description\" content=\"Jo\u00e3o Morais Leit\u00e3o&#8217;s bibliographic collection becomes part of the heritage of NOVA School of Law The bibliographic collection of Jo\u00e3o Morais Leit\u00e3o, founding partner of Morais Leit\u00e3o, Galv\u00e3o Teles, Soares da Silva &amp; Associados, who was also a visiting professor during the founding phase of NOVA School of Law, has now become part of the &hellip; Jo\u00e3o Morais Leit\u00e3o&#8217;s bibliographic collection becomes part of the heritage of NOVA School of Law Read More &raquo;\" \/>\n<meta property=\"og:url\" content=\"https:\/\/novalaw.unl.pt\/en\/joao-morais-leitaos-bibliographic-collection-becomes-part-of-the-heritage-of-nova-school-of-law\/\" \/>\n<meta property=\"og:site_name\" content=\"NOVA School of Law | Faculdade de Direito da Universidade NOVA de Lisboa\" \/>\n<meta property=\"article:modified_time\" content=\"2025-10-17T11:51:27+00:00\" \/>\n<meta property=\"og:image\" content=\"https:\/\/novalaw.unl.pt\/wp-content\/uploads\/2025\/10\/Site_AcervobibliograficodeJoaoMoraisLeitao_thumbnail.jpg\" \/>\n\t<meta property=\"og:image:width\" content=\"320\" \/>\n\t<meta property=\"og:image:height\" content=\"200\" \/>\n\t<meta property=\"og:image:type\" content=\"image\/jpeg\" \/>\n<meta name=\"twitter:card\" content=\"summary_large_image\" \/>\n<meta name=\"twitter:label1\" content=\"Est. reading time\" \/>\n\t<meta name=\"twitter:data1\" content=\"2 minutes\" \/>\n<script type=\"application\/ld+json\" class=\"yoast-schema-graph\">{\"@context\":\"https:\\\/\\\/schema.org\",\"@graph\":[{\"@type\":\"WebPage\",\"@id\":\"https:\\\/\\\/novalaw.unl.pt\\\/en\\\/joao-morais-leitaos-bibliographic-collection-becomes-part-of-the-heritage-of-nova-school-of-law\\\/\",\"url\":\"https:\\\/\\\/novalaw.unl.pt\\\/en\\\/joao-morais-leitaos-bibliographic-collection-becomes-part-of-the-heritage-of-nova-school-of-law\\\/\",\"name\":\"Jo\u00e3o Morais Leit\u00e3o's bibliographic collection becomes part of the heritage of NOVA School of Law - NOVA School of Law | Faculdade de Direito da Universidade NOVA de Lisboa\",\"isPartOf\":{\"@id\":\"https:\\\/\\\/novalaw.unl.pt\\\/#website\"},\"primaryImageOfPage\":{\"@id\":\"https:\\\/\\\/novalaw.unl.pt\\\/en\\\/joao-morais-leitaos-bibliographic-collection-becomes-part-of-the-heritage-of-nova-school-of-law\\\/#primaryimage\"},\"image\":{\"@id\":\"https:\\\/\\\/novalaw.unl.pt\\\/en\\\/joao-morais-leitaos-bibliographic-collection-becomes-part-of-the-heritage-of-nova-school-of-law\\\/#primaryimage\"},\"thumbnailUrl\":\"https:\\\/\\\/novalaw.unl.pt\\\/wp-content\\\/uploads\\\/2025\\\/10\\\/Site_AcervobibliograficodeJoaoMoraisLeitao_thumbnail.jpg\",\"datePublished\":\"2025-10-09T11:38:20+00:00\",\"dateModified\":\"2025-10-17T11:51:27+00:00\",\"breadcrumb\":{\"@id\":\"https:\\\/\\\/novalaw.unl.pt\\\/en\\\/joao-morais-leitaos-bibliographic-collection-becomes-part-of-the-heritage-of-nova-school-of-law\\\/#breadcrumb\"},\"inLanguage\":\"en-US\",\"potentialAction\":[{\"@type\":\"ReadAction\",\"target\":[\"https:\\\/\\\/novalaw.unl.pt\\\/en\\\/joao-morais-leitaos-bibliographic-collection-becomes-part-of-the-heritage-of-nova-school-of-law\\\/\"]}]},{\"@type\":\"ImageObject\",\"inLanguage\":\"en-US\",\"@id\":\"https:\\\/\\\/novalaw.unl.pt\\\/en\\\/joao-morais-leitaos-bibliographic-collection-becomes-part-of-the-heritage-of-nova-school-of-law\\\/#primaryimage\",\"url\":\"https:\\\/\\\/novalaw.unl.pt\\\/wp-content\\\/uploads\\\/2025\\\/10\\\/Site_AcervobibliograficodeJoaoMoraisLeitao_thumbnail.jpg\",\"contentUrl\":\"https:\\\/\\\/novalaw.unl.pt\\\/wp-content\\\/uploads\\\/2025\\\/10\\\/Site_AcervobibliograficodeJoaoMoraisLeitao_thumbnail.jpg\",\"width\":320,\"height\":200},{\"@type\":\"BreadcrumbList\",\"@id\":\"https:\\\/\\\/novalaw.unl.pt\\\/en\\\/joao-morais-leitaos-bibliographic-collection-becomes-part-of-the-heritage-of-nova-school-of-law\\\/#breadcrumb\",\"itemListElement\":[{\"@type\":\"ListItem\",\"position\":1,\"name\":\"Home\",\"item\":\"https:\\\/\\\/novalaw.unl.pt\\\/en\\\/\"},{\"@type\":\"ListItem\",\"position\":2,\"name\":\"Jo\u00e3o Morais Leit\u00e3o&#8217;s bibliographic collection becomes part of the heritage of NOVA School of Law\"}]},{\"@type\":\"WebSite\",\"@id\":\"https:\\\/\\\/novalaw.unl.pt\\\/#website\",\"url\":\"https:\\\/\\\/novalaw.unl.pt\\\/\",\"name\":\"NOVA School of Law | Faculdade de Direito da Universidade NOVA de Lisboa\",\"description\":\"NOVA School Of Law\",\"publisher\":{\"@id\":\"https:\\\/\\\/novalaw.unl.pt\\\/#organization\"},\"potentialAction\":[{\"@type\":\"SearchAction\",\"target\":{\"@type\":\"EntryPoint\",\"urlTemplate\":\"https:\\\/\\\/novalaw.unl.pt\\\/?s={search_term_string}\"},\"query-input\":{\"@type\":\"PropertyValueSpecification\",\"valueRequired\":true,\"valueName\":\"search_term_string\"}}],\"inLanguage\":\"en-US\"},{\"@type\":\"Organization\",\"@id\":\"https:\\\/\\\/novalaw.unl.pt\\\/#organization\",\"name\":\"NOVA School of Law\",\"url\":\"https:\\\/\\\/novalaw.unl.pt\\\/\",\"logo\":{\"@type\":\"ImageObject\",\"inLanguage\":\"en-US\",\"@id\":\"https:\\\/\\\/novalaw.unl.pt\\\/#\\\/schema\\\/logo\\\/image\\\/\",\"url\":\"https:\\\/\\\/novalaw.unl.pt\\\/wp-content\\\/uploads\\\/2021\\\/02\\\/logo-novalaw.svg\",\"contentUrl\":\"https:\\\/\\\/novalaw.unl.pt\\\/wp-content\\\/uploads\\\/2021\\\/02\\\/logo-novalaw.svg\",\"width\":991,\"height\":424,\"caption\":\"NOVA School of Law\"},\"image\":{\"@id\":\"https:\\\/\\\/novalaw.unl.pt\\\/#\\\/schema\\\/logo\\\/image\\\/\"}}]}<\/script>\n<!-- \/ Yoast SEO Premium plugin. -->","yoast_head_json":{"title":"Jo\u00e3o Morais Leit\u00e3o's bibliographic collection becomes part of the heritage of NOVA School of Law - NOVA School of Law | Faculdade de Direito da Universidade NOVA de Lisboa","robots":{"index":"index","follow":"follow","max-snippet":"max-snippet:-1","max-image-preview":"max-image-preview:large","max-video-preview":"max-video-preview:-1"},"canonical":"https:\/\/novalaw.unl.pt\/en\/joao-morais-leitaos-bibliographic-collection-becomes-part-of-the-heritage-of-nova-school-of-law\/","og_locale":"en_US","og_type":"article","og_title":"Jo\u00e3o Morais Leit\u00e3o's bibliographic collection becomes part of the heritage of NOVA School of Law","og_description":"Jo\u00e3o Morais Leit\u00e3o&#8217;s bibliographic collection becomes part of the heritage of NOVA School of Law The bibliographic collection of Jo\u00e3o Morais Leit\u00e3o, founding partner of Morais Leit\u00e3o, Galv\u00e3o Teles, Soares da Silva &amp; Associados, who was also a visiting professor during the founding phase of NOVA School of Law, has now become part of the &hellip; Jo\u00e3o Morais Leit\u00e3o&#8217;s bibliographic collection becomes part of the heritage of NOVA School of Law Read More &raquo;","og_url":"https:\/\/novalaw.unl.pt\/en\/joao-morais-leitaos-bibliographic-collection-becomes-part-of-the-heritage-of-nova-school-of-law\/","og_site_name":"NOVA School of Law | Faculdade de Direito da Universidade NOVA de Lisboa","article_modified_time":"2025-10-17T11:51:27+00:00","og_image":[{"width":320,"height":200,"url":"https:\/\/novalaw.unl.pt\/wp-content\/uploads\/2025\/10\/Site_AcervobibliograficodeJoaoMoraisLeitao_thumbnail.jpg","type":"image\/jpeg"}],"twitter_card":"summary_large_image","twitter_misc":{"Est. reading time":"2 minutes"},"schema":{"@context":"https:\/\/schema.org","@graph":[{"@type":"WebPage","@id":"https:\/\/novalaw.unl.pt\/en\/joao-morais-leitaos-bibliographic-collection-becomes-part-of-the-heritage-of-nova-school-of-law\/","url":"https:\/\/novalaw.unl.pt\/en\/joao-morais-leitaos-bibliographic-collection-becomes-part-of-the-heritage-of-nova-school-of-law\/","name":"Jo\u00e3o Morais Leit\u00e3o's bibliographic collection becomes part of the heritage of NOVA School of Law - NOVA School of Law | Faculdade de Direito da Universidade NOVA de Lisboa","isPartOf":{"@id":"https:\/\/novalaw.unl.pt\/#website"},"primaryImageOfPage":{"@id":"https:\/\/novalaw.unl.pt\/en\/joao-morais-leitaos-bibliographic-collection-becomes-part-of-the-heritage-of-nova-school-of-law\/#primaryimage"},"image":{"@id":"https:\/\/novalaw.unl.pt\/en\/joao-morais-leitaos-bibliographic-collection-becomes-part-of-the-heritage-of-nova-school-of-law\/#primaryimage"},"thumbnailUrl":"https:\/\/novalaw.unl.pt\/wp-content\/uploads\/2025\/10\/Site_AcervobibliograficodeJoaoMoraisLeitao_thumbnail.jpg","datePublished":"2025-10-09T11:38:20+00:00","dateModified":"2025-10-17T11:51:27+00:00","breadcrumb":{"@id":"https:\/\/novalaw.unl.pt\/en\/joao-morais-leitaos-bibliographic-collection-becomes-part-of-the-heritage-of-nova-school-of-law\/#breadcrumb"},"inLanguage":"en-US","potentialAction":[{"@type":"ReadAction","target":["https:\/\/novalaw.unl.pt\/en\/joao-morais-leitaos-bibliographic-collection-becomes-part-of-the-heritage-of-nova-school-of-law\/"]}]},{"@type":"ImageObject","inLanguage":"en-US","@id":"https:\/\/novalaw.unl.pt\/en\/joao-morais-leitaos-bibliographic-collection-becomes-part-of-the-heritage-of-nova-school-of-law\/#primaryimage","url":"https:\/\/novalaw.unl.pt\/wp-content\/uploads\/2025\/10\/Site_AcervobibliograficodeJoaoMoraisLeitao_thumbnail.jpg","contentUrl":"https:\/\/novalaw.unl.pt\/wp-content\/uploads\/2025\/10\/Site_AcervobibliograficodeJoaoMoraisLeitao_thumbnail.jpg","width":320,"height":200},{"@type":"BreadcrumbList","@id":"https:\/\/novalaw.unl.pt\/en\/joao-morais-leitaos-bibliographic-collection-becomes-part-of-the-heritage-of-nova-school-of-law\/#breadcrumb","itemListElement":[{"@type":"ListItem","position":1,"name":"Home","item":"https:\/\/novalaw.unl.pt\/en\/"},{"@type":"ListItem","position":2,"name":"Jo\u00e3o Morais Leit\u00e3o&#8217;s bibliographic collection becomes part of the heritage of NOVA School of Law"}]},{"@type":"WebSite","@id":"https:\/\/novalaw.unl.pt\/#website","url":"https:\/\/novalaw.unl.pt\/","name":"NOVA School of Law | Faculdade de Direito da Universidade NOVA de Lisboa","description":"NOVA School Of Law","publisher":{"@id":"https:\/\/novalaw.unl.pt\/#organization"},"potentialAction":[{"@type":"SearchAction","target":{"@type":"EntryPoint","urlTemplate":"https:\/\/novalaw.unl.pt\/?s={search_term_string}"},"query-input":{"@type":"PropertyValueSpecification","valueRequired":true,"valueName":"search_term_string"}}],"inLanguage":"en-US"},{"@type":"Organization","@id":"https:\/\/novalaw.unl.pt\/#organization","name":"NOVA School of Law","url":"https:\/\/novalaw.unl.pt\/","logo":{"@type":"ImageObject","inLanguage":"en-US","@id":"https:\/\/novalaw.unl.pt\/#\/schema\/logo\/image\/","url":"https:\/\/novalaw.unl.pt\/wp-content\/uploads\/2021\/02\/logo-novalaw.svg","contentUrl":"https:\/\/novalaw.unl.pt\/wp-content\/uploads\/2021\/02\/logo-novalaw.svg","width":991,"height":424,"caption":"NOVA School of Law"},"image":{"@id":"https:\/\/novalaw.unl.pt\/#\/schema\/logo\/image\/"}}]}},"novalaw_begin_date":"","novalaw_begin_date_en":"","novalaw_text":"","novalaw_tag":"","novalaw_tag_en":"","novalaw_link":"","novalaw_link_en":"","novalaw_end_date":"","novalaw_end_date_en":"","novalaw_date":"","novalaw_em_destaque":"","novalaw_tag_src":"","lang":"","_links":{"self":[{"href":"https:\/\/novalaw.unl.pt\/en\/wp-json\/wp\/v2\/pages\/101902","targetHints":{"allow":["GET"]}}],"collection":[{"href":"https:\/\/novalaw.unl.pt\/en\/wp-json\/wp\/v2\/pages"}],"about":[{"href":"https:\/\/novalaw.unl.pt\/en\/wp-json\/wp\/v2\/types\/page"}],"author":[{"embeddable":true,"href":"https:\/\/novalaw.unl.pt\/en\/wp-json\/wp\/v2\/users\/2"}],"replies":[{"embeddable":true,"href":"https:\/\/novalaw.unl.pt\/en\/wp-json\/wp\/v2\/comments?post=101902"}],"version-history":[{"count":8,"href":"https:\/\/novalaw.unl.pt\/en\/wp-json\/wp\/v2\/pages\/101902\/revisions"}],"predecessor-version":[{"id":101913,"href":"https:\/\/novalaw.unl.pt\/en\/wp-json\/wp\/v2\/pages\/101902\/revisions\/101913"}],"wp:featuredmedia":[{"embeddable":true,"href":"https:\/\/novalaw.unl.pt\/en\/wp-json\/wp\/v2\/media\/101568"}],"wp:attachment":[{"href":"https:\/\/novalaw.unl.pt\/en\/wp-json\/wp\/v2\/media?parent=101902"}],"wp:term":[{"taxonomy":"category","embeddable":true,"href":"https:\/\/novalaw.unl.pt\/en\/wp-json\/wp\/v2\/categories?post=101902"},{"taxonomy":"post_tag","embeddable":true,"href":"https:\/\/novalaw.unl.pt\/en\/wp-json\/wp\/v2\/tags?post=101902"}],"curies":[{"name":"wp","href":"https:\/\/api.w.org\/{rel}","templated":true}]}}