{"id":110244,"date":"2026-03-10T14:49:31","date_gmt":"2026-03-10T14:49:31","guid":{"rendered":"https:\/\/novalaw.unl.pt\/?page_id=110244"},"modified":"2026-03-10T14:49:34","modified_gmt":"2026-03-10T14:49:34","slug":"nova-school-of-law-and-antas-da-cunha-ecija-establish-the-cruz-vilaca-chair-and-eu-law-excellence-award","status":"publish","type":"page","link":"https:\/\/novalaw.unl.pt\/en\/nova-school-of-law-and-antas-da-cunha-ecija-establish-the-cruz-vilaca-chair-and-eu-law-excellence-award\/","title":{"rendered":"NOVA School of Law and Antas da Cunha Ecija establish the Cruz Vila\u00e7a Chair and EU Law Excellence Award"},"content":{"rendered":"\t\t<div data-elementor-type=\"wp-page\" data-elementor-id=\"110244\" class=\"elementor elementor-110244\" data-elementor-settings=\"[]\">\n\t\t\t\t\t\t\t<div class=\"elementor-section-wrap\">\n\t\t\t\t\t\t\t<section class=\"elementor-section elementor-top-section elementor-element elementor-element-1a954366 elementor-section-boxed elementor-section-height-default elementor-section-height-default\" data-id=\"1a954366\" data-element_type=\"section\">\n\t\t\t\t\t\t<div class=\"elementor-container elementor-column-gap-default\">\n\t\t\t\t\t<div class=\"elementor-column elementor-col-100 elementor-top-column elementor-element elementor-element-4e54a145\" data-id=\"4e54a145\" data-element_type=\"column\">\n\t\t\t<div class=\"elementor-widget-wrap elementor-element-populated\">\n\t\t\t\t\t\t\t\t<div class=\"elementor-element elementor-element-11779b45 elementor-hidden-mobile elementor-hidden-tablet elementor-widget elementor-widget-image\" data-id=\"11779b45\" data-element_type=\"widget\" data-widget_type=\"image.default\">\n\t\t\t\t<div class=\"elementor-widget-container\">\n\t\t\t\t\t\t\t\t\t\t\t\t\t\t\t<img loading=\"lazy\" decoding=\"async\" width=\"1920\" height=\"450\" src=\"https:\/\/novalaw.unl.pt\/wp-content\/uploads\/2026\/03\/SITE-JoseLuisdaCruzVilaca_desktop.jpg\" class=\"attachment-full size-full\" alt=\"\" srcset=\"https:\/\/novalaw.unl.pt\/wp-content\/uploads\/2026\/03\/SITE-JoseLuisdaCruzVilaca_desktop.jpg 1920w, https:\/\/novalaw.unl.pt\/wp-content\/uploads\/2026\/03\/SITE-JoseLuisdaCruzVilaca_desktop-300x70.jpg 300w, https:\/\/novalaw.unl.pt\/wp-content\/uploads\/2026\/03\/SITE-JoseLuisdaCruzVilaca_desktop-1024x240.jpg 1024w, https:\/\/novalaw.unl.pt\/wp-content\/uploads\/2026\/03\/SITE-JoseLuisdaCruzVilaca_desktop-768x180.jpg 768w, https:\/\/novalaw.unl.pt\/wp-content\/uploads\/2026\/03\/SITE-JoseLuisdaCruzVilaca_desktop-1536x360.jpg 1536w\" sizes=\"auto, (max-width: 1920px) 100vw, 1920px\" \/>\t\t\t\t\t\t\t\t\t\t\t\t\t\t\t<\/div>\n\t\t\t\t<\/div>\n\t\t\t\t<div class=\"elementor-element elementor-element-2d74bc2c elementor-hidden-desktop elementor-hidden-laptop elementor-widget elementor-widget-image\" data-id=\"2d74bc2c\" data-element_type=\"widget\" data-widget_type=\"image.default\">\n\t\t\t\t<div class=\"elementor-widget-container\">\n\t\t\t\t\t\t\t\t\t\t\t\t\t\t\t<img loading=\"lazy\" decoding=\"async\" width=\"720\" height=\"500\" src=\"https:\/\/novalaw.unl.pt\/wp-content\/uploads\/2026\/03\/SITE-JoseLuisdaCruzVilaca_mobile.jpg\" class=\"attachment-full size-full\" alt=\"\" srcset=\"https:\/\/novalaw.unl.pt\/wp-content\/uploads\/2026\/03\/SITE-JoseLuisdaCruzVilaca_mobile.jpg 720w, https:\/\/novalaw.unl.pt\/wp-content\/uploads\/2026\/03\/SITE-JoseLuisdaCruzVilaca_mobile-300x208.jpg 300w\" sizes=\"auto, (max-width: 720px) 100vw, 720px\" \/>\t\t\t\t\t\t\t\t\t\t\t\t\t\t\t<\/div>\n\t\t\t\t<\/div>\n\t\t\t\t\t<\/div>\n\t\t<\/div>\n\t\t\t\t\t\t\t<\/div>\n\t\t<\/section>\n\t\t\t\t<section class=\"elementor-section elementor-top-section elementor-element elementor-element-4c85809 elementor-section-boxed elementor-section-height-default elementor-section-height-default\" data-id=\"4c85809\" data-element_type=\"section\">\n\t\t\t\t\t\t<div class=\"elementor-container elementor-column-gap-default\">\n\t\t\t\t\t<div class=\"elementor-column elementor-col-100 elementor-top-column elementor-element elementor-element-15edb603\" data-id=\"15edb603\" data-element_type=\"column\">\n\t\t\t<div class=\"elementor-widget-wrap elementor-element-populated\">\n\t\t\t\t\t\t\t\t<div class=\"elementor-element elementor-element-54f97431 elementor-widget elementor-widget-ekit_wb_28926\" data-id=\"54f97431\" data-element_type=\"widget\" data-widget_type=\"ekit_wb_28926.default\">\n\t\t\t\t<div class=\"elementor-widget-container\">\n\t\t\t<h1 class=\"normal-title preto bold-text\">NOVA School of Law and Antas da Cunha Ecija establish the Cruz Vila\u00e7a Chair and EU Law Excellence Award<\/h1>\n\t\t\t\t<\/div>\n\t\t\t\t<\/div>\n\t\t\t\t<div class=\"elementor-element elementor-element-0ca33d6 elementor-widget elementor-widget-post-info\" data-id=\"0ca33d6\" data-element_type=\"widget\" data-widget_type=\"post-info.default\">\n\t\t\t\t<div class=\"elementor-widget-container\">\n\t\t\t\t\t<ul class=\"elementor-inline-items elementor-icon-list-items elementor-post-info\">\n\t\t\t\t\t\t\t\t<li class=\"elementor-icon-list-item elementor-repeater-item-bc243a4 elementor-inline-item\" itemprop=\"datePublished\">\n\t\t\t\t\t\t\t\t\t\t<span class=\"elementor-icon-list-icon\">\n\t\t\t\t\t\t\t\t<i aria-hidden=\"true\" class=\"fas fa-calendar\"><\/i>\t\t\t\t\t\t\t<\/span>\n\t\t\t\t\t\t\t\t\t<span class=\"elementor-icon-list-text elementor-post-info__item elementor-post-info__item--type-date\">\n\t\t\t\t\t\t\t\t\t\t10 March 2026\t\t\t\t\t<\/span>\n\t\t\t\t\t\t\t\t<\/li>\n\t\t\t\t<\/ul>\n\t\t\t\t<\/div>\n\t\t\t\t<\/div>\n\t\t\t\t<div class=\"elementor-element elementor-element-319b36b elementor-widget elementor-widget-text-editor\" data-id=\"319b36b\" data-element_type=\"widget\" data-widget_type=\"text-editor.default\">\n\t\t\t\t<div class=\"elementor-widget-container\">\n\t\t\t\t\t\t\t<p>Following <a href=\"https:\/\/novalaw.unl.pt\/en\/nova-school-of-law-and-antas-da-cunha-ecija-establish-cooperation-protocol\/\">the cooperation protocol signed between NOVA School of Law (Faculty of Law) and Antas da Cunha Ecija<\/a>, the <strong>Cruz Vila\u00e7a \u2013 Antas da Cunha ECIJA Chair in European Union Law has been created,<\/strong> along with the <a href=\"https:\/\/novalaw.unl.pt\/en\/nova-school-of-law-awards\/\">C<strong>ruz Vila\u00e7a \u2013 Antas da Cunha ECIJA Award for Excellence in European Union Law.<\/strong><\/a><\/p><p><strong>The Chair aims to promote teaching and research in European Union Law and to honour Dr Jos\u00e9 Lu\u00eds da Cruz Vila\u00e7a<\/strong>, one of the most distinguished Portuguese figures in this field. His career includes, among other roles, leading the negotiations for Portugal\u2019s accession to the then European Communities and serving at the Court of Justice of the European Union as Advocate General, Judge, and President of the then Court of First Instance. He has also received several national decorations.<\/p><p>Funded under the terms of the Protocol, the Chair is currently held by<a href=\"https:\/\/novalaw.unl.pt\/en\/francisco-costa-cabral-2\/\"> Professor Francisco Costa-Cabral<\/a>, who joined our faculty this academic year in this capacity. He holds a PhD from King&#8217;s College London and has an international academic and professional background. He currently teaches constitutional law on the undergraduate programme and competition law on the master&#8217;s programme.<\/p><p>Within the framework of the Chair,<strong> the Cruz Vila\u00e7a \u2013 Antas da Cunha ECIJA Award for Excellence in European Union Law<\/strong> has been approved. The award recognises the academic excellence of <strong>a second-year student on the Undergraduate Law Programme on an annual basis.<\/strong><\/p><p>The award will be granted to th<strong>e student with the highest classification<\/strong>, as determined by their final grade in Constitutional Law of the European Union and their average grade in all other courses completed by the end of the second year. This will be in accordance with the provisions set out in the award&#8217;s specific regulations.<\/p><p>The distinguished student will be able to<strong> mention the award in their CV<\/strong>, <strong>undertake an internship at Antas da Cunha Ecija<\/strong> and receive <strong>a \u20ac1,000 monetary prize<\/strong> funded by the Chair.<\/p><p>The first award will be presented in the 2025\/26 academic year, reinforcing the commitment of NOVA School of Law to recognising merit and excellence in the teaching of European Union law.<\/p>\t\t\t\t\t\t<\/div>\n\t\t\t\t<\/div>\n\t\t\t\t\t<\/div>\n\t\t<\/div>\n\t\t\t\t\t\t\t<\/div>\n\t\t<\/section>\n\t\t\t\t<section class=\"elementor-section elementor-top-section elementor-element elementor-element-37b64a1a elementor-section-boxed elementor-section-height-default elementor-section-height-default\" data-id=\"37b64a1a\" data-element_type=\"section\">\n\t\t\t\t\t\t<div class=\"elementor-container elementor-column-gap-default\">\n\t\t\t\t\t<div class=\"elementor-column elementor-col-100 elementor-top-column elementor-element elementor-element-4b9809ca\" data-id=\"4b9809ca\" data-element_type=\"column\">\n\t\t\t<div class=\"elementor-widget-wrap\">\n\t\t\t\t\t\t\t\t\t<\/div>\n\t\t<\/div>\n\t\t\t\t\t\t\t<\/div>\n\t\t<\/section>\n\t\t\t\t<section class=\"elementor-section elementor-top-section elementor-element elementor-element-482e6d30 elementor-section-boxed elementor-section-height-default elementor-section-height-default\" data-id=\"482e6d30\" data-element_type=\"section\">\n\t\t\t\t\t\t<div class=\"elementor-container elementor-column-gap-default\">\n\t\t\t\t\t<div class=\"elementor-column elementor-col-100 elementor-top-column elementor-element elementor-element-1eeff529\" data-id=\"1eeff529\" data-element_type=\"column\">\n\t\t\t<div class=\"elementor-widget-wrap elementor-element-populated\">\n\t\t\t\t\t\t\t\t<div class=\"elementor-element elementor-element-7beecd6 elementor-widget elementor-widget-ekit_wb_10548\" data-id=\"7beecd6\" data-element_type=\"widget\" data-widget_type=\"ekit_wb_10548.default\">\n\t\t\t\t<div class=\"elementor-widget-container\">\n\t\t\t<script type='text\/javascript' src='https:\/\/platform-api.sharethis.com\/js\/sharethis.js#property=64ae9869f57abe0019c4e32e&product=sticky-share-buttons' async='async'><\/script>\n\t\t\t\t<\/div>\n\t\t\t\t<\/div>\n\t\t\t\t\t<\/div>\n\t\t<\/div>\n\t\t\t\t\t\t\t<\/div>\n\t\t<\/section>\n\t\t\t\t\t\t<\/div>\n\t\t\t\t\t<\/div>\n\t\t","protected":false},"excerpt":{"rendered":"<p>NOVA School of Law and Antas da Cunha Ecija establish the Cruz Vila\u00e7a Chair and EU Law Excellence Award Following the cooperation protocol signed between NOVA School of Law (Faculty of Law) and Antas da Cunha Ecija, the Cruz Vila\u00e7a \u2013 Antas da Cunha ECIJA Chair in European Union Law has been created, along with &hellip;<\/p>\n<p class=\"read-more\"> <a class=\"\" href=\"https:\/\/novalaw.unl.pt\/en\/nova-school-of-law-and-antas-da-cunha-ecija-establish-the-cruz-vilaca-chair-and-eu-law-excellence-award\/\"> <span class=\"screen-reader-text\">NOVA School of Law and Antas da Cunha Ecija establish the Cruz Vila\u00e7a Chair and EU Law Excellence Award<\/span> Read More &raquo;<\/a><\/p>\n","protected":false},"author":2,"featured_media":109969,"parent":0,"menu_order":0,"comment_status":"closed","ping_status":"closed","template":"","meta":{"footnotes":""},"categories":[82],"tags":[],"class_list":["post-110244","page","type-page","status-publish","has-post-thumbnail","hentry","category-news"],"yoast_head":"<!-- This site is optimized with the Yoast SEO Premium plugin v27.4 (Yoast SEO v27.4) - https:\/\/yoast.com\/product\/yoast-seo-premium-wordpress\/ -->\n<title>NOVA School of Law and Antas da Cunha Ecija establish the Cruz Vila\u00e7a Chair and EU Law Excellence Award - NOVA School of Law | Faculdade de Direito da Universidade NOVA de Lisboa<\/title>\n<meta name=\"robots\" content=\"index, follow, max-snippet:-1, max-image-preview:large, max-video-preview:-1\" \/>\n<link rel=\"canonical\" href=\"https:\/\/novalaw.unl.pt\/en\/nova-school-of-law-and-antas-da-cunha-ecija-establish-the-cruz-vilaca-chair-and-eu-law-excellence-award\/\" \/>\n<meta property=\"og:locale\" content=\"en_US\" \/>\n<meta property=\"og:type\" content=\"article\" \/>\n<meta property=\"og:title\" content=\"NOVA School of Law and Antas da Cunha Ecija establish the Cruz Vila\u00e7a Chair and EU Law Excellence Award\" \/>\n<meta property=\"og:description\" content=\"NOVA School of Law and Antas da Cunha Ecija establish the Cruz Vila\u00e7a Chair and EU Law Excellence Award Following the cooperation protocol signed between NOVA School of Law (Faculty of Law) and Antas da Cunha Ecija, the Cruz Vila\u00e7a \u2013 Antas da Cunha ECIJA Chair in European Union Law has been created, along with &hellip; NOVA School of Law and Antas da Cunha Ecija establish the Cruz Vila\u00e7a Chair and EU Law Excellence Award Read More &raquo;\" \/>\n<meta property=\"og:url\" content=\"https:\/\/novalaw.unl.pt\/en\/nova-school-of-law-and-antas-da-cunha-ecija-establish-the-cruz-vilaca-chair-and-eu-law-excellence-award\/\" \/>\n<meta property=\"og:site_name\" content=\"NOVA School of Law | Faculdade de Direito da Universidade NOVA de Lisboa\" \/>\n<meta property=\"article:modified_time\" content=\"2026-03-10T14:49:34+00:00\" \/>\n<meta property=\"og:image\" content=\"https:\/\/novalaw.unl.pt\/wp-content\/uploads\/2026\/03\/SITE-JoseLuisdaCruzVilaca_thumbnail.jpg\" \/>\n\t<meta property=\"og:image:width\" content=\"320\" \/>\n\t<meta property=\"og:image:height\" content=\"200\" \/>\n\t<meta property=\"og:image:type\" content=\"image\/jpeg\" \/>\n<meta name=\"twitter:card\" content=\"summary_large_image\" \/>\n<meta name=\"twitter:label1\" content=\"Est. reading time\" \/>\n\t<meta name=\"twitter:data1\" content=\"3 minutes\" \/>\n<script type=\"application\/ld+json\" class=\"yoast-schema-graph\">{\"@context\":\"https:\\\/\\\/schema.org\",\"@graph\":[{\"@type\":\"WebPage\",\"@id\":\"https:\\\/\\\/novalaw.unl.pt\\\/en\\\/nova-school-of-law-and-antas-da-cunha-ecija-establish-the-cruz-vilaca-chair-and-eu-law-excellence-award\\\/\",\"url\":\"https:\\\/\\\/novalaw.unl.pt\\\/en\\\/nova-school-of-law-and-antas-da-cunha-ecija-establish-the-cruz-vilaca-chair-and-eu-law-excellence-award\\\/\",\"name\":\"NOVA School of Law and Antas da Cunha Ecija establish the Cruz Vila\u00e7a Chair and EU Law Excellence Award - NOVA School of Law | Faculdade de Direito da Universidade NOVA de Lisboa\",\"isPartOf\":{\"@id\":\"https:\\\/\\\/novalaw.unl.pt\\\/#website\"},\"primaryImageOfPage\":{\"@id\":\"https:\\\/\\\/novalaw.unl.pt\\\/en\\\/nova-school-of-law-and-antas-da-cunha-ecija-establish-the-cruz-vilaca-chair-and-eu-law-excellence-award\\\/#primaryimage\"},\"image\":{\"@id\":\"https:\\\/\\\/novalaw.unl.pt\\\/en\\\/nova-school-of-law-and-antas-da-cunha-ecija-establish-the-cruz-vilaca-chair-and-eu-law-excellence-award\\\/#primaryimage\"},\"thumbnailUrl\":\"https:\\\/\\\/novalaw.unl.pt\\\/wp-content\\\/uploads\\\/2026\\\/03\\\/SITE-JoseLuisdaCruzVilaca_thumbnail.jpg\",\"datePublished\":\"2026-03-10T14:49:31+00:00\",\"dateModified\":\"2026-03-10T14:49:34+00:00\",\"breadcrumb\":{\"@id\":\"https:\\\/\\\/novalaw.unl.pt\\\/en\\\/nova-school-of-law-and-antas-da-cunha-ecija-establish-the-cruz-vilaca-chair-and-eu-law-excellence-award\\\/#breadcrumb\"},\"inLanguage\":\"en-US\",\"potentialAction\":[{\"@type\":\"ReadAction\",\"target\":[\"https:\\\/\\\/novalaw.unl.pt\\\/en\\\/nova-school-of-law-and-antas-da-cunha-ecija-establish-the-cruz-vilaca-chair-and-eu-law-excellence-award\\\/\"]}]},{\"@type\":\"ImageObject\",\"inLanguage\":\"en-US\",\"@id\":\"https:\\\/\\\/novalaw.unl.pt\\\/en\\\/nova-school-of-law-and-antas-da-cunha-ecija-establish-the-cruz-vilaca-chair-and-eu-law-excellence-award\\\/#primaryimage\",\"url\":\"https:\\\/\\\/novalaw.unl.pt\\\/wp-content\\\/uploads\\\/2026\\\/03\\\/SITE-JoseLuisdaCruzVilaca_thumbnail.jpg\",\"contentUrl\":\"https:\\\/\\\/novalaw.unl.pt\\\/wp-content\\\/uploads\\\/2026\\\/03\\\/SITE-JoseLuisdaCruzVilaca_thumbnail.jpg\",\"width\":320,\"height\":200},{\"@type\":\"BreadcrumbList\",\"@id\":\"https:\\\/\\\/novalaw.unl.pt\\\/en\\\/nova-school-of-law-and-antas-da-cunha-ecija-establish-the-cruz-vilaca-chair-and-eu-law-excellence-award\\\/#breadcrumb\",\"itemListElement\":[{\"@type\":\"ListItem\",\"position\":1,\"name\":\"Home\",\"item\":\"https:\\\/\\\/novalaw.unl.pt\\\/en\\\/\"},{\"@type\":\"ListItem\",\"position\":2,\"name\":\"NOVA School of Law and Antas da Cunha Ecija establish the Cruz Vila\u00e7a Chair and EU Law Excellence Award\"}]},{\"@type\":\"WebSite\",\"@id\":\"https:\\\/\\\/novalaw.unl.pt\\\/#website\",\"url\":\"https:\\\/\\\/novalaw.unl.pt\\\/\",\"name\":\"NOVA School of Law | Faculdade de Direito da Universidade NOVA de Lisboa\",\"description\":\"NOVA School Of Law\",\"publisher\":{\"@id\":\"https:\\\/\\\/novalaw.unl.pt\\\/#organization\"},\"potentialAction\":[{\"@type\":\"SearchAction\",\"target\":{\"@type\":\"EntryPoint\",\"urlTemplate\":\"https:\\\/\\\/novalaw.unl.pt\\\/?s={search_term_string}\"},\"query-input\":{\"@type\":\"PropertyValueSpecification\",\"valueRequired\":true,\"valueName\":\"search_term_string\"}}],\"inLanguage\":\"en-US\"},{\"@type\":\"Organization\",\"@id\":\"https:\\\/\\\/novalaw.unl.pt\\\/#organization\",\"name\":\"NOVA School of Law\",\"url\":\"https:\\\/\\\/novalaw.unl.pt\\\/\",\"logo\":{\"@type\":\"ImageObject\",\"inLanguage\":\"en-US\",\"@id\":\"https:\\\/\\\/novalaw.unl.pt\\\/#\\\/schema\\\/logo\\\/image\\\/\",\"url\":\"https:\\\/\\\/novalaw.unl.pt\\\/wp-content\\\/uploads\\\/2021\\\/02\\\/logo-novalaw.svg\",\"contentUrl\":\"https:\\\/\\\/novalaw.unl.pt\\\/wp-content\\\/uploads\\\/2021\\\/02\\\/logo-novalaw.svg\",\"width\":991,\"height\":424,\"caption\":\"NOVA School of Law\"},\"image\":{\"@id\":\"https:\\\/\\\/novalaw.unl.pt\\\/#\\\/schema\\\/logo\\\/image\\\/\"}}]}<\/script>\n<!-- \/ Yoast SEO Premium plugin. -->","yoast_head_json":{"title":"NOVA School of Law and Antas da Cunha Ecija establish the Cruz Vila\u00e7a Chair and EU Law Excellence Award - NOVA School of Law | Faculdade de Direito da Universidade NOVA de Lisboa","robots":{"index":"index","follow":"follow","max-snippet":"max-snippet:-1","max-image-preview":"max-image-preview:large","max-video-preview":"max-video-preview:-1"},"canonical":"https:\/\/novalaw.unl.pt\/en\/nova-school-of-law-and-antas-da-cunha-ecija-establish-the-cruz-vilaca-chair-and-eu-law-excellence-award\/","og_locale":"en_US","og_type":"article","og_title":"NOVA School of Law and Antas da Cunha Ecija establish the Cruz Vila\u00e7a Chair and EU Law Excellence Award","og_description":"NOVA School of Law and Antas da Cunha Ecija establish the Cruz Vila\u00e7a Chair and EU Law Excellence Award Following the cooperation protocol signed between NOVA School of Law (Faculty of Law) and Antas da Cunha Ecija, the Cruz Vila\u00e7a \u2013 Antas da Cunha ECIJA Chair in European Union Law has been created, along with &hellip; NOVA School of Law and Antas da Cunha Ecija establish the Cruz Vila\u00e7a Chair and EU Law Excellence Award Read More &raquo;","og_url":"https:\/\/novalaw.unl.pt\/en\/nova-school-of-law-and-antas-da-cunha-ecija-establish-the-cruz-vilaca-chair-and-eu-law-excellence-award\/","og_site_name":"NOVA School of Law | Faculdade de Direito da Universidade NOVA de Lisboa","article_modified_time":"2026-03-10T14:49:34+00:00","og_image":[{"width":320,"height":200,"url":"https:\/\/novalaw.unl.pt\/wp-content\/uploads\/2026\/03\/SITE-JoseLuisdaCruzVilaca_thumbnail.jpg","type":"image\/jpeg"}],"twitter_card":"summary_large_image","twitter_misc":{"Est. reading time":"3 minutes"},"schema":{"@context":"https:\/\/schema.org","@graph":[{"@type":"WebPage","@id":"https:\/\/novalaw.unl.pt\/en\/nova-school-of-law-and-antas-da-cunha-ecija-establish-the-cruz-vilaca-chair-and-eu-law-excellence-award\/","url":"https:\/\/novalaw.unl.pt\/en\/nova-school-of-law-and-antas-da-cunha-ecija-establish-the-cruz-vilaca-chair-and-eu-law-excellence-award\/","name":"NOVA School of Law and Antas da Cunha Ecija establish the Cruz Vila\u00e7a Chair and EU Law Excellence Award - NOVA School of Law | Faculdade de Direito da Universidade NOVA de Lisboa","isPartOf":{"@id":"https:\/\/novalaw.unl.pt\/#website"},"primaryImageOfPage":{"@id":"https:\/\/novalaw.unl.pt\/en\/nova-school-of-law-and-antas-da-cunha-ecija-establish-the-cruz-vilaca-chair-and-eu-law-excellence-award\/#primaryimage"},"image":{"@id":"https:\/\/novalaw.unl.pt\/en\/nova-school-of-law-and-antas-da-cunha-ecija-establish-the-cruz-vilaca-chair-and-eu-law-excellence-award\/#primaryimage"},"thumbnailUrl":"https:\/\/novalaw.unl.pt\/wp-content\/uploads\/2026\/03\/SITE-JoseLuisdaCruzVilaca_thumbnail.jpg","datePublished":"2026-03-10T14:49:31+00:00","dateModified":"2026-03-10T14:49:34+00:00","breadcrumb":{"@id":"https:\/\/novalaw.unl.pt\/en\/nova-school-of-law-and-antas-da-cunha-ecija-establish-the-cruz-vilaca-chair-and-eu-law-excellence-award\/#breadcrumb"},"inLanguage":"en-US","potentialAction":[{"@type":"ReadAction","target":["https:\/\/novalaw.unl.pt\/en\/nova-school-of-law-and-antas-da-cunha-ecija-establish-the-cruz-vilaca-chair-and-eu-law-excellence-award\/"]}]},{"@type":"ImageObject","inLanguage":"en-US","@id":"https:\/\/novalaw.unl.pt\/en\/nova-school-of-law-and-antas-da-cunha-ecija-establish-the-cruz-vilaca-chair-and-eu-law-excellence-award\/#primaryimage","url":"https:\/\/novalaw.unl.pt\/wp-content\/uploads\/2026\/03\/SITE-JoseLuisdaCruzVilaca_thumbnail.jpg","contentUrl":"https:\/\/novalaw.unl.pt\/wp-content\/uploads\/2026\/03\/SITE-JoseLuisdaCruzVilaca_thumbnail.jpg","width":320,"height":200},{"@type":"BreadcrumbList","@id":"https:\/\/novalaw.unl.pt\/en\/nova-school-of-law-and-antas-da-cunha-ecija-establish-the-cruz-vilaca-chair-and-eu-law-excellence-award\/#breadcrumb","itemListElement":[{"@type":"ListItem","position":1,"name":"Home","item":"https:\/\/novalaw.unl.pt\/en\/"},{"@type":"ListItem","position":2,"name":"NOVA School of Law and Antas da Cunha Ecija establish the Cruz Vila\u00e7a Chair and EU Law Excellence Award"}]},{"@type":"WebSite","@id":"https:\/\/novalaw.unl.pt\/#website","url":"https:\/\/novalaw.unl.pt\/","name":"NOVA School of Law | Faculdade de Direito da Universidade NOVA de Lisboa","description":"NOVA School Of Law","publisher":{"@id":"https:\/\/novalaw.unl.pt\/#organization"},"potentialAction":[{"@type":"SearchAction","target":{"@type":"EntryPoint","urlTemplate":"https:\/\/novalaw.unl.pt\/?s={search_term_string}"},"query-input":{"@type":"PropertyValueSpecification","valueRequired":true,"valueName":"search_term_string"}}],"inLanguage":"en-US"},{"@type":"Organization","@id":"https:\/\/novalaw.unl.pt\/#organization","name":"NOVA School of Law","url":"https:\/\/novalaw.unl.pt\/","logo":{"@type":"ImageObject","inLanguage":"en-US","@id":"https:\/\/novalaw.unl.pt\/#\/schema\/logo\/image\/","url":"https:\/\/novalaw.unl.pt\/wp-content\/uploads\/2021\/02\/logo-novalaw.svg","contentUrl":"https:\/\/novalaw.unl.pt\/wp-content\/uploads\/2021\/02\/logo-novalaw.svg","width":991,"height":424,"caption":"NOVA School of Law"},"image":{"@id":"https:\/\/novalaw.unl.pt\/#\/schema\/logo\/image\/"}}]}},"novalaw_begin_date":"","novalaw_begin_date_en":"","novalaw_text":"","novalaw_tag":"","novalaw_tag_en":"","novalaw_link":"","novalaw_link_en":"","novalaw_end_date":"","novalaw_end_date_en":"","novalaw_date":"","novalaw_em_destaque":"","novalaw_tag_src":"","lang":"","_links":{"self":[{"href":"https:\/\/novalaw.unl.pt\/en\/wp-json\/wp\/v2\/pages\/110244","targetHints":{"allow":["GET"]}}],"collection":[{"href":"https:\/\/novalaw.unl.pt\/en\/wp-json\/wp\/v2\/pages"}],"about":[{"href":"https:\/\/novalaw.unl.pt\/en\/wp-json\/wp\/v2\/types\/page"}],"author":[{"embeddable":true,"href":"https:\/\/novalaw.unl.pt\/en\/wp-json\/wp\/v2\/users\/2"}],"replies":[{"embeddable":true,"href":"https:\/\/novalaw.unl.pt\/en\/wp-json\/wp\/v2\/comments?post=110244"}],"version-history":[{"count":10,"href":"https:\/\/novalaw.unl.pt\/en\/wp-json\/wp\/v2\/pages\/110244\/revisions"}],"predecessor-version":[{"id":110302,"href":"https:\/\/novalaw.unl.pt\/en\/wp-json\/wp\/v2\/pages\/110244\/revisions\/110302"}],"wp:featuredmedia":[{"embeddable":true,"href":"https:\/\/novalaw.unl.pt\/en\/wp-json\/wp\/v2\/media\/109969"}],"wp:attachment":[{"href":"https:\/\/novalaw.unl.pt\/en\/wp-json\/wp\/v2\/media?parent=110244"}],"wp:term":[{"taxonomy":"category","embeddable":true,"href":"https:\/\/novalaw.unl.pt\/en\/wp-json\/wp\/v2\/categories?post=110244"},{"taxonomy":"post_tag","embeddable":true,"href":"https:\/\/novalaw.unl.pt\/en\/wp-json\/wp\/v2\/tags?post=110244"}],"curies":[{"name":"wp","href":"https:\/\/api.w.org\/{rel}","templated":true}]}}