{"id":18973,"date":"2022-01-06T14:35:19","date_gmt":"2022-01-06T14:35:19","guid":{"rendered":"https:\/\/novalaw.unl.pt\/?page_id=18973"},"modified":"2022-04-06T17:29:25","modified_gmt":"2022-04-06T17:29:25","slug":"eutopia-student-think-tank-is-hiring","status":"publish","type":"page","link":"https:\/\/novalaw.unl.pt\/en\/eutopia-student-think-tank-is-hiring\/","title":{"rendered":"Eutopia Student Think Tank is hiring"},"content":{"rendered":"\t\t<div data-elementor-type=\"wp-page\" data-elementor-id=\"18973\" class=\"elementor elementor-18973\" data-elementor-settings=\"[]\">\n\t\t\t\t\t\t\t<div class=\"elementor-section-wrap\">\n\t\t\t\t\t\t\t<section class=\"elementor-section elementor-top-section elementor-element elementor-element-2b3d6d1f elementor-section-height-min-height elementor-section-boxed elementor-section-height-default elementor-section-items-middle\" data-id=\"2b3d6d1f\" data-element_type=\"section\" data-settings=\"{&quot;background_background&quot;:&quot;classic&quot;}\">\n\t\t\t\t\t\t<div class=\"elementor-container elementor-column-gap-default\">\n\t\t\t\t\t<div class=\"elementor-column elementor-col-100 elementor-top-column elementor-element elementor-element-27c45c1c\" data-id=\"27c45c1c\" data-element_type=\"column\">\n\t\t\t<div class=\"elementor-widget-wrap\">\n\t\t\t\t\t\t\t\t\t<\/div>\n\t\t<\/div>\n\t\t\t\t\t\t\t<\/div>\n\t\t<\/section>\n\t\t\t\t<section class=\"elementor-section elementor-top-section elementor-element elementor-element-2e40b4cc elementor-section-boxed elementor-section-height-default elementor-section-height-default\" data-id=\"2e40b4cc\" data-element_type=\"section\">\n\t\t\t\t\t\t<div class=\"elementor-container elementor-column-gap-default\">\n\t\t\t\t\t<div class=\"elementor-column elementor-col-100 elementor-top-column elementor-element elementor-element-3826c88e\" data-id=\"3826c88e\" data-element_type=\"column\">\n\t\t\t<div class=\"elementor-widget-wrap elementor-element-populated\">\n\t\t\t\t\t\t\t\t<div class=\"elementor-element elementor-element-6b938054 elementor-widget elementor-widget-heading\" data-id=\"6b938054\" data-element_type=\"widget\" data-widget_type=\"heading.default\">\n\t\t\t\t<div class=\"elementor-widget-container\">\n\t\t\t<h1 class=\"elementor-heading-title elementor-size-default\">EUTOPIA European University, which includes NOVA University Lisbon, is hiring students for its Think Tank<\/h1>\t\t<\/div>\n\t\t\t\t<\/div>\n\t\t\t\t<div class=\"elementor-element elementor-element-9b87242 elementor-widget elementor-widget-text-editor\" data-id=\"9b87242\" data-element_type=\"widget\" data-widget_type=\"text-editor.default\">\n\t\t\t\t<div class=\"elementor-widget-container\">\n\t\t\t\t\t\t\t<p style=\"text-align: left;\"><em>The Eutopia Student Think Tank is hiring students from European Universities that belong to the Eutopia Alliance, including NOVA University Lisbon. Applications are open until January 21st.<\/em><\/p>\t\t\t\t\t\t<\/div>\n\t\t\t\t<\/div>\n\t\t\t\t<div class=\"elementor-element elementor-element-1e563747 elementor-widget elementor-widget-text-editor\" data-id=\"1e563747\" data-element_type=\"widget\" data-widget_type=\"text-editor.default\">\n\t\t\t\t<div class=\"elementor-widget-container\">\n\t\t\t\t\t\t\t<p>NOVA University Lisbon joined recently <a href=\"https:\/\/eutopia-university.eu\/\">EUTOPIA European University<\/a>, an alliance of European Universities created in the context of a European Commission initiative, which aims to transform the European Higher Education Area by targeting it towards major global and local challenges.<\/p><p>EUTOPIA provides <strong>opportunities for students<\/strong>, from undergraduate through post-doc, and <strong>for researchers, teachers, technical and administrative staff.<\/strong><\/p><p>Among the opportunities for students is the\u00a0<a href=\"http:\/\/O EUTOPIA Student Think Tank anunciou recentemente a cria\u00e7\u00e3o de uma plataforma para facilitar a partilha de conhecimentos e ideias pelos alunos. Tendo como ponto de partida a investiga\u00e7\u00e3o realizada pelos alunos, a plataforma tem como objetivo a partilha de conhecimento e incuba\u00e7\u00e3o de novas ideias para contribuir para o progresso da sociedade. Administrada por um grupo altamente diversificado de alunos investigadores, permite que os alunos publiquem os seus trabalhos e recomenda\u00e7\u00f5es. Inspire-se e envolva-se no EUTOPIA Student Think Tank!\">EUTOPIA Student Think Tank<\/a>, platform for giving voice to European student\u2019s shared knowledge, that publishes research, organizes events and connects students with leaders across disciplines, with the goal to improve the situation of the youth in decision-making spaces.<\/p><blockquote><p>The EUTOPIA Student Think Tank is now hiring for different positions within the organization. <strong>Applications are open until January 21st, only to the students of the 10 Eutopia Alliance universities, <\/strong>including NOVA University Lisbon<\/p><\/blockquote><p><a href=\"https:\/\/www.eustt.org\/hiring\/\">CLICK HERE FOR MORE INFORMATION AND APPLICATIONS<\/a><\/p><p><a href=\"http:\/\/linkedin.com\/posts\/eustt-eutopia_europeanuniversities-activity-6883797191308128256-4eKG\/\"><strong>ON LINKEDIN<\/strong><\/a><\/p><h4><strong><br \/>About EUTOPIA Student Think Tank (EUSTT)<\/strong><\/h4><p>The Eutopia Student Think Tank is a platform for giving voice to European students\u2019 shared knowledge. It aims to open up new ideas and thoughts through publishing students\u2019 research in a collaborative, diverse, and inclusive environment.<\/p><p>It encourages all students of the 10 like-minded universities of EUTOPIA to actively participate and collaborate with each other to build a better European university.<\/p><p><a href=\"https:\/\/www.eustt.org\/\">Learn more here<\/a><\/p><h4><strong><br \/>About EUTOPIA European University\u00a0<\/strong><\/h4><p>EUTOPIA is a connected and inclusive community of universities that share common values and agendas and which <a href=\"https:\/\/www.unl.pt\/en\/nova\/eutopia\">has recently been joined by NOVA University Lisbon.<\/a><\/p><p>Student-centred and focused on solving big challenges, EUTOPIA European University joins\u00a0<a href=\"https:\/\/www.ubbcluj.ro\/en\/\" target=\"_blank\" rel=\"noopener\">University of Babe\u0219-Bolyai in Cluj-Napoca<\/a>\u00a0(Romania),\u00a0<a href=\"https:\/\/www.upf.edu\/\" target=\"_blank\" rel=\"noopener\">Pompeu Fabra University-Barcelona<\/a>\u00a0(Spain),\u00a0<a href=\"https:\/\/www.vub.be\/en\" target=\"_blank\" rel=\"noopener\">Vrije Universiteit Brussel<\/a>\u00a0(Belgium),\u00a0<a href=\"https:\/\/www.cyu.fr\/\" target=\"_blank\" rel=\"noopener\">CY Cergy Paris University<\/a>\u00a0(France),\u00a0<a href=\"https:\/\/tu-dresden.de\/#\" target=\"_blank\" rel=\"noopener\">Technische Universit\u00e4t Dresden<\/a>\u00a0(Germany),\u00a0<a href=\"https:\/\/www.gu.se\/en\" target=\"_blank\" rel=\"noopener\">University of Gothenburg<\/a>\u00a0(Sweden), NOVA University Lisbon\u00a0(Portugal),\u00a0<a href=\"https:\/\/www.uni-lj.si\/university\/\" target=\"_blank\" rel=\"noopener\">University of Ljubljana<\/a>\u00a0(Slovenia),\u00a0<a href=\"https:\/\/www.unive.it\/pag\/13526\" target=\"_blank\" rel=\"noopener\">Ca\u2019Foscari University of Venice<\/a>\u00a0(Italy) and\u00a0<a href=\"https:\/\/warwick.ac.uk\/\" target=\"_blank\" rel=\"noopener\">University of Warwick<\/a>\u00a0(United Kingdom).<\/p><p>The Alliance aims to be, by 2025, a confederation of connected, open and multicultural campuses that enables freedom of movement for all its members and encourages the active participation of the surrounding community.<\/p><p><a href=\"https:\/\/eutopia-university.eu\/\"><strong>Learn more here<\/strong><\/a><\/p>\t\t\t\t\t\t<\/div>\n\t\t\t\t<\/div>\n\t\t\t\t\t<\/div>\n\t\t<\/div>\n\t\t\t\t\t\t\t<\/div>\n\t\t<\/section>\n\t\t\t\t<section class=\"elementor-section elementor-top-section elementor-element elementor-element-129c1c5c elementor-section-boxed elementor-section-height-default elementor-section-height-default\" data-id=\"129c1c5c\" data-element_type=\"section\">\n\t\t\t\t\t\t<div class=\"elementor-container elementor-column-gap-default\">\n\t\t\t\t\t<div class=\"elementor-column elementor-col-100 elementor-top-column elementor-element elementor-element-51a5712f\" data-id=\"51a5712f\" data-element_type=\"column\">\n\t\t\t<div class=\"elementor-widget-wrap\">\n\t\t\t\t\t\t\t\t\t<\/div>\n\t\t<\/div>\n\t\t\t\t\t\t\t<\/div>\n\t\t<\/section>\n\t\t\t\t<section class=\"elementor-section elementor-top-section elementor-element elementor-element-1f833c9 elementor-section-boxed elementor-section-height-default elementor-section-height-default\" data-id=\"1f833c9\" data-element_type=\"section\">\n\t\t\t\t\t\t<div class=\"elementor-container elementor-column-gap-default\">\n\t\t\t\t\t<div class=\"elementor-column elementor-col-100 elementor-top-column elementor-element elementor-element-91d4917\" data-id=\"91d4917\" data-element_type=\"column\">\n\t\t\t<div class=\"elementor-widget-wrap elementor-element-populated\">\n\t\t\t\t\t\t\t\t<div class=\"elementor-element elementor-element-e61e4ad elementor-widget elementor-widget-ekit_wb_10548\" data-id=\"e61e4ad\" data-element_type=\"widget\" data-widget_type=\"ekit_wb_10548.default\">\n\t\t\t\t<div class=\"elementor-widget-container\">\n\t\t\t<script type='text\/javascript' src='https:\/\/platform-api.sharethis.com\/js\/sharethis.js#property=64ae9869f57abe0019c4e32e&product=sticky-share-buttons' async='async'><\/script>\n\t\t\t\t<\/div>\n\t\t\t\t<\/div>\n\t\t\t\t\t<\/div>\n\t\t<\/div>\n\t\t\t\t\t\t\t<\/div>\n\t\t<\/section>\n\t\t\t\t\t\t<\/div>\n\t\t\t\t\t<\/div>\n\t\t","protected":false},"excerpt":{"rendered":"<p>EUTOPIA European University, which includes NOVA University Lisbon, is hiring students for its Think Tank The Eutopia Student Think Tank is hiring students from European Universities that belong to the Eutopia Alliance, including NOVA University Lisbon. Applications are open until January 21st. NOVA University Lisbon joined recently EUTOPIA European University, an alliance of European Universities &hellip;<\/p>\n<p class=\"read-more\"> <a class=\"\" href=\"https:\/\/novalaw.unl.pt\/en\/eutopia-student-think-tank-is-hiring\/\"> <span class=\"screen-reader-text\">Eutopia Student Think Tank is hiring<\/span> Read More &raquo;<\/a><\/p>\n","protected":false},"author":2,"featured_media":19155,"parent":0,"menu_order":201,"comment_status":"closed","ping_status":"closed","template":"","meta":{"footnotes":""},"categories":[82],"tags":[],"class_list":["post-18973","page","type-page","status-publish","has-post-thumbnail","hentry","category-news"],"yoast_head":"<!-- This site is optimized with the Yoast SEO Premium plugin v27.4 (Yoast SEO v27.4) - https:\/\/yoast.com\/product\/yoast-seo-premium-wordpress\/ -->\n<title>Eutopia Student Think Tank is hiring - NOVA School of Law | Faculdade de Direito da Universidade NOVA de Lisboa<\/title>\n<meta name=\"robots\" content=\"index, follow, max-snippet:-1, max-image-preview:large, max-video-preview:-1\" \/>\n<link rel=\"canonical\" href=\"https:\/\/novalaw.unl.pt\/eutopia-student-think-tank-esta-a-recrutar-estudantes\/\" \/>\n<meta property=\"og:locale\" content=\"en_US\" \/>\n<meta property=\"og:type\" content=\"article\" \/>\n<meta property=\"og:title\" content=\"Eutopia Student Think Tank is hiring\" \/>\n<meta property=\"og:description\" content=\"EUTOPIA European University, which includes NOVA University Lisbon, is hiring students for its Think Tank The Eutopia Student Think Tank is hiring students from European Universities that belong to the Eutopia Alliance, including NOVA University Lisbon. Applications are open until January 21st. NOVA University Lisbon joined recently EUTOPIA European University, an alliance of European Universities &hellip; Eutopia Student Think Tank is hiring Read More &raquo;\" \/>\n<meta property=\"og:url\" content=\"https:\/\/novalaw.unl.pt\/eutopia-student-think-tank-esta-a-recrutar-estudantes\/\" \/>\n<meta property=\"og:site_name\" content=\"NOVA School of Law | Faculdade de Direito da Universidade NOVA de Lisboa\" \/>\n<meta property=\"article:modified_time\" content=\"2022-04-06T17:29:25+00:00\" \/>\n<meta property=\"og:image\" content=\"https:\/\/novalaw.unl.pt\/wp-content\/uploads\/2022\/01\/EUTOPIA_FB.jpg\" \/>\n<meta name=\"twitter:card\" content=\"summary_large_image\" \/>\n<meta name=\"twitter:label1\" content=\"Est. reading time\" \/>\n\t<meta name=\"twitter:data1\" content=\"2 minutes\" \/>\n<script type=\"application\/ld+json\" class=\"yoast-schema-graph\">{\"@context\":\"https:\\\/\\\/schema.org\",\"@graph\":[{\"@type\":\"WebPage\",\"@id\":\"https:\\\/\\\/novalaw.unl.pt\\\/eutopia-student-think-tank-esta-a-recrutar-estudantes\\\/\",\"url\":\"https:\\\/\\\/novalaw.unl.pt\\\/eutopia-student-think-tank-esta-a-recrutar-estudantes\\\/\",\"name\":\"Eutopia Student Think Tank is hiring - NOVA School of Law | Faculdade de Direito da Universidade NOVA de Lisboa\",\"isPartOf\":{\"@id\":\"https:\\\/\\\/novalaw.unl.pt\\\/#website\"},\"primaryImageOfPage\":{\"@id\":\"https:\\\/\\\/novalaw.unl.pt\\\/eutopia-student-think-tank-esta-a-recrutar-estudantes\\\/#primaryimage\"},\"image\":{\"@id\":\"https:\\\/\\\/novalaw.unl.pt\\\/eutopia-student-think-tank-esta-a-recrutar-estudantes\\\/#primaryimage\"},\"thumbnailUrl\":\"https:\\\/\\\/novalaw.unl.pt\\\/wp-content\\\/uploads\\\/2022\\\/01\\\/EUTOPIA_thumbnail.jpg\",\"datePublished\":\"2022-01-06T14:35:19+00:00\",\"dateModified\":\"2022-04-06T17:29:25+00:00\",\"breadcrumb\":{\"@id\":\"https:\\\/\\\/novalaw.unl.pt\\\/eutopia-student-think-tank-esta-a-recrutar-estudantes\\\/#breadcrumb\"},\"inLanguage\":\"en-US\",\"potentialAction\":[{\"@type\":\"ReadAction\",\"target\":[\"https:\\\/\\\/novalaw.unl.pt\\\/eutopia-student-think-tank-esta-a-recrutar-estudantes\\\/\"]}]},{\"@type\":\"ImageObject\",\"inLanguage\":\"en-US\",\"@id\":\"https:\\\/\\\/novalaw.unl.pt\\\/eutopia-student-think-tank-esta-a-recrutar-estudantes\\\/#primaryimage\",\"url\":\"https:\\\/\\\/novalaw.unl.pt\\\/wp-content\\\/uploads\\\/2022\\\/01\\\/EUTOPIA_thumbnail.jpg\",\"contentUrl\":\"https:\\\/\\\/novalaw.unl.pt\\\/wp-content\\\/uploads\\\/2022\\\/01\\\/EUTOPIA_thumbnail.jpg\",\"width\":320,\"height\":200},{\"@type\":\"BreadcrumbList\",\"@id\":\"https:\\\/\\\/novalaw.unl.pt\\\/eutopia-student-think-tank-esta-a-recrutar-estudantes\\\/#breadcrumb\",\"itemListElement\":[{\"@type\":\"ListItem\",\"position\":1,\"name\":\"Home\",\"item\":\"https:\\\/\\\/novalaw.unl.pt\\\/en\\\/\"},{\"@type\":\"ListItem\",\"position\":2,\"name\":\"Eutopia Student Think Tank is hiring\"}]},{\"@type\":\"WebSite\",\"@id\":\"https:\\\/\\\/novalaw.unl.pt\\\/#website\",\"url\":\"https:\\\/\\\/novalaw.unl.pt\\\/\",\"name\":\"NOVA School of Law | Faculdade de Direito da Universidade NOVA de Lisboa\",\"description\":\"NOVA School Of Law\",\"publisher\":{\"@id\":\"https:\\\/\\\/novalaw.unl.pt\\\/#organization\"},\"potentialAction\":[{\"@type\":\"SearchAction\",\"target\":{\"@type\":\"EntryPoint\",\"urlTemplate\":\"https:\\\/\\\/novalaw.unl.pt\\\/?s={search_term_string}\"},\"query-input\":{\"@type\":\"PropertyValueSpecification\",\"valueRequired\":true,\"valueName\":\"search_term_string\"}}],\"inLanguage\":\"en-US\"},{\"@type\":\"Organization\",\"@id\":\"https:\\\/\\\/novalaw.unl.pt\\\/#organization\",\"name\":\"NOVA School of Law\",\"url\":\"https:\\\/\\\/novalaw.unl.pt\\\/\",\"logo\":{\"@type\":\"ImageObject\",\"inLanguage\":\"en-US\",\"@id\":\"https:\\\/\\\/novalaw.unl.pt\\\/#\\\/schema\\\/logo\\\/image\\\/\",\"url\":\"https:\\\/\\\/novalaw.unl.pt\\\/wp-content\\\/uploads\\\/2021\\\/02\\\/logo-novalaw.svg\",\"contentUrl\":\"https:\\\/\\\/novalaw.unl.pt\\\/wp-content\\\/uploads\\\/2021\\\/02\\\/logo-novalaw.svg\",\"width\":991,\"height\":424,\"caption\":\"NOVA School of Law\"},\"image\":{\"@id\":\"https:\\\/\\\/novalaw.unl.pt\\\/#\\\/schema\\\/logo\\\/image\\\/\"}}]}<\/script>\n<!-- \/ Yoast SEO Premium plugin. -->","yoast_head_json":{"title":"Eutopia Student Think Tank is hiring - NOVA School of Law | Faculdade de Direito da Universidade NOVA de Lisboa","robots":{"index":"index","follow":"follow","max-snippet":"max-snippet:-1","max-image-preview":"max-image-preview:large","max-video-preview":"max-video-preview:-1"},"canonical":"https:\/\/novalaw.unl.pt\/eutopia-student-think-tank-esta-a-recrutar-estudantes\/","og_locale":"en_US","og_type":"article","og_title":"Eutopia Student Think Tank is hiring","og_description":"EUTOPIA European University, which includes NOVA University Lisbon, is hiring students for its Think Tank The Eutopia Student Think Tank is hiring students from European Universities that belong to the Eutopia Alliance, including NOVA University Lisbon. Applications are open until January 21st. NOVA University Lisbon joined recently EUTOPIA European University, an alliance of European Universities &hellip; Eutopia Student Think Tank is hiring Read More &raquo;","og_url":"https:\/\/novalaw.unl.pt\/eutopia-student-think-tank-esta-a-recrutar-estudantes\/","og_site_name":"NOVA School of Law | Faculdade de Direito da Universidade NOVA de Lisboa","article_modified_time":"2022-04-06T17:29:25+00:00","og_image":[{"url":"https:\/\/novalaw.unl.pt\/wp-content\/uploads\/2022\/01\/EUTOPIA_FB.jpg","type":"","width":"","height":""}],"twitter_card":"summary_large_image","twitter_misc":{"Est. reading time":"2 minutes"},"schema":{"@context":"https:\/\/schema.org","@graph":[{"@type":"WebPage","@id":"https:\/\/novalaw.unl.pt\/eutopia-student-think-tank-esta-a-recrutar-estudantes\/","url":"https:\/\/novalaw.unl.pt\/eutopia-student-think-tank-esta-a-recrutar-estudantes\/","name":"Eutopia Student Think Tank is hiring - NOVA School of Law | Faculdade de Direito da Universidade NOVA de Lisboa","isPartOf":{"@id":"https:\/\/novalaw.unl.pt\/#website"},"primaryImageOfPage":{"@id":"https:\/\/novalaw.unl.pt\/eutopia-student-think-tank-esta-a-recrutar-estudantes\/#primaryimage"},"image":{"@id":"https:\/\/novalaw.unl.pt\/eutopia-student-think-tank-esta-a-recrutar-estudantes\/#primaryimage"},"thumbnailUrl":"https:\/\/novalaw.unl.pt\/wp-content\/uploads\/2022\/01\/EUTOPIA_thumbnail.jpg","datePublished":"2022-01-06T14:35:19+00:00","dateModified":"2022-04-06T17:29:25+00:00","breadcrumb":{"@id":"https:\/\/novalaw.unl.pt\/eutopia-student-think-tank-esta-a-recrutar-estudantes\/#breadcrumb"},"inLanguage":"en-US","potentialAction":[{"@type":"ReadAction","target":["https:\/\/novalaw.unl.pt\/eutopia-student-think-tank-esta-a-recrutar-estudantes\/"]}]},{"@type":"ImageObject","inLanguage":"en-US","@id":"https:\/\/novalaw.unl.pt\/eutopia-student-think-tank-esta-a-recrutar-estudantes\/#primaryimage","url":"https:\/\/novalaw.unl.pt\/wp-content\/uploads\/2022\/01\/EUTOPIA_thumbnail.jpg","contentUrl":"https:\/\/novalaw.unl.pt\/wp-content\/uploads\/2022\/01\/EUTOPIA_thumbnail.jpg","width":320,"height":200},{"@type":"BreadcrumbList","@id":"https:\/\/novalaw.unl.pt\/eutopia-student-think-tank-esta-a-recrutar-estudantes\/#breadcrumb","itemListElement":[{"@type":"ListItem","position":1,"name":"Home","item":"https:\/\/novalaw.unl.pt\/en\/"},{"@type":"ListItem","position":2,"name":"Eutopia Student Think Tank is hiring"}]},{"@type":"WebSite","@id":"https:\/\/novalaw.unl.pt\/#website","url":"https:\/\/novalaw.unl.pt\/","name":"NOVA School of Law | Faculdade de Direito da Universidade NOVA de Lisboa","description":"NOVA School Of Law","publisher":{"@id":"https:\/\/novalaw.unl.pt\/#organization"},"potentialAction":[{"@type":"SearchAction","target":{"@type":"EntryPoint","urlTemplate":"https:\/\/novalaw.unl.pt\/?s={search_term_string}"},"query-input":{"@type":"PropertyValueSpecification","valueRequired":true,"valueName":"search_term_string"}}],"inLanguage":"en-US"},{"@type":"Organization","@id":"https:\/\/novalaw.unl.pt\/#organization","name":"NOVA School of Law","url":"https:\/\/novalaw.unl.pt\/","logo":{"@type":"ImageObject","inLanguage":"en-US","@id":"https:\/\/novalaw.unl.pt\/#\/schema\/logo\/image\/","url":"https:\/\/novalaw.unl.pt\/wp-content\/uploads\/2021\/02\/logo-novalaw.svg","contentUrl":"https:\/\/novalaw.unl.pt\/wp-content\/uploads\/2021\/02\/logo-novalaw.svg","width":991,"height":424,"caption":"NOVA School of Law"},"image":{"@id":"https:\/\/novalaw.unl.pt\/#\/schema\/logo\/image\/"}}]}},"novalaw_begin_date":"","novalaw_begin_date_en":"","novalaw_text":"","novalaw_tag":"","novalaw_tag_en":"","novalaw_link":"","novalaw_link_en":"","novalaw_end_date":"","novalaw_end_date_en":"","novalaw_date":"","novalaw_em_destaque":"","novalaw_tag_src":"","lang":"","_links":{"self":[{"href":"https:\/\/novalaw.unl.pt\/en\/wp-json\/wp\/v2\/pages\/18973","targetHints":{"allow":["GET"]}}],"collection":[{"href":"https:\/\/novalaw.unl.pt\/en\/wp-json\/wp\/v2\/pages"}],"about":[{"href":"https:\/\/novalaw.unl.pt\/en\/wp-json\/wp\/v2\/types\/page"}],"author":[{"embeddable":true,"href":"https:\/\/novalaw.unl.pt\/en\/wp-json\/wp\/v2\/users\/2"}],"replies":[{"embeddable":true,"href":"https:\/\/novalaw.unl.pt\/en\/wp-json\/wp\/v2\/comments?post=18973"}],"version-history":[{"count":61,"href":"https:\/\/novalaw.unl.pt\/en\/wp-json\/wp\/v2\/pages\/18973\/revisions"}],"predecessor-version":[{"id":20213,"href":"https:\/\/novalaw.unl.pt\/en\/wp-json\/wp\/v2\/pages\/18973\/revisions\/20213"}],"wp:featuredmedia":[{"embeddable":true,"href":"https:\/\/novalaw.unl.pt\/en\/wp-json\/wp\/v2\/media\/19155"}],"wp:attachment":[{"href":"https:\/\/novalaw.unl.pt\/en\/wp-json\/wp\/v2\/media?parent=18973"}],"wp:term":[{"taxonomy":"category","embeddable":true,"href":"https:\/\/novalaw.unl.pt\/en\/wp-json\/wp\/v2\/categories?post=18973"},{"taxonomy":"post_tag","embeddable":true,"href":"https:\/\/novalaw.unl.pt\/en\/wp-json\/wp\/v2\/tags?post=18973"}],"curies":[{"name":"wp","href":"https:\/\/api.w.org\/{rel}","templated":true}]}}