{"id":23405,"date":"2022-02-17T21:14:56","date_gmt":"2022-02-17T21:14:56","guid":{"rendered":"https:\/\/novalaw.unl.pt\/?page_id=23405"},"modified":"2026-04-09T16:26:27","modified_gmt":"2026-04-09T16:26:27","slug":"moot-courts","status":"publish","type":"page","link":"https:\/\/novalaw.unl.pt\/en\/moot-courts\/","title":{"rendered":"Moot Courts"},"content":{"rendered":"\t\t<div data-elementor-type=\"wp-page\" data-elementor-id=\"23405\" class=\"elementor elementor-23405\" data-elementor-settings=\"[]\">\n\t\t\t\t\t\t\t<div class=\"elementor-section-wrap\">\n\t\t\t\t\t\t\t<section class=\"elementor-section elementor-top-section elementor-element elementor-element-7d09dce elementor-section-boxed elementor-section-height-default elementor-section-height-default\" data-id=\"7d09dce\" data-element_type=\"section\" data-settings=\"{&quot;background_background&quot;:&quot;classic&quot;}\">\n\t\t\t\t\t\t<div class=\"elementor-container elementor-column-gap-default\">\n\t\t\t\t\t<div class=\"elementor-column elementor-col-100 elementor-top-column elementor-element elementor-element-27d1f0c\" data-id=\"27d1f0c\" data-element_type=\"column\">\n\t\t\t<div class=\"elementor-widget-wrap elementor-element-populated\">\n\t\t\t\t\t\t\t\t<div class=\"elementor-element elementor-element-f2c2e35 elementor-widget elementor-widget-heading\" data-id=\"f2c2e35\" data-element_type=\"widget\" data-widget_type=\"heading.default\">\n\t\t\t\t<div class=\"elementor-widget-container\">\n\t\t\t<div class=\"elementor-heading-title elementor-size-default\">Internationalization<\/div>\t\t<\/div>\n\t\t\t\t<\/div>\n\t\t\t\t<div class=\"elementor-element elementor-element-e42b1c6 elementor-widget elementor-widget-heading\" data-id=\"e42b1c6\" data-element_type=\"widget\" data-widget_type=\"heading.default\">\n\t\t\t\t<div class=\"elementor-widget-container\">\n\t\t\t<h1 class=\"elementor-heading-title elementor-size-default\">Moot Courts<\/h1>\t\t<\/div>\n\t\t\t\t<\/div>\n\t\t\t\t\t<\/div>\n\t\t<\/div>\n\t\t\t\t\t\t\t<\/div>\n\t\t<\/section>\n\t\t\t\t<section class=\"elementor-section elementor-top-section elementor-element elementor-element-59f9937f elementor-section-boxed elementor-section-height-default elementor-section-height-default\" data-id=\"59f9937f\" data-element_type=\"section\">\n\t\t\t\t\t\t<div class=\"elementor-container elementor-column-gap-default\">\n\t\t\t\t\t<div class=\"elementor-column elementor-col-100 elementor-top-column elementor-element elementor-element-2dd26052\" data-id=\"2dd26052\" data-element_type=\"column\">\n\t\t\t<div class=\"elementor-widget-wrap elementor-element-populated\">\n\t\t\t\t\t\t\t\t<div class=\"elementor-element elementor-element-365e9326 elementor-widget elementor-widget-text-editor\" data-id=\"365e9326\" data-element_type=\"widget\" data-widget_type=\"text-editor.default\">\n\t\t\t\t<div class=\"elementor-widget-container\">\n\t\t\t\t\t\t\t<p>Moot Courts are <strong>simulations of trials<\/strong>, where students have the opportunity to represent one of the parties in a hypothetical litigation process under question.<\/p><p>The main objective of a Moot Court is to <strong>prepare students for persuasive advocacy<\/strong> within an academic environment. In these competitions, students develop various types of skills such as oratory, teamwork, time management, management under pressure and research. In addition, it is <strong>an exercise that leads to the deepening of knowledge<\/strong> related to the competition while also enriching the students&#8217; curriculum, and an excellent way of promoting contact and support between students and teachers.<\/p><p>NOVA School of Law participates in and organizes a number of Moot Court competitions, being without doubt the Portuguese Law School with the best results, both nationally and internationally.<\/p>\t\t\t\t\t\t<\/div>\n\t\t\t\t<\/div>\n\t\t\t\t<div class=\"elementor-element elementor-element-001b1a0 elementor-widget elementor-widget-text-editor\" data-id=\"001b1a0\" data-element_type=\"widget\" data-widget_type=\"text-editor.default\">\n\t\t\t\t<div class=\"elementor-widget-container\">\n\t\t\t\t\t\t\t<p>The research unit of NOVA School of Law, <a href=\"https:\/\/novalaw.unl.pt\/en\/cedis\/\">CEDIS<\/a>, supports the Moot Courts with national funding from <a href=\"https:\/\/www.fct.pt\/en\/\" target=\"_blank\" rel=\"noopener\">FCT, I.P. (Foundation for Science and Technology, Public Institute)<\/a> under projects UIDB\/00714\/2020 and UIDP\/00714\/2020.<\/p>\t\t\t\t\t\t<\/div>\n\t\t\t\t<\/div>\n\t\t\t\t\t<\/div>\n\t\t<\/div>\n\t\t\t\t\t\t\t<\/div>\n\t\t<\/section>\n\t\t\t\t<section class=\"elementor-section elementor-top-section elementor-element elementor-element-3c665108 elementor-section-boxed elementor-section-height-default elementor-section-height-default\" data-id=\"3c665108\" data-element_type=\"section\">\n\t\t\t\t\t\t<div class=\"elementor-container elementor-column-gap-default\">\n\t\t\t\t\t<div class=\"elementor-column elementor-col-33 elementor-top-column elementor-element elementor-element-6ad538d\" data-id=\"6ad538d\" data-element_type=\"column\">\n\t\t\t<div class=\"elementor-widget-wrap elementor-element-populated\">\n\t\t\t\t\t\t\t\t<div class=\"elementor-element elementor-element-6c1f2a29 menu-lateral elementor-widget elementor-widget-text-editor\" data-id=\"6c1f2a29\" data-element_type=\"widget\" data-widget_type=\"text-editor.default\">\n\t\t\t\t<div class=\"elementor-widget-container\">\n\t\t\t\t\t\t\t<div><a class=\"active-index\" href=\"#nacionais-section\">Nationals<\/a>\n<a href=\"#internacionais-section\">Internationals<\/a><\/div>\t\t\t\t\t\t<\/div>\n\t\t\t\t<\/div>\n\t\t\t\t\t<\/div>\n\t\t<\/div>\n\t\t\t\t<div class=\"elementor-column elementor-col-66 elementor-top-column elementor-element elementor-element-3cb00e8\" data-id=\"3cb00e8\" data-element_type=\"column\">\n\t\t\t<div class=\"elementor-widget-wrap elementor-element-populated\">\n\t\t\t\t\t\t\t\t<div class=\"elementor-element elementor-element-35965295 elementor-widget elementor-widget-menu-anchor\" data-id=\"35965295\" data-element_type=\"widget\" data-widget_type=\"menu-anchor.default\">\n\t\t\t\t<div class=\"elementor-widget-container\">\n\t\t\t\t\t<div id=\"nacionais-section\" class=\"elementor-menu-anchor\"><\/div>\n\t\t\t\t<\/div>\n\t\t\t\t<\/div>\n\t\t\t\t<div class=\"elementor-element elementor-element-7090ef4c elementor-widget elementor-widget-heading\" data-id=\"7090ef4c\" data-element_type=\"widget\" data-widget_type=\"heading.default\">\n\t\t\t\t<div class=\"elementor-widget-container\">\n\t\t\t<h2 class=\"elementor-heading-title elementor-size-default\">National Moot Courts<\/h2>\t\t<\/div>\n\t\t\t\t<\/div>\n\t\t\t\t<div class=\"elementor-element elementor-element-6068ae6 elementor-widget elementor-widget-text-editor\" data-id=\"6068ae6\" data-element_type=\"widget\" data-widget_type=\"text-editor.default\">\n\t\t\t\t<div class=\"elementor-widget-container\">\n\t\t\t\t\t\t\t<div><h3>National Moot Court of International Public Law<\/h3><\/div><div><div><p>Organized in partnership by the Portuguese Society for International Law, the Students&#8217; Union of the NOVA School of Law and Vieira de Almeida &amp; Associados, this Moot Court consists of a simulation of a hypothetical case between two states before the International Court of Justice. It brings together up to eight teams of law schools from all over the country.<\/p><\/div><\/div>\t\t\t\t\t\t<\/div>\n\t\t\t\t<\/div>\n\t\t\t\t<div class=\"elementor-element elementor-element-beda766 elementor-widget elementor-widget-text-editor\" data-id=\"beda766\" data-element_type=\"widget\" data-widget_type=\"text-editor.default\">\n\t\t\t\t<div class=\"elementor-widget-container\">\n\t\t\t\t\t\t\t<div><h3 style=\"font-style: normal;\">Portuguese Moot Court of Competition Law<\/h3><\/div><div><div><p>The Portuguese Moot Court of Competition Law is a joint initiative of the NOVA School of Law and the School of Law of the University of Lisbon, organized in collaboration with the Competition, Regulatory and Supervisory Court. The competition is also sponsored by the law firm Morais Leit\u00e3o, Galv\u00e3o Teles, Soares da Silva e Associados through the Miguel Galv\u00e3o Teles Institute. The cases in this simulation focus on competition law issues and the teams only discuss the case through oral arguments.<\/p><\/div><\/div>\t\t\t\t\t\t<\/div>\n\t\t\t\t<\/div>\n\t\t\t\t<div class=\"elementor-element elementor-element-1653f26 elementor-widget elementor-widget-text-editor\" data-id=\"1653f26\" data-element_type=\"widget\" data-widget_type=\"text-editor.default\">\n\t\t\t\t<div class=\"elementor-widget-container\">\n\t\t\t\t\t\t\t<h3><span style=\"color: #000000;\">Tax Moot Court<\/span><\/h3><p>The Tax Moot Court is a pioneering competition organized by PwC, dating from its first edition in May 2019. This competition aims at a debate on tax law issues. Eight teams as well as a collective of 4 Judges, 3 Jury members and 11 participants, attended the 2019 event. The NOVA School of Law was the great winner of this first Edition.<\/p>\t\t\t\t\t\t<\/div>\n\t\t\t\t<\/div>\n\t\t\t\t<div class=\"elementor-element elementor-element-55d4179e elementor-widget elementor-widget-menu-anchor\" data-id=\"55d4179e\" data-element_type=\"widget\" data-widget_type=\"menu-anchor.default\">\n\t\t\t\t<div class=\"elementor-widget-container\">\n\t\t\t\t\t<div id=\"internacionais-section\" class=\"elementor-menu-anchor\"><\/div>\n\t\t\t\t<\/div>\n\t\t\t\t<\/div>\n\t\t\t\t<div class=\"elementor-element elementor-element-946f69f elementor-widget elementor-widget-heading\" data-id=\"946f69f\" data-element_type=\"widget\" data-widget_type=\"heading.default\">\n\t\t\t\t<div class=\"elementor-widget-container\">\n\t\t\t<h2 class=\"elementor-heading-title elementor-size-default\">International Moot Courts<\/h2>\t\t<\/div>\n\t\t\t\t<\/div>\n\t\t\t\t<div class=\"elementor-element elementor-element-5a2ec12 elementor-widget elementor-widget-text-editor\" data-id=\"5a2ec12\" data-element_type=\"widget\" data-widget_type=\"text-editor.default\">\n\t\t\t\t<div class=\"elementor-widget-container\">\n\t\t\t\t\t\t\t<div class=\"flex flex-wrap items-center\"><div class=\"w-3\/4 active\"><h3 class=\"m-0 text-sm font-normal text-lg\"><span style=\"color: #000000;\">Europa Law Moot Court<\/span><\/h3><\/div><\/div><div id=\"panel-mi-01\" class=\"p-4 collapsed\"><p>This competition counts with the participation of teams from 8 European Universities. The simulation consists of a discussion of one or several hypothetical questions referred to the Court of Justice of the European Union for a preliminary ruling. The competition has two stages: the first is where the teams are prepared to write written pleadings for the resolution of the case, and the oral rounds, where the teams face each other in person, each representing one of the parties to the dispute.<\/p><\/div>\t\t\t\t\t\t<\/div>\n\t\t\t\t<\/div>\n\t\t\t\t<div class=\"elementor-element elementor-element-d72160d elementor-widget elementor-widget-text-editor\" data-id=\"d72160d\" data-element_type=\"widget\" data-widget_type=\"text-editor.default\">\n\t\t\t\t<div class=\"elementor-widget-container\">\n\t\t\t\t\t\t\t<div class=\"flex flex-wrap items-center\"><div class=\"w-3\/4 active\"><h3 class=\"m-0 text-sm font-normal text-lg\"><span style=\"color: #000000;\">Willem C. Vis International Commercial Arbitration Moot<\/span><\/h3><\/div><\/div><div id=\"panel-mi-02\" class=\"p-4 collapsed\"><p>The objective of Vis Arbitral Moot is to promote the study of International Commercial Law and arbitration as an alternative dispute resolution. This competition is split into two essential phases: the writing of written pleadings for each of the parties involved in the dispute, and the oral argument and discussion of the fictitious case between the various participating teams &#8211; both to be evaluated by expert arbitrators of the issues at stake. It is the largest Moot Court competition in the world having originated in over 20 pre-moots during the preparation of the teams.<\/p><\/div>\t\t\t\t\t\t<\/div>\n\t\t\t\t<\/div>\n\t\t\t\t<div class=\"elementor-element elementor-element-ea29e38 elementor-widget elementor-widget-text-editor\" data-id=\"ea29e38\" data-element_type=\"widget\" data-widget_type=\"text-editor.default\">\n\t\t\t\t<div class=\"elementor-widget-container\">\n\t\t\t\t\t\t\t<div class=\"flex flex-wrap items-center\"><div class=\"w-3\/4 active\"><h3 class=\"m-0 text-sm font-normal text-lg\"><span style=\"color: #000000;\">Telders International Law Moot Court Competition<\/span><\/h3><\/div><\/div><div id=\"panel-mi-03\" class=\"p-4 collapsed\"><p>Organized by the Grotius Centre for International Law of the University of Leiden is one of the most important Moot Courts in Europe. It takes place in The Hague, at the International Court of Justice, and deals with issues of public international law. It hosts teams of European Law Schools. In addition to the rounds of oral argument taking place in The Hague, teams are also invited to submit written submissions.<\/p><\/div>\t\t\t\t\t\t<\/div>\n\t\t\t\t<\/div>\n\t\t\t\t<div class=\"elementor-element elementor-element-b393bdd elementor-widget elementor-widget-text-editor\" data-id=\"b393bdd\" data-element_type=\"widget\" data-widget_type=\"text-editor.default\">\n\t\t\t\t<div class=\"elementor-widget-container\">\n\t\t\t\t\t\t\t<div class=\"flex flex-wrap items-center\"><div class=\"w-3\/4 active\"><h3 class=\"m-0 text-sm font-normal text-lg\"><span style=\"color: #000000;\">Philip C. Jessup International Law Moot Court\u00a0<\/span><\/h3><\/div><\/div><div id=\"panel-mi-04\" class=\"p-4 collapsed\"><p>It is the most prestigious Moot Court competition in the world. The Philip C. Jessup International Law Moot Court takes place annually in Washington, D.C., in the United States of America, and brings together, in its international round, more than 100 teams from over 80 states. This competition, with a long timetable, begins with the submission of written pleadings on the case, follows the national rounds and ends with the prestigious international round.<\/p><\/div>\t\t\t\t\t\t<\/div>\n\t\t\t\t<\/div>\n\t\t\t\t<div class=\"elementor-element elementor-element-9b0caea elementor-widget elementor-widget-text-editor\" data-id=\"9b0caea\" data-element_type=\"widget\" data-widget_type=\"text-editor.default\">\n\t\t\t\t<div class=\"elementor-widget-container\">\n\t\t\t\t\t\t\t<div class=\"w-3\/4 active\"><h3 class=\"m-0 text-sm font-normal text-lg\"><span style=\"color: #000000;\">John H. Jackson Moot Court Competition<\/span><\/h3><\/div><div class=\"w-1\/4\">This Moot Court competition aims to simulate the dispute settlement method of the World Trade Organization (WTO). Teams prepare their resolution of the fictitious case, which will be analyzed by trade law experts and WTO representatives; in an activity inviting students to produce written submissions but also to discuss the fictitious case orally. The competition is organized in regional rounds, which normally consist of 5 qualifiers. The best teams from around the world have the opportunity to participate in a final oral round, which takes place in Geneva. It is carried out by ELSA International, the largest organization of young Law students at European level.<\/div>\t\t\t\t\t\t<\/div>\n\t\t\t\t<\/div>\n\t\t\t\t\t<\/div>\n\t\t<\/div>\n\t\t\t\t\t\t\t<\/div>\n\t\t<\/section>\n\t\t\t\t<section class=\"elementor-section elementor-top-section elementor-element elementor-element-9440c2d elementor-section-boxed elementor-section-height-default elementor-section-height-default\" data-id=\"9440c2d\" data-element_type=\"section\">\n\t\t\t\t\t\t<div class=\"elementor-container elementor-column-gap-default\">\n\t\t\t\t\t<div class=\"elementor-column elementor-col-100 elementor-top-column elementor-element elementor-element-c281365\" data-id=\"c281365\" data-element_type=\"column\">\n\t\t\t<div class=\"elementor-widget-wrap elementor-element-populated\">\n\t\t\t\t\t\t\t\t<div class=\"elementor-element elementor-element-e203476 elementor-widget elementor-widget-ekit_wb_10548\" data-id=\"e203476\" data-element_type=\"widget\" data-widget_type=\"ekit_wb_10548.default\">\n\t\t\t\t<div class=\"elementor-widget-container\">\n\t\t\t<script type='text\/javascript' src='https:\/\/platform-api.sharethis.com\/js\/sharethis.js#property=64ae9869f57abe0019c4e32e&product=sticky-share-buttons' async='async'><\/script>\n\t\t\t\t<\/div>\n\t\t\t\t<\/div>\n\t\t\t\t\t<\/div>\n\t\t<\/div>\n\t\t\t\t\t\t\t<\/div>\n\t\t<\/section>\n\t\t\t\t\t\t<\/div>\n\t\t\t\t\t<\/div>\n\t\t","protected":false},"excerpt":{"rendered":"<p>Internationalization Moot Courts Moot Courts are simulations of trials, where students have the opportunity to represent one of the parties in a hypothetical litigation process under question. The main objective of a Moot Court is to prepare students for persuasive advocacy within an academic environment. In these competitions, students develop various types of skills such &hellip;<\/p>\n<p class=\"read-more\"> <a class=\"\" href=\"https:\/\/novalaw.unl.pt\/en\/moot-courts\/\"> <span class=\"screen-reader-text\">Moot Courts<\/span> Read More &raquo;<\/a><\/p>\n","protected":false},"author":2,"featured_media":0,"parent":0,"menu_order":478,"comment_status":"closed","ping_status":"closed","template":"","meta":{"footnotes":""},"categories":[],"tags":[],"class_list":["post-23405","page","type-page","status-publish","hentry"],"yoast_head":"<!-- This site is optimized with the Yoast SEO Premium plugin v27.5 (Yoast SEO v27.5) - https:\/\/yoast.com\/product\/yoast-seo-premium-wordpress\/ -->\n<title>Moot Courts - NOVA School of Law | Faculdade de Direito da Universidade NOVA de Lisboa<\/title>\n<meta name=\"robots\" content=\"index, follow, max-snippet:-1, max-image-preview:large, max-video-preview:-1\" \/>\n<link rel=\"canonical\" href=\"https:\/\/novalaw.unl.pt\/moot-courts\/\" \/>\n<meta property=\"og:locale\" content=\"en_US\" \/>\n<meta property=\"og:type\" content=\"article\" \/>\n<meta property=\"og:title\" content=\"Moot Courts\" \/>\n<meta property=\"og:description\" content=\"Internationalization Moot Courts Moot Courts are simulations of trials, where students have the opportunity to represent one of the parties in a hypothetical litigation process under question. The main objective of a Moot Court is to prepare students for persuasive advocacy within an academic environment. In these competitions, students develop various types of skills such &hellip; Moot Courts Read More &raquo;\" \/>\n<meta property=\"og:url\" content=\"https:\/\/novalaw.unl.pt\/moot-courts\/\" \/>\n<meta property=\"og:site_name\" content=\"NOVA School of Law | Faculdade de Direito da Universidade NOVA de Lisboa\" \/>\n<meta property=\"article:modified_time\" content=\"2026-04-09T16:26:27+00:00\" \/>\n<meta property=\"og:image\" content=\"https:\/\/novalaw.unl.pt\/wp-content\/uploads\/2021\/05\/logo-nsl-simple.png\" \/>\n\t<meta property=\"og:image:width\" content=\"137\" \/>\n\t<meta property=\"og:image:height\" content=\"132\" \/>\n\t<meta property=\"og:image:type\" content=\"image\/png\" \/>\n<meta name=\"twitter:card\" content=\"summary_large_image\" \/>\n<meta name=\"twitter:label1\" content=\"Est. reading time\" \/>\n\t<meta name=\"twitter:data1\" content=\"5 minutes\" \/>\n<script type=\"application\/ld+json\" class=\"yoast-schema-graph\">{\"@context\":\"https:\\\/\\\/schema.org\",\"@graph\":[{\"@type\":\"WebPage\",\"@id\":\"https:\\\/\\\/novalaw.unl.pt\\\/moot-courts\\\/\",\"url\":\"https:\\\/\\\/novalaw.unl.pt\\\/moot-courts\\\/\",\"name\":\"Moot Courts - NOVA School of Law | Faculdade de Direito da Universidade NOVA de Lisboa\",\"isPartOf\":{\"@id\":\"https:\\\/\\\/novalaw.unl.pt\\\/#website\"},\"datePublished\":\"2022-02-17T21:14:56+00:00\",\"dateModified\":\"2026-04-09T16:26:27+00:00\",\"breadcrumb\":{\"@id\":\"https:\\\/\\\/novalaw.unl.pt\\\/moot-courts\\\/#breadcrumb\"},\"inLanguage\":\"en-US\",\"potentialAction\":[{\"@type\":\"ReadAction\",\"target\":[\"https:\\\/\\\/novalaw.unl.pt\\\/moot-courts\\\/\"]}]},{\"@type\":\"BreadcrumbList\",\"@id\":\"https:\\\/\\\/novalaw.unl.pt\\\/moot-courts\\\/#breadcrumb\",\"itemListElement\":[{\"@type\":\"ListItem\",\"position\":1,\"name\":\"Home\",\"item\":\"https:\\\/\\\/novalaw.unl.pt\\\/en\\\/\"},{\"@type\":\"ListItem\",\"position\":2,\"name\":\"Moot Courts\"}]},{\"@type\":\"WebSite\",\"@id\":\"https:\\\/\\\/novalaw.unl.pt\\\/#website\",\"url\":\"https:\\\/\\\/novalaw.unl.pt\\\/\",\"name\":\"NOVA School of Law | Faculdade de Direito da Universidade NOVA de Lisboa\",\"description\":\"NOVA School Of Law\",\"publisher\":{\"@id\":\"https:\\\/\\\/novalaw.unl.pt\\\/#organization\"},\"potentialAction\":[{\"@type\":\"SearchAction\",\"target\":{\"@type\":\"EntryPoint\",\"urlTemplate\":\"https:\\\/\\\/novalaw.unl.pt\\\/?s={search_term_string}\"},\"query-input\":{\"@type\":\"PropertyValueSpecification\",\"valueRequired\":true,\"valueName\":\"search_term_string\"}}],\"inLanguage\":\"en-US\"},{\"@type\":\"Organization\",\"@id\":\"https:\\\/\\\/novalaw.unl.pt\\\/#organization\",\"name\":\"NOVA School of Law\",\"url\":\"https:\\\/\\\/novalaw.unl.pt\\\/\",\"logo\":{\"@type\":\"ImageObject\",\"inLanguage\":\"en-US\",\"@id\":\"https:\\\/\\\/novalaw.unl.pt\\\/#\\\/schema\\\/logo\\\/image\\\/\",\"url\":\"https:\\\/\\\/novalaw.unl.pt\\\/wp-content\\\/uploads\\\/2021\\\/02\\\/logo-novalaw.svg\",\"contentUrl\":\"https:\\\/\\\/novalaw.unl.pt\\\/wp-content\\\/uploads\\\/2021\\\/02\\\/logo-novalaw.svg\",\"width\":991,\"height\":424,\"caption\":\"NOVA School of Law\"},\"image\":{\"@id\":\"https:\\\/\\\/novalaw.unl.pt\\\/#\\\/schema\\\/logo\\\/image\\\/\"}}]}<\/script>\n<!-- \/ Yoast SEO Premium plugin. -->","yoast_head_json":{"title":"Moot Courts - NOVA School of Law | Faculdade de Direito da Universidade NOVA de Lisboa","robots":{"index":"index","follow":"follow","max-snippet":"max-snippet:-1","max-image-preview":"max-image-preview:large","max-video-preview":"max-video-preview:-1"},"canonical":"https:\/\/novalaw.unl.pt\/moot-courts\/","og_locale":"en_US","og_type":"article","og_title":"Moot Courts","og_description":"Internationalization Moot Courts Moot Courts are simulations of trials, where students have the opportunity to represent one of the parties in a hypothetical litigation process under question. The main objective of a Moot Court is to prepare students for persuasive advocacy within an academic environment. In these competitions, students develop various types of skills such &hellip; Moot Courts Read More &raquo;","og_url":"https:\/\/novalaw.unl.pt\/moot-courts\/","og_site_name":"NOVA School of Law | Faculdade de Direito da Universidade NOVA de Lisboa","article_modified_time":"2026-04-09T16:26:27+00:00","og_image":[{"width":137,"height":132,"url":"https:\/\/novalaw.unl.pt\/wp-content\/uploads\/2021\/05\/logo-nsl-simple.png","type":"image\/png"}],"twitter_card":"summary_large_image","twitter_misc":{"Est. reading time":"5 minutes"},"schema":{"@context":"https:\/\/schema.org","@graph":[{"@type":"WebPage","@id":"https:\/\/novalaw.unl.pt\/moot-courts\/","url":"https:\/\/novalaw.unl.pt\/moot-courts\/","name":"Moot Courts - NOVA School of Law | Faculdade de Direito da Universidade NOVA de Lisboa","isPartOf":{"@id":"https:\/\/novalaw.unl.pt\/#website"},"datePublished":"2022-02-17T21:14:56+00:00","dateModified":"2026-04-09T16:26:27+00:00","breadcrumb":{"@id":"https:\/\/novalaw.unl.pt\/moot-courts\/#breadcrumb"},"inLanguage":"en-US","potentialAction":[{"@type":"ReadAction","target":["https:\/\/novalaw.unl.pt\/moot-courts\/"]}]},{"@type":"BreadcrumbList","@id":"https:\/\/novalaw.unl.pt\/moot-courts\/#breadcrumb","itemListElement":[{"@type":"ListItem","position":1,"name":"Home","item":"https:\/\/novalaw.unl.pt\/en\/"},{"@type":"ListItem","position":2,"name":"Moot Courts"}]},{"@type":"WebSite","@id":"https:\/\/novalaw.unl.pt\/#website","url":"https:\/\/novalaw.unl.pt\/","name":"NOVA School of Law | Faculdade de Direito da Universidade NOVA de Lisboa","description":"NOVA School Of Law","publisher":{"@id":"https:\/\/novalaw.unl.pt\/#organization"},"potentialAction":[{"@type":"SearchAction","target":{"@type":"EntryPoint","urlTemplate":"https:\/\/novalaw.unl.pt\/?s={search_term_string}"},"query-input":{"@type":"PropertyValueSpecification","valueRequired":true,"valueName":"search_term_string"}}],"inLanguage":"en-US"},{"@type":"Organization","@id":"https:\/\/novalaw.unl.pt\/#organization","name":"NOVA School of Law","url":"https:\/\/novalaw.unl.pt\/","logo":{"@type":"ImageObject","inLanguage":"en-US","@id":"https:\/\/novalaw.unl.pt\/#\/schema\/logo\/image\/","url":"https:\/\/novalaw.unl.pt\/wp-content\/uploads\/2021\/02\/logo-novalaw.svg","contentUrl":"https:\/\/novalaw.unl.pt\/wp-content\/uploads\/2021\/02\/logo-novalaw.svg","width":991,"height":424,"caption":"NOVA School of Law"},"image":{"@id":"https:\/\/novalaw.unl.pt\/#\/schema\/logo\/image\/"}}]}},"novalaw_begin_date":"","novalaw_begin_date_en":"","novalaw_text":"","novalaw_tag":"","novalaw_tag_en":"","novalaw_link":"","novalaw_link_en":"","novalaw_end_date":"","novalaw_end_date_en":"","novalaw_date":"","novalaw_em_destaque":"","novalaw_tag_src":"","lang":"","_links":{"self":[{"href":"https:\/\/novalaw.unl.pt\/en\/wp-json\/wp\/v2\/pages\/23405","targetHints":{"allow":["GET"]}}],"collection":[{"href":"https:\/\/novalaw.unl.pt\/en\/wp-json\/wp\/v2\/pages"}],"about":[{"href":"https:\/\/novalaw.unl.pt\/en\/wp-json\/wp\/v2\/types\/page"}],"author":[{"embeddable":true,"href":"https:\/\/novalaw.unl.pt\/en\/wp-json\/wp\/v2\/users\/2"}],"replies":[{"embeddable":true,"href":"https:\/\/novalaw.unl.pt\/en\/wp-json\/wp\/v2\/comments?post=23405"}],"version-history":[{"count":10,"href":"https:\/\/novalaw.unl.pt\/en\/wp-json\/wp\/v2\/pages\/23405\/revisions"}],"predecessor-version":[{"id":112121,"href":"https:\/\/novalaw.unl.pt\/en\/wp-json\/wp\/v2\/pages\/23405\/revisions\/112121"}],"wp:attachment":[{"href":"https:\/\/novalaw.unl.pt\/en\/wp-json\/wp\/v2\/media?parent=23405"}],"wp:term":[{"taxonomy":"category","embeddable":true,"href":"https:\/\/novalaw.unl.pt\/en\/wp-json\/wp\/v2\/categories?post=23405"},{"taxonomy":"post_tag","embeddable":true,"href":"https:\/\/novalaw.unl.pt\/en\/wp-json\/wp\/v2\/tags?post=23405"}],"curies":[{"name":"wp","href":"https:\/\/api.w.org\/{rel}","templated":true}]}}