{"id":24935,"date":"2022-03-11T14:53:24","date_gmt":"2022-03-11T14:53:24","guid":{"rendered":"https:\/\/novalaw.unl.pt\/?page_id=24935"},"modified":"2023-05-31T17:01:23","modified_gmt":"2023-05-31T17:01:23","slug":"criminalia","status":"publish","type":"page","link":"https:\/\/novalaw.unl.pt\/en\/criminalia\/","title":{"rendered":"CRIMINALIA"},"content":{"rendered":"\t\t<div data-elementor-type=\"wp-page\" data-elementor-id=\"24935\" class=\"elementor elementor-24935\" data-elementor-settings=\"[]\">\n\t\t\t\t\t\t\t<div class=\"elementor-section-wrap\">\n\t\t\t\t\t\t\t<section class=\"elementor-section elementor-top-section elementor-element elementor-element-9348934 elementor-section-height-min-height elementor-section-boxed elementor-section-height-default elementor-section-items-middle\" data-id=\"9348934\" data-element_type=\"section\" data-settings=\"{&quot;background_background&quot;:&quot;classic&quot;}\">\n\t\t\t\t\t\t<div class=\"elementor-container elementor-column-gap-default\">\n\t\t\t\t\t<div class=\"elementor-column elementor-col-50 elementor-top-column elementor-element elementor-element-4c72881\" data-id=\"4c72881\" data-element_type=\"column\">\n\t\t\t<div class=\"elementor-widget-wrap elementor-element-populated\">\n\t\t\t\t\t\t\t\t<div class=\"elementor-element elementor-element-58fb310 elementor-widget elementor-widget-text-editor\" data-id=\"58fb310\" data-element_type=\"widget\" data-widget_type=\"text-editor.default\">\n\t\t\t\t<div class=\"elementor-widget-container\">\n\t\t\t\t\t\t\t<p>Knowledge Centres<\/p>\t\t\t\t\t\t<\/div>\n\t\t\t\t<\/div>\n\t\t\t\t<div class=\"elementor-element elementor-element-d6f21f8 elementor-widget elementor-widget-heading\" data-id=\"d6f21f8\" data-element_type=\"widget\" data-widget_type=\"heading.default\">\n\t\t\t\t<div class=\"elementor-widget-container\">\n\t\t\t<h1 class=\"elementor-heading-title elementor-size-default\"> Criminalia<\/h1>\t\t<\/div>\n\t\t\t\t<\/div>\n\t\t\t\t<div class=\"elementor-element elementor-element-6d77adc elementor-widget elementor-widget-text-editor\" data-id=\"6d77adc\" data-element_type=\"widget\" data-widget_type=\"text-editor.default\">\n\t\t\t\t<div class=\"elementor-widget-container\">\n\t\t\t\t\t\t\t<p>The CRIMINALIA group develops research on criminal subjects, under the coordination of Professor Teresa Pizarro Beleza and Professor Frederico de Lacerda da Costa Pinto:<\/p>\n<p><\/p>\n<ul>\n<li>The &#8220;<strong>Cole\u00e7\u00e3o Criminalia &#8211; Estudos de Ci\u00eancias Criminais da NOVA<\/strong> &#8220;, under which four&nbsp;books have already been published, and two more are expected to be published soon.\n<\/li>\n<li>The project &#8220;<strong>Novos Tempos, Novos Crimes, Novas Leis Penais?<\/strong>&#8221; is focused on the social, technological and economic innovations that challenge the validity and the area of application of existing criminal laws, both in the material and procedural domains. As part of this project, subjects related to new crimes against the person have started to be addressed, with the dissemination of a number of studies in these areas.\n<\/li>\n<li>The \u201c<strong>Observat\u00f3rio das Contraordena\u00e7\u00f5es<\/strong>\u201d is dedicated to research on the main problems associated with the evolution and expansion of (non-criminal) Administrative Offences and Sanctions. Within this project, a colloquium was held and a systematised collection of case law of the Constitutional Court was presented, in articulation with the fundamental principles of the Rule of Law. The results of this work are public and can be freely accessed on the CEDIS website.&nbsp;<\/li>\n<\/ul>\t\t\t\t\t\t<\/div>\n\t\t\t\t<\/div>\n\t\t\t\t\t<\/div>\n\t\t<\/div>\n\t\t\t\t<div class=\"elementor-column elementor-col-50 elementor-top-column elementor-element elementor-element-842f147\" data-id=\"842f147\" data-element_type=\"column\">\n\t\t\t<div class=\"elementor-widget-wrap\">\n\t\t\t\t\t\t\t\t\t<\/div>\n\t\t<\/div>\n\t\t\t\t\t\t\t<\/div>\n\t\t<\/section>\n\t\t\t\t<section class=\"elementor-section elementor-top-section elementor-element elementor-element-274c2b1 elementor-section-boxed elementor-section-height-default elementor-section-height-default\" data-id=\"274c2b1\" data-element_type=\"section\">\n\t\t\t\t\t\t<div class=\"elementor-container elementor-column-gap-default\">\n\t\t\t\t\t<div class=\"elementor-column elementor-col-100 elementor-top-column elementor-element elementor-element-46a35d9\" data-id=\"46a35d9\" data-element_type=\"column\">\n\t\t\t<div class=\"elementor-widget-wrap elementor-element-populated\">\n\t\t\t\t\t\t\t\t<div class=\"elementor-element elementor-element-b25a61a elementor-widget elementor-widget-heading\" data-id=\"b25a61a\" data-element_type=\"widget\" data-widget_type=\"heading.default\">\n\t\t\t\t<div class=\"elementor-widget-container\">\n\t\t\t<h3 class=\"elementor-heading-title elementor-size-default\">Coordination<\/h3>\t\t<\/div>\n\t\t\t\t<\/div>\n\t\t\t\t<section class=\"elementor-section elementor-inner-section elementor-element elementor-element-baa17c9 elementor-section-boxed elementor-section-height-default elementor-section-height-default\" data-id=\"baa17c9\" data-element_type=\"section\">\n\t\t\t\t\t\t<div class=\"elementor-container elementor-column-gap-default\">\n\t\t\t\t\t<div class=\"elementor-column elementor-col-25 elementor-inner-column elementor-element elementor-element-f434b1f\" data-id=\"f434b1f\" data-element_type=\"column\" data-settings=\"{&quot;animation&quot;:&quot;none&quot;}\">\n\t\t\t<div class=\"elementor-widget-wrap elementor-element-populated\">\n\t\t\t\t\t\t\t\t<div class=\"elementor-element elementor-element-30e16af elementor-widget elementor-widget-image\" data-id=\"30e16af\" data-element_type=\"widget\" data-widget_type=\"image.default\">\n\t\t\t\t<div class=\"elementor-widget-container\">\n\t\t\t\t\t\t\t\t\t\t\t\t\t\t\t\t<a href=\"https:\/\/novalaw.unl.pt\/en\/teresa-pizarro-beleza\/\">\n\t\t\t\t\t\t\t<img decoding=\"async\" src=\"https:\/\/novalaw.unl.pt\/wp-content\/uploads\/elementor\/thumbs\/SITE_docentes-residentes-TERESA-BELEZA-pb2a05cevri52swovdt9hm09gq4hc69okc6at1erfg.jpg\" title=\"SITE_docentes-residentes-TERESA-BELEZA\" alt=\"SITE_docentes-residentes-TERESA-BELEZA\" \/>\t\t\t\t\t\t\t\t<\/a>\n\t\t\t\t\t\t\t\t\t\t\t\t\t\t\t<\/div>\n\t\t\t\t<\/div>\n\t\t\t\t<div class=\"elementor-element elementor-element-972ae4a elementor-widget elementor-widget-heading\" data-id=\"972ae4a\" data-element_type=\"widget\" data-widget_type=\"heading.default\">\n\t\t\t\t<div class=\"elementor-widget-container\">\n\t\t\t<h3 class=\"elementor-heading-title elementor-size-default\">Teresa Pizarro Beleza<\/h3>\t\t<\/div>\n\t\t\t\t<\/div>\n\t\t\t\t\t<\/div>\n\t\t<\/div>\n\t\t\t\t<div class=\"elementor-column elementor-col-25 elementor-inner-column elementor-element elementor-element-7fc1b94\" data-id=\"7fc1b94\" data-element_type=\"column\" data-settings=\"{&quot;animation&quot;:&quot;none&quot;}\">\n\t\t\t<div class=\"elementor-widget-wrap elementor-element-populated\">\n\t\t\t\t\t\t\t\t<div class=\"elementor-element elementor-element-99791ea elementor-widget elementor-widget-image\" data-id=\"99791ea\" data-element_type=\"widget\" data-widget_type=\"image.default\">\n\t\t\t\t<div class=\"elementor-widget-container\">\n\t\t\t\t\t\t\t\t\t\t\t\t\t\t\t\t<a href=\"https:\/\/novalaw.unl.pt\/en\/frederico-de-lacerda-da-costa-pinto\/\">\n\t\t\t\t\t\t\t<img decoding=\"async\" src=\"https:\/\/novalaw.unl.pt\/wp-content\/uploads\/elementor\/thumbs\/SITE_docentes-residentes-FREDERICO-LACERDA-pb29zknypeptzdqq84vgyr84e8yemtzl5htm8y9f8c.jpg\" title=\"SITE_docentes-residentes-FREDERICO-LACERDA\" alt=\"SITE_docentes-residentes-FREDERICO-LACERDA\" \/>\t\t\t\t\t\t\t\t<\/a>\n\t\t\t\t\t\t\t\t\t\t\t\t\t\t\t<\/div>\n\t\t\t\t<\/div>\n\t\t\t\t<div class=\"elementor-element elementor-element-0733b1c elementor-widget elementor-widget-heading\" data-id=\"0733b1c\" data-element_type=\"widget\" data-widget_type=\"heading.default\">\n\t\t\t\t<div class=\"elementor-widget-container\">\n\t\t\t<h3 class=\"elementor-heading-title elementor-size-default\">Frederico de Lacerda da Costa Pinto<\/h3>\t\t<\/div>\n\t\t\t\t<\/div>\n\t\t\t\t\t<\/div>\n\t\t<\/div>\n\t\t\t\t<div class=\"elementor-column elementor-col-25 elementor-inner-column elementor-element elementor-element-7fd5daf\" data-id=\"7fd5daf\" data-element_type=\"column\" data-settings=\"{&quot;animation&quot;:&quot;none&quot;}\">\n\t\t\t<div class=\"elementor-widget-wrap\">\n\t\t\t\t\t\t\t\t\t<\/div>\n\t\t<\/div>\n\t\t\t\t<div class=\"elementor-column elementor-col-25 elementor-inner-column elementor-element elementor-element-c12cd2f\" data-id=\"c12cd2f\" data-element_type=\"column\">\n\t\t\t<div class=\"elementor-widget-wrap\">\n\t\t\t\t\t\t\t\t\t<\/div>\n\t\t<\/div>\n\t\t\t\t\t\t\t<\/div>\n\t\t<\/section>\n\t\t\t\t\t<\/div>\n\t\t<\/div>\n\t\t\t\t\t\t\t<\/div>\n\t\t<\/section>\n\t\t\t\t<section class=\"elementor-section elementor-top-section elementor-element elementor-element-426b685 sticky-centro elementor-section-boxed elementor-section-height-default elementor-section-height-default\" data-id=\"426b685\" data-element_type=\"section\">\n\t\t\t\t\t\t<div class=\"elementor-container elementor-column-gap-default\">\n\t\t\t\t\t<div class=\"elementor-column elementor-col-50 elementor-top-column elementor-element elementor-element-1691218\" data-id=\"1691218\" data-element_type=\"column\">\n\t\t\t<div class=\"elementor-widget-wrap elementor-element-populated\">\n\t\t\t\t\t\t\t\t<div class=\"elementor-element elementor-element-db5d911 elementor-widget elementor-widget-button\" data-id=\"db5d911\" data-element_type=\"widget\" data-widget_type=\"button.default\">\n\t\t\t\t<div class=\"elementor-widget-container\">\n\t\t\t\t\t<div class=\"elementor-button-wrapper\">\n\t\t\t<a href=\"\/en\/knowledge-centres\/\" class=\"elementor-button-link elementor-button elementor-size-sm\" role=\"button\">\n\t\t\t\t\t\t<span class=\"elementor-button-content-wrapper\">\n\t\t\t\t\t\t<span class=\"elementor-button-text\">BACK TO Knowledge Centres<\/span>\n\t\t<\/span>\n\t\t\t\t\t<\/a>\n\t\t<\/div>\n\t\t\t\t<\/div>\n\t\t\t\t<\/div>\n\t\t\t\t\t<\/div>\n\t\t<\/div>\n\t\t\t\t<div class=\"elementor-column elementor-col-50 elementor-top-column elementor-element elementor-element-e54a525\" data-id=\"e54a525\" data-element_type=\"column\">\n\t\t\t<div class=\"elementor-widget-wrap elementor-element-populated\">\n\t\t\t\t\t\t\t\t<div class=\"elementor-element elementor-element-ee90ffa elementor-widget elementor-widget-ekit_wb_10548\" data-id=\"ee90ffa\" data-element_type=\"widget\" data-widget_type=\"ekit_wb_10548.default\">\n\t\t\t\t<div class=\"elementor-widget-container\">\n\t\t\t<script type='text\/javascript' src='https:\/\/platform-api.sharethis.com\/js\/sharethis.js#property=64ae9869f57abe0019c4e32e&product=sticky-share-buttons' async='async'><\/script>\n\t\t\t\t<\/div>\n\t\t\t\t<\/div>\n\t\t\t\t\t<\/div>\n\t\t<\/div>\n\t\t\t\t\t\t\t<\/div>\n\t\t<\/section>\n\t\t\t\t<section class=\"elementor-section elementor-top-section elementor-element elementor-element-f57e390 sticky-centro elementor-section-boxed elementor-section-height-default elementor-section-height-default\" data-id=\"f57e390\" data-element_type=\"section\">\n\t\t\t\t\t\t<div class=\"elementor-container elementor-column-gap-default\">\n\t\t\t\t\t<div class=\"elementor-column elementor-col-33 elementor-top-column elementor-element elementor-element-cddecff\" data-id=\"cddecff\" data-element_type=\"column\">\n\t\t\t<div class=\"elementor-widget-wrap elementor-element-populated\">\n\t\t\t\t\t\t\t\t<div class=\"elementor-element elementor-element-49b81ce elementor-widget elementor-widget-ekit_wb_10548\" data-id=\"49b81ce\" data-element_type=\"widget\" data-widget_type=\"ekit_wb_10548.default\">\n\t\t\t\t<div class=\"elementor-widget-container\">\n\t\t\t<script type='text\/javascript' src='https:\/\/platform-api.sharethis.com\/js\/sharethis.js#property=64ae9869f57abe0019c4e32e&product=sticky-share-buttons' async='async'><\/script>\n\t\t\t\t<\/div>\n\t\t\t\t<\/div>\n\t\t\t\t\t<\/div>\n\t\t<\/div>\n\t\t\t\t<div class=\"elementor-column elementor-col-33 elementor-top-column elementor-element elementor-element-d904b0b\" data-id=\"d904b0b\" data-element_type=\"column\">\n\t\t\t<div class=\"elementor-widget-wrap\">\n\t\t\t\t\t\t\t\t\t<\/div>\n\t\t<\/div>\n\t\t\t\t<div class=\"elementor-column elementor-col-33 elementor-top-column elementor-element elementor-element-67d2a9e\" data-id=\"67d2a9e\" data-element_type=\"column\">\n\t\t\t<div class=\"elementor-widget-wrap\">\n\t\t\t\t\t\t\t\t\t<\/div>\n\t\t<\/div>\n\t\t\t\t\t\t\t<\/div>\n\t\t<\/section>\n\t\t\t\t<section class=\"elementor-section elementor-top-section elementor-element elementor-element-e1d5028 elementor-section-boxed elementor-section-height-default elementor-section-height-default\" data-id=\"e1d5028\" data-element_type=\"section\">\n\t\t\t\t\t\t<div class=\"elementor-container elementor-column-gap-default\">\n\t\t\t\t\t<div class=\"elementor-column elementor-col-100 elementor-top-column elementor-element elementor-element-680b87e\" data-id=\"680b87e\" data-element_type=\"column\">\n\t\t\t<div class=\"elementor-widget-wrap elementor-element-populated\">\n\t\t\t\t\t\t\t\t<div class=\"elementor-element elementor-element-9d60d8e elementor-widget elementor-widget-spacer\" data-id=\"9d60d8e\" data-element_type=\"widget\" data-widget_type=\"spacer.default\">\n\t\t\t\t<div class=\"elementor-widget-container\">\n\t\t\t\t\t<div class=\"elementor-spacer\">\n\t\t\t<div class=\"elementor-spacer-inner\"><\/div>\n\t\t<\/div>\n\t\t\t\t<\/div>\n\t\t\t\t<\/div>\n\t\t\t\t\t<\/div>\n\t\t<\/div>\n\t\t\t\t\t\t\t<\/div>\n\t\t<\/section>\n\t\t\t\t\t\t<\/div>\n\t\t\t\t\t<\/div>\n\t\t","protected":false},"excerpt":{"rendered":"<p>Knowledge Centres Criminalia The CRIMINALIA group develops research on criminal subjects, under the coordination of Professor Teresa Pizarro Beleza and Professor Frederico de Lacerda da Costa Pinto: The &#8220;Cole\u00e7\u00e3o Criminalia &#8211; Estudos de Ci\u00eancias Criminais da NOVA &#8220;, under which four&nbsp;books have already been published, and two more are expected to be published soon. The &hellip;<\/p>\n<p class=\"read-more\"> <a class=\"\" href=\"https:\/\/novalaw.unl.pt\/en\/criminalia\/\"> <span class=\"screen-reader-text\">CRIMINALIA<\/span> Read More &raquo;<\/a><\/p>\n","protected":false},"author":2,"featured_media":24919,"parent":0,"menu_order":180,"comment_status":"closed","ping_status":"closed","template":"","meta":{"footnotes":""},"categories":[],"tags":[],"class_list":["post-24935","page","type-page","status-publish","has-post-thumbnail","hentry"],"yoast_head":"<!-- This site is optimized with the Yoast SEO Premium plugin v27.4 (Yoast SEO v27.4) - https:\/\/yoast.com\/product\/yoast-seo-premium-wordpress\/ -->\n<title>CRIMINALIA - NOVA School of Law | Faculdade de Direito da Universidade NOVA de Lisboa<\/title>\n<meta name=\"robots\" content=\"index, follow, max-snippet:-1, max-image-preview:large, max-video-preview:-1\" \/>\n<link rel=\"canonical\" href=\"https:\/\/novalaw.unl.pt\/en\/criminalia\/\" \/>\n<meta property=\"og:locale\" content=\"en_US\" \/>\n<meta property=\"og:type\" content=\"article\" \/>\n<meta property=\"og:title\" content=\"CRIMINALIA\" \/>\n<meta property=\"og:description\" content=\"Knowledge Centres Criminalia The CRIMINALIA group develops research on criminal subjects, under the coordination of Professor Teresa Pizarro Beleza and Professor Frederico de Lacerda da Costa Pinto: The &#8220;Cole\u00e7\u00e3o Criminalia &#8211; Estudos de Ci\u00eancias Criminais da NOVA &#8220;, under which four&nbsp;books have already been published, and two more are expected to be published soon. The &hellip; CRIMINALIA Read More &raquo;\" \/>\n<meta property=\"og:url\" content=\"https:\/\/novalaw.unl.pt\/en\/criminalia\/\" \/>\n<meta property=\"og:site_name\" content=\"NOVA School of Law | Faculdade de Direito da Universidade NOVA de Lisboa\" \/>\n<meta property=\"article:modified_time\" content=\"2023-05-31T17:01:23+00:00\" \/>\n<meta property=\"og:image\" content=\"https:\/\/novalaw.unl.pt\/wp-content\/uploads\/2022\/03\/SITE_thumbnails-CRIMINALIA.jpg\" \/>\n\t<meta property=\"og:image:width\" content=\"328\" \/>\n\t<meta property=\"og:image:height\" content=\"156\" \/>\n\t<meta property=\"og:image:type\" content=\"image\/jpeg\" \/>\n<meta name=\"twitter:card\" content=\"summary_large_image\" \/>\n<meta name=\"twitter:label1\" content=\"Est. reading time\" \/>\n\t<meta name=\"twitter:data1\" content=\"2 minutes\" \/>\n<script type=\"application\/ld+json\" class=\"yoast-schema-graph\">{\"@context\":\"https:\\\/\\\/schema.org\",\"@graph\":[{\"@type\":\"WebPage\",\"@id\":\"https:\\\/\\\/novalaw.unl.pt\\\/en\\\/criminalia\\\/\",\"url\":\"https:\\\/\\\/novalaw.unl.pt\\\/en\\\/criminalia\\\/\",\"name\":\"CRIMINALIA - NOVA School of Law | Faculdade de Direito da Universidade NOVA de Lisboa\",\"isPartOf\":{\"@id\":\"https:\\\/\\\/novalaw.unl.pt\\\/#website\"},\"primaryImageOfPage\":{\"@id\":\"https:\\\/\\\/novalaw.unl.pt\\\/en\\\/criminalia\\\/#primaryimage\"},\"image\":{\"@id\":\"https:\\\/\\\/novalaw.unl.pt\\\/en\\\/criminalia\\\/#primaryimage\"},\"thumbnailUrl\":\"https:\\\/\\\/novalaw.unl.pt\\\/wp-content\\\/uploads\\\/2022\\\/03\\\/SITE_thumbnails-CRIMINALIA.jpg\",\"datePublished\":\"2022-03-11T14:53:24+00:00\",\"dateModified\":\"2023-05-31T17:01:23+00:00\",\"breadcrumb\":{\"@id\":\"https:\\\/\\\/novalaw.unl.pt\\\/en\\\/criminalia\\\/#breadcrumb\"},\"inLanguage\":\"en-US\",\"potentialAction\":[{\"@type\":\"ReadAction\",\"target\":[\"https:\\\/\\\/novalaw.unl.pt\\\/en\\\/criminalia\\\/\"]}]},{\"@type\":\"ImageObject\",\"inLanguage\":\"en-US\",\"@id\":\"https:\\\/\\\/novalaw.unl.pt\\\/en\\\/criminalia\\\/#primaryimage\",\"url\":\"https:\\\/\\\/novalaw.unl.pt\\\/wp-content\\\/uploads\\\/2022\\\/03\\\/SITE_thumbnails-CRIMINALIA.jpg\",\"contentUrl\":\"https:\\\/\\\/novalaw.unl.pt\\\/wp-content\\\/uploads\\\/2022\\\/03\\\/SITE_thumbnails-CRIMINALIA.jpg\",\"width\":328,\"height\":156},{\"@type\":\"BreadcrumbList\",\"@id\":\"https:\\\/\\\/novalaw.unl.pt\\\/en\\\/criminalia\\\/#breadcrumb\",\"itemListElement\":[{\"@type\":\"ListItem\",\"position\":1,\"name\":\"Home\",\"item\":\"https:\\\/\\\/novalaw.unl.pt\\\/en\\\/\"},{\"@type\":\"ListItem\",\"position\":2,\"name\":\"CRIMINALIA\"}]},{\"@type\":\"WebSite\",\"@id\":\"https:\\\/\\\/novalaw.unl.pt\\\/#website\",\"url\":\"https:\\\/\\\/novalaw.unl.pt\\\/\",\"name\":\"NOVA School of Law | Faculdade de Direito da Universidade NOVA de Lisboa\",\"description\":\"NOVA School Of Law\",\"publisher\":{\"@id\":\"https:\\\/\\\/novalaw.unl.pt\\\/#organization\"},\"potentialAction\":[{\"@type\":\"SearchAction\",\"target\":{\"@type\":\"EntryPoint\",\"urlTemplate\":\"https:\\\/\\\/novalaw.unl.pt\\\/?s={search_term_string}\"},\"query-input\":{\"@type\":\"PropertyValueSpecification\",\"valueRequired\":true,\"valueName\":\"search_term_string\"}}],\"inLanguage\":\"en-US\"},{\"@type\":\"Organization\",\"@id\":\"https:\\\/\\\/novalaw.unl.pt\\\/#organization\",\"name\":\"NOVA School of Law\",\"url\":\"https:\\\/\\\/novalaw.unl.pt\\\/\",\"logo\":{\"@type\":\"ImageObject\",\"inLanguage\":\"en-US\",\"@id\":\"https:\\\/\\\/novalaw.unl.pt\\\/#\\\/schema\\\/logo\\\/image\\\/\",\"url\":\"https:\\\/\\\/novalaw.unl.pt\\\/wp-content\\\/uploads\\\/2021\\\/02\\\/logo-novalaw.svg\",\"contentUrl\":\"https:\\\/\\\/novalaw.unl.pt\\\/wp-content\\\/uploads\\\/2021\\\/02\\\/logo-novalaw.svg\",\"width\":991,\"height\":424,\"caption\":\"NOVA School of Law\"},\"image\":{\"@id\":\"https:\\\/\\\/novalaw.unl.pt\\\/#\\\/schema\\\/logo\\\/image\\\/\"}}]}<\/script>\n<!-- \/ Yoast SEO Premium plugin. -->","yoast_head_json":{"title":"CRIMINALIA - NOVA School of Law | Faculdade de Direito da Universidade NOVA de Lisboa","robots":{"index":"index","follow":"follow","max-snippet":"max-snippet:-1","max-image-preview":"max-image-preview:large","max-video-preview":"max-video-preview:-1"},"canonical":"https:\/\/novalaw.unl.pt\/en\/criminalia\/","og_locale":"en_US","og_type":"article","og_title":"CRIMINALIA","og_description":"Knowledge Centres Criminalia The CRIMINALIA group develops research on criminal subjects, under the coordination of Professor Teresa Pizarro Beleza and Professor Frederico de Lacerda da Costa Pinto: The &#8220;Cole\u00e7\u00e3o Criminalia &#8211; Estudos de Ci\u00eancias Criminais da NOVA &#8220;, under which four&nbsp;books have already been published, and two more are expected to be published soon. The &hellip; CRIMINALIA Read More &raquo;","og_url":"https:\/\/novalaw.unl.pt\/en\/criminalia\/","og_site_name":"NOVA School of Law | Faculdade de Direito da Universidade NOVA de Lisboa","article_modified_time":"2023-05-31T17:01:23+00:00","og_image":[{"width":328,"height":156,"url":"https:\/\/novalaw.unl.pt\/wp-content\/uploads\/2022\/03\/SITE_thumbnails-CRIMINALIA.jpg","type":"image\/jpeg"}],"twitter_card":"summary_large_image","twitter_misc":{"Est. reading time":"2 minutes"},"schema":{"@context":"https:\/\/schema.org","@graph":[{"@type":"WebPage","@id":"https:\/\/novalaw.unl.pt\/en\/criminalia\/","url":"https:\/\/novalaw.unl.pt\/en\/criminalia\/","name":"CRIMINALIA - NOVA School of Law | Faculdade de Direito da Universidade NOVA de Lisboa","isPartOf":{"@id":"https:\/\/novalaw.unl.pt\/#website"},"primaryImageOfPage":{"@id":"https:\/\/novalaw.unl.pt\/en\/criminalia\/#primaryimage"},"image":{"@id":"https:\/\/novalaw.unl.pt\/en\/criminalia\/#primaryimage"},"thumbnailUrl":"https:\/\/novalaw.unl.pt\/wp-content\/uploads\/2022\/03\/SITE_thumbnails-CRIMINALIA.jpg","datePublished":"2022-03-11T14:53:24+00:00","dateModified":"2023-05-31T17:01:23+00:00","breadcrumb":{"@id":"https:\/\/novalaw.unl.pt\/en\/criminalia\/#breadcrumb"},"inLanguage":"en-US","potentialAction":[{"@type":"ReadAction","target":["https:\/\/novalaw.unl.pt\/en\/criminalia\/"]}]},{"@type":"ImageObject","inLanguage":"en-US","@id":"https:\/\/novalaw.unl.pt\/en\/criminalia\/#primaryimage","url":"https:\/\/novalaw.unl.pt\/wp-content\/uploads\/2022\/03\/SITE_thumbnails-CRIMINALIA.jpg","contentUrl":"https:\/\/novalaw.unl.pt\/wp-content\/uploads\/2022\/03\/SITE_thumbnails-CRIMINALIA.jpg","width":328,"height":156},{"@type":"BreadcrumbList","@id":"https:\/\/novalaw.unl.pt\/en\/criminalia\/#breadcrumb","itemListElement":[{"@type":"ListItem","position":1,"name":"Home","item":"https:\/\/novalaw.unl.pt\/en\/"},{"@type":"ListItem","position":2,"name":"CRIMINALIA"}]},{"@type":"WebSite","@id":"https:\/\/novalaw.unl.pt\/#website","url":"https:\/\/novalaw.unl.pt\/","name":"NOVA School of Law | Faculdade de Direito da Universidade NOVA de Lisboa","description":"NOVA School Of Law","publisher":{"@id":"https:\/\/novalaw.unl.pt\/#organization"},"potentialAction":[{"@type":"SearchAction","target":{"@type":"EntryPoint","urlTemplate":"https:\/\/novalaw.unl.pt\/?s={search_term_string}"},"query-input":{"@type":"PropertyValueSpecification","valueRequired":true,"valueName":"search_term_string"}}],"inLanguage":"en-US"},{"@type":"Organization","@id":"https:\/\/novalaw.unl.pt\/#organization","name":"NOVA School of Law","url":"https:\/\/novalaw.unl.pt\/","logo":{"@type":"ImageObject","inLanguage":"en-US","@id":"https:\/\/novalaw.unl.pt\/#\/schema\/logo\/image\/","url":"https:\/\/novalaw.unl.pt\/wp-content\/uploads\/2021\/02\/logo-novalaw.svg","contentUrl":"https:\/\/novalaw.unl.pt\/wp-content\/uploads\/2021\/02\/logo-novalaw.svg","width":991,"height":424,"caption":"NOVA School of Law"},"image":{"@id":"https:\/\/novalaw.unl.pt\/#\/schema\/logo\/image\/"}}]}},"novalaw_begin_date":"","novalaw_begin_date_en":"","novalaw_text":"","novalaw_tag":"","novalaw_tag_en":"","novalaw_link":"","novalaw_link_en":"","novalaw_end_date":"","novalaw_end_date_en":"","novalaw_date":"","novalaw_em_destaque":"","novalaw_tag_src":"","lang":"","_links":{"self":[{"href":"https:\/\/novalaw.unl.pt\/en\/wp-json\/wp\/v2\/pages\/24935","targetHints":{"allow":["GET"]}}],"collection":[{"href":"https:\/\/novalaw.unl.pt\/en\/wp-json\/wp\/v2\/pages"}],"about":[{"href":"https:\/\/novalaw.unl.pt\/en\/wp-json\/wp\/v2\/types\/page"}],"author":[{"embeddable":true,"href":"https:\/\/novalaw.unl.pt\/en\/wp-json\/wp\/v2\/users\/2"}],"replies":[{"embeddable":true,"href":"https:\/\/novalaw.unl.pt\/en\/wp-json\/wp\/v2\/comments?post=24935"}],"version-history":[{"count":31,"href":"https:\/\/novalaw.unl.pt\/en\/wp-json\/wp\/v2\/pages\/24935\/revisions"}],"predecessor-version":[{"id":55634,"href":"https:\/\/novalaw.unl.pt\/en\/wp-json\/wp\/v2\/pages\/24935\/revisions\/55634"}],"wp:featuredmedia":[{"embeddable":true,"href":"https:\/\/novalaw.unl.pt\/en\/wp-json\/wp\/v2\/media\/24919"}],"wp:attachment":[{"href":"https:\/\/novalaw.unl.pt\/en\/wp-json\/wp\/v2\/media?parent=24935"}],"wp:term":[{"taxonomy":"category","embeddable":true,"href":"https:\/\/novalaw.unl.pt\/en\/wp-json\/wp\/v2\/categories?post=24935"},{"taxonomy":"post_tag","embeddable":true,"href":"https:\/\/novalaw.unl.pt\/en\/wp-json\/wp\/v2\/tags?post=24935"}],"curies":[{"name":"wp","href":"https:\/\/api.w.org\/{rel}","templated":true}]}}