{"id":26880,"date":"2021-06-23T16:15:00","date_gmt":"2021-06-23T16:15:00","guid":{"rendered":"https:\/\/novalaw.unl.pt\/?page_id=26880"},"modified":"2022-04-29T11:12:23","modified_gmt":"2022-04-29T11:12:23","slug":"nova-school-of-law-receives-google-chair-to-investigate-data-governance","status":"publish","type":"page","link":"https:\/\/novalaw.unl.pt\/en\/nova-school-of-law-receives-google-chair-to-investigate-data-governance\/","title":{"rendered":"NOVA School of Law receives Google Chair to investigate Data Governance"},"content":{"rendered":"\t\t<div data-elementor-type=\"wp-page\" data-elementor-id=\"26880\" class=\"elementor elementor-26880\" data-elementor-settings=\"[]\">\n\t\t\t\t\t\t\t<div class=\"elementor-section-wrap\">\n\t\t\t\t\t\t\t<section class=\"elementor-section elementor-top-section elementor-element elementor-element-6afa26c elementor-section-height-min-height elementor-section-boxed elementor-section-height-default elementor-section-items-middle\" data-id=\"6afa26c\" data-element_type=\"section\" data-settings=\"{&quot;background_background&quot;:&quot;classic&quot;}\">\n\t\t\t\t\t\t<div class=\"elementor-container elementor-column-gap-default\">\n\t\t\t\t\t<div class=\"elementor-column elementor-col-50 elementor-top-column elementor-element elementor-element-fa48a69\" data-id=\"fa48a69\" data-element_type=\"column\">\n\t\t\t<div class=\"elementor-widget-wrap elementor-element-populated\">\n\t\t\t\t\t\t\t\t\t<\/div>\n\t\t<\/div>\n\t\t\t\t<div class=\"elementor-column elementor-col-50 elementor-top-column elementor-element elementor-element-dbfcc5d\" data-id=\"dbfcc5d\" data-element_type=\"column\">\n\t\t\t<div class=\"elementor-widget-wrap\">\n\t\t\t\t\t\t\t\t\t<\/div>\n\t\t<\/div>\n\t\t\t\t\t\t\t<\/div>\n\t\t<\/section>\n\t\t\t\t<section class=\"elementor-section elementor-top-section elementor-element elementor-element-c5e7271 elementor-section-boxed elementor-section-height-default elementor-section-height-default\" data-id=\"c5e7271\" data-element_type=\"section\">\n\t\t\t\t\t\t<div class=\"elementor-container elementor-column-gap-default\">\n\t\t\t\t\t<div class=\"elementor-column elementor-col-100 elementor-top-column elementor-element elementor-element-3c74080\" data-id=\"3c74080\" data-element_type=\"column\">\n\t\t\t<div class=\"elementor-widget-wrap elementor-element-populated\">\n\t\t\t\t\t\t\t\t<div class=\"elementor-element elementor-element-978a910 elementor-widget elementor-widget-heading\" data-id=\"978a910\" data-element_type=\"widget\" data-widget_type=\"heading.default\">\n\t\t\t\t<div class=\"elementor-widget-container\">\n\t\t\t<h2 class=\"elementor-heading-title elementor-size-default\">NOVA School of Law receives Google Chair to investigate Data Governance<\/h2>\t\t<\/div>\n\t\t\t\t<\/div>\n\t\t\t\t<div class=\"elementor-element elementor-element-32c7ece elementor-widget elementor-widget-heading\" data-id=\"32c7ece\" data-element_type=\"widget\" data-widget_type=\"heading.default\">\n\t\t\t\t<div class=\"elementor-widget-container\">\n\t\t\t<h2 class=\"elementor-heading-title elementor-size-default\">The recognition of the commitment to research and innovation<\/h2>\t\t<\/div>\n\t\t\t\t<\/div>\n\t\t\t\t<div class=\"elementor-element elementor-element-8a6c51c elementor-widget elementor-widget-text-editor\" data-id=\"8a6c51c\" data-element_type=\"widget\" data-widget_type=\"text-editor.default\">\n\t\t\t\t<div class=\"elementor-widget-container\">\n\t\t\t\t\t\t\t<p>Aside from internationalization, innovation and focus on the challenges of the 21st century, one of the major commitments of NOVA School of Law <strong>is to invest in research<\/strong>, in which transversality, pluridisciplinary and monitoring of research in other cutting-edge scientific areas are privileged.<\/p><p>It is, therefore, with great proud that we reveal that we were the Portuguese Faculty elected by a company such as <strong>Google<\/strong> to integrate the <strong>South EU Google Data Governance Chair<\/strong>, which gathers <strong>some of the most prestigious Universities in South Europe<\/strong> (Spain &#8211; Universidad CEU San Pablo, Madrid; Italy &#8211; Universit\u00e0 RomaTre; Portugal &#8211; NOVA School of Law, Universidade NOVA de Lisboa; and Greece &#8211; National and Kapodistrian University of Athens).<\/p><p>This is recognition of our work, which is also based on the conviction of the need for the connection between academia and society, and reflects the dedication we give to technological innovation.<\/p><h3><strong><br \/>The launch of the Southern European Chair on Data Governance <\/strong><\/h3><p>The launch of the Southern European Chair on Data Governance took place on 24th June and <strong>was streamed on Youtube<\/strong>.<\/p><p>This is a partnership between Google and Universities from Spain (Universidad CEU San Pablo, Madrid), Italy (Universit\u00e0 RomaTre), Portugal (Universidade NOVA de Lisboa) and Greece (National and Kapodistrian University of Athens). The Chair focused on scientific reflection and research in the academic field on data governance, in the context of the European countries. In addition, it served as a framework to analyze the challenges for Law and Data Governance in the European sphere, in areas such as Big Data, Data Driven Innovation, Artificial Intelligence or International Personal Data flows.<\/p><p>The members of the Board were the following: Jos\u00e9 Luis Pi\u00f1ar (Universidad CEU San Pablo, Madrid), Maria da Gra\u00e7a Canto Moniz (Universidade NOVA de Lisboa), Georgios Yannopoulos (National and Kapodistrian University of Athens) amd Vincenzo Zeno-Zencovich (Universit\u00e0 RomaTre).<\/p><p><a class=\"bg-red text-white after-arrow btn inline-flex items-center mr-5\" href=\"https:\/\/www.youtube.com\/watch?v=vSDQRRAUEqk\" target=\"_blank\" rel=\"noopener noreferrer\">Click here to watch on YouTube<\/a><\/p>\t\t\t\t\t\t<\/div>\n\t\t\t\t<\/div>\n\t\t\t\t\t<\/div>\n\t\t<\/div>\n\t\t\t\t\t\t\t<\/div>\n\t\t<\/section>\n\t\t\t\t<section class=\"elementor-section elementor-top-section elementor-element elementor-element-28e1b7a elementor-section-boxed elementor-section-height-default elementor-section-height-default\" data-id=\"28e1b7a\" data-element_type=\"section\">\n\t\t\t\t\t\t<div class=\"elementor-container elementor-column-gap-default\">\n\t\t\t\t\t<div class=\"elementor-column elementor-col-100 elementor-top-column elementor-element elementor-element-4731f8a\" data-id=\"4731f8a\" data-element_type=\"column\">\n\t\t\t<div class=\"elementor-widget-wrap\">\n\t\t\t\t\t\t\t\t\t<\/div>\n\t\t<\/div>\n\t\t\t\t\t\t\t<\/div>\n\t\t<\/section>\n\t\t\t\t\t\t<\/div>\n\t\t\t\t\t<\/div>\n\t\t","protected":false},"excerpt":{"rendered":"<p>NOVA School of Law receives Google Chair to investigate Data Governance The recognition of the commitment to research and innovation Aside from internationalization, innovation and focus on the challenges of the 21st century, one of the major commitments of NOVA School of Law is to invest in research, in which transversality, pluridisciplinary and monitoring of &hellip;<\/p>\n<p class=\"read-more\"> <a class=\"\" href=\"https:\/\/novalaw.unl.pt\/en\/nova-school-of-law-receives-google-chair-to-investigate-data-governance\/\"> <span class=\"screen-reader-text\">NOVA School of Law receives Google Chair to investigate Data Governance<\/span> Read More &raquo;<\/a><\/p>\n","protected":false},"author":2,"featured_media":11154,"parent":0,"menu_order":93,"comment_status":"closed","ping_status":"closed","template":"","meta":{"footnotes":""},"categories":[82],"tags":[],"class_list":["post-26880","page","type-page","status-publish","has-post-thumbnail","hentry","category-news"],"yoast_head":"<!-- This site is optimized with the Yoast SEO Premium plugin v27.5 (Yoast SEO v27.5) - https:\/\/yoast.com\/product\/yoast-seo-premium-wordpress\/ -->\n<title>NOVA School of Law receives Google Chair to investigate Data Governance - NOVA School of Law | Faculdade de Direito da Universidade NOVA de Lisboa<\/title>\n<meta name=\"robots\" content=\"index, follow, max-snippet:-1, max-image-preview:large, max-video-preview:-1\" \/>\n<link rel=\"canonical\" href=\"https:\/\/novalaw.unl.pt\/en\/nova-school-of-law-receives-google-chair-to-investigate-data-governance\/\" \/>\n<meta property=\"og:locale\" content=\"en_US\" \/>\n<meta property=\"og:type\" content=\"article\" \/>\n<meta property=\"og:title\" content=\"NOVA School of Law receives Google Chair to investigate Data Governance\" \/>\n<meta property=\"og:description\" content=\"NOVA School of Law receives Google Chair to investigate Data Governance The recognition of the commitment to research and innovation Aside from internationalization, innovation and focus on the challenges of the 21st century, one of the major commitments of NOVA School of Law is to invest in research, in which transversality, pluridisciplinary and monitoring of &hellip; NOVA School of Law receives Google Chair to investigate Data Governance Read More &raquo;\" \/>\n<meta property=\"og:url\" content=\"https:\/\/novalaw.unl.pt\/en\/nova-school-of-law-receives-google-chair-to-investigate-data-governance\/\" \/>\n<meta property=\"og:site_name\" content=\"NOVA School of Law | Faculdade de Direito da Universidade NOVA de Lisboa\" \/>\n<meta property=\"article:modified_time\" content=\"2022-04-29T11:12:23+00:00\" \/>\n<meta property=\"og:image\" content=\"https:\/\/novalaw.unl.pt\/wp-content\/uploads\/2021\/11\/SITE_noticias_GOOGLE_-thumbnail.jpg\" \/>\n\t<meta property=\"og:image:width\" content=\"320\" \/>\n\t<meta property=\"og:image:height\" content=\"200\" \/>\n\t<meta property=\"og:image:type\" content=\"image\/jpeg\" \/>\n<meta name=\"twitter:card\" content=\"summary_large_image\" \/>\n<meta name=\"twitter:label1\" content=\"Est. reading time\" \/>\n\t<meta name=\"twitter:data1\" content=\"2 minutes\" \/>\n<script type=\"application\/ld+json\" class=\"yoast-schema-graph\">{\"@context\":\"https:\\\/\\\/schema.org\",\"@graph\":[{\"@type\":\"WebPage\",\"@id\":\"https:\\\/\\\/novalaw.unl.pt\\\/en\\\/nova-school-of-law-receives-google-chair-to-investigate-data-governance\\\/\",\"url\":\"https:\\\/\\\/novalaw.unl.pt\\\/en\\\/nova-school-of-law-receives-google-chair-to-investigate-data-governance\\\/\",\"name\":\"NOVA School of Law receives Google Chair to investigate Data Governance - NOVA School of Law | Faculdade de Direito da Universidade NOVA de Lisboa\",\"isPartOf\":{\"@id\":\"https:\\\/\\\/novalaw.unl.pt\\\/#website\"},\"primaryImageOfPage\":{\"@id\":\"https:\\\/\\\/novalaw.unl.pt\\\/en\\\/nova-school-of-law-receives-google-chair-to-investigate-data-governance\\\/#primaryimage\"},\"image\":{\"@id\":\"https:\\\/\\\/novalaw.unl.pt\\\/en\\\/nova-school-of-law-receives-google-chair-to-investigate-data-governance\\\/#primaryimage\"},\"thumbnailUrl\":\"https:\\\/\\\/novalaw.unl.pt\\\/wp-content\\\/uploads\\\/2021\\\/11\\\/SITE_noticias_GOOGLE_-thumbnail.jpg\",\"datePublished\":\"2021-06-23T16:15:00+00:00\",\"dateModified\":\"2022-04-29T11:12:23+00:00\",\"breadcrumb\":{\"@id\":\"https:\\\/\\\/novalaw.unl.pt\\\/en\\\/nova-school-of-law-receives-google-chair-to-investigate-data-governance\\\/#breadcrumb\"},\"inLanguage\":\"en-US\",\"potentialAction\":[{\"@type\":\"ReadAction\",\"target\":[\"https:\\\/\\\/novalaw.unl.pt\\\/en\\\/nova-school-of-law-receives-google-chair-to-investigate-data-governance\\\/\"]}]},{\"@type\":\"ImageObject\",\"inLanguage\":\"en-US\",\"@id\":\"https:\\\/\\\/novalaw.unl.pt\\\/en\\\/nova-school-of-law-receives-google-chair-to-investigate-data-governance\\\/#primaryimage\",\"url\":\"https:\\\/\\\/novalaw.unl.pt\\\/wp-content\\\/uploads\\\/2021\\\/11\\\/SITE_noticias_GOOGLE_-thumbnail.jpg\",\"contentUrl\":\"https:\\\/\\\/novalaw.unl.pt\\\/wp-content\\\/uploads\\\/2021\\\/11\\\/SITE_noticias_GOOGLE_-thumbnail.jpg\",\"width\":320,\"height\":200},{\"@type\":\"BreadcrumbList\",\"@id\":\"https:\\\/\\\/novalaw.unl.pt\\\/en\\\/nova-school-of-law-receives-google-chair-to-investigate-data-governance\\\/#breadcrumb\",\"itemListElement\":[{\"@type\":\"ListItem\",\"position\":1,\"name\":\"Home\",\"item\":\"https:\\\/\\\/novalaw.unl.pt\\\/en\\\/\"},{\"@type\":\"ListItem\",\"position\":2,\"name\":\"NOVA School of Law receives Google Chair to investigate Data Governance\"}]},{\"@type\":\"WebSite\",\"@id\":\"https:\\\/\\\/novalaw.unl.pt\\\/#website\",\"url\":\"https:\\\/\\\/novalaw.unl.pt\\\/\",\"name\":\"NOVA School of Law | Faculdade de Direito da Universidade NOVA de Lisboa\",\"description\":\"NOVA School Of Law\",\"publisher\":{\"@id\":\"https:\\\/\\\/novalaw.unl.pt\\\/#organization\"},\"potentialAction\":[{\"@type\":\"SearchAction\",\"target\":{\"@type\":\"EntryPoint\",\"urlTemplate\":\"https:\\\/\\\/novalaw.unl.pt\\\/?s={search_term_string}\"},\"query-input\":{\"@type\":\"PropertyValueSpecification\",\"valueRequired\":true,\"valueName\":\"search_term_string\"}}],\"inLanguage\":\"en-US\"},{\"@type\":\"Organization\",\"@id\":\"https:\\\/\\\/novalaw.unl.pt\\\/#organization\",\"name\":\"NOVA School of Law\",\"url\":\"https:\\\/\\\/novalaw.unl.pt\\\/\",\"logo\":{\"@type\":\"ImageObject\",\"inLanguage\":\"en-US\",\"@id\":\"https:\\\/\\\/novalaw.unl.pt\\\/#\\\/schema\\\/logo\\\/image\\\/\",\"url\":\"https:\\\/\\\/novalaw.unl.pt\\\/wp-content\\\/uploads\\\/2021\\\/02\\\/logo-novalaw.svg\",\"contentUrl\":\"https:\\\/\\\/novalaw.unl.pt\\\/wp-content\\\/uploads\\\/2021\\\/02\\\/logo-novalaw.svg\",\"width\":991,\"height\":424,\"caption\":\"NOVA School of Law\"},\"image\":{\"@id\":\"https:\\\/\\\/novalaw.unl.pt\\\/#\\\/schema\\\/logo\\\/image\\\/\"}}]}<\/script>\n<!-- \/ Yoast SEO Premium plugin. -->","yoast_head_json":{"title":"NOVA School of Law receives Google Chair to investigate Data Governance - NOVA School of Law | Faculdade de Direito da Universidade NOVA de Lisboa","robots":{"index":"index","follow":"follow","max-snippet":"max-snippet:-1","max-image-preview":"max-image-preview:large","max-video-preview":"max-video-preview:-1"},"canonical":"https:\/\/novalaw.unl.pt\/en\/nova-school-of-law-receives-google-chair-to-investigate-data-governance\/","og_locale":"en_US","og_type":"article","og_title":"NOVA School of Law receives Google Chair to investigate Data Governance","og_description":"NOVA School of Law receives Google Chair to investigate Data Governance The recognition of the commitment to research and innovation Aside from internationalization, innovation and focus on the challenges of the 21st century, one of the major commitments of NOVA School of Law is to invest in research, in which transversality, pluridisciplinary and monitoring of &hellip; NOVA School of Law receives Google Chair to investigate Data Governance Read More &raquo;","og_url":"https:\/\/novalaw.unl.pt\/en\/nova-school-of-law-receives-google-chair-to-investigate-data-governance\/","og_site_name":"NOVA School of Law | Faculdade de Direito da Universidade NOVA de Lisboa","article_modified_time":"2022-04-29T11:12:23+00:00","og_image":[{"width":320,"height":200,"url":"https:\/\/novalaw.unl.pt\/wp-content\/uploads\/2021\/11\/SITE_noticias_GOOGLE_-thumbnail.jpg","type":"image\/jpeg"}],"twitter_card":"summary_large_image","twitter_misc":{"Est. reading time":"2 minutes"},"schema":{"@context":"https:\/\/schema.org","@graph":[{"@type":"WebPage","@id":"https:\/\/novalaw.unl.pt\/en\/nova-school-of-law-receives-google-chair-to-investigate-data-governance\/","url":"https:\/\/novalaw.unl.pt\/en\/nova-school-of-law-receives-google-chair-to-investigate-data-governance\/","name":"NOVA School of Law receives Google Chair to investigate Data Governance - NOVA School of Law | Faculdade de Direito da Universidade NOVA de Lisboa","isPartOf":{"@id":"https:\/\/novalaw.unl.pt\/#website"},"primaryImageOfPage":{"@id":"https:\/\/novalaw.unl.pt\/en\/nova-school-of-law-receives-google-chair-to-investigate-data-governance\/#primaryimage"},"image":{"@id":"https:\/\/novalaw.unl.pt\/en\/nova-school-of-law-receives-google-chair-to-investigate-data-governance\/#primaryimage"},"thumbnailUrl":"https:\/\/novalaw.unl.pt\/wp-content\/uploads\/2021\/11\/SITE_noticias_GOOGLE_-thumbnail.jpg","datePublished":"2021-06-23T16:15:00+00:00","dateModified":"2022-04-29T11:12:23+00:00","breadcrumb":{"@id":"https:\/\/novalaw.unl.pt\/en\/nova-school-of-law-receives-google-chair-to-investigate-data-governance\/#breadcrumb"},"inLanguage":"en-US","potentialAction":[{"@type":"ReadAction","target":["https:\/\/novalaw.unl.pt\/en\/nova-school-of-law-receives-google-chair-to-investigate-data-governance\/"]}]},{"@type":"ImageObject","inLanguage":"en-US","@id":"https:\/\/novalaw.unl.pt\/en\/nova-school-of-law-receives-google-chair-to-investigate-data-governance\/#primaryimage","url":"https:\/\/novalaw.unl.pt\/wp-content\/uploads\/2021\/11\/SITE_noticias_GOOGLE_-thumbnail.jpg","contentUrl":"https:\/\/novalaw.unl.pt\/wp-content\/uploads\/2021\/11\/SITE_noticias_GOOGLE_-thumbnail.jpg","width":320,"height":200},{"@type":"BreadcrumbList","@id":"https:\/\/novalaw.unl.pt\/en\/nova-school-of-law-receives-google-chair-to-investigate-data-governance\/#breadcrumb","itemListElement":[{"@type":"ListItem","position":1,"name":"Home","item":"https:\/\/novalaw.unl.pt\/en\/"},{"@type":"ListItem","position":2,"name":"NOVA School of Law receives Google Chair to investigate Data Governance"}]},{"@type":"WebSite","@id":"https:\/\/novalaw.unl.pt\/#website","url":"https:\/\/novalaw.unl.pt\/","name":"NOVA School of Law | Faculdade de Direito da Universidade NOVA de Lisboa","description":"NOVA School Of Law","publisher":{"@id":"https:\/\/novalaw.unl.pt\/#organization"},"potentialAction":[{"@type":"SearchAction","target":{"@type":"EntryPoint","urlTemplate":"https:\/\/novalaw.unl.pt\/?s={search_term_string}"},"query-input":{"@type":"PropertyValueSpecification","valueRequired":true,"valueName":"search_term_string"}}],"inLanguage":"en-US"},{"@type":"Organization","@id":"https:\/\/novalaw.unl.pt\/#organization","name":"NOVA School of Law","url":"https:\/\/novalaw.unl.pt\/","logo":{"@type":"ImageObject","inLanguage":"en-US","@id":"https:\/\/novalaw.unl.pt\/#\/schema\/logo\/image\/","url":"https:\/\/novalaw.unl.pt\/wp-content\/uploads\/2021\/02\/logo-novalaw.svg","contentUrl":"https:\/\/novalaw.unl.pt\/wp-content\/uploads\/2021\/02\/logo-novalaw.svg","width":991,"height":424,"caption":"NOVA School of Law"},"image":{"@id":"https:\/\/novalaw.unl.pt\/#\/schema\/logo\/image\/"}}]}},"novalaw_begin_date":"","novalaw_begin_date_en":"","novalaw_text":"","novalaw_tag":"","novalaw_tag_en":"","novalaw_link":"","novalaw_link_en":"","novalaw_end_date":"","novalaw_end_date_en":"","novalaw_date":"","novalaw_em_destaque":"","novalaw_tag_src":"","lang":"","_links":{"self":[{"href":"https:\/\/novalaw.unl.pt\/en\/wp-json\/wp\/v2\/pages\/26880","targetHints":{"allow":["GET"]}}],"collection":[{"href":"https:\/\/novalaw.unl.pt\/en\/wp-json\/wp\/v2\/pages"}],"about":[{"href":"https:\/\/novalaw.unl.pt\/en\/wp-json\/wp\/v2\/types\/page"}],"author":[{"embeddable":true,"href":"https:\/\/novalaw.unl.pt\/en\/wp-json\/wp\/v2\/users\/2"}],"replies":[{"embeddable":true,"href":"https:\/\/novalaw.unl.pt\/en\/wp-json\/wp\/v2\/comments?post=26880"}],"version-history":[{"count":5,"href":"https:\/\/novalaw.unl.pt\/en\/wp-json\/wp\/v2\/pages\/26880\/revisions"}],"predecessor-version":[{"id":26887,"href":"https:\/\/novalaw.unl.pt\/en\/wp-json\/wp\/v2\/pages\/26880\/revisions\/26887"}],"wp:featuredmedia":[{"embeddable":true,"href":"https:\/\/novalaw.unl.pt\/en\/wp-json\/wp\/v2\/media\/11154"}],"wp:attachment":[{"href":"https:\/\/novalaw.unl.pt\/en\/wp-json\/wp\/v2\/media?parent=26880"}],"wp:term":[{"taxonomy":"category","embeddable":true,"href":"https:\/\/novalaw.unl.pt\/en\/wp-json\/wp\/v2\/categories?post=26880"},{"taxonomy":"post_tag","embeddable":true,"href":"https:\/\/novalaw.unl.pt\/en\/wp-json\/wp\/v2\/tags?post=26880"}],"curies":[{"name":"wp","href":"https:\/\/api.w.org\/{rel}","templated":true}]}}