{"id":27068,"date":"2022-04-06T14:12:08","date_gmt":"2022-04-06T14:12:08","guid":{"rendered":"https:\/\/novalaw.unl.pt\/?page_id=27068"},"modified":"2022-04-29T11:12:02","modified_gmt":"2022-04-29T11:12:02","slug":"postdoctoral-research-grant-project-trace","status":"publish","type":"page","link":"https:\/\/novalaw.unl.pt\/en\/postdoctoral-research-grant-project-trace\/","title":{"rendered":"Postdoctoral Research Grant | Project Trace"},"content":{"rendered":"\t\t<div data-elementor-type=\"wp-page\" data-elementor-id=\"27068\" class=\"elementor elementor-27068\" data-elementor-settings=\"[]\">\n\t\t\t\t\t\t\t<div class=\"elementor-section-wrap\">\n\t\t\t\t\t\t\t<section class=\"elementor-section elementor-top-section elementor-element elementor-element-92cf6b9 elementor-section-height-min-height elementor-section-boxed elementor-section-height-default elementor-section-items-middle\" data-id=\"92cf6b9\" data-element_type=\"section\" data-settings=\"{&quot;background_background&quot;:&quot;classic&quot;}\">\n\t\t\t\t\t\t<div class=\"elementor-container elementor-column-gap-default\">\n\t\t\t\t\t<div class=\"elementor-column elementor-col-100 elementor-top-column elementor-element elementor-element-176f1be\" data-id=\"176f1be\" data-element_type=\"column\">\n\t\t\t<div class=\"elementor-widget-wrap\">\n\t\t\t\t\t\t\t\t\t<\/div>\n\t\t<\/div>\n\t\t\t\t\t\t\t<\/div>\n\t\t<\/section>\n\t\t\t\t<section class=\"elementor-section elementor-top-section elementor-element elementor-element-7b54723 elementor-section-boxed elementor-section-height-default elementor-section-height-default\" data-id=\"7b54723\" data-element_type=\"section\">\n\t\t\t\t\t\t<div class=\"elementor-container elementor-column-gap-default\">\n\t\t\t\t\t<div class=\"elementor-column elementor-col-100 elementor-top-column elementor-element elementor-element-c0ece39\" data-id=\"c0ece39\" data-element_type=\"column\">\n\t\t\t<div class=\"elementor-widget-wrap elementor-element-populated\">\n\t\t\t\t\t\t\t\t<div class=\"elementor-element elementor-element-fdedef8 elementor-widget elementor-widget-heading\" data-id=\"fdedef8\" data-element_type=\"widget\" data-widget_type=\"heading.default\">\n\t\t\t\t<div class=\"elementor-widget-container\">\n\t\t\t<h1 class=\"elementor-heading-title elementor-size-default\">Postdoctoral Research Grant<\/h1>\t\t<\/div>\n\t\t\t\t<\/div>\n\t\t\t\t<div class=\"elementor-element elementor-element-45ef2a6 elementor-widget elementor-widget-image\" data-id=\"45ef2a6\" data-element_type=\"widget\" data-widget_type=\"image.default\">\n\t\t\t\t<div class=\"elementor-widget-container\">\n\t\t\t\t\t\t\t\t\t\t\t\t\t\t\t<img loading=\"lazy\" decoding=\"async\" width=\"300\" height=\"46\" src=\"https:\/\/novalaw.unl.pt\/wp-content\/uploads\/2022\/04\/TRACE_Logo-300x46.jpg\" class=\"attachment-medium size-medium\" alt=\"\" srcset=\"https:\/\/novalaw.unl.pt\/wp-content\/uploads\/2022\/04\/TRACE_Logo-300x46.jpg 300w, https:\/\/novalaw.unl.pt\/wp-content\/uploads\/2022\/04\/TRACE_Logo-1024x156.jpg 1024w, https:\/\/novalaw.unl.pt\/wp-content\/uploads\/2022\/04\/TRACE_Logo-768x117.jpg 768w, https:\/\/novalaw.unl.pt\/wp-content\/uploads\/2022\/04\/TRACE_Logo.jpg 1139w\" sizes=\"auto, (max-width: 300px) 100vw, 300px\" \/>\t\t\t\t\t\t\t\t\t\t\t\t\t\t\t<\/div>\n\t\t\t\t<\/div>\n\t\t\t\t<div class=\"elementor-element elementor-element-d809855 elementor-widget elementor-widget-heading\" data-id=\"d809855\" data-element_type=\"widget\" data-widget_type=\"heading.default\">\n\t\t\t\t<div class=\"elementor-widget-container\">\n\t\t\t<h2 class=\"elementor-heading-title elementor-size-default\">Call for applications<\/h2>\t\t<\/div>\n\t\t\t\t<\/div>\n\t\t\t\t<div class=\"elementor-element elementor-element-9fd9733 elementor-widget elementor-widget-heading\" data-id=\"9fd9733\" data-element_type=\"widget\" data-widget_type=\"heading.default\">\n\t\t\t\t<div class=\"elementor-widget-container\">\n\t\t\t<h2 class=\"elementor-heading-title elementor-size-default\">FROM 18th TO 29th APRIL<\/h2>\t\t<\/div>\n\t\t\t\t<\/div>\n\t\t\t\t<div class=\"elementor-element elementor-element-5b49227 elementor-widget elementor-widget-text-editor\" data-id=\"5b49227\" data-element_type=\"widget\" data-widget_type=\"text-editor.default\">\n\t\t\t\t<div class=\"elementor-widget-container\">\n\t\t\t\t\t\t\t<p>In accordance with Article 7 of the Research Grants Regulations of the Funda\u00e7\u00e3o para a Ci\u00eancia e Tecnologia (FCT) and in the context of the activities of the project\u00a0<strong>Tracking illicit money flows_101022004_TRACE<\/strong>, \u00a0a call for applications is hereby launched for awarding one (1) <strong>Postdoctoral\u00a0<\/strong><strong>Research Grant<\/strong> (Bolsas de Investiga\u00e7\u00e3o P\u00f3s-doutoral \u2013 BIPD) to collaborate in the aforementioned research project, hosted by CEDIS, Centre for R&amp;D on Law and Society (UI0714), of the NOVA University of Lisbon \u2013 NOVA School of Law, coordinated by Coventry University (UK) and Professor Umut Turksen at consortium level and Professor Athina Sachoulidou at the level of NOVA School of Law.<\/p>\t\t\t\t\t\t<\/div>\n\t\t\t\t<\/div>\n\t\t\t\t<div class=\"elementor-element elementor-element-1f8c5f4 elementor-widget elementor-widget-text-editor\" data-id=\"1f8c5f4\" data-element_type=\"widget\" data-widget_type=\"text-editor.default\">\n\t\t\t\t<div class=\"elementor-widget-container\">\n\t\t\t\t\t\t\t<h3><strong>Duration<\/strong><\/h3><p>The BI has a duration of <strong>six (6) months<\/strong>, with a possibility of renewal up to a <strong>maximum of twenty-four (24) months<\/strong>, namely until the end of the project.<\/p>\t\t\t\t\t\t<\/div>\n\t\t\t\t<\/div>\n\t\t\t\t<div class=\"elementor-element elementor-element-7da61a7 elementor-widget elementor-widget-text-editor\" data-id=\"7da61a7\" data-element_type=\"widget\" data-widget_type=\"text-editor.default\">\n\t\t\t\t<div class=\"elementor-widget-container\">\n\t\t\t\t\t\t\t<h3><strong>Deadline for submission of applications:<\/strong><\/h3><p style=\"font-style: inherit; font-weight: inherit;\">\u00a0Applications may be submitted from\u00a0<strong>April 18th and the deadline for submission ends on April 29th<\/strong>.<\/p>\t\t\t\t\t\t<\/div>\n\t\t\t\t<\/div>\n\t\t\t\t<div class=\"elementor-element elementor-element-919cb21 elementor-widget elementor-widget-heading\" data-id=\"919cb21\" data-element_type=\"widget\" data-widget_type=\"heading.default\">\n\t\t\t\t<div class=\"elementor-widget-container\">\n\t\t\t<h2 class=\"elementor-heading-title elementor-size-default\">Applications<\/h2>\t\t<\/div>\n\t\t\t\t<\/div>\n\t\t\t\t<div class=\"elementor-element elementor-element-396ad90 elementor-widget elementor-widget-text-editor\" data-id=\"396ad90\" data-element_type=\"widget\" data-widget_type=\"text-editor.default\">\n\t\t\t\t<div class=\"elementor-widget-container\">\n\t\t\t\t\t\t\t<p>For more information and applications, please consult:<\/p><h5><a href=\"https:\/\/cedis.novalaw.unl.pt\/bolsa-de-investigacao-pos-doutoral-n-o-1-2022\/?lang=en\">Postdoctoral research grant n.\u00ba 1\/2022<\/a><\/h5>\t\t\t\t\t\t<\/div>\n\t\t\t\t<\/div>\n\t\t\t\t<div class=\"elementor-element elementor-element-b41f778 elementor-widget elementor-widget-text-editor\" data-id=\"b41f778\" data-element_type=\"widget\" data-widget_type=\"text-editor.default\">\n\t\t\t\t<div class=\"elementor-widget-container\">\n\t\t\t\t\t\t\t<table><tbody><tr><td><img loading=\"lazy\" decoding=\"async\" class=\"alignnone size-full wp-image-15278\" src=\"https:\/\/novalaw.unl.pt\/wp-content\/uploads\/2021\/11\/bandeira-300x200-1.jpg\" alt=\"\" width=\"300\" height=\"200\" \/><\/td><td>This project has received funding from the European Union\u2019s Horizon 2020 research and innovation programme under grant agreement No. 101022004.<\/td><\/tr><\/tbody><\/table>\t\t\t\t\t\t<\/div>\n\t\t\t\t<\/div>\n\t\t\t\t\t<\/div>\n\t\t<\/div>\n\t\t\t\t\t\t\t<\/div>\n\t\t<\/section>\n\t\t\t\t<section class=\"elementor-section elementor-top-section elementor-element elementor-element-d84115a elementor-section-boxed elementor-section-height-default elementor-section-height-default\" data-id=\"d84115a\" data-element_type=\"section\">\n\t\t\t\t\t\t<div class=\"elementor-container elementor-column-gap-default\">\n\t\t\t\t\t<div class=\"elementor-column elementor-col-100 elementor-top-column elementor-element elementor-element-9acdbbc\" data-id=\"9acdbbc\" data-element_type=\"column\">\n\t\t\t<div class=\"elementor-widget-wrap elementor-element-populated\">\n\t\t\t\t\t\t\t\t<div class=\"elementor-element elementor-element-c60e990 elementor-widget elementor-widget-ekit_wb_10548\" data-id=\"c60e990\" data-element_type=\"widget\" data-widget_type=\"ekit_wb_10548.default\">\n\t\t\t\t<div class=\"elementor-widget-container\">\n\t\t\t<script type='text\/javascript' src='https:\/\/platform-api.sharethis.com\/js\/sharethis.js#property=64ae9869f57abe0019c4e32e&product=sticky-share-buttons' async='async'><\/script>\n\t\t\t\t<\/div>\n\t\t\t\t<\/div>\n\t\t\t\t\t<\/div>\n\t\t<\/div>\n\t\t\t\t\t\t\t<\/div>\n\t\t<\/section>\n\t\t\t\t\t\t<\/div>\n\t\t\t\t\t<\/div>\n\t\t","protected":false},"excerpt":{"rendered":"<p>Postdoctoral Research Grant Call for applications FROM 18th TO 29th APRIL In accordance with Article 7 of the Research Grants Regulations of the Funda\u00e7\u00e3o para a Ci\u00eancia e Tecnologia (FCT) and in the context of the activities of the project\u00a0Tracking illicit money flows_101022004_TRACE, \u00a0a call for applications is hereby launched for awarding one (1) Postdoctoral\u00a0Research &hellip;<\/p>\n<p class=\"read-more\"> <a class=\"\" href=\"https:\/\/novalaw.unl.pt\/en\/postdoctoral-research-grant-project-trace\/\"> <span class=\"screen-reader-text\">Postdoctoral Research Grant | Project Trace<\/span> Read More &raquo;<\/a><\/p>\n","protected":false},"author":2,"featured_media":22362,"parent":0,"menu_order":10,"comment_status":"closed","ping_status":"closed","template":"","meta":{"footnotes":""},"categories":[82,76],"tags":[],"class_list":["post-27068","page","type-page","status-publish","has-post-thumbnail","hentry","category-news","category-noticias"],"yoast_head":"<!-- This site is optimized with the Yoast SEO Premium plugin v27.5 (Yoast SEO v27.5) - https:\/\/yoast.com\/product\/yoast-seo-premium-wordpress\/ -->\n<title>Postdoctoral Research Grant | Project Trace - NOVA School of Law | Faculdade de Direito da Universidade NOVA de Lisboa<\/title>\n<meta name=\"robots\" content=\"index, follow, max-snippet:-1, max-image-preview:large, max-video-preview:-1\" \/>\n<link rel=\"canonical\" href=\"https:\/\/novalaw.unl.pt\/bolsa-de-investigacao-pos-doutoral-projeto-trace\/\" \/>\n<meta property=\"og:locale\" content=\"en_US\" \/>\n<meta property=\"og:type\" content=\"article\" \/>\n<meta property=\"og:title\" content=\"Postdoctoral Research Grant | Project Trace\" \/>\n<meta property=\"og:description\" content=\"Postdoctoral Research Grant Call for applications FROM 18th TO 29th APRIL In accordance with Article 7 of the Research Grants Regulations of the Funda\u00e7\u00e3o para a Ci\u00eancia e Tecnologia (FCT) and in the context of the activities of the project\u00a0Tracking illicit money flows_101022004_TRACE, \u00a0a call for applications is hereby launched for awarding one (1) Postdoctoral\u00a0Research &hellip; Postdoctoral Research Grant | Project Trace Read More &raquo;\" \/>\n<meta property=\"og:url\" content=\"https:\/\/novalaw.unl.pt\/bolsa-de-investigacao-pos-doutoral-projeto-trace\/\" \/>\n<meta property=\"og:site_name\" content=\"NOVA School of Law | Faculdade de Direito da Universidade NOVA de Lisboa\" \/>\n<meta property=\"article:modified_time\" content=\"2022-04-29T11:12:02+00:00\" \/>\n<meta property=\"og:image\" content=\"https:\/\/novalaw.unl.pt\/wp-content\/uploads\/2022\/02\/BOLSAS_thumbnail.jpg\" \/>\n\t<meta property=\"og:image:width\" content=\"320\" \/>\n\t<meta property=\"og:image:height\" content=\"200\" \/>\n\t<meta property=\"og:image:type\" content=\"image\/jpeg\" \/>\n<meta name=\"twitter:card\" content=\"summary_large_image\" \/>\n<meta name=\"twitter:label1\" content=\"Est. reading time\" \/>\n\t<meta name=\"twitter:data1\" content=\"2 minutes\" \/>\n<script type=\"application\/ld+json\" class=\"yoast-schema-graph\">{\"@context\":\"https:\\\/\\\/schema.org\",\"@graph\":[{\"@type\":\"WebPage\",\"@id\":\"https:\\\/\\\/novalaw.unl.pt\\\/bolsa-de-investigacao-pos-doutoral-projeto-trace\\\/\",\"url\":\"https:\\\/\\\/novalaw.unl.pt\\\/bolsa-de-investigacao-pos-doutoral-projeto-trace\\\/\",\"name\":\"Postdoctoral Research Grant | Project Trace - NOVA School of Law | Faculdade de Direito da Universidade NOVA de Lisboa\",\"isPartOf\":{\"@id\":\"https:\\\/\\\/novalaw.unl.pt\\\/#website\"},\"primaryImageOfPage\":{\"@id\":\"https:\\\/\\\/novalaw.unl.pt\\\/bolsa-de-investigacao-pos-doutoral-projeto-trace\\\/#primaryimage\"},\"image\":{\"@id\":\"https:\\\/\\\/novalaw.unl.pt\\\/bolsa-de-investigacao-pos-doutoral-projeto-trace\\\/#primaryimage\"},\"thumbnailUrl\":\"https:\\\/\\\/novalaw.unl.pt\\\/wp-content\\\/uploads\\\/2022\\\/02\\\/BOLSAS_thumbnail.jpg\",\"datePublished\":\"2022-04-06T14:12:08+00:00\",\"dateModified\":\"2022-04-29T11:12:02+00:00\",\"breadcrumb\":{\"@id\":\"https:\\\/\\\/novalaw.unl.pt\\\/bolsa-de-investigacao-pos-doutoral-projeto-trace\\\/#breadcrumb\"},\"inLanguage\":\"en-US\",\"potentialAction\":[{\"@type\":\"ReadAction\",\"target\":[\"https:\\\/\\\/novalaw.unl.pt\\\/bolsa-de-investigacao-pos-doutoral-projeto-trace\\\/\"]}]},{\"@type\":\"ImageObject\",\"inLanguage\":\"en-US\",\"@id\":\"https:\\\/\\\/novalaw.unl.pt\\\/bolsa-de-investigacao-pos-doutoral-projeto-trace\\\/#primaryimage\",\"url\":\"https:\\\/\\\/novalaw.unl.pt\\\/wp-content\\\/uploads\\\/2022\\\/02\\\/BOLSAS_thumbnail.jpg\",\"contentUrl\":\"https:\\\/\\\/novalaw.unl.pt\\\/wp-content\\\/uploads\\\/2022\\\/02\\\/BOLSAS_thumbnail.jpg\",\"width\":320,\"height\":200},{\"@type\":\"BreadcrumbList\",\"@id\":\"https:\\\/\\\/novalaw.unl.pt\\\/bolsa-de-investigacao-pos-doutoral-projeto-trace\\\/#breadcrumb\",\"itemListElement\":[{\"@type\":\"ListItem\",\"position\":1,\"name\":\"Home\",\"item\":\"https:\\\/\\\/novalaw.unl.pt\\\/en\\\/\"},{\"@type\":\"ListItem\",\"position\":2,\"name\":\"Postdoctoral Research Grant | Project Trace\"}]},{\"@type\":\"WebSite\",\"@id\":\"https:\\\/\\\/novalaw.unl.pt\\\/#website\",\"url\":\"https:\\\/\\\/novalaw.unl.pt\\\/\",\"name\":\"NOVA School of Law | Faculdade de Direito da Universidade NOVA de Lisboa\",\"description\":\"NOVA School Of Law\",\"publisher\":{\"@id\":\"https:\\\/\\\/novalaw.unl.pt\\\/#organization\"},\"potentialAction\":[{\"@type\":\"SearchAction\",\"target\":{\"@type\":\"EntryPoint\",\"urlTemplate\":\"https:\\\/\\\/novalaw.unl.pt\\\/?s={search_term_string}\"},\"query-input\":{\"@type\":\"PropertyValueSpecification\",\"valueRequired\":true,\"valueName\":\"search_term_string\"}}],\"inLanguage\":\"en-US\"},{\"@type\":\"Organization\",\"@id\":\"https:\\\/\\\/novalaw.unl.pt\\\/#organization\",\"name\":\"NOVA School of Law\",\"url\":\"https:\\\/\\\/novalaw.unl.pt\\\/\",\"logo\":{\"@type\":\"ImageObject\",\"inLanguage\":\"en-US\",\"@id\":\"https:\\\/\\\/novalaw.unl.pt\\\/#\\\/schema\\\/logo\\\/image\\\/\",\"url\":\"https:\\\/\\\/novalaw.unl.pt\\\/wp-content\\\/uploads\\\/2021\\\/02\\\/logo-novalaw.svg\",\"contentUrl\":\"https:\\\/\\\/novalaw.unl.pt\\\/wp-content\\\/uploads\\\/2021\\\/02\\\/logo-novalaw.svg\",\"width\":991,\"height\":424,\"caption\":\"NOVA School of Law\"},\"image\":{\"@id\":\"https:\\\/\\\/novalaw.unl.pt\\\/#\\\/schema\\\/logo\\\/image\\\/\"}}]}<\/script>\n<!-- \/ Yoast SEO Premium plugin. -->","yoast_head_json":{"title":"Postdoctoral Research Grant | Project Trace - NOVA School of Law | Faculdade de Direito da Universidade NOVA de Lisboa","robots":{"index":"index","follow":"follow","max-snippet":"max-snippet:-1","max-image-preview":"max-image-preview:large","max-video-preview":"max-video-preview:-1"},"canonical":"https:\/\/novalaw.unl.pt\/bolsa-de-investigacao-pos-doutoral-projeto-trace\/","og_locale":"en_US","og_type":"article","og_title":"Postdoctoral Research Grant | Project Trace","og_description":"Postdoctoral Research Grant Call for applications FROM 18th TO 29th APRIL In accordance with Article 7 of the Research Grants Regulations of the Funda\u00e7\u00e3o para a Ci\u00eancia e Tecnologia (FCT) and in the context of the activities of the project\u00a0Tracking illicit money flows_101022004_TRACE, \u00a0a call for applications is hereby launched for awarding one (1) Postdoctoral\u00a0Research &hellip; Postdoctoral Research Grant | Project Trace Read More &raquo;","og_url":"https:\/\/novalaw.unl.pt\/bolsa-de-investigacao-pos-doutoral-projeto-trace\/","og_site_name":"NOVA School of Law | Faculdade de Direito da Universidade NOVA de Lisboa","article_modified_time":"2022-04-29T11:12:02+00:00","og_image":[{"width":320,"height":200,"url":"https:\/\/novalaw.unl.pt\/wp-content\/uploads\/2022\/02\/BOLSAS_thumbnail.jpg","type":"image\/jpeg"}],"twitter_card":"summary_large_image","twitter_misc":{"Est. reading time":"2 minutes"},"schema":{"@context":"https:\/\/schema.org","@graph":[{"@type":"WebPage","@id":"https:\/\/novalaw.unl.pt\/bolsa-de-investigacao-pos-doutoral-projeto-trace\/","url":"https:\/\/novalaw.unl.pt\/bolsa-de-investigacao-pos-doutoral-projeto-trace\/","name":"Postdoctoral Research Grant | Project Trace - NOVA School of Law | Faculdade de Direito da Universidade NOVA de Lisboa","isPartOf":{"@id":"https:\/\/novalaw.unl.pt\/#website"},"primaryImageOfPage":{"@id":"https:\/\/novalaw.unl.pt\/bolsa-de-investigacao-pos-doutoral-projeto-trace\/#primaryimage"},"image":{"@id":"https:\/\/novalaw.unl.pt\/bolsa-de-investigacao-pos-doutoral-projeto-trace\/#primaryimage"},"thumbnailUrl":"https:\/\/novalaw.unl.pt\/wp-content\/uploads\/2022\/02\/BOLSAS_thumbnail.jpg","datePublished":"2022-04-06T14:12:08+00:00","dateModified":"2022-04-29T11:12:02+00:00","breadcrumb":{"@id":"https:\/\/novalaw.unl.pt\/bolsa-de-investigacao-pos-doutoral-projeto-trace\/#breadcrumb"},"inLanguage":"en-US","potentialAction":[{"@type":"ReadAction","target":["https:\/\/novalaw.unl.pt\/bolsa-de-investigacao-pos-doutoral-projeto-trace\/"]}]},{"@type":"ImageObject","inLanguage":"en-US","@id":"https:\/\/novalaw.unl.pt\/bolsa-de-investigacao-pos-doutoral-projeto-trace\/#primaryimage","url":"https:\/\/novalaw.unl.pt\/wp-content\/uploads\/2022\/02\/BOLSAS_thumbnail.jpg","contentUrl":"https:\/\/novalaw.unl.pt\/wp-content\/uploads\/2022\/02\/BOLSAS_thumbnail.jpg","width":320,"height":200},{"@type":"BreadcrumbList","@id":"https:\/\/novalaw.unl.pt\/bolsa-de-investigacao-pos-doutoral-projeto-trace\/#breadcrumb","itemListElement":[{"@type":"ListItem","position":1,"name":"Home","item":"https:\/\/novalaw.unl.pt\/en\/"},{"@type":"ListItem","position":2,"name":"Postdoctoral Research Grant | Project Trace"}]},{"@type":"WebSite","@id":"https:\/\/novalaw.unl.pt\/#website","url":"https:\/\/novalaw.unl.pt\/","name":"NOVA School of Law | Faculdade de Direito da Universidade NOVA de Lisboa","description":"NOVA School Of Law","publisher":{"@id":"https:\/\/novalaw.unl.pt\/#organization"},"potentialAction":[{"@type":"SearchAction","target":{"@type":"EntryPoint","urlTemplate":"https:\/\/novalaw.unl.pt\/?s={search_term_string}"},"query-input":{"@type":"PropertyValueSpecification","valueRequired":true,"valueName":"search_term_string"}}],"inLanguage":"en-US"},{"@type":"Organization","@id":"https:\/\/novalaw.unl.pt\/#organization","name":"NOVA School of Law","url":"https:\/\/novalaw.unl.pt\/","logo":{"@type":"ImageObject","inLanguage":"en-US","@id":"https:\/\/novalaw.unl.pt\/#\/schema\/logo\/image\/","url":"https:\/\/novalaw.unl.pt\/wp-content\/uploads\/2021\/02\/logo-novalaw.svg","contentUrl":"https:\/\/novalaw.unl.pt\/wp-content\/uploads\/2021\/02\/logo-novalaw.svg","width":991,"height":424,"caption":"NOVA School of Law"},"image":{"@id":"https:\/\/novalaw.unl.pt\/#\/schema\/logo\/image\/"}}]}},"novalaw_begin_date":"","novalaw_begin_date_en":"","novalaw_text":"","novalaw_tag":"","novalaw_tag_en":"","novalaw_link":"","novalaw_link_en":"","novalaw_end_date":"","novalaw_end_date_en":"","novalaw_date":"","novalaw_em_destaque":"","novalaw_tag_src":"","lang":"","_links":{"self":[{"href":"https:\/\/novalaw.unl.pt\/en\/wp-json\/wp\/v2\/pages\/27068","targetHints":{"allow":["GET"]}}],"collection":[{"href":"https:\/\/novalaw.unl.pt\/en\/wp-json\/wp\/v2\/pages"}],"about":[{"href":"https:\/\/novalaw.unl.pt\/en\/wp-json\/wp\/v2\/types\/page"}],"author":[{"embeddable":true,"href":"https:\/\/novalaw.unl.pt\/en\/wp-json\/wp\/v2\/users\/2"}],"replies":[{"embeddable":true,"href":"https:\/\/novalaw.unl.pt\/en\/wp-json\/wp\/v2\/comments?post=27068"}],"version-history":[{"count":19,"href":"https:\/\/novalaw.unl.pt\/en\/wp-json\/wp\/v2\/pages\/27068\/revisions"}],"predecessor-version":[{"id":27166,"href":"https:\/\/novalaw.unl.pt\/en\/wp-json\/wp\/v2\/pages\/27068\/revisions\/27166"}],"wp:featuredmedia":[{"embeddable":true,"href":"https:\/\/novalaw.unl.pt\/en\/wp-json\/wp\/v2\/media\/22362"}],"wp:attachment":[{"href":"https:\/\/novalaw.unl.pt\/en\/wp-json\/wp\/v2\/media?parent=27068"}],"wp:term":[{"taxonomy":"category","embeddable":true,"href":"https:\/\/novalaw.unl.pt\/en\/wp-json\/wp\/v2\/categories?post=27068"},{"taxonomy":"post_tag","embeddable":true,"href":"https:\/\/novalaw.unl.pt\/en\/wp-json\/wp\/v2\/tags?post=27068"}],"curies":[{"name":"wp","href":"https:\/\/api.w.org\/{rel}","templated":true}]}}