{"id":29838,"date":"2022-06-14T14:53:15","date_gmt":"2022-06-14T14:53:15","guid":{"rendered":"https:\/\/novalaw.unl.pt\/?page_id=29838"},"modified":"2022-06-20T09:29:50","modified_gmt":"2022-06-20T09:29:50","slug":"note-of-condolence-joao-frausto-da-silva-1933-2022","status":"publish","type":"page","link":"https:\/\/novalaw.unl.pt\/en\/note-of-condolence-joao-frausto-da-silva-1933-2022\/","title":{"rendered":"NOVA University Lisbon mourns the death of its Founding Rector Jo\u00e3o Fra\u00fasto Da Silva"},"content":{"rendered":"\t\t<div data-elementor-type=\"wp-page\" data-elementor-id=\"29838\" class=\"elementor elementor-29838\" data-elementor-settings=\"[]\">\n\t\t\t\t\t\t\t<div class=\"elementor-section-wrap\">\n\t\t\t\t\t\t\t<section class=\"elementor-section elementor-top-section elementor-element elementor-element-6166376d elementor-section-height-min-height elementor-section-boxed elementor-section-height-default elementor-section-items-middle\" data-id=\"6166376d\" data-element_type=\"section\" data-settings=\"{&quot;background_background&quot;:&quot;classic&quot;}\">\n\t\t\t\t\t\t<div class=\"elementor-container elementor-column-gap-default\">\n\t\t\t\t\t<div class=\"elementor-column elementor-col-100 elementor-top-column elementor-element elementor-element-bfec8e3\" data-id=\"bfec8e3\" data-element_type=\"column\">\n\t\t\t<div class=\"elementor-widget-wrap\">\n\t\t\t\t\t\t\t\t\t<\/div>\n\t\t<\/div>\n\t\t\t\t\t\t\t<\/div>\n\t\t<\/section>\n\t\t\t\t<section class=\"elementor-section elementor-top-section elementor-element elementor-element-794a9618 elementor-section-boxed elementor-section-height-default elementor-section-height-default\" data-id=\"794a9618\" data-element_type=\"section\">\n\t\t\t\t\t\t<div class=\"elementor-container elementor-column-gap-default\">\n\t\t\t\t\t<div class=\"elementor-column elementor-col-100 elementor-top-column elementor-element elementor-element-d8da63c\" data-id=\"d8da63c\" data-element_type=\"column\">\n\t\t\t<div class=\"elementor-widget-wrap elementor-element-populated\">\n\t\t\t\t\t\t\t\t<div class=\"elementor-element elementor-element-6429423a elementor-widget elementor-widget-heading\" data-id=\"6429423a\" data-element_type=\"widget\" data-widget_type=\"heading.default\">\n\t\t\t\t<div class=\"elementor-widget-container\">\n\t\t\t<h1 class=\"elementor-heading-title elementor-size-default\">NOVA University Lisbon mourns the death of its Founding Rector Jo\u00e3o Fra\u00fasto Da Silva <\/h1>\t\t<\/div>\n\t\t\t\t<\/div>\n\t\t\t\t<div class=\"elementor-element elementor-element-6cc34e20 elementor-widget elementor-widget-text-editor\" data-id=\"6cc34e20\" data-element_type=\"widget\" data-widget_type=\"text-editor.default\">\n\t\t\t\t<div class=\"elementor-widget-container\">\n\t\t\t\t\t\t\t<p>It was with great sadness and consternation that NOVA University Lisbon received, this Saturday, the news of the passing of Jo\u00e3o Fra\u00fasto da Silva, Rector and founder of NOVA.<\/p><p>&#8220;<em>The mission of NOVA is greatly\u00a0owed\u00a0to the vision of Jo\u00e3o Fra\u00fasto da Silva, who contributed decisively, since its foundation, for the University to invest in innovation and to open to society, seeking to serve it through knowledge. Jo\u00e3o Fra\u00fasto da Silva will be forever associated to the values of the institution he founded<\/em>&#8220;, says Jo\u00e3o S\u00e0\u00e1gua, Rector of NOVA.<\/p><p>First rector of Universidade NOVA de Lisboa (1973-1975), whose largest residence hall bears his name, Jo\u00e3o Fra\u00fasto da Silva was Minister of Education in the VIII Constitutional Government, President of the Instituto Nacional de Administra\u00e7\u00e3o and President of the Funda\u00e7\u00e3o das Descobertas\/Centro Cultural de Bel\u00e9m.<\/p><p>Among the various decorations received, he was awarded the Senate Medal of NOVA University Lisbon in 1999 and the title of Doctor Honoris Causa in 2001.<\/p><p>We joined with NOVA University Lisbon in sending our deepest condolences to his family and friends.<\/p>\t\t\t\t\t\t<\/div>\n\t\t\t\t<\/div>\n\t\t\t\t\t<\/div>\n\t\t<\/div>\n\t\t\t\t\t\t\t<\/div>\n\t\t<\/section>\n\t\t\t\t<section class=\"elementor-section elementor-top-section elementor-element elementor-element-2490cac elementor-section-boxed elementor-section-height-default elementor-section-height-default\" data-id=\"2490cac\" data-element_type=\"section\">\n\t\t\t\t\t\t<div class=\"elementor-container elementor-column-gap-default\">\n\t\t\t\t\t<div class=\"elementor-column elementor-col-100 elementor-top-column elementor-element elementor-element-272aece8\" data-id=\"272aece8\" data-element_type=\"column\">\n\t\t\t<div class=\"elementor-widget-wrap\">\n\t\t\t\t\t\t\t\t\t<\/div>\n\t\t<\/div>\n\t\t\t\t\t\t\t<\/div>\n\t\t<\/section>\n\t\t\t\t<section class=\"elementor-section elementor-top-section elementor-element elementor-element-7730944 elementor-section-boxed elementor-section-height-default elementor-section-height-default\" data-id=\"7730944\" data-element_type=\"section\">\n\t\t\t\t\t\t<div class=\"elementor-container elementor-column-gap-default\">\n\t\t\t\t\t<div class=\"elementor-column elementor-col-100 elementor-top-column elementor-element elementor-element-49c7cb4\" data-id=\"49c7cb4\" data-element_type=\"column\">\n\t\t\t<div class=\"elementor-widget-wrap elementor-element-populated\">\n\t\t\t\t\t\t\t\t<div class=\"elementor-element elementor-element-4dbb48e elementor-widget elementor-widget-ekit_wb_10548\" data-id=\"4dbb48e\" data-element_type=\"widget\" data-widget_type=\"ekit_wb_10548.default\">\n\t\t\t\t<div class=\"elementor-widget-container\">\n\t\t\t<script type='text\/javascript' src='https:\/\/platform-api.sharethis.com\/js\/sharethis.js#property=64ae9869f57abe0019c4e32e&product=sticky-share-buttons' async='async'><\/script>\n\t\t\t\t<\/div>\n\t\t\t\t<\/div>\n\t\t\t\t\t<\/div>\n\t\t<\/div>\n\t\t\t\t\t\t\t<\/div>\n\t\t<\/section>\n\t\t\t\t\t\t<\/div>\n\t\t\t\t\t<\/div>\n\t\t","protected":false},"excerpt":{"rendered":"<p>NOVA University Lisbon mourns the death of its Founding Rector Jo\u00e3o Fra\u00fasto Da Silva It was with great sadness and consternation that NOVA University Lisbon received, this Saturday, the news of the passing of Jo\u00e3o Fra\u00fasto da Silva, Rector and founder of NOVA. &#8220;The mission of NOVA is greatly\u00a0owed\u00a0to the vision of Jo\u00e3o Fra\u00fasto da &hellip;<\/p>\n<p class=\"read-more\"> <a class=\"\" href=\"https:\/\/novalaw.unl.pt\/en\/note-of-condolence-joao-frausto-da-silva-1933-2022\/\"> <span class=\"screen-reader-text\">NOVA University Lisbon mourns the death of its Founding Rector Jo\u00e3o Fra\u00fasto Da Silva<\/span> Read More &raquo;<\/a><\/p>\n","protected":false},"author":2,"featured_media":29825,"parent":0,"menu_order":0,"comment_status":"closed","ping_status":"closed","template":"","meta":{"footnotes":""},"categories":[82],"tags":[],"class_list":["post-29838","page","type-page","status-publish","has-post-thumbnail","hentry","category-news"],"yoast_head":"<!-- This site is optimized with the Yoast SEO Premium plugin v27.5 (Yoast SEO v27.5) - https:\/\/yoast.com\/product\/yoast-seo-premium-wordpress\/ -->\n<title>NOVA University Lisbon mourns the death of its Founding Rector Jo\u00e3o Fra\u00fasto Da Silva - NOVA School of Law | Faculdade de Direito da Universidade NOVA de Lisboa<\/title>\n<meta name=\"robots\" content=\"index, follow, max-snippet:-1, max-image-preview:large, max-video-preview:-1\" \/>\n<link rel=\"canonical\" href=\"https:\/\/novalaw.unl.pt\/en\/note-of-condolence-joao-frausto-da-silva-1933-2022\/\" \/>\n<meta property=\"og:locale\" content=\"en_US\" \/>\n<meta property=\"og:type\" content=\"article\" \/>\n<meta property=\"og:title\" content=\"NOVA University Lisbon mourns the death of its Founding Rector Jo\u00e3o Fra\u00fasto Da Silva\" \/>\n<meta property=\"og:description\" content=\"NOVA University Lisbon mourns the death of its Founding Rector Jo\u00e3o Fra\u00fasto Da Silva It was with great sadness and consternation that NOVA University Lisbon received, this Saturday, the news of the passing of Jo\u00e3o Fra\u00fasto da Silva, Rector and founder of NOVA. &#8220;The mission of NOVA is greatly\u00a0owed\u00a0to the vision of Jo\u00e3o Fra\u00fasto da &hellip; NOVA University Lisbon mourns the death of its Founding Rector Jo\u00e3o Fra\u00fasto Da Silva Read More &raquo;\" \/>\n<meta property=\"og:url\" content=\"https:\/\/novalaw.unl.pt\/en\/note-of-condolence-joao-frausto-da-silva-1933-2022\/\" \/>\n<meta property=\"og:site_name\" content=\"NOVA School of Law | Faculdade de Direito da Universidade NOVA de Lisboa\" \/>\n<meta property=\"article:modified_time\" content=\"2022-06-20T09:29:50+00:00\" \/>\n<meta property=\"og:image\" content=\"https:\/\/novalaw.unl.pt\/wp-content\/uploads\/2022\/06\/Joao_Frasuto_Silva_NotaPesar_Mobiel_360x250.jpg\" \/>\n\t<meta property=\"og:image:width\" content=\"360\" \/>\n\t<meta property=\"og:image:height\" content=\"250\" \/>\n\t<meta property=\"og:image:type\" content=\"image\/jpeg\" \/>\n<meta name=\"twitter:card\" content=\"summary_large_image\" \/>\n<meta name=\"twitter:label1\" content=\"Est. reading time\" \/>\n\t<meta name=\"twitter:data1\" content=\"1 minute\" \/>\n<script type=\"application\/ld+json\" class=\"yoast-schema-graph\">{\"@context\":\"https:\\\/\\\/schema.org\",\"@graph\":[{\"@type\":\"WebPage\",\"@id\":\"https:\\\/\\\/novalaw.unl.pt\\\/en\\\/note-of-condolence-joao-frausto-da-silva-1933-2022\\\/\",\"url\":\"https:\\\/\\\/novalaw.unl.pt\\\/en\\\/note-of-condolence-joao-frausto-da-silva-1933-2022\\\/\",\"name\":\"NOVA University Lisbon mourns the death of its Founding Rector Jo\u00e3o Fra\u00fasto Da Silva - NOVA School of Law | Faculdade de Direito da Universidade NOVA de Lisboa\",\"isPartOf\":{\"@id\":\"https:\\\/\\\/novalaw.unl.pt\\\/#website\"},\"primaryImageOfPage\":{\"@id\":\"https:\\\/\\\/novalaw.unl.pt\\\/en\\\/note-of-condolence-joao-frausto-da-silva-1933-2022\\\/#primaryimage\"},\"image\":{\"@id\":\"https:\\\/\\\/novalaw.unl.pt\\\/en\\\/note-of-condolence-joao-frausto-da-silva-1933-2022\\\/#primaryimage\"},\"thumbnailUrl\":\"https:\\\/\\\/novalaw.unl.pt\\\/wp-content\\\/uploads\\\/2022\\\/06\\\/Joao_Frasuto_Silva_NotaPesar_Mobiel_360x250.jpg\",\"datePublished\":\"2022-06-14T14:53:15+00:00\",\"dateModified\":\"2022-06-20T09:29:50+00:00\",\"breadcrumb\":{\"@id\":\"https:\\\/\\\/novalaw.unl.pt\\\/en\\\/note-of-condolence-joao-frausto-da-silva-1933-2022\\\/#breadcrumb\"},\"inLanguage\":\"en-US\",\"potentialAction\":[{\"@type\":\"ReadAction\",\"target\":[\"https:\\\/\\\/novalaw.unl.pt\\\/en\\\/note-of-condolence-joao-frausto-da-silva-1933-2022\\\/\"]}]},{\"@type\":\"ImageObject\",\"inLanguage\":\"en-US\",\"@id\":\"https:\\\/\\\/novalaw.unl.pt\\\/en\\\/note-of-condolence-joao-frausto-da-silva-1933-2022\\\/#primaryimage\",\"url\":\"https:\\\/\\\/novalaw.unl.pt\\\/wp-content\\\/uploads\\\/2022\\\/06\\\/Joao_Frasuto_Silva_NotaPesar_Mobiel_360x250.jpg\",\"contentUrl\":\"https:\\\/\\\/novalaw.unl.pt\\\/wp-content\\\/uploads\\\/2022\\\/06\\\/Joao_Frasuto_Silva_NotaPesar_Mobiel_360x250.jpg\",\"width\":360,\"height\":250},{\"@type\":\"BreadcrumbList\",\"@id\":\"https:\\\/\\\/novalaw.unl.pt\\\/en\\\/note-of-condolence-joao-frausto-da-silva-1933-2022\\\/#breadcrumb\",\"itemListElement\":[{\"@type\":\"ListItem\",\"position\":1,\"name\":\"Home\",\"item\":\"https:\\\/\\\/novalaw.unl.pt\\\/en\\\/\"},{\"@type\":\"ListItem\",\"position\":2,\"name\":\"NOVA University Lisbon mourns the death of its Founding Rector Jo\u00e3o Fra\u00fasto Da Silva\"}]},{\"@type\":\"WebSite\",\"@id\":\"https:\\\/\\\/novalaw.unl.pt\\\/#website\",\"url\":\"https:\\\/\\\/novalaw.unl.pt\\\/\",\"name\":\"NOVA School of Law | Faculdade de Direito da Universidade NOVA de Lisboa\",\"description\":\"NOVA School Of Law\",\"publisher\":{\"@id\":\"https:\\\/\\\/novalaw.unl.pt\\\/#organization\"},\"potentialAction\":[{\"@type\":\"SearchAction\",\"target\":{\"@type\":\"EntryPoint\",\"urlTemplate\":\"https:\\\/\\\/novalaw.unl.pt\\\/?s={search_term_string}\"},\"query-input\":{\"@type\":\"PropertyValueSpecification\",\"valueRequired\":true,\"valueName\":\"search_term_string\"}}],\"inLanguage\":\"en-US\"},{\"@type\":\"Organization\",\"@id\":\"https:\\\/\\\/novalaw.unl.pt\\\/#organization\",\"name\":\"NOVA School of Law\",\"url\":\"https:\\\/\\\/novalaw.unl.pt\\\/\",\"logo\":{\"@type\":\"ImageObject\",\"inLanguage\":\"en-US\",\"@id\":\"https:\\\/\\\/novalaw.unl.pt\\\/#\\\/schema\\\/logo\\\/image\\\/\",\"url\":\"https:\\\/\\\/novalaw.unl.pt\\\/wp-content\\\/uploads\\\/2021\\\/02\\\/logo-novalaw.svg\",\"contentUrl\":\"https:\\\/\\\/novalaw.unl.pt\\\/wp-content\\\/uploads\\\/2021\\\/02\\\/logo-novalaw.svg\",\"width\":991,\"height\":424,\"caption\":\"NOVA School of Law\"},\"image\":{\"@id\":\"https:\\\/\\\/novalaw.unl.pt\\\/#\\\/schema\\\/logo\\\/image\\\/\"}}]}<\/script>\n<!-- \/ Yoast SEO Premium plugin. -->","yoast_head_json":{"title":"NOVA University Lisbon mourns the death of its Founding Rector Jo\u00e3o Fra\u00fasto Da Silva - NOVA School of Law | Faculdade de Direito da Universidade NOVA de Lisboa","robots":{"index":"index","follow":"follow","max-snippet":"max-snippet:-1","max-image-preview":"max-image-preview:large","max-video-preview":"max-video-preview:-1"},"canonical":"https:\/\/novalaw.unl.pt\/en\/note-of-condolence-joao-frausto-da-silva-1933-2022\/","og_locale":"en_US","og_type":"article","og_title":"NOVA University Lisbon mourns the death of its Founding Rector Jo\u00e3o Fra\u00fasto Da Silva","og_description":"NOVA University Lisbon mourns the death of its Founding Rector Jo\u00e3o Fra\u00fasto Da Silva It was with great sadness and consternation that NOVA University Lisbon received, this Saturday, the news of the passing of Jo\u00e3o Fra\u00fasto da Silva, Rector and founder of NOVA. &#8220;The mission of NOVA is greatly\u00a0owed\u00a0to the vision of Jo\u00e3o Fra\u00fasto da &hellip; NOVA University Lisbon mourns the death of its Founding Rector Jo\u00e3o Fra\u00fasto Da Silva Read More &raquo;","og_url":"https:\/\/novalaw.unl.pt\/en\/note-of-condolence-joao-frausto-da-silva-1933-2022\/","og_site_name":"NOVA School of Law | Faculdade de Direito da Universidade NOVA de Lisboa","article_modified_time":"2022-06-20T09:29:50+00:00","og_image":[{"width":360,"height":250,"url":"https:\/\/novalaw.unl.pt\/wp-content\/uploads\/2022\/06\/Joao_Frasuto_Silva_NotaPesar_Mobiel_360x250.jpg","type":"image\/jpeg"}],"twitter_card":"summary_large_image","twitter_misc":{"Est. reading time":"1 minute"},"schema":{"@context":"https:\/\/schema.org","@graph":[{"@type":"WebPage","@id":"https:\/\/novalaw.unl.pt\/en\/note-of-condolence-joao-frausto-da-silva-1933-2022\/","url":"https:\/\/novalaw.unl.pt\/en\/note-of-condolence-joao-frausto-da-silva-1933-2022\/","name":"NOVA University Lisbon mourns the death of its Founding Rector Jo\u00e3o Fra\u00fasto Da Silva - NOVA School of Law | Faculdade de Direito da Universidade NOVA de Lisboa","isPartOf":{"@id":"https:\/\/novalaw.unl.pt\/#website"},"primaryImageOfPage":{"@id":"https:\/\/novalaw.unl.pt\/en\/note-of-condolence-joao-frausto-da-silva-1933-2022\/#primaryimage"},"image":{"@id":"https:\/\/novalaw.unl.pt\/en\/note-of-condolence-joao-frausto-da-silva-1933-2022\/#primaryimage"},"thumbnailUrl":"https:\/\/novalaw.unl.pt\/wp-content\/uploads\/2022\/06\/Joao_Frasuto_Silva_NotaPesar_Mobiel_360x250.jpg","datePublished":"2022-06-14T14:53:15+00:00","dateModified":"2022-06-20T09:29:50+00:00","breadcrumb":{"@id":"https:\/\/novalaw.unl.pt\/en\/note-of-condolence-joao-frausto-da-silva-1933-2022\/#breadcrumb"},"inLanguage":"en-US","potentialAction":[{"@type":"ReadAction","target":["https:\/\/novalaw.unl.pt\/en\/note-of-condolence-joao-frausto-da-silva-1933-2022\/"]}]},{"@type":"ImageObject","inLanguage":"en-US","@id":"https:\/\/novalaw.unl.pt\/en\/note-of-condolence-joao-frausto-da-silva-1933-2022\/#primaryimage","url":"https:\/\/novalaw.unl.pt\/wp-content\/uploads\/2022\/06\/Joao_Frasuto_Silva_NotaPesar_Mobiel_360x250.jpg","contentUrl":"https:\/\/novalaw.unl.pt\/wp-content\/uploads\/2022\/06\/Joao_Frasuto_Silva_NotaPesar_Mobiel_360x250.jpg","width":360,"height":250},{"@type":"BreadcrumbList","@id":"https:\/\/novalaw.unl.pt\/en\/note-of-condolence-joao-frausto-da-silva-1933-2022\/#breadcrumb","itemListElement":[{"@type":"ListItem","position":1,"name":"Home","item":"https:\/\/novalaw.unl.pt\/en\/"},{"@type":"ListItem","position":2,"name":"NOVA University Lisbon mourns the death of its Founding Rector Jo\u00e3o Fra\u00fasto Da Silva"}]},{"@type":"WebSite","@id":"https:\/\/novalaw.unl.pt\/#website","url":"https:\/\/novalaw.unl.pt\/","name":"NOVA School of Law | Faculdade de Direito da Universidade NOVA de Lisboa","description":"NOVA School Of Law","publisher":{"@id":"https:\/\/novalaw.unl.pt\/#organization"},"potentialAction":[{"@type":"SearchAction","target":{"@type":"EntryPoint","urlTemplate":"https:\/\/novalaw.unl.pt\/?s={search_term_string}"},"query-input":{"@type":"PropertyValueSpecification","valueRequired":true,"valueName":"search_term_string"}}],"inLanguage":"en-US"},{"@type":"Organization","@id":"https:\/\/novalaw.unl.pt\/#organization","name":"NOVA School of Law","url":"https:\/\/novalaw.unl.pt\/","logo":{"@type":"ImageObject","inLanguage":"en-US","@id":"https:\/\/novalaw.unl.pt\/#\/schema\/logo\/image\/","url":"https:\/\/novalaw.unl.pt\/wp-content\/uploads\/2021\/02\/logo-novalaw.svg","contentUrl":"https:\/\/novalaw.unl.pt\/wp-content\/uploads\/2021\/02\/logo-novalaw.svg","width":991,"height":424,"caption":"NOVA School of Law"},"image":{"@id":"https:\/\/novalaw.unl.pt\/#\/schema\/logo\/image\/"}}]}},"novalaw_begin_date":"","novalaw_begin_date_en":"","novalaw_text":"","novalaw_tag":"","novalaw_tag_en":"","novalaw_link":"","novalaw_link_en":"","novalaw_end_date":"","novalaw_end_date_en":"","novalaw_date":"","novalaw_em_destaque":"","novalaw_tag_src":"","lang":"","_links":{"self":[{"href":"https:\/\/novalaw.unl.pt\/en\/wp-json\/wp\/v2\/pages\/29838","targetHints":{"allow":["GET"]}}],"collection":[{"href":"https:\/\/novalaw.unl.pt\/en\/wp-json\/wp\/v2\/pages"}],"about":[{"href":"https:\/\/novalaw.unl.pt\/en\/wp-json\/wp\/v2\/types\/page"}],"author":[{"embeddable":true,"href":"https:\/\/novalaw.unl.pt\/en\/wp-json\/wp\/v2\/users\/2"}],"replies":[{"embeddable":true,"href":"https:\/\/novalaw.unl.pt\/en\/wp-json\/wp\/v2\/comments?post=29838"}],"version-history":[{"count":22,"href":"https:\/\/novalaw.unl.pt\/en\/wp-json\/wp\/v2\/pages\/29838\/revisions"}],"predecessor-version":[{"id":30251,"href":"https:\/\/novalaw.unl.pt\/en\/wp-json\/wp\/v2\/pages\/29838\/revisions\/30251"}],"wp:featuredmedia":[{"embeddable":true,"href":"https:\/\/novalaw.unl.pt\/en\/wp-json\/wp\/v2\/media\/29825"}],"wp:attachment":[{"href":"https:\/\/novalaw.unl.pt\/en\/wp-json\/wp\/v2\/media?parent=29838"}],"wp:term":[{"taxonomy":"category","embeddable":true,"href":"https:\/\/novalaw.unl.pt\/en\/wp-json\/wp\/v2\/categories?post=29838"},{"taxonomy":"post_tag","embeddable":true,"href":"https:\/\/novalaw.unl.pt\/en\/wp-json\/wp\/v2\/tags?post=29838"}],"curies":[{"name":"wp","href":"https:\/\/api.w.org\/{rel}","templated":true}]}}