{"id":39955,"date":"2022-10-26T10:50:26","date_gmt":"2022-10-26T10:50:26","guid":{"rendered":"https:\/\/novalaw.unl.pt\/?page_id=39955"},"modified":"2022-10-26T10:50:59","modified_gmt":"2022-10-26T10:50:59","slug":"teste","status":"publish","type":"page","link":"https:\/\/novalaw.unl.pt\/en\/teste\/","title":{"rendered":"Teste"},"content":{"rendered":"\t\t<div data-elementor-type=\"wp-page\" data-elementor-id=\"39955\" class=\"elementor elementor-39955\" data-elementor-settings=\"[]\">\n\t\t\t\t\t\t\t<div class=\"elementor-section-wrap\">\n\t\t\t\t\t\t\t<section class=\"elementor-section elementor-top-section elementor-element elementor-element-8561955 elementor-section-height-min-height elementor-section-boxed elementor-section-height-default elementor-section-items-middle\" data-id=\"8561955\" data-element_type=\"section\" data-settings=\"{&quot;background_background&quot;:&quot;classic&quot;}\">\n\t\t\t\t\t\t<div class=\"elementor-container elementor-column-gap-default\">\n\t\t\t\t\t<div class=\"elementor-column elementor-col-100 elementor-top-column elementor-element elementor-element-5254aaf0\" data-id=\"5254aaf0\" data-element_type=\"column\">\n\t\t\t<div class=\"elementor-widget-wrap\">\n\t\t\t\t\t\t\t\t\t<\/div>\n\t\t<\/div>\n\t\t\t\t\t\t\t<\/div>\n\t\t<\/section>\n\t\t\t\t<section class=\"elementor-section elementor-top-section elementor-element elementor-element-3ac6cde3 elementor-section-boxed elementor-section-height-default elementor-section-height-default\" data-id=\"3ac6cde3\" data-element_type=\"section\">\n\t\t\t\t\t\t<div class=\"elementor-container elementor-column-gap-default\">\n\t\t\t\t\t<div class=\"elementor-column elementor-col-100 elementor-top-column elementor-element elementor-element-40e30133\" data-id=\"40e30133\" data-element_type=\"column\">\n\t\t\t<div class=\"elementor-widget-wrap elementor-element-populated\">\n\t\t\t\t\t\t\t\t<div class=\"elementor-element elementor-element-1a24caab elementor-widget elementor-widget-ekit_wb_28926\" data-id=\"1a24caab\" data-element_type=\"widget\" data-widget_type=\"ekit_wb_28926.default\">\n\t\t\t\t<div class=\"elementor-widget-container\">\n\t\t\t<h1 class=\"normal-title preto bold-text\">Evento Anual WhatNext.Law | Inova\u00e7\u00e3o nas Cidades do Futuro<\/h1>\n\t\t\t\t<\/div>\n\t\t\t\t<\/div>\n\t\t\t\t<div class=\"elementor-element elementor-element-13a4fa95 elementor-widget elementor-widget-ekit_wb_28929\" data-id=\"13a4fa95\" data-element_type=\"widget\" data-widget_type=\"ekit_wb_28929.default\">\n\t\t\t\t<div class=\"elementor-widget-container\">\n\t\t\t<h2 class=\"normal-titleh2 vermelho bold-text\">7 de novembro | 14h30 \u2013 17h30<\/h2>\n\t\t\t\t<\/div>\n\t\t\t\t<\/div>\n\t\t\t\t<div class=\"elementor-element elementor-element-76dc2e20 elementor-widget elementor-widget-text-editor\" data-id=\"76dc2e20\" data-element_type=\"widget\" data-widget_type=\"text-editor.default\">\n\t\t\t\t<div class=\"elementor-widget-container\">\n\t\t\t\t\t\t\t<p>A NOVA School of Law e a VdA t\u00eam muito gosto em convid\u00e1-lo(a) a participar no Evento Anual WhatNext.Law | A Inova\u00e7\u00e3o nas Cidades do Futuro, que se realizar\u00e1 no Audit\u00f3rio Ant\u00f3nio de Magalh\u00e3es Cardoso sito na VdA, na Rua Dom Lu\u00eds I, 28, em Lisboa, no dia 7 de novembro, entre as 14h30 e as 17h30. Temos muita honra em contar com a presen\u00e7a do Exmo. Senhor Presidente da C\u00e2mara Municipal de Lisboa, Eng.\u00ba Carlos Moedas, que far\u00e1 o encerramento do Evento.<br \/>Num contexto de incerteza e em mudan\u00e7a acelerada, abordar-se-\u00e1 o papel da inova\u00e7\u00e3o na transforma\u00e7\u00e3o das cidades e identificar-se-\u00e3o novas tend\u00eancias ligadas \u00e0 sustentabilidade e \u00e0 tecnologia. Ant\u00f3nio C\u00e2mara, Professor Catedr\u00e1tico da Universidade Nova de Lisboa, e Lu\u00eds Neves, CEO da GeSI, far\u00e3o interven\u00e7\u00f5es que preceder\u00e3o, respetivamente, dois pain\u00e9is com a participa\u00e7\u00e3o de reconhecidos especialistas.<br \/>Para informa\u00e7\u00e3o detalhada sobre o programa clique aqui.<br \/>A inscri\u00e7\u00e3o ficar\u00e1 sujeita a confirma\u00e7\u00e3o atendendo \u00e0 capacidade limitada do Audit\u00f3rio, pelo que agradecemos inscri\u00e7\u00e3o pr\u00e9via aqui at\u00e9 ao dia 31 de outubro.<br \/>Para quaisquer quest\u00f5es ou informa\u00e7\u00f5es adicionais: info@whatnext.law<br \/>Esperamos poder contar com a sua presen\u00e7a.<br \/>NOVA School of Law<\/p>\t\t\t\t\t\t<\/div>\n\t\t\t\t<\/div>\n\t\t\t\t\t<\/div>\n\t\t<\/div>\n\t\t\t\t\t\t\t<\/div>\n\t\t<\/section>\n\t\t\t\t<section class=\"elementor-section elementor-top-section elementor-element elementor-element-1690eeab elementor-section-boxed elementor-section-height-default elementor-section-height-default\" data-id=\"1690eeab\" data-element_type=\"section\">\n\t\t\t\t\t\t<div class=\"elementor-container elementor-column-gap-default\">\n\t\t\t\t\t<div class=\"elementor-column elementor-col-100 elementor-top-column elementor-element elementor-element-7187abca\" data-id=\"7187abca\" data-element_type=\"column\">\n\t\t\t<div class=\"elementor-widget-wrap\">\n\t\t\t\t\t\t\t\t\t<\/div>\n\t\t<\/div>\n\t\t\t\t\t\t\t<\/div>\n\t\t<\/section>\n\t\t\t\t<section class=\"elementor-section elementor-top-section elementor-element elementor-element-4df3b5ae elementor-section-boxed elementor-section-height-default elementor-section-height-default\" data-id=\"4df3b5ae\" data-element_type=\"section\">\n\t\t\t\t\t\t<div class=\"elementor-container elementor-column-gap-default\">\n\t\t\t\t\t<div class=\"elementor-column elementor-col-100 elementor-top-column elementor-element elementor-element-5e625049\" data-id=\"5e625049\" data-element_type=\"column\">\n\t\t\t<div class=\"elementor-widget-wrap elementor-element-populated\">\n\t\t\t\t\t\t\t\t<div class=\"elementor-element elementor-element-48b1ca0 elementor-widget elementor-widget-ekit_wb_10548\" data-id=\"48b1ca0\" data-element_type=\"widget\" data-widget_type=\"ekit_wb_10548.default\">\n\t\t\t\t<div class=\"elementor-widget-container\">\n\t\t\t<script type='text\/javascript' src='https:\/\/platform-api.sharethis.com\/js\/sharethis.js#property=64ae9869f57abe0019c4e32e&product=sticky-share-buttons' async='async'><\/script>\n\t\t\t\t<\/div>\n\t\t\t\t<\/div>\n\t\t\t\t\t<\/div>\n\t\t<\/div>\n\t\t\t\t\t\t\t<\/div>\n\t\t<\/section>\n\t\t\t\t<section class=\"elementor-section elementor-top-section elementor-element elementor-element-13109ea elementor-section-boxed elementor-section-height-default elementor-section-height-default\" data-id=\"13109ea\" data-element_type=\"section\">\n\t\t\t\t\t\t<div class=\"elementor-container elementor-column-gap-default\">\n\t\t\t\t\t<div class=\"elementor-column elementor-col-100 elementor-top-column elementor-element elementor-element-6bcf170\" data-id=\"6bcf170\" data-element_type=\"column\">\n\t\t\t<div class=\"elementor-widget-wrap\">\n\t\t\t\t\t\t\t\t\t<\/div>\n\t\t<\/div>\n\t\t\t\t\t\t\t<\/div>\n\t\t<\/section>\n\t\t\t\t\t\t<\/div>\n\t\t\t\t\t<\/div>\n\t\t","protected":false},"excerpt":{"rendered":"<p>Evento Anual WhatNext.Law | Inova\u00e7\u00e3o nas Cidades do Futuro 7 de novembro | 14h30 \u2013 17h30 A NOVA School of Law e a VdA t\u00eam muito gosto em convid\u00e1-lo(a) a participar no Evento Anual WhatNext.Law | A Inova\u00e7\u00e3o nas Cidades do Futuro, que se realizar\u00e1 no Audit\u00f3rio Ant\u00f3nio de Magalh\u00e3es Cardoso sito na VdA, na &hellip;<\/p>\n<p class=\"read-more\"> <a class=\"\" href=\"https:\/\/novalaw.unl.pt\/en\/teste\/\"> <span class=\"screen-reader-text\">Teste<\/span> Read More &raquo;<\/a><\/p>\n","protected":false},"author":2,"featured_media":0,"parent":0,"menu_order":0,"comment_status":"closed","ping_status":"closed","template":"","meta":{"footnotes":""},"categories":[],"tags":[],"class_list":["post-39955","page","type-page","status-publish","hentry"],"yoast_head":"<!-- This site is optimized with the Yoast SEO Premium plugin v27.5 (Yoast SEO v27.5) - https:\/\/yoast.com\/product\/yoast-seo-premium-wordpress\/ -->\n<title>Teste - NOVA School of Law | Faculdade de Direito da Universidade NOVA de Lisboa<\/title>\n<meta name=\"robots\" content=\"index, follow, max-snippet:-1, max-image-preview:large, max-video-preview:-1\" \/>\n<link rel=\"canonical\" href=\"https:\/\/novalaw.unl.pt\/en\/teste\/\" \/>\n<meta property=\"og:locale\" content=\"en_US\" \/>\n<meta property=\"og:type\" content=\"article\" \/>\n<meta property=\"og:title\" content=\"Teste\" \/>\n<meta property=\"og:description\" content=\"Evento Anual WhatNext.Law | Inova\u00e7\u00e3o nas Cidades do Futuro 7 de novembro | 14h30 \u2013 17h30 A NOVA School of Law e a VdA t\u00eam muito gosto em convid\u00e1-lo(a) a participar no Evento Anual WhatNext.Law | A Inova\u00e7\u00e3o nas Cidades do Futuro, que se realizar\u00e1 no Audit\u00f3rio Ant\u00f3nio de Magalh\u00e3es Cardoso sito na VdA, na &hellip; Teste Read More &raquo;\" \/>\n<meta property=\"og:url\" content=\"https:\/\/novalaw.unl.pt\/en\/teste\/\" \/>\n<meta property=\"og:site_name\" content=\"NOVA School of Law | Faculdade de Direito da Universidade NOVA de Lisboa\" \/>\n<meta property=\"article:modified_time\" content=\"2022-10-26T10:50:59+00:00\" \/>\n<meta property=\"og:image\" content=\"https:\/\/novalaw.unl.pt\/wp-content\/uploads\/2021\/05\/logo-nsl-simple.png\" \/>\n\t<meta property=\"og:image:width\" content=\"137\" \/>\n\t<meta property=\"og:image:height\" content=\"132\" \/>\n\t<meta property=\"og:image:type\" content=\"image\/png\" \/>\n<meta name=\"twitter:card\" content=\"summary_large_image\" \/>\n<meta name=\"twitter:label1\" content=\"Est. reading time\" \/>\n\t<meta name=\"twitter:data1\" content=\"1 minute\" \/>\n<script type=\"application\/ld+json\" class=\"yoast-schema-graph\">{\"@context\":\"https:\\\/\\\/schema.org\",\"@graph\":[{\"@type\":\"WebPage\",\"@id\":\"https:\\\/\\\/novalaw.unl.pt\\\/en\\\/teste\\\/\",\"url\":\"https:\\\/\\\/novalaw.unl.pt\\\/en\\\/teste\\\/\",\"name\":\"Teste - NOVA School of Law | Faculdade de Direito da Universidade NOVA de Lisboa\",\"isPartOf\":{\"@id\":\"https:\\\/\\\/novalaw.unl.pt\\\/#website\"},\"datePublished\":\"2022-10-26T10:50:26+00:00\",\"dateModified\":\"2022-10-26T10:50:59+00:00\",\"breadcrumb\":{\"@id\":\"https:\\\/\\\/novalaw.unl.pt\\\/en\\\/teste\\\/#breadcrumb\"},\"inLanguage\":\"en-US\",\"potentialAction\":[{\"@type\":\"ReadAction\",\"target\":[\"https:\\\/\\\/novalaw.unl.pt\\\/en\\\/teste\\\/\"]}]},{\"@type\":\"BreadcrumbList\",\"@id\":\"https:\\\/\\\/novalaw.unl.pt\\\/en\\\/teste\\\/#breadcrumb\",\"itemListElement\":[{\"@type\":\"ListItem\",\"position\":1,\"name\":\"Home\",\"item\":\"https:\\\/\\\/novalaw.unl.pt\\\/en\\\/\"},{\"@type\":\"ListItem\",\"position\":2,\"name\":\"Teste\"}]},{\"@type\":\"WebSite\",\"@id\":\"https:\\\/\\\/novalaw.unl.pt\\\/#website\",\"url\":\"https:\\\/\\\/novalaw.unl.pt\\\/\",\"name\":\"NOVA School of Law | Faculdade de Direito da Universidade NOVA de Lisboa\",\"description\":\"NOVA School Of Law\",\"publisher\":{\"@id\":\"https:\\\/\\\/novalaw.unl.pt\\\/#organization\"},\"potentialAction\":[{\"@type\":\"SearchAction\",\"target\":{\"@type\":\"EntryPoint\",\"urlTemplate\":\"https:\\\/\\\/novalaw.unl.pt\\\/?s={search_term_string}\"},\"query-input\":{\"@type\":\"PropertyValueSpecification\",\"valueRequired\":true,\"valueName\":\"search_term_string\"}}],\"inLanguage\":\"en-US\"},{\"@type\":\"Organization\",\"@id\":\"https:\\\/\\\/novalaw.unl.pt\\\/#organization\",\"name\":\"NOVA School of Law\",\"url\":\"https:\\\/\\\/novalaw.unl.pt\\\/\",\"logo\":{\"@type\":\"ImageObject\",\"inLanguage\":\"en-US\",\"@id\":\"https:\\\/\\\/novalaw.unl.pt\\\/#\\\/schema\\\/logo\\\/image\\\/\",\"url\":\"https:\\\/\\\/novalaw.unl.pt\\\/wp-content\\\/uploads\\\/2021\\\/02\\\/logo-novalaw.svg\",\"contentUrl\":\"https:\\\/\\\/novalaw.unl.pt\\\/wp-content\\\/uploads\\\/2021\\\/02\\\/logo-novalaw.svg\",\"width\":991,\"height\":424,\"caption\":\"NOVA School of Law\"},\"image\":{\"@id\":\"https:\\\/\\\/novalaw.unl.pt\\\/#\\\/schema\\\/logo\\\/image\\\/\"}}]}<\/script>\n<!-- \/ Yoast SEO Premium plugin. -->","yoast_head_json":{"title":"Teste - NOVA School of Law | Faculdade de Direito da Universidade NOVA de Lisboa","robots":{"index":"index","follow":"follow","max-snippet":"max-snippet:-1","max-image-preview":"max-image-preview:large","max-video-preview":"max-video-preview:-1"},"canonical":"https:\/\/novalaw.unl.pt\/en\/teste\/","og_locale":"en_US","og_type":"article","og_title":"Teste","og_description":"Evento Anual WhatNext.Law | Inova\u00e7\u00e3o nas Cidades do Futuro 7 de novembro | 14h30 \u2013 17h30 A NOVA School of Law e a VdA t\u00eam muito gosto em convid\u00e1-lo(a) a participar no Evento Anual WhatNext.Law | A Inova\u00e7\u00e3o nas Cidades do Futuro, que se realizar\u00e1 no Audit\u00f3rio Ant\u00f3nio de Magalh\u00e3es Cardoso sito na VdA, na &hellip; Teste Read More &raquo;","og_url":"https:\/\/novalaw.unl.pt\/en\/teste\/","og_site_name":"NOVA School of Law | Faculdade de Direito da Universidade NOVA de Lisboa","article_modified_time":"2022-10-26T10:50:59+00:00","og_image":[{"width":137,"height":132,"url":"https:\/\/novalaw.unl.pt\/wp-content\/uploads\/2021\/05\/logo-nsl-simple.png","type":"image\/png"}],"twitter_card":"summary_large_image","twitter_misc":{"Est. reading time":"1 minute"},"schema":{"@context":"https:\/\/schema.org","@graph":[{"@type":"WebPage","@id":"https:\/\/novalaw.unl.pt\/en\/teste\/","url":"https:\/\/novalaw.unl.pt\/en\/teste\/","name":"Teste - NOVA School of Law | Faculdade de Direito da Universidade NOVA de Lisboa","isPartOf":{"@id":"https:\/\/novalaw.unl.pt\/#website"},"datePublished":"2022-10-26T10:50:26+00:00","dateModified":"2022-10-26T10:50:59+00:00","breadcrumb":{"@id":"https:\/\/novalaw.unl.pt\/en\/teste\/#breadcrumb"},"inLanguage":"en-US","potentialAction":[{"@type":"ReadAction","target":["https:\/\/novalaw.unl.pt\/en\/teste\/"]}]},{"@type":"BreadcrumbList","@id":"https:\/\/novalaw.unl.pt\/en\/teste\/#breadcrumb","itemListElement":[{"@type":"ListItem","position":1,"name":"Home","item":"https:\/\/novalaw.unl.pt\/en\/"},{"@type":"ListItem","position":2,"name":"Teste"}]},{"@type":"WebSite","@id":"https:\/\/novalaw.unl.pt\/#website","url":"https:\/\/novalaw.unl.pt\/","name":"NOVA School of Law | Faculdade de Direito da Universidade NOVA de Lisboa","description":"NOVA School Of Law","publisher":{"@id":"https:\/\/novalaw.unl.pt\/#organization"},"potentialAction":[{"@type":"SearchAction","target":{"@type":"EntryPoint","urlTemplate":"https:\/\/novalaw.unl.pt\/?s={search_term_string}"},"query-input":{"@type":"PropertyValueSpecification","valueRequired":true,"valueName":"search_term_string"}}],"inLanguage":"en-US"},{"@type":"Organization","@id":"https:\/\/novalaw.unl.pt\/#organization","name":"NOVA School of Law","url":"https:\/\/novalaw.unl.pt\/","logo":{"@type":"ImageObject","inLanguage":"en-US","@id":"https:\/\/novalaw.unl.pt\/#\/schema\/logo\/image\/","url":"https:\/\/novalaw.unl.pt\/wp-content\/uploads\/2021\/02\/logo-novalaw.svg","contentUrl":"https:\/\/novalaw.unl.pt\/wp-content\/uploads\/2021\/02\/logo-novalaw.svg","width":991,"height":424,"caption":"NOVA School of Law"},"image":{"@id":"https:\/\/novalaw.unl.pt\/#\/schema\/logo\/image\/"}}]}},"novalaw_begin_date":"","novalaw_begin_date_en":"","novalaw_text":"","novalaw_tag":"","novalaw_tag_en":"","novalaw_link":"","novalaw_link_en":"","novalaw_end_date":"","novalaw_end_date_en":"","novalaw_date":"","novalaw_em_destaque":"","novalaw_tag_src":"","lang":"","_links":{"self":[{"href":"https:\/\/novalaw.unl.pt\/en\/wp-json\/wp\/v2\/pages\/39955","targetHints":{"allow":["GET"]}}],"collection":[{"href":"https:\/\/novalaw.unl.pt\/en\/wp-json\/wp\/v2\/pages"}],"about":[{"href":"https:\/\/novalaw.unl.pt\/en\/wp-json\/wp\/v2\/types\/page"}],"author":[{"embeddable":true,"href":"https:\/\/novalaw.unl.pt\/en\/wp-json\/wp\/v2\/users\/2"}],"replies":[{"embeddable":true,"href":"https:\/\/novalaw.unl.pt\/en\/wp-json\/wp\/v2\/comments?post=39955"}],"version-history":[{"count":4,"href":"https:\/\/novalaw.unl.pt\/en\/wp-json\/wp\/v2\/pages\/39955\/revisions"}],"predecessor-version":[{"id":39959,"href":"https:\/\/novalaw.unl.pt\/en\/wp-json\/wp\/v2\/pages\/39955\/revisions\/39959"}],"wp:attachment":[{"href":"https:\/\/novalaw.unl.pt\/en\/wp-json\/wp\/v2\/media?parent=39955"}],"wp:term":[{"taxonomy":"category","embeddable":true,"href":"https:\/\/novalaw.unl.pt\/en\/wp-json\/wp\/v2\/categories?post=39955"},{"taxonomy":"post_tag","embeddable":true,"href":"https:\/\/novalaw.unl.pt\/en\/wp-json\/wp\/v2\/tags?post=39955"}],"curies":[{"name":"wp","href":"https:\/\/api.w.org\/{rel}","templated":true}]}}