{"id":48642,"date":"2023-02-06T16:52:16","date_gmt":"2023-02-06T16:52:16","guid":{"rendered":"https:\/\/novalaw.unl.pt\/?page_id=48642"},"modified":"2023-02-06T17:11:47","modified_gmt":"2023-02-06T17:11:47","slug":"helena-rego","status":"publish","type":"page","link":"https:\/\/novalaw.unl.pt\/en\/helena-rego\/","title":{"rendered":"Helena R\u00eago"},"content":{"rendered":"\t\t<div data-elementor-type=\"wp-page\" data-elementor-id=\"48642\" class=\"elementor elementor-48642\" data-elementor-settings=\"[]\">\n\t\t\t\t\t\t\t<div class=\"elementor-section-wrap\">\n\t\t\t\t\t\t\t<section class=\"elementor-section elementor-top-section elementor-element elementor-element-4df8346d elementor-section-height-min-height elementor-section-boxed elementor-section-height-default elementor-section-items-middle\" data-id=\"4df8346d\" data-element_type=\"section\">\n\t\t\t\t\t\t<div class=\"elementor-container elementor-column-gap-default\">\n\t\t\t\t\t<div class=\"elementor-column elementor-col-100 elementor-top-column elementor-element elementor-element-687d8588\" data-id=\"687d8588\" data-element_type=\"column\">\n\t\t\t<div class=\"elementor-widget-wrap elementor-element-populated\">\n\t\t\t\t\t\t\t\t<section class=\"elementor-section elementor-inner-section elementor-element elementor-element-3ed98756 elementor-section-boxed elementor-section-height-default elementor-section-height-default\" data-id=\"3ed98756\" data-element_type=\"section\">\n\t\t\t\t\t\t<div class=\"elementor-container elementor-column-gap-default\">\n\t\t\t\t\t<div class=\"elementor-column elementor-col-50 elementor-inner-column elementor-element elementor-element-3907a44f\" data-id=\"3907a44f\" data-element_type=\"column\">\n\t\t\t<div class=\"elementor-widget-wrap elementor-element-populated\">\n\t\t\t\t\t\t\t\t<div class=\"elementor-element elementor-element-16dec1e elementor-widget elementor-widget-image\" data-id=\"16dec1e\" data-element_type=\"widget\" data-widget_type=\"image.default\">\n\t\t\t\t<div class=\"elementor-widget-container\">\n\t\t\t\t\t\t\t\t\t\t\t\t\t\t\t<img loading=\"lazy\" decoding=\"async\" width=\"202\" height=\"202\" src=\"https:\/\/novalaw.unl.pt\/wp-content\/uploads\/2023\/02\/SITE_docentes-convidadas-HELENA-REGO.jpg\" class=\"attachment-large size-large\" alt=\"Docentes convidadas HELENA REGO\" srcset=\"https:\/\/novalaw.unl.pt\/wp-content\/uploads\/2023\/02\/SITE_docentes-convidadas-HELENA-REGO.jpg 202w, https:\/\/novalaw.unl.pt\/wp-content\/uploads\/2023\/02\/SITE_docentes-convidadas-HELENA-REGO-150x150.jpg 150w\" sizes=\"auto, (max-width: 202px) 100vw, 202px\" \/>\t\t\t\t\t\t\t\t\t\t\t\t\t\t\t<\/div>\n\t\t\t\t<\/div>\n\t\t\t\t\t<\/div>\n\t\t<\/div>\n\t\t\t\t<div class=\"elementor-column elementor-col-50 elementor-inner-column elementor-element elementor-element-5847e11f\" data-id=\"5847e11f\" data-element_type=\"column\">\n\t\t\t<div class=\"elementor-widget-wrap elementor-element-populated\">\n\t\t\t\t\t\t\t\t<div class=\"elementor-element elementor-element-21a54633 elementor-widget elementor-widget-heading\" data-id=\"21a54633\" data-element_type=\"widget\" data-widget_type=\"heading.default\">\n\t\t\t\t<div class=\"elementor-widget-container\">\n\t\t\t<h1 class=\"elementor-heading-title elementor-size-default\">Helena R\u00eago <\/h1>\t\t<\/div>\n\t\t\t\t<\/div>\n\t\t\t\t<div class=\"elementor-element elementor-element-42b9060f elementor-widget elementor-widget-heading\" data-id=\"42b9060f\" data-element_type=\"widget\" data-widget_type=\"heading.default\">\n\t\t\t\t<div class=\"elementor-widget-container\">\n\t\t\t<h3 class=\"elementor-heading-title elementor-size-default\">Guest Professor<\/h3>\t\t<\/div>\n\t\t\t\t<\/div>\n\t\t\t\t<div class=\"elementor-element elementor-element-2abd2bb6 elementor-widget elementor-widget-ekit_wb_3521\" data-id=\"2abd2bb6\" data-element_type=\"widget\" data-widget_type=\"ekit_wb_3521.default\">\n\t\t\t\t<div class=\"elementor-widget-container\">\n\t\t\t<a href=\"mailto:helena.rego@novalaw.unl.pt\" style=\"vertical-align: middle;\n    display: flex;\">\n    <span><svg xmlns=\"http:\/\/www.w3.org\/2000\/svg\" width=\"32\" height=\"32\" viewBox=\"0 0 32 32\" fill=\"none\"><g clip-path=\"url(#clip0)\"><path fill-rule=\"evenodd\" clip-rule=\"evenodd\" d=\"M13.4915 0.197933C10.3659 0.694111 7.45756 2.10609 5.13445 4.25529C2.81134 6.40449 1.17778 9.19436 0.440381 12.272C-0.297019 15.3497 -0.105136 18.577 0.991764 21.5456C2.08866 24.5142 4.0413 27.0908 6.60272 28.9496C9.16413 30.8084 12.2193 31.8658 15.3817 31.9881C18.5441 32.1104 21.6718 31.2921 24.3691 29.6367C27.0664 27.9813 29.2122 25.5632 30.5351 22.6881C31.858 19.8131 32.2986 16.6103 31.8011 13.4849C31.1342 9.29534 28.8308 5.54213 25.3973 3.05051C21.9638 0.558883 17.6813 -0.467177 13.4915 0.197933ZM24.5524 9.24141L16.9002 16.8936C15.8915 17.8953 15.5089 17.8605 14.5698 16.8936C13.6306 15.9266 7.16803 9.15793 7.16803 9.15793L24.5524 9.24141ZM6.43759 10.2501L12.3854 16.2188L6.43759 22.1527V10.2501ZM7.34194 23.1405L13.2411 17.2136C13.2411 17.2136 13.8463 17.8049 14.4237 18.3197C15.6063 19.3771 16.2045 19.551 17.5472 18.3197L18.7576 17.2136L24.7263 23.1892L7.34194 23.1405ZM25.5193 22.1597L19.5228 16.191L25.5541 10.2571L25.5193 22.1597Z\" fill=\"black\"><\/path><\/g><defs><clipPath id=\"clip0\"><rect width=\"32\" height=\"32\" fill=\"white\"><\/rect><\/clipPath><\/defs><\/svg><\/span>\n    <span style=\"margin:5px\">helena.rego@novalaw.unl.pt<\/span><\/a>\n\t\t\t\t<\/div>\n\t\t\t\t<\/div>\n\t\t\t\t<div class=\"elementor-element elementor-element-60f0aaa4 elementor-absolute elementor-widget elementor-widget-text-editor\" data-id=\"60f0aaa4\" data-element_type=\"widget\" data-settings=\"{&quot;_position&quot;:&quot;absolute&quot;}\" data-widget_type=\"text-editor.default\">\n\t\t\t\t<div class=\"elementor-widget-container\">\n\t\t\t\t\t\t\t<span class=\"tab-click\" style=\"color: #dd0036; font-weight: bold;\" data-target=\"nota-biografica\">Biographical Note<\/span> | <span class=\"tab-click\" data-target=\"publicacoes\">Main Publications<\/span>\t\t\t\t\t\t<\/div>\n\t\t\t\t<\/div>\n\t\t\t\t\t<\/div>\n\t\t<\/div>\n\t\t\t\t\t\t\t<\/div>\n\t\t<\/section>\n\t\t\t\t\t<\/div>\n\t\t<\/div>\n\t\t\t\t\t\t\t<\/div>\n\t\t<\/section>\n\t\t\t\t<section class=\"elementor-section elementor-top-section elementor-element elementor-element-3b12a36 elementor-section-boxed elementor-section-height-default elementor-section-height-default\" data-id=\"3b12a36\" data-element_type=\"section\">\n\t\t\t\t\t\t<div class=\"elementor-container elementor-column-gap-default\">\n\t\t\t\t\t<div class=\"elementor-column elementor-col-100 elementor-top-column elementor-element elementor-element-68004391\" data-id=\"68004391\" data-element_type=\"column\">\n\t\t\t<div class=\"elementor-widget-wrap elementor-element-populated\">\n\t\t\t\t\t\t\t\t<div class=\"elementor-element elementor-element-59ec5c9a tabs-novalaw elementor-widget elementor-widget-text-editor\" data-id=\"59ec5c9a\" data-element_type=\"widget\" id=\"nota-biografica\" data-widget_type=\"text-editor.default\">\n\t\t\t\t<div class=\"elementor-widget-container\">\n\t\t\t\t\t\t\t<p>Helena R\u00eago is since 2020 advisor for the Secretary General for the Portuguese Republic Intelligence System (SGSIRP). Until 2020 and since 2013 she was the Director of the Human Resources and Intelligence training (SIRP). Between 1988 and 2013 she was analyst and after 1995 director of several operational departments of the Portuguese Intelligence Security Service (SIS).<br \/><br \/>She is an expert in international relations at the Portuguese Institute of Social and Political Sciences (ISCSP). She holds a PhD in International Relations, with focus on intelligence analysis and security issues (States Intelligence), a Master Degree in International Relations from the ISCSP, with focus on Russian issues (book The New Russia), and a Law Degree from the Classical University of Lisbon.<br \/><br \/>From 2013 until 2020 she lectured and coordinated the Post-graduation studies on Structured Analytic Techniques and Intelligence at Nova (IMS) University in Lisbon.<br \/><br \/>She was teaching assistant at the Classical University of Lisbon \u2013 Law School, between 1985 and 1987, and invited assistant Professor at Superior Institute of Political and Social Sciences- ISCSP, between 1992 and 2009.<br \/>She is a speaker at several conferences in Portugal and abroad, organized by different institutions, namely the ISCSP \u2013 Lisbon; Institute of National Defense (IDN); the Estoril Conferences, 2013; Gulbenkian Foundation, 2015; Portuguese Entrepreneurs Association (AEP); Customs Authority (DGAIEC \u2013 Lisbon); Institute for Law Enforcement and Security Studies (ISCPSI); Air Force High Studies Institute \u2013 Lisbon; Military High Studies Institute \u2013 Lisbon; Maritime Authority School \u2013 Lisbon; United Nations interregional crime and Justice Research Institute (UNICRI); Centre for Asymmetric Studies (CATS); Swedish University of Defence \u2013 Stockholm, Sweden; Global Futures Forum (GFF); Community of the Portuguese Speaking Countries (CPLP); Forum Brasilia (Brazil); Maputo (Mozambique) and Luanda (Angola), Juan Carlos University (Spain) among others.<br \/><br \/>As Counter Terrorism director (10 years) she participated since the creation (2001) on Counter Terrorism Group CTG (European intelligence) and was the President of the Terrorism Working Group (TWG) of the European Council during the Portuguese Presidency of the EU, in 2007. She was also jointly responsible for the security of several major events (Expo 98; Pope Visits; NATO summits).<br \/><br \/>She was SIS representative at the Anti-Terrorism Coordination Unit (UCAT), between 2003 and 2004.She gives training in all SIS and SIRP (intelligence) courses, since 1988.She has several articles published.<\/p>\t\t\t\t\t\t<\/div>\n\t\t\t\t<\/div>\n\t\t\t\t<div class=\"elementor-element elementor-element-62d63111 tabs-novalaw elementor-widget elementor-widget-text-editor\" data-id=\"62d63111\" data-element_type=\"widget\" id=\"experiencia\" data-widget_type=\"text-editor.default\">\n\t\t\t\t<div class=\"elementor-widget-container\">\n\t\t\t\t\t\t\t\t\t\t\t\t\t<\/div>\n\t\t\t\t<\/div>\n\t\t\t\t<div class=\"elementor-element elementor-element-4305501f tabs-novalaw elementor-widget elementor-widget-text-editor\" data-id=\"4305501f\" data-element_type=\"widget\" id=\"publicacoes\" data-widget_type=\"text-editor.default\">\n\t\t\t\t<div class=\"elementor-widget-container\">\n\t\t\t\t\t\t\t<p><strong>She has several articles published. Latest articles:<\/strong><\/p><ul><li>&#8220;<em>A Intelig\u00eancia dos Estados. A Perspetiva do analista de Informa\u00e7\u00f5es<\/em>&#8220;, ISCSP, dezembro 2013 (PhD thesis)<\/li><li>\u201c<em>Seguran\u00e7a e preven\u00e7\u00e3o do terrorismo, algumas notas<\/em>\u201d in Como tornar Portugal um pa\u00eds seguro? ed. Bnomics, 2013<\/li><li>\u201c<em>Globalization and challenges for intelligence analysis<\/em>\u201d in Globalization and International Security, ed. Nova Publishers, 2014<\/li><li>\u201c<em>Complexidade, intelligence e governa\u00e7\u00e3o<\/em>\u201d in Governa\u00e7\u00e3o integrada e administra\u00e7\u00e3o p\u00fablica, INA Editora, 2015<\/li><li>\u201c<em>Portugal: op\u00e7\u00f5es estrat\u00e9gicas<\/em>\u201d in Contextos de Seguran\u00e7a, OSCOT, colec\u00e7\u00e3o Di\u00e1rio de Bordo, Mar\u00e7o 2017<\/li><\/ul><p>She is author of several peer-reviewed articles dealing with different aspects of security and intelligence.<\/p><p>She has been jury of several thesis discussions and gives tutorial guidance in post-graduate works at Nova University Lisbon; Institute of National Defense; Institute for Law Enforcement and Security Studies (ISCPSI) and Air Force High Studies Institute.<\/p>\t\t\t\t\t\t<\/div>\n\t\t\t\t<\/div>\n\t\t\t\t<div class=\"elementor-element elementor-element-535d537a tabs-novalaw elementor-widget elementor-widget-text-editor\" data-id=\"535d537a\" data-element_type=\"widget\" id=\"investigacao\" data-widget_type=\"text-editor.default\">\n\t\t\t\t<div class=\"elementor-widget-container\">\n\t\t\t\t\t\t\t\t\t\t\t\t\t<\/div>\n\t\t\t\t<\/div>\n\t\t\t\t\t<\/div>\n\t\t<\/div>\n\t\t\t\t\t\t\t<\/div>\n\t\t<\/section>\n\t\t\t\t<section class=\"elementor-section elementor-top-section elementor-element elementor-element-85dfa4b elementor-section-height-min-height elementor-section-boxed elementor-section-height-default elementor-section-items-middle\" data-id=\"85dfa4b\" data-element_type=\"section\">\n\t\t\t\t\t\t<div class=\"elementor-container elementor-column-gap-default\">\n\t\t\t\t\t<div class=\"elementor-column elementor-col-100 elementor-top-column elementor-element elementor-element-df74291\" data-id=\"df74291\" data-element_type=\"column\">\n\t\t\t<div class=\"elementor-widget-wrap\">\n\t\t\t\t\t\t\t\t\t<\/div>\n\t\t<\/div>\n\t\t\t\t\t\t\t<\/div>\n\t\t<\/section>\n\t\t\t\t\t\t<\/div>\n\t\t\t\t\t<\/div>\n\t\t","protected":false},"excerpt":{"rendered":"<p>Helena R\u00eago Guest Professor helena.rego@novalaw.unl.pt Biographical Note | Main Publications Helena R\u00eago is since 2020 advisor for the Secretary General for the Portuguese Republic Intelligence System (SGSIRP). Until 2020 and since 2013 she was the Director of the Human Resources and Intelligence training (SIRP). Between 1988 and 2013 she was analyst and after 1995 director &hellip;<\/p>\n<p class=\"read-more\"> <a class=\"\" href=\"https:\/\/novalaw.unl.pt\/en\/helena-rego\/\"> <span class=\"screen-reader-text\">Helena R\u00eago<\/span> Read More &raquo;<\/a><\/p>\n","protected":false},"author":2,"featured_media":0,"parent":0,"menu_order":0,"comment_status":"closed","ping_status":"closed","template":"","meta":{"footnotes":""},"categories":[],"tags":[],"class_list":["post-48642","page","type-page","status-publish","hentry"],"yoast_head":"<!-- This site is optimized with the Yoast SEO Premium plugin v27.5 (Yoast SEO v27.5) - https:\/\/yoast.com\/product\/yoast-seo-premium-wordpress\/ -->\n<title>Helena R\u00eago - NOVA School of Law | Faculdade de Direito da Universidade NOVA de Lisboa<\/title>\n<meta name=\"robots\" content=\"index, follow, max-snippet:-1, max-image-preview:large, max-video-preview:-1\" \/>\n<link rel=\"canonical\" href=\"https:\/\/novalaw.unl.pt\/en\/helena-rego\/\" \/>\n<meta property=\"og:locale\" content=\"en_US\" \/>\n<meta property=\"og:type\" content=\"article\" \/>\n<meta property=\"og:title\" content=\"Helena R\u00eago\" \/>\n<meta property=\"og:description\" content=\"Helena R\u00eago Guest Professor helena.rego@novalaw.unl.pt Biographical Note | Main Publications Helena R\u00eago is since 2020 advisor for the Secretary General for the Portuguese Republic Intelligence System (SGSIRP). Until 2020 and since 2013 she was the Director of the Human Resources and Intelligence training (SIRP). Between 1988 and 2013 she was analyst and after 1995 director &hellip; Helena R\u00eago Read More &raquo;\" \/>\n<meta property=\"og:url\" content=\"https:\/\/novalaw.unl.pt\/en\/helena-rego\/\" \/>\n<meta property=\"og:site_name\" content=\"NOVA School of Law | Faculdade de Direito da Universidade NOVA de Lisboa\" \/>\n<meta property=\"article:modified_time\" content=\"2023-02-06T17:11:47+00:00\" \/>\n<meta property=\"og:image\" content=\"https:\/\/novalaw.unl.pt\/wp-content\/uploads\/2023\/02\/SITE_docentes-convidadas-HELENA-REGO.jpg\" \/>\n<meta name=\"twitter:card\" content=\"summary_large_image\" \/>\n<meta name=\"twitter:label1\" content=\"Est. reading time\" \/>\n\t<meta name=\"twitter:data1\" content=\"3 minutes\" \/>\n<script type=\"application\/ld+json\" class=\"yoast-schema-graph\">{\"@context\":\"https:\\\/\\\/schema.org\",\"@graph\":[{\"@type\":\"WebPage\",\"@id\":\"https:\\\/\\\/novalaw.unl.pt\\\/en\\\/helena-rego\\\/\",\"url\":\"https:\\\/\\\/novalaw.unl.pt\\\/en\\\/helena-rego\\\/\",\"name\":\"Helena R\u00eago - NOVA School of Law | Faculdade de Direito da Universidade NOVA de Lisboa\",\"isPartOf\":{\"@id\":\"https:\\\/\\\/novalaw.unl.pt\\\/#website\"},\"primaryImageOfPage\":{\"@id\":\"https:\\\/\\\/novalaw.unl.pt\\\/en\\\/helena-rego\\\/#primaryimage\"},\"image\":{\"@id\":\"https:\\\/\\\/novalaw.unl.pt\\\/en\\\/helena-rego\\\/#primaryimage\"},\"thumbnailUrl\":\"https:\\\/\\\/novalaw.unl.pt\\\/wp-content\\\/uploads\\\/2023\\\/02\\\/SITE_docentes-convidadas-HELENA-REGO.jpg\",\"datePublished\":\"2023-02-06T16:52:16+00:00\",\"dateModified\":\"2023-02-06T17:11:47+00:00\",\"breadcrumb\":{\"@id\":\"https:\\\/\\\/novalaw.unl.pt\\\/en\\\/helena-rego\\\/#breadcrumb\"},\"inLanguage\":\"en-US\",\"potentialAction\":[{\"@type\":\"ReadAction\",\"target\":[\"https:\\\/\\\/novalaw.unl.pt\\\/en\\\/helena-rego\\\/\"]}]},{\"@type\":\"ImageObject\",\"inLanguage\":\"en-US\",\"@id\":\"https:\\\/\\\/novalaw.unl.pt\\\/en\\\/helena-rego\\\/#primaryimage\",\"url\":\"https:\\\/\\\/novalaw.unl.pt\\\/wp-content\\\/uploads\\\/2023\\\/02\\\/SITE_docentes-convidadas-HELENA-REGO.jpg\",\"contentUrl\":\"https:\\\/\\\/novalaw.unl.pt\\\/wp-content\\\/uploads\\\/2023\\\/02\\\/SITE_docentes-convidadas-HELENA-REGO.jpg\"},{\"@type\":\"BreadcrumbList\",\"@id\":\"https:\\\/\\\/novalaw.unl.pt\\\/en\\\/helena-rego\\\/#breadcrumb\",\"itemListElement\":[{\"@type\":\"ListItem\",\"position\":1,\"name\":\"Home\",\"item\":\"https:\\\/\\\/novalaw.unl.pt\\\/en\\\/\"},{\"@type\":\"ListItem\",\"position\":2,\"name\":\"Helena R\u00eago\"}]},{\"@type\":\"WebSite\",\"@id\":\"https:\\\/\\\/novalaw.unl.pt\\\/#website\",\"url\":\"https:\\\/\\\/novalaw.unl.pt\\\/\",\"name\":\"NOVA School of Law | Faculdade de Direito da Universidade NOVA de Lisboa\",\"description\":\"NOVA School Of Law\",\"publisher\":{\"@id\":\"https:\\\/\\\/novalaw.unl.pt\\\/#organization\"},\"potentialAction\":[{\"@type\":\"SearchAction\",\"target\":{\"@type\":\"EntryPoint\",\"urlTemplate\":\"https:\\\/\\\/novalaw.unl.pt\\\/?s={search_term_string}\"},\"query-input\":{\"@type\":\"PropertyValueSpecification\",\"valueRequired\":true,\"valueName\":\"search_term_string\"}}],\"inLanguage\":\"en-US\"},{\"@type\":\"Organization\",\"@id\":\"https:\\\/\\\/novalaw.unl.pt\\\/#organization\",\"name\":\"NOVA School of Law\",\"url\":\"https:\\\/\\\/novalaw.unl.pt\\\/\",\"logo\":{\"@type\":\"ImageObject\",\"inLanguage\":\"en-US\",\"@id\":\"https:\\\/\\\/novalaw.unl.pt\\\/#\\\/schema\\\/logo\\\/image\\\/\",\"url\":\"https:\\\/\\\/novalaw.unl.pt\\\/wp-content\\\/uploads\\\/2021\\\/02\\\/logo-novalaw.svg\",\"contentUrl\":\"https:\\\/\\\/novalaw.unl.pt\\\/wp-content\\\/uploads\\\/2021\\\/02\\\/logo-novalaw.svg\",\"width\":991,\"height\":424,\"caption\":\"NOVA School of Law\"},\"image\":{\"@id\":\"https:\\\/\\\/novalaw.unl.pt\\\/#\\\/schema\\\/logo\\\/image\\\/\"}}]}<\/script>\n<!-- \/ Yoast SEO Premium plugin. -->","yoast_head_json":{"title":"Helena R\u00eago - NOVA School of Law | Faculdade de Direito da Universidade NOVA de Lisboa","robots":{"index":"index","follow":"follow","max-snippet":"max-snippet:-1","max-image-preview":"max-image-preview:large","max-video-preview":"max-video-preview:-1"},"canonical":"https:\/\/novalaw.unl.pt\/en\/helena-rego\/","og_locale":"en_US","og_type":"article","og_title":"Helena R\u00eago","og_description":"Helena R\u00eago Guest Professor helena.rego@novalaw.unl.pt Biographical Note | Main Publications Helena R\u00eago is since 2020 advisor for the Secretary General for the Portuguese Republic Intelligence System (SGSIRP). Until 2020 and since 2013 she was the Director of the Human Resources and Intelligence training (SIRP). Between 1988 and 2013 she was analyst and after 1995 director &hellip; Helena R\u00eago Read More &raquo;","og_url":"https:\/\/novalaw.unl.pt\/en\/helena-rego\/","og_site_name":"NOVA School of Law | Faculdade de Direito da Universidade NOVA de Lisboa","article_modified_time":"2023-02-06T17:11:47+00:00","og_image":[{"url":"https:\/\/novalaw.unl.pt\/wp-content\/uploads\/2023\/02\/SITE_docentes-convidadas-HELENA-REGO.jpg","type":"","width":"","height":""}],"twitter_card":"summary_large_image","twitter_misc":{"Est. reading time":"3 minutes"},"schema":{"@context":"https:\/\/schema.org","@graph":[{"@type":"WebPage","@id":"https:\/\/novalaw.unl.pt\/en\/helena-rego\/","url":"https:\/\/novalaw.unl.pt\/en\/helena-rego\/","name":"Helena R\u00eago - NOVA School of Law | Faculdade de Direito da Universidade NOVA de Lisboa","isPartOf":{"@id":"https:\/\/novalaw.unl.pt\/#website"},"primaryImageOfPage":{"@id":"https:\/\/novalaw.unl.pt\/en\/helena-rego\/#primaryimage"},"image":{"@id":"https:\/\/novalaw.unl.pt\/en\/helena-rego\/#primaryimage"},"thumbnailUrl":"https:\/\/novalaw.unl.pt\/wp-content\/uploads\/2023\/02\/SITE_docentes-convidadas-HELENA-REGO.jpg","datePublished":"2023-02-06T16:52:16+00:00","dateModified":"2023-02-06T17:11:47+00:00","breadcrumb":{"@id":"https:\/\/novalaw.unl.pt\/en\/helena-rego\/#breadcrumb"},"inLanguage":"en-US","potentialAction":[{"@type":"ReadAction","target":["https:\/\/novalaw.unl.pt\/en\/helena-rego\/"]}]},{"@type":"ImageObject","inLanguage":"en-US","@id":"https:\/\/novalaw.unl.pt\/en\/helena-rego\/#primaryimage","url":"https:\/\/novalaw.unl.pt\/wp-content\/uploads\/2023\/02\/SITE_docentes-convidadas-HELENA-REGO.jpg","contentUrl":"https:\/\/novalaw.unl.pt\/wp-content\/uploads\/2023\/02\/SITE_docentes-convidadas-HELENA-REGO.jpg"},{"@type":"BreadcrumbList","@id":"https:\/\/novalaw.unl.pt\/en\/helena-rego\/#breadcrumb","itemListElement":[{"@type":"ListItem","position":1,"name":"Home","item":"https:\/\/novalaw.unl.pt\/en\/"},{"@type":"ListItem","position":2,"name":"Helena R\u00eago"}]},{"@type":"WebSite","@id":"https:\/\/novalaw.unl.pt\/#website","url":"https:\/\/novalaw.unl.pt\/","name":"NOVA School of Law | Faculdade de Direito da Universidade NOVA de Lisboa","description":"NOVA School Of Law","publisher":{"@id":"https:\/\/novalaw.unl.pt\/#organization"},"potentialAction":[{"@type":"SearchAction","target":{"@type":"EntryPoint","urlTemplate":"https:\/\/novalaw.unl.pt\/?s={search_term_string}"},"query-input":{"@type":"PropertyValueSpecification","valueRequired":true,"valueName":"search_term_string"}}],"inLanguage":"en-US"},{"@type":"Organization","@id":"https:\/\/novalaw.unl.pt\/#organization","name":"NOVA School of Law","url":"https:\/\/novalaw.unl.pt\/","logo":{"@type":"ImageObject","inLanguage":"en-US","@id":"https:\/\/novalaw.unl.pt\/#\/schema\/logo\/image\/","url":"https:\/\/novalaw.unl.pt\/wp-content\/uploads\/2021\/02\/logo-novalaw.svg","contentUrl":"https:\/\/novalaw.unl.pt\/wp-content\/uploads\/2021\/02\/logo-novalaw.svg","width":991,"height":424,"caption":"NOVA School of Law"},"image":{"@id":"https:\/\/novalaw.unl.pt\/#\/schema\/logo\/image\/"}}]}},"novalaw_begin_date":"","novalaw_begin_date_en":"","novalaw_text":"","novalaw_tag":"","novalaw_tag_en":"","novalaw_link":"","novalaw_link_en":"","novalaw_end_date":"","novalaw_end_date_en":"","novalaw_date":"","novalaw_em_destaque":"","novalaw_tag_src":"","lang":"","_links":{"self":[{"href":"https:\/\/novalaw.unl.pt\/en\/wp-json\/wp\/v2\/pages\/48642","targetHints":{"allow":["GET"]}}],"collection":[{"href":"https:\/\/novalaw.unl.pt\/en\/wp-json\/wp\/v2\/pages"}],"about":[{"href":"https:\/\/novalaw.unl.pt\/en\/wp-json\/wp\/v2\/types\/page"}],"author":[{"embeddable":true,"href":"https:\/\/novalaw.unl.pt\/en\/wp-json\/wp\/v2\/users\/2"}],"replies":[{"embeddable":true,"href":"https:\/\/novalaw.unl.pt\/en\/wp-json\/wp\/v2\/comments?post=48642"}],"version-history":[{"count":10,"href":"https:\/\/novalaw.unl.pt\/en\/wp-json\/wp\/v2\/pages\/48642\/revisions"}],"predecessor-version":[{"id":48652,"href":"https:\/\/novalaw.unl.pt\/en\/wp-json\/wp\/v2\/pages\/48642\/revisions\/48652"}],"wp:attachment":[{"href":"https:\/\/novalaw.unl.pt\/en\/wp-json\/wp\/v2\/media?parent=48642"}],"wp:term":[{"taxonomy":"category","embeddable":true,"href":"https:\/\/novalaw.unl.pt\/en\/wp-json\/wp\/v2\/categories?post=48642"},{"taxonomy":"post_tag","embeddable":true,"href":"https:\/\/novalaw.unl.pt\/en\/wp-json\/wp\/v2\/tags?post=48642"}],"curies":[{"name":"wp","href":"https:\/\/api.w.org\/{rel}","templated":true}]}}