{"id":54837,"date":"2023-05-18T16:06:19","date_gmt":"2023-05-18T16:06:19","guid":{"rendered":"https:\/\/novalaw.unl.pt\/?page_id=54837"},"modified":"2023-05-25T12:10:11","modified_gmt":"2023-05-25T12:10:11","slug":"professor-nausica-palazzo-nominated-head-of-diversity-inclusion-and-non-discrimination","status":"publish","type":"page","link":"https:\/\/novalaw.unl.pt\/en\/professor-nausica-palazzo-nominated-head-of-diversity-inclusion-and-non-discrimination\/","title":{"rendered":"Professor Nausica Palazzo nominated \u00abHead of Diversity, Inclusion and Non-discrimination\u00bb"},"content":{"rendered":"\t\t<div data-elementor-type=\"wp-page\" data-elementor-id=\"54837\" class=\"elementor elementor-54837\" data-elementor-settings=\"[]\">\n\t\t\t\t\t\t\t<div class=\"elementor-section-wrap\">\n\t\t\t\t\t\t\t<section class=\"elementor-section elementor-top-section elementor-element elementor-element-1b9e893b elementor-section-height-min-height elementor-section-boxed elementor-section-height-default elementor-section-items-middle\" data-id=\"1b9e893b\" data-element_type=\"section\" data-settings=\"{&quot;background_background&quot;:&quot;classic&quot;}\">\n\t\t\t\t\t\t<div class=\"elementor-container elementor-column-gap-default\">\n\t\t\t\t\t<div class=\"elementor-column elementor-col-100 elementor-top-column elementor-element elementor-element-186f5a51\" data-id=\"186f5a51\" data-element_type=\"column\">\n\t\t\t<div class=\"elementor-widget-wrap\">\n\t\t\t\t\t\t\t\t\t<\/div>\n\t\t<\/div>\n\t\t\t\t\t\t\t<\/div>\n\t\t<\/section>\n\t\t\t\t<section class=\"elementor-section elementor-top-section elementor-element elementor-element-737dd8f6 elementor-section-boxed elementor-section-height-default elementor-section-height-default\" data-id=\"737dd8f6\" data-element_type=\"section\">\n\t\t\t\t\t\t<div class=\"elementor-container elementor-column-gap-default\">\n\t\t\t\t\t<div class=\"elementor-column elementor-col-100 elementor-top-column elementor-element elementor-element-40c3df0\" data-id=\"40c3df0\" data-element_type=\"column\">\n\t\t\t<div class=\"elementor-widget-wrap elementor-element-populated\">\n\t\t\t\t\t\t\t\t<div class=\"elementor-element elementor-element-7834c612 elementor-widget elementor-widget-ekit_wb_28926\" data-id=\"7834c612\" data-element_type=\"widget\" data-widget_type=\"ekit_wb_28926.default\">\n\t\t\t\t<div class=\"elementor-widget-container\">\n\t\t\t<h1 class=\"normal-title preto bold-text\">Professor Nausica Palazzo nominated \u00abHead of Diversity, Inclusion and Non-discrimination\u00bb<\/h1>\n\t\t\t\t<\/div>\n\t\t\t\t<\/div>\n\t\t\t\t<div class=\"elementor-element elementor-element-d1077a4 elementor-widget elementor-widget-post-info\" data-id=\"d1077a4\" data-element_type=\"widget\" data-widget_type=\"post-info.default\">\n\t\t\t\t<div class=\"elementor-widget-container\">\n\t\t\t\t\t<ul class=\"elementor-inline-items elementor-icon-list-items elementor-post-info\">\n\t\t\t\t\t\t\t\t<li class=\"elementor-icon-list-item elementor-repeater-item-bc243a4 elementor-inline-item\" itemprop=\"datePublished\">\n\t\t\t\t\t\t\t\t\t\t<span class=\"elementor-icon-list-icon\">\n\t\t\t\t\t\t\t\t<i aria-hidden=\"true\" class=\"fas fa-calendar\"><\/i>\t\t\t\t\t\t\t<\/span>\n\t\t\t\t\t\t\t\t\t<span class=\"elementor-icon-list-text elementor-post-info__item elementor-post-info__item--type-date\">\n\t\t\t\t\t\t\t\t\t\t18 May 2023\t\t\t\t\t<\/span>\n\t\t\t\t\t\t\t\t<\/li>\n\t\t\t\t<\/ul>\n\t\t\t\t<\/div>\n\t\t\t\t<\/div>\n\t\t\t\t<div class=\"elementor-element elementor-element-bab5754 elementor-widget elementor-widget-text-editor\" data-id=\"bab5754\" data-element_type=\"widget\" data-widget_type=\"text-editor.default\">\n\t\t\t\t<div class=\"elementor-widget-container\">\n\t\t\t\t\t\t\t<p>As of January 2023, Professor\u00a0<a href=\"https:\/\/novalaw.unl.pt\/en\/nausica-palazzo\/\">Nausica Palazzo<\/a>\u00a0took up the post of\u00a0<strong>Head of Diversity, Inclusion and Non-discrimination<\/strong>.<\/p><p>The appointment confirms\u00a0<strong>NOVA School of Law\u2019s commitment to fostering a space of inclusion and non-discrimination for NOVA\u2019s community of students and staff<\/strong>\u00a0and seeks to promote awareness on the topic through a variety of measures which span a more gender-balanced composition of events, with a more pronounced focus on diversity and equality issues within course curricula.<\/p><p>Furthermore, in September 2023,\u00a0<strong>NOVA School of Law will host \u201cGender and diversity talks \u2013 Conversa\u00e7\u00f5es sobre g\u00e9nero e diversidade\u201d<\/strong>, to discuss with civil society representatives and politicians <strong>the way forward on fostering a space free from discrimination in academia and society.<\/strong><\/p><p>Professor Nausica Palazzo will act as the contact person for our community to propose and discuss additional measures that foreground equality and diversity as a central concern for NOVA School of Law.<\/p>\t\t\t\t\t\t<\/div>\n\t\t\t\t<\/div>\n\t\t\t\t\t<\/div>\n\t\t<\/div>\n\t\t\t\t\t\t\t<\/div>\n\t\t<\/section>\n\t\t\t\t<section class=\"elementor-section elementor-top-section elementor-element elementor-element-42734068 elementor-section-boxed elementor-section-height-default elementor-section-height-default\" data-id=\"42734068\" data-element_type=\"section\">\n\t\t\t\t\t\t<div class=\"elementor-container elementor-column-gap-default\">\n\t\t\t\t\t<div class=\"elementor-column elementor-col-100 elementor-top-column elementor-element elementor-element-3f7a8a36\" data-id=\"3f7a8a36\" data-element_type=\"column\">\n\t\t\t<div class=\"elementor-widget-wrap\">\n\t\t\t\t\t\t\t\t\t<\/div>\n\t\t<\/div>\n\t\t\t\t\t\t\t<\/div>\n\t\t<\/section>\n\t\t\t\t<section class=\"elementor-section elementor-top-section elementor-element elementor-element-2402547b elementor-section-boxed elementor-section-height-default elementor-section-height-default\" data-id=\"2402547b\" data-element_type=\"section\">\n\t\t\t\t\t\t<div class=\"elementor-container elementor-column-gap-default\">\n\t\t\t\t\t<div class=\"elementor-column elementor-col-100 elementor-top-column elementor-element elementor-element-3bf3831\" data-id=\"3bf3831\" data-element_type=\"column\">\n\t\t\t<div class=\"elementor-widget-wrap elementor-element-populated\">\n\t\t\t\t\t\t\t\t<div class=\"elementor-element elementor-element-71fe1ed0 elementor-widget elementor-widget-ekit_wb_10548\" data-id=\"71fe1ed0\" data-element_type=\"widget\" data-widget_type=\"ekit_wb_10548.default\">\n\t\t\t\t<div class=\"elementor-widget-container\">\n\t\t\t<script type='text\/javascript' src='https:\/\/platform-api.sharethis.com\/js\/sharethis.js#property=64ae9869f57abe0019c4e32e&product=sticky-share-buttons' async='async'><\/script>\n\t\t\t\t<\/div>\n\t\t\t\t<\/div>\n\t\t\t\t\t<\/div>\n\t\t<\/div>\n\t\t\t\t\t\t\t<\/div>\n\t\t<\/section>\n\t\t\t\t\t\t<\/div>\n\t\t\t\t\t<\/div>\n\t\t","protected":false},"excerpt":{"rendered":"<p>Professor Nausica Palazzo nominated \u00abHead of Diversity, Inclusion and Non-discrimination\u00bb As of January 2023, Professor\u00a0Nausica Palazzo\u00a0took up the post of\u00a0Head of Diversity, Inclusion and Non-discrimination. The appointment confirms\u00a0NOVA School of Law\u2019s commitment to fostering a space of inclusion and non-discrimination for NOVA\u2019s community of students and staff\u00a0and seeks to promote awareness on the topic through &hellip;<\/p>\n<p class=\"read-more\"> <a class=\"\" href=\"https:\/\/novalaw.unl.pt\/en\/professor-nausica-palazzo-nominated-head-of-diversity-inclusion-and-non-discrimination\/\"> <span class=\"screen-reader-text\">Professor Nausica Palazzo nominated \u00abHead of Diversity, Inclusion and Non-discrimination\u00bb<\/span> Read More &raquo;<\/a><\/p>\n","protected":false},"author":2,"featured_media":54814,"parent":0,"menu_order":0,"comment_status":"closed","ping_status":"closed","template":"","meta":{"footnotes":""},"categories":[82],"tags":[],"class_list":["post-54837","page","type-page","status-publish","has-post-thumbnail","hentry","category-news"],"yoast_head":"<!-- This site is optimized with the Yoast SEO Premium plugin v27.4 (Yoast SEO v27.4) - https:\/\/yoast.com\/product\/yoast-seo-premium-wordpress\/ -->\n<title>Professor Nausica Palazzo nominated \u00abHead of Diversity, Inclusion and Non-discrimination\u00bb - NOVA School of Law | Faculdade de Direito da Universidade NOVA de Lisboa<\/title>\n<meta name=\"robots\" content=\"index, follow, max-snippet:-1, max-image-preview:large, max-video-preview:-1\" \/>\n<link rel=\"canonical\" href=\"https:\/\/novalaw.unl.pt\/en\/professor-nausica-palazzo-nominated-head-of-diversity-inclusion-and-non-discrimination\/\" \/>\n<meta property=\"og:locale\" content=\"en_US\" \/>\n<meta property=\"og:type\" content=\"article\" \/>\n<meta property=\"og:title\" content=\"Professor Nausica Palazzo nominated \u00abHead of Diversity, Inclusion and Non-discrimination\u00bb\" \/>\n<meta property=\"og:description\" content=\"Professor Nausica Palazzo nominated \u00abHead of Diversity, Inclusion and Non-discrimination\u00bb As of January 2023, Professor\u00a0Nausica Palazzo\u00a0took up the post of\u00a0Head of Diversity, Inclusion and Non-discrimination. The appointment confirms\u00a0NOVA School of Law\u2019s commitment to fostering a space of inclusion and non-discrimination for NOVA\u2019s community of students and staff\u00a0and seeks to promote awareness on the topic through &hellip; Professor Nausica Palazzo nominated \u00abHead of Diversity, Inclusion and Non-discrimination\u00bb Read More &raquo;\" \/>\n<meta property=\"og:url\" content=\"https:\/\/novalaw.unl.pt\/en\/professor-nausica-palazzo-nominated-head-of-diversity-inclusion-and-non-discrimination\/\" \/>\n<meta property=\"og:site_name\" content=\"NOVA School of Law | Faculdade de Direito da Universidade NOVA de Lisboa\" \/>\n<meta property=\"article:modified_time\" content=\"2023-05-25T12:10:11+00:00\" \/>\n<meta property=\"og:image\" content=\"https:\/\/novalaw.unl.pt\/wp-content\/uploads\/2023\/05\/SITE-Nausica-mobile_02.jpg\" \/>\n\t<meta property=\"og:image:width\" content=\"720\" \/>\n\t<meta property=\"og:image:height\" content=\"500\" \/>\n\t<meta property=\"og:image:type\" content=\"image\/jpeg\" \/>\n<meta name=\"twitter:card\" content=\"summary_large_image\" \/>\n<meta name=\"twitter:label1\" content=\"Est. reading time\" \/>\n\t<meta name=\"twitter:data1\" content=\"1 minute\" \/>\n<script type=\"application\/ld+json\" class=\"yoast-schema-graph\">{\"@context\":\"https:\\\/\\\/schema.org\",\"@graph\":[{\"@type\":\"WebPage\",\"@id\":\"https:\\\/\\\/novalaw.unl.pt\\\/en\\\/professor-nausica-palazzo-nominated-head-of-diversity-inclusion-and-non-discrimination\\\/\",\"url\":\"https:\\\/\\\/novalaw.unl.pt\\\/en\\\/professor-nausica-palazzo-nominated-head-of-diversity-inclusion-and-non-discrimination\\\/\",\"name\":\"Professor Nausica Palazzo nominated \u00abHead of Diversity, Inclusion and Non-discrimination\u00bb - NOVA School of Law | Faculdade de Direito da Universidade NOVA de Lisboa\",\"isPartOf\":{\"@id\":\"https:\\\/\\\/novalaw.unl.pt\\\/#website\"},\"primaryImageOfPage\":{\"@id\":\"https:\\\/\\\/novalaw.unl.pt\\\/en\\\/professor-nausica-palazzo-nominated-head-of-diversity-inclusion-and-non-discrimination\\\/#primaryimage\"},\"image\":{\"@id\":\"https:\\\/\\\/novalaw.unl.pt\\\/en\\\/professor-nausica-palazzo-nominated-head-of-diversity-inclusion-and-non-discrimination\\\/#primaryimage\"},\"thumbnailUrl\":\"https:\\\/\\\/novalaw.unl.pt\\\/wp-content\\\/uploads\\\/2023\\\/05\\\/SITE-Nausica-mobile_02.jpg\",\"datePublished\":\"2023-05-18T16:06:19+00:00\",\"dateModified\":\"2023-05-25T12:10:11+00:00\",\"breadcrumb\":{\"@id\":\"https:\\\/\\\/novalaw.unl.pt\\\/en\\\/professor-nausica-palazzo-nominated-head-of-diversity-inclusion-and-non-discrimination\\\/#breadcrumb\"},\"inLanguage\":\"en-US\",\"potentialAction\":[{\"@type\":\"ReadAction\",\"target\":[\"https:\\\/\\\/novalaw.unl.pt\\\/en\\\/professor-nausica-palazzo-nominated-head-of-diversity-inclusion-and-non-discrimination\\\/\"]}]},{\"@type\":\"ImageObject\",\"inLanguage\":\"en-US\",\"@id\":\"https:\\\/\\\/novalaw.unl.pt\\\/en\\\/professor-nausica-palazzo-nominated-head-of-diversity-inclusion-and-non-discrimination\\\/#primaryimage\",\"url\":\"https:\\\/\\\/novalaw.unl.pt\\\/wp-content\\\/uploads\\\/2023\\\/05\\\/SITE-Nausica-mobile_02.jpg\",\"contentUrl\":\"https:\\\/\\\/novalaw.unl.pt\\\/wp-content\\\/uploads\\\/2023\\\/05\\\/SITE-Nausica-mobile_02.jpg\",\"width\":720,\"height\":500,\"caption\":\"Professora Nausica Palazzo Respons\u00e1vel por Diversidade, Inclus\u00e3o e N\u00e3o-Discrimina\u00e7\u00e3o\"},{\"@type\":\"BreadcrumbList\",\"@id\":\"https:\\\/\\\/novalaw.unl.pt\\\/en\\\/professor-nausica-palazzo-nominated-head-of-diversity-inclusion-and-non-discrimination\\\/#breadcrumb\",\"itemListElement\":[{\"@type\":\"ListItem\",\"position\":1,\"name\":\"Home\",\"item\":\"https:\\\/\\\/novalaw.unl.pt\\\/en\\\/\"},{\"@type\":\"ListItem\",\"position\":2,\"name\":\"Professor Nausica Palazzo nominated \u00abHead of Diversity, Inclusion and Non-discrimination\u00bb\"}]},{\"@type\":\"WebSite\",\"@id\":\"https:\\\/\\\/novalaw.unl.pt\\\/#website\",\"url\":\"https:\\\/\\\/novalaw.unl.pt\\\/\",\"name\":\"NOVA School of Law | Faculdade de Direito da Universidade NOVA de Lisboa\",\"description\":\"NOVA School Of Law\",\"publisher\":{\"@id\":\"https:\\\/\\\/novalaw.unl.pt\\\/#organization\"},\"potentialAction\":[{\"@type\":\"SearchAction\",\"target\":{\"@type\":\"EntryPoint\",\"urlTemplate\":\"https:\\\/\\\/novalaw.unl.pt\\\/?s={search_term_string}\"},\"query-input\":{\"@type\":\"PropertyValueSpecification\",\"valueRequired\":true,\"valueName\":\"search_term_string\"}}],\"inLanguage\":\"en-US\"},{\"@type\":\"Organization\",\"@id\":\"https:\\\/\\\/novalaw.unl.pt\\\/#organization\",\"name\":\"NOVA School of Law\",\"url\":\"https:\\\/\\\/novalaw.unl.pt\\\/\",\"logo\":{\"@type\":\"ImageObject\",\"inLanguage\":\"en-US\",\"@id\":\"https:\\\/\\\/novalaw.unl.pt\\\/#\\\/schema\\\/logo\\\/image\\\/\",\"url\":\"https:\\\/\\\/novalaw.unl.pt\\\/wp-content\\\/uploads\\\/2021\\\/02\\\/logo-novalaw.svg\",\"contentUrl\":\"https:\\\/\\\/novalaw.unl.pt\\\/wp-content\\\/uploads\\\/2021\\\/02\\\/logo-novalaw.svg\",\"width\":991,\"height\":424,\"caption\":\"NOVA School of Law\"},\"image\":{\"@id\":\"https:\\\/\\\/novalaw.unl.pt\\\/#\\\/schema\\\/logo\\\/image\\\/\"}}]}<\/script>\n<!-- \/ Yoast SEO Premium plugin. -->","yoast_head_json":{"title":"Professor Nausica Palazzo nominated \u00abHead of Diversity, Inclusion and Non-discrimination\u00bb - NOVA School of Law | Faculdade de Direito da Universidade NOVA de Lisboa","robots":{"index":"index","follow":"follow","max-snippet":"max-snippet:-1","max-image-preview":"max-image-preview:large","max-video-preview":"max-video-preview:-1"},"canonical":"https:\/\/novalaw.unl.pt\/en\/professor-nausica-palazzo-nominated-head-of-diversity-inclusion-and-non-discrimination\/","og_locale":"en_US","og_type":"article","og_title":"Professor Nausica Palazzo nominated \u00abHead of Diversity, Inclusion and Non-discrimination\u00bb","og_description":"Professor Nausica Palazzo nominated \u00abHead of Diversity, Inclusion and Non-discrimination\u00bb As of January 2023, Professor\u00a0Nausica Palazzo\u00a0took up the post of\u00a0Head of Diversity, Inclusion and Non-discrimination. The appointment confirms\u00a0NOVA School of Law\u2019s commitment to fostering a space of inclusion and non-discrimination for NOVA\u2019s community of students and staff\u00a0and seeks to promote awareness on the topic through &hellip; Professor Nausica Palazzo nominated \u00abHead of Diversity, Inclusion and Non-discrimination\u00bb Read More &raquo;","og_url":"https:\/\/novalaw.unl.pt\/en\/professor-nausica-palazzo-nominated-head-of-diversity-inclusion-and-non-discrimination\/","og_site_name":"NOVA School of Law | Faculdade de Direito da Universidade NOVA de Lisboa","article_modified_time":"2023-05-25T12:10:11+00:00","og_image":[{"width":720,"height":500,"url":"https:\/\/novalaw.unl.pt\/wp-content\/uploads\/2023\/05\/SITE-Nausica-mobile_02.jpg","type":"image\/jpeg"}],"twitter_card":"summary_large_image","twitter_misc":{"Est. reading time":"1 minute"},"schema":{"@context":"https:\/\/schema.org","@graph":[{"@type":"WebPage","@id":"https:\/\/novalaw.unl.pt\/en\/professor-nausica-palazzo-nominated-head-of-diversity-inclusion-and-non-discrimination\/","url":"https:\/\/novalaw.unl.pt\/en\/professor-nausica-palazzo-nominated-head-of-diversity-inclusion-and-non-discrimination\/","name":"Professor Nausica Palazzo nominated \u00abHead of Diversity, Inclusion and Non-discrimination\u00bb - NOVA School of Law | Faculdade de Direito da Universidade NOVA de Lisboa","isPartOf":{"@id":"https:\/\/novalaw.unl.pt\/#website"},"primaryImageOfPage":{"@id":"https:\/\/novalaw.unl.pt\/en\/professor-nausica-palazzo-nominated-head-of-diversity-inclusion-and-non-discrimination\/#primaryimage"},"image":{"@id":"https:\/\/novalaw.unl.pt\/en\/professor-nausica-palazzo-nominated-head-of-diversity-inclusion-and-non-discrimination\/#primaryimage"},"thumbnailUrl":"https:\/\/novalaw.unl.pt\/wp-content\/uploads\/2023\/05\/SITE-Nausica-mobile_02.jpg","datePublished":"2023-05-18T16:06:19+00:00","dateModified":"2023-05-25T12:10:11+00:00","breadcrumb":{"@id":"https:\/\/novalaw.unl.pt\/en\/professor-nausica-palazzo-nominated-head-of-diversity-inclusion-and-non-discrimination\/#breadcrumb"},"inLanguage":"en-US","potentialAction":[{"@type":"ReadAction","target":["https:\/\/novalaw.unl.pt\/en\/professor-nausica-palazzo-nominated-head-of-diversity-inclusion-and-non-discrimination\/"]}]},{"@type":"ImageObject","inLanguage":"en-US","@id":"https:\/\/novalaw.unl.pt\/en\/professor-nausica-palazzo-nominated-head-of-diversity-inclusion-and-non-discrimination\/#primaryimage","url":"https:\/\/novalaw.unl.pt\/wp-content\/uploads\/2023\/05\/SITE-Nausica-mobile_02.jpg","contentUrl":"https:\/\/novalaw.unl.pt\/wp-content\/uploads\/2023\/05\/SITE-Nausica-mobile_02.jpg","width":720,"height":500,"caption":"Professora Nausica Palazzo Respons\u00e1vel por Diversidade, Inclus\u00e3o e N\u00e3o-Discrimina\u00e7\u00e3o"},{"@type":"BreadcrumbList","@id":"https:\/\/novalaw.unl.pt\/en\/professor-nausica-palazzo-nominated-head-of-diversity-inclusion-and-non-discrimination\/#breadcrumb","itemListElement":[{"@type":"ListItem","position":1,"name":"Home","item":"https:\/\/novalaw.unl.pt\/en\/"},{"@type":"ListItem","position":2,"name":"Professor Nausica Palazzo nominated \u00abHead of Diversity, Inclusion and Non-discrimination\u00bb"}]},{"@type":"WebSite","@id":"https:\/\/novalaw.unl.pt\/#website","url":"https:\/\/novalaw.unl.pt\/","name":"NOVA School of Law | Faculdade de Direito da Universidade NOVA de Lisboa","description":"NOVA School Of Law","publisher":{"@id":"https:\/\/novalaw.unl.pt\/#organization"},"potentialAction":[{"@type":"SearchAction","target":{"@type":"EntryPoint","urlTemplate":"https:\/\/novalaw.unl.pt\/?s={search_term_string}"},"query-input":{"@type":"PropertyValueSpecification","valueRequired":true,"valueName":"search_term_string"}}],"inLanguage":"en-US"},{"@type":"Organization","@id":"https:\/\/novalaw.unl.pt\/#organization","name":"NOVA School of Law","url":"https:\/\/novalaw.unl.pt\/","logo":{"@type":"ImageObject","inLanguage":"en-US","@id":"https:\/\/novalaw.unl.pt\/#\/schema\/logo\/image\/","url":"https:\/\/novalaw.unl.pt\/wp-content\/uploads\/2021\/02\/logo-novalaw.svg","contentUrl":"https:\/\/novalaw.unl.pt\/wp-content\/uploads\/2021\/02\/logo-novalaw.svg","width":991,"height":424,"caption":"NOVA School of Law"},"image":{"@id":"https:\/\/novalaw.unl.pt\/#\/schema\/logo\/image\/"}}]}},"novalaw_begin_date":"","novalaw_begin_date_en":"","novalaw_text":"","novalaw_tag":"","novalaw_tag_en":"","novalaw_link":"","novalaw_link_en":"","novalaw_end_date":"","novalaw_end_date_en":"","novalaw_date":"","novalaw_em_destaque":"","novalaw_tag_src":"","lang":"","_links":{"self":[{"href":"https:\/\/novalaw.unl.pt\/en\/wp-json\/wp\/v2\/pages\/54837","targetHints":{"allow":["GET"]}}],"collection":[{"href":"https:\/\/novalaw.unl.pt\/en\/wp-json\/wp\/v2\/pages"}],"about":[{"href":"https:\/\/novalaw.unl.pt\/en\/wp-json\/wp\/v2\/types\/page"}],"author":[{"embeddable":true,"href":"https:\/\/novalaw.unl.pt\/en\/wp-json\/wp\/v2\/users\/2"}],"replies":[{"embeddable":true,"href":"https:\/\/novalaw.unl.pt\/en\/wp-json\/wp\/v2\/comments?post=54837"}],"version-history":[{"count":11,"href":"https:\/\/novalaw.unl.pt\/en\/wp-json\/wp\/v2\/pages\/54837\/revisions"}],"predecessor-version":[{"id":55187,"href":"https:\/\/novalaw.unl.pt\/en\/wp-json\/wp\/v2\/pages\/54837\/revisions\/55187"}],"wp:featuredmedia":[{"embeddable":true,"href":"https:\/\/novalaw.unl.pt\/en\/wp-json\/wp\/v2\/media\/54814"}],"wp:attachment":[{"href":"https:\/\/novalaw.unl.pt\/en\/wp-json\/wp\/v2\/media?parent=54837"}],"wp:term":[{"taxonomy":"category","embeddable":true,"href":"https:\/\/novalaw.unl.pt\/en\/wp-json\/wp\/v2\/categories?post=54837"},{"taxonomy":"post_tag","embeddable":true,"href":"https:\/\/novalaw.unl.pt\/en\/wp-json\/wp\/v2\/tags?post=54837"}],"curies":[{"name":"wp","href":"https:\/\/api.w.org\/{rel}","templated":true}]}}