{"id":57342,"date":"2023-06-20T11:39:55","date_gmt":"2023-06-20T11:39:55","guid":{"rendered":"https:\/\/novalaw.unl.pt\/?page_id=57342"},"modified":"2023-08-31T10:56:50","modified_gmt":"2023-08-31T10:56:50","slug":"call-open-for-the-award-of-research-grants-observatorio-do-racismo-e-da-xenofobia","status":"publish","type":"page","link":"https:\/\/novalaw.unl.pt\/en\/call-open-for-the-award-of-research-grants-observatorio-do-racismo-e-da-xenofobia\/","title":{"rendered":"Call open for the award of Research Grants | Observat\u00f3rio do Racismo e da Xenofobia (Closed)"},"content":{"rendered":"\t\t<div data-elementor-type=\"wp-page\" data-elementor-id=\"57342\" class=\"elementor elementor-57342\" data-elementor-settings=\"[]\">\n\t\t\t\t\t\t\t<div class=\"elementor-section-wrap\">\n\t\t\t\t\t\t\t<section class=\"elementor-section elementor-top-section elementor-element elementor-element-eb604dc elementor-section-height-min-height elementor-section-boxed elementor-section-height-default elementor-section-items-middle\" data-id=\"eb604dc\" data-element_type=\"section\" data-settings=\"{&quot;background_background&quot;:&quot;classic&quot;}\">\n\t\t\t\t\t\t<div class=\"elementor-container elementor-column-gap-default\">\n\t\t\t\t\t<div class=\"elementor-column elementor-col-100 elementor-top-column elementor-element elementor-element-5dc31d42\" data-id=\"5dc31d42\" data-element_type=\"column\">\n\t\t\t<div class=\"elementor-widget-wrap\">\n\t\t\t\t\t\t\t\t\t<\/div>\n\t\t<\/div>\n\t\t\t\t\t\t\t<\/div>\n\t\t<\/section>\n\t\t\t\t<section class=\"elementor-section elementor-top-section elementor-element elementor-element-1c0ab553 elementor-section-boxed elementor-section-height-default elementor-section-height-default\" data-id=\"1c0ab553\" data-element_type=\"section\">\n\t\t\t\t\t\t<div class=\"elementor-container elementor-column-gap-default\">\n\t\t\t\t\t<div class=\"elementor-column elementor-col-100 elementor-top-column elementor-element elementor-element-5575ae8e\" data-id=\"5575ae8e\" data-element_type=\"column\">\n\t\t\t<div class=\"elementor-widget-wrap elementor-element-populated\">\n\t\t\t\t\t\t\t\t<div class=\"elementor-element elementor-element-34ae53b0 elementor-widget elementor-widget-ekit_wb_28926\" data-id=\"34ae53b0\" data-element_type=\"widget\" data-widget_type=\"ekit_wb_28926.default\">\n\t\t\t\t<div class=\"elementor-widget-container\">\n\t\t\t<h1 class=\"normal-title preto bold-text\">Call open for the award of Research Grants | Observat\u00f3rio do Racismo e da Xenofobia<\/h1>\n\t\t\t\t<\/div>\n\t\t\t\t<\/div>\n\t\t\t\t<div class=\"elementor-element elementor-element-4449246 elementor-widget elementor-widget-ekit_wb_28929\" data-id=\"4449246\" data-element_type=\"widget\" data-widget_type=\"ekit_wb_28929.default\">\n\t\t\t\t<div class=\"elementor-widget-container\">\n\t\t\t<h2 class=\"normal-titleh2 vermelho bold-text\">Deadline for applications: 3 July 2023<\/h2>\n\t\t\t\t<\/div>\n\t\t\t\t<\/div>\n\t\t\t\t<div class=\"elementor-element elementor-element-14fcccc elementor-widget elementor-widget-text-editor\" data-id=\"14fcccc\" data-element_type=\"widget\" data-widget_type=\"text-editor.default\">\n\t\t\t\t<div class=\"elementor-widget-container\">\n\t\t\t\t\t\t\t<p>A call is open for the award of Research Grants under the scope of the <strong>Observat\u00f3rio do Racismo e da Xenofobia<\/strong>, with financial support from the <strong>Secretaria de Estado da Igualdade e Migra\u00e7\u00f5es<\/strong>, for <strong>students enrolled on a PhD course<\/strong> to collaborate at the <a href=\"https:\/\/novalaw.unl.pt\/en\/antigona\/\" target=\"_blank\" rel=\"noopener\">Ant\u00edgona Knowledge Centre<\/a>, hosted by <a href=\"https:\/\/novalaw.unl.pt\/en\/cedis\/\" target=\"_blank\" rel=\"noopener\">CEDIS, the R&amp;D Centre on Law and Society<\/a> (UI0714), of the NOVA School of Law &#8211; Faculty of Law of the NOVA University Lisbon, coordinated by<a href=\"https:\/\/novalaw.unl.pt\/en\/teresa-pizarro-beleza\/\" target=\"_blank\" rel=\"noopener\"> Professor Teresa Pizarro Beleza<\/a>.<\/p>\t\t\t\t\t\t<\/div>\n\t\t\t\t<\/div>\n\t\t\t\t<div class=\"elementor-element elementor-element-64a4d5c elementor-widget elementor-widget-ekit_wb_28992\" data-id=\"64a4d5c\" data-element_type=\"widget\" data-widget_type=\"ekit_wb_28992.default\">\n\t\t\t\t<div class=\"elementor-widget-container\">\n\t\t\t<h3 class=\"normal-titleh3 preto regular-text\">Research Grant No. 7\/2023  | Scientific Area: Law<\/h3>\n\t\t\t\t<\/div>\n\t\t\t\t<\/div>\n\t\t\t\t<div class=\"elementor-element elementor-element-ee46700 elementor-widget elementor-widget-text-editor\" data-id=\"ee46700\" data-element_type=\"widget\" data-widget_type=\"text-editor.default\">\n\t\t\t\t<div class=\"elementor-widget-container\">\n\t\t\t\t\t\t\t<p><strong>Recipients:<\/strong> Graduates in Law and Masters in Law, enrolled on a PhD course<\/p><p><strong>Duration:<\/strong> The grant has a duration of 12 (twelve) months, starting in July 2023<\/p><p><strong>Deadline for applications:<\/strong> from June 19, 2023 to July 3, 2023<\/p><p><a href=\"https:\/\/novalaw.unl.pt\/wp-content\/uploads\/2023\/06\/Edital-Bolsa-Doutoramento-Perfil-1-Centro-Conhecimento-Antigona-n.-_2023-EN.pdf\" target=\"_blank\" rel=\"noopener\">Consult the call here<\/a><\/p>\t\t\t\t\t\t<\/div>\n\t\t\t\t<\/div>\n\t\t\t\t<div class=\"elementor-element elementor-element-b757594 elementor-widget elementor-widget-ekit_wb_28992\" data-id=\"b757594\" data-element_type=\"widget\" data-widget_type=\"ekit_wb_28992.default\">\n\t\t\t\t<div class=\"elementor-widget-container\">\n\t\t\t<h3 class=\"normal-titleh3 preto regular-text\">Research Grant No. 8\/2023 | Scientific Domain: Sociology<\/h3>\n\t\t\t\t<\/div>\n\t\t\t\t<\/div>\n\t\t\t\t<div class=\"elementor-element elementor-element-6c2d869 elementor-widget elementor-widget-text-editor\" data-id=\"6c2d869\" data-element_type=\"widget\" data-widget_type=\"text-editor.default\">\n\t\t\t\t<div class=\"elementor-widget-container\">\n\t\t\t\t\t\t\t<p><strong>Recipients:<\/strong> Graduates in Sociology, enrolled in a PhD course<\/p><p><strong>Duration:<\/strong> The grant has a duration of 12 (twelve) months, starting in July 2023<\/p><p><strong>Deadline for applications:<\/strong> from June 19, 2023 to July 3, 2023<\/p><p><a href=\"https:\/\/novalaw.unl.pt\/wp-content\/uploads\/2023\/06\/Edital-Bolsa-Doutoramento-Perfil-2-Sociologia-Centro-Conhecimento-Antigona-n.-_2023-EN.pdf\" target=\"_blank\" rel=\"noopener\">Consult the call here<\/a><\/p>\t\t\t\t\t\t<\/div>\n\t\t\t\t<\/div>\n\t\t\t\t\t<\/div>\n\t\t<\/div>\n\t\t\t\t\t\t\t<\/div>\n\t\t<\/section>\n\t\t\t\t<section class=\"elementor-section elementor-top-section elementor-element elementor-element-4e85d4fa elementor-section-boxed elementor-section-height-default elementor-section-height-default\" data-id=\"4e85d4fa\" data-element_type=\"section\">\n\t\t\t\t\t\t<div class=\"elementor-container elementor-column-gap-default\">\n\t\t\t\t\t<div class=\"elementor-column elementor-col-100 elementor-top-column elementor-element elementor-element-7b9cbf2b\" data-id=\"7b9cbf2b\" data-element_type=\"column\">\n\t\t\t<div class=\"elementor-widget-wrap\">\n\t\t\t\t\t\t\t\t\t<\/div>\n\t\t<\/div>\n\t\t\t\t\t\t\t<\/div>\n\t\t<\/section>\n\t\t\t\t<section class=\"elementor-section elementor-top-section elementor-element elementor-element-65d2e77d elementor-section-boxed elementor-section-height-default elementor-section-height-default\" data-id=\"65d2e77d\" data-element_type=\"section\">\n\t\t\t\t\t\t<div class=\"elementor-container elementor-column-gap-default\">\n\t\t\t\t\t<div class=\"elementor-column elementor-col-100 elementor-top-column elementor-element elementor-element-54da11a7\" data-id=\"54da11a7\" data-element_type=\"column\">\n\t\t\t<div class=\"elementor-widget-wrap elementor-element-populated\">\n\t\t\t\t\t\t\t\t<div class=\"elementor-element elementor-element-16ba4594 elementor-widget elementor-widget-ekit_wb_10548\" data-id=\"16ba4594\" data-element_type=\"widget\" data-widget_type=\"ekit_wb_10548.default\">\n\t\t\t\t<div class=\"elementor-widget-container\">\n\t\t\t<script type='text\/javascript' src='https:\/\/platform-api.sharethis.com\/js\/sharethis.js#property=64ae9869f57abe0019c4e32e&product=sticky-share-buttons' async='async'><\/script>\n\t\t\t\t<\/div>\n\t\t\t\t<\/div>\n\t\t\t\t\t<\/div>\n\t\t<\/div>\n\t\t\t\t\t\t\t<\/div>\n\t\t<\/section>\n\t\t\t\t\t\t<\/div>\n\t\t\t\t\t<\/div>\n\t\t","protected":false},"excerpt":{"rendered":"<p>Call open for the award of Research Grants | Observat\u00f3rio do Racismo e da Xenofobia Deadline for applications: 3 July 2023 A call is open for the award of Research Grants under the scope of the Observat\u00f3rio do Racismo e da Xenofobia, with financial support from the Secretaria de Estado da Igualdade e Migra\u00e7\u00f5es, for &hellip;<\/p>\n<p class=\"read-more\"> <a class=\"\" href=\"https:\/\/novalaw.unl.pt\/en\/call-open-for-the-award-of-research-grants-observatorio-do-racismo-e-da-xenofobia\/\"> <span class=\"screen-reader-text\">Call open for the award of Research Grants | Observat\u00f3rio do Racismo e da Xenofobia (Closed)<\/span> Read More &raquo;<\/a><\/p>\n","protected":false},"author":2,"featured_media":57379,"parent":0,"menu_order":0,"comment_status":"closed","ping_status":"closed","template":"","meta":{"footnotes":""},"categories":[82],"tags":[],"class_list":["post-57342","page","type-page","status-publish","has-post-thumbnail","hentry","category-news"],"yoast_head":"<!-- This site is optimized with the Yoast SEO Premium plugin v27.4 (Yoast SEO v27.4) - https:\/\/yoast.com\/product\/yoast-seo-premium-wordpress\/ -->\n<title>Call open for the award of Research Grants | Observat\u00f3rio do Racismo e da Xenofobia (Closed) - NOVA School of Law | Faculdade de Direito da Universidade NOVA de Lisboa<\/title>\n<meta name=\"robots\" content=\"index, follow, max-snippet:-1, max-image-preview:large, max-video-preview:-1\" \/>\n<link rel=\"canonical\" href=\"https:\/\/novalaw.unl.pt\/abertura-de-concurso-para-bolsas-de-investigacao-observatorio-do-racismo-e-da-xenofobia\/\" \/>\n<meta property=\"og:locale\" content=\"en_US\" \/>\n<meta property=\"og:type\" content=\"article\" \/>\n<meta property=\"og:title\" content=\"Call open for the award of Research Grants | Observat\u00f3rio do Racismo e da Xenofobia (Closed)\" \/>\n<meta property=\"og:description\" content=\"Call open for the award of Research Grants | Observat\u00f3rio do Racismo e da Xenofobia Deadline for applications: 3 July 2023 A call is open for the award of Research Grants under the scope of the Observat\u00f3rio do Racismo e da Xenofobia, with financial support from the Secretaria de Estado da Igualdade e Migra\u00e7\u00f5es, for &hellip; Call open for the award of Research Grants | Observat\u00f3rio do Racismo e da Xenofobia (Closed) Read More &raquo;\" \/>\n<meta property=\"og:url\" content=\"https:\/\/novalaw.unl.pt\/abertura-de-concurso-para-bolsas-de-investigacao-observatorio-do-racismo-e-da-xenofobia\/\" \/>\n<meta property=\"og:site_name\" content=\"NOVA School of Law | Faculdade de Direito da Universidade NOVA de Lisboa\" \/>\n<meta property=\"article:modified_time\" content=\"2023-08-31T10:56:50+00:00\" \/>\n<meta property=\"og:image\" content=\"https:\/\/novalaw.unl.pt\/wp-content\/uploads\/2023\/06\/SITE-bolsas-Observatorio-do-Racismo-e-da-Xenofobia_facebook.jpg\" \/>\n\t<meta property=\"og:image:width\" content=\"320\" \/>\n\t<meta property=\"og:image:height\" content=\"200\" \/>\n\t<meta property=\"og:image:type\" content=\"image\/jpeg\" \/>\n<meta name=\"twitter:card\" content=\"summary_large_image\" \/>\n<meta name=\"twitter:label1\" content=\"Est. reading time\" \/>\n\t<meta name=\"twitter:data1\" content=\"1 minute\" \/>\n<script type=\"application\/ld+json\" class=\"yoast-schema-graph\">{\"@context\":\"https:\\\/\\\/schema.org\",\"@graph\":[{\"@type\":\"WebPage\",\"@id\":\"https:\\\/\\\/novalaw.unl.pt\\\/abertura-de-concurso-para-bolsas-de-investigacao-observatorio-do-racismo-e-da-xenofobia\\\/\",\"url\":\"https:\\\/\\\/novalaw.unl.pt\\\/abertura-de-concurso-para-bolsas-de-investigacao-observatorio-do-racismo-e-da-xenofobia\\\/\",\"name\":\"Call open for the award of Research Grants | Observat\u00f3rio do Racismo e da Xenofobia (Closed) - NOVA School of Law | Faculdade de Direito da Universidade NOVA de Lisboa\",\"isPartOf\":{\"@id\":\"https:\\\/\\\/novalaw.unl.pt\\\/#website\"},\"primaryImageOfPage\":{\"@id\":\"https:\\\/\\\/novalaw.unl.pt\\\/abertura-de-concurso-para-bolsas-de-investigacao-observatorio-do-racismo-e-da-xenofobia\\\/#primaryimage\"},\"image\":{\"@id\":\"https:\\\/\\\/novalaw.unl.pt\\\/abertura-de-concurso-para-bolsas-de-investigacao-observatorio-do-racismo-e-da-xenofobia\\\/#primaryimage\"},\"thumbnailUrl\":\"https:\\\/\\\/novalaw.unl.pt\\\/wp-content\\\/uploads\\\/2023\\\/06\\\/SITE-bolsas-Observatorio-do-Racismo-e-da-Xenofobia_thumbnal.jpg\",\"datePublished\":\"2023-06-20T11:39:55+00:00\",\"dateModified\":\"2023-08-31T10:56:50+00:00\",\"breadcrumb\":{\"@id\":\"https:\\\/\\\/novalaw.unl.pt\\\/abertura-de-concurso-para-bolsas-de-investigacao-observatorio-do-racismo-e-da-xenofobia\\\/#breadcrumb\"},\"inLanguage\":\"en-US\",\"potentialAction\":[{\"@type\":\"ReadAction\",\"target\":[\"https:\\\/\\\/novalaw.unl.pt\\\/abertura-de-concurso-para-bolsas-de-investigacao-observatorio-do-racismo-e-da-xenofobia\\\/\"]}]},{\"@type\":\"ImageObject\",\"inLanguage\":\"en-US\",\"@id\":\"https:\\\/\\\/novalaw.unl.pt\\\/abertura-de-concurso-para-bolsas-de-investigacao-observatorio-do-racismo-e-da-xenofobia\\\/#primaryimage\",\"url\":\"https:\\\/\\\/novalaw.unl.pt\\\/wp-content\\\/uploads\\\/2023\\\/06\\\/SITE-bolsas-Observatorio-do-Racismo-e-da-Xenofobia_thumbnal.jpg\",\"contentUrl\":\"https:\\\/\\\/novalaw.unl.pt\\\/wp-content\\\/uploads\\\/2023\\\/06\\\/SITE-bolsas-Observatorio-do-Racismo-e-da-Xenofobia_thumbnal.jpg\",\"width\":320,\"height\":200,\"caption\":\"Bolsas de Investiga\u00e7\u00e3o | Observat\u00f3rio do Racismo e da Xenofobia\"},{\"@type\":\"BreadcrumbList\",\"@id\":\"https:\\\/\\\/novalaw.unl.pt\\\/abertura-de-concurso-para-bolsas-de-investigacao-observatorio-do-racismo-e-da-xenofobia\\\/#breadcrumb\",\"itemListElement\":[{\"@type\":\"ListItem\",\"position\":1,\"name\":\"Home\",\"item\":\"https:\\\/\\\/novalaw.unl.pt\\\/en\\\/\"},{\"@type\":\"ListItem\",\"position\":2,\"name\":\"Call open for the award of Research Grants | Observat\u00f3rio do Racismo e da Xenofobia (Closed)\"}]},{\"@type\":\"WebSite\",\"@id\":\"https:\\\/\\\/novalaw.unl.pt\\\/#website\",\"url\":\"https:\\\/\\\/novalaw.unl.pt\\\/\",\"name\":\"NOVA School of Law | Faculdade de Direito da Universidade NOVA de Lisboa\",\"description\":\"NOVA School Of Law\",\"publisher\":{\"@id\":\"https:\\\/\\\/novalaw.unl.pt\\\/#organization\"},\"potentialAction\":[{\"@type\":\"SearchAction\",\"target\":{\"@type\":\"EntryPoint\",\"urlTemplate\":\"https:\\\/\\\/novalaw.unl.pt\\\/?s={search_term_string}\"},\"query-input\":{\"@type\":\"PropertyValueSpecification\",\"valueRequired\":true,\"valueName\":\"search_term_string\"}}],\"inLanguage\":\"en-US\"},{\"@type\":\"Organization\",\"@id\":\"https:\\\/\\\/novalaw.unl.pt\\\/#organization\",\"name\":\"NOVA School of Law\",\"url\":\"https:\\\/\\\/novalaw.unl.pt\\\/\",\"logo\":{\"@type\":\"ImageObject\",\"inLanguage\":\"en-US\",\"@id\":\"https:\\\/\\\/novalaw.unl.pt\\\/#\\\/schema\\\/logo\\\/image\\\/\",\"url\":\"https:\\\/\\\/novalaw.unl.pt\\\/wp-content\\\/uploads\\\/2021\\\/02\\\/logo-novalaw.svg\",\"contentUrl\":\"https:\\\/\\\/novalaw.unl.pt\\\/wp-content\\\/uploads\\\/2021\\\/02\\\/logo-novalaw.svg\",\"width\":991,\"height\":424,\"caption\":\"NOVA School of Law\"},\"image\":{\"@id\":\"https:\\\/\\\/novalaw.unl.pt\\\/#\\\/schema\\\/logo\\\/image\\\/\"}}]}<\/script>\n<!-- \/ Yoast SEO Premium plugin. -->","yoast_head_json":{"title":"Call open for the award of Research Grants | Observat\u00f3rio do Racismo e da Xenofobia (Closed) - NOVA School of Law | Faculdade de Direito da Universidade NOVA de Lisboa","robots":{"index":"index","follow":"follow","max-snippet":"max-snippet:-1","max-image-preview":"max-image-preview:large","max-video-preview":"max-video-preview:-1"},"canonical":"https:\/\/novalaw.unl.pt\/abertura-de-concurso-para-bolsas-de-investigacao-observatorio-do-racismo-e-da-xenofobia\/","og_locale":"en_US","og_type":"article","og_title":"Call open for the award of Research Grants | Observat\u00f3rio do Racismo e da Xenofobia (Closed)","og_description":"Call open for the award of Research Grants | Observat\u00f3rio do Racismo e da Xenofobia Deadline for applications: 3 July 2023 A call is open for the award of Research Grants under the scope of the Observat\u00f3rio do Racismo e da Xenofobia, with financial support from the Secretaria de Estado da Igualdade e Migra\u00e7\u00f5es, for &hellip; Call open for the award of Research Grants | Observat\u00f3rio do Racismo e da Xenofobia (Closed) Read More &raquo;","og_url":"https:\/\/novalaw.unl.pt\/abertura-de-concurso-para-bolsas-de-investigacao-observatorio-do-racismo-e-da-xenofobia\/","og_site_name":"NOVA School of Law | Faculdade de Direito da Universidade NOVA de Lisboa","article_modified_time":"2023-08-31T10:56:50+00:00","og_image":[{"width":320,"height":200,"url":"https:\/\/novalaw.unl.pt\/wp-content\/uploads\/2023\/06\/SITE-bolsas-Observatorio-do-Racismo-e-da-Xenofobia_facebook.jpg","type":"image\/jpeg"}],"twitter_card":"summary_large_image","twitter_misc":{"Est. reading time":"1 minute"},"schema":{"@context":"https:\/\/schema.org","@graph":[{"@type":"WebPage","@id":"https:\/\/novalaw.unl.pt\/abertura-de-concurso-para-bolsas-de-investigacao-observatorio-do-racismo-e-da-xenofobia\/","url":"https:\/\/novalaw.unl.pt\/abertura-de-concurso-para-bolsas-de-investigacao-observatorio-do-racismo-e-da-xenofobia\/","name":"Call open for the award of Research Grants | Observat\u00f3rio do Racismo e da Xenofobia (Closed) - NOVA School of Law | Faculdade de Direito da Universidade NOVA de Lisboa","isPartOf":{"@id":"https:\/\/novalaw.unl.pt\/#website"},"primaryImageOfPage":{"@id":"https:\/\/novalaw.unl.pt\/abertura-de-concurso-para-bolsas-de-investigacao-observatorio-do-racismo-e-da-xenofobia\/#primaryimage"},"image":{"@id":"https:\/\/novalaw.unl.pt\/abertura-de-concurso-para-bolsas-de-investigacao-observatorio-do-racismo-e-da-xenofobia\/#primaryimage"},"thumbnailUrl":"https:\/\/novalaw.unl.pt\/wp-content\/uploads\/2023\/06\/SITE-bolsas-Observatorio-do-Racismo-e-da-Xenofobia_thumbnal.jpg","datePublished":"2023-06-20T11:39:55+00:00","dateModified":"2023-08-31T10:56:50+00:00","breadcrumb":{"@id":"https:\/\/novalaw.unl.pt\/abertura-de-concurso-para-bolsas-de-investigacao-observatorio-do-racismo-e-da-xenofobia\/#breadcrumb"},"inLanguage":"en-US","potentialAction":[{"@type":"ReadAction","target":["https:\/\/novalaw.unl.pt\/abertura-de-concurso-para-bolsas-de-investigacao-observatorio-do-racismo-e-da-xenofobia\/"]}]},{"@type":"ImageObject","inLanguage":"en-US","@id":"https:\/\/novalaw.unl.pt\/abertura-de-concurso-para-bolsas-de-investigacao-observatorio-do-racismo-e-da-xenofobia\/#primaryimage","url":"https:\/\/novalaw.unl.pt\/wp-content\/uploads\/2023\/06\/SITE-bolsas-Observatorio-do-Racismo-e-da-Xenofobia_thumbnal.jpg","contentUrl":"https:\/\/novalaw.unl.pt\/wp-content\/uploads\/2023\/06\/SITE-bolsas-Observatorio-do-Racismo-e-da-Xenofobia_thumbnal.jpg","width":320,"height":200,"caption":"Bolsas de Investiga\u00e7\u00e3o | Observat\u00f3rio do Racismo e da Xenofobia"},{"@type":"BreadcrumbList","@id":"https:\/\/novalaw.unl.pt\/abertura-de-concurso-para-bolsas-de-investigacao-observatorio-do-racismo-e-da-xenofobia\/#breadcrumb","itemListElement":[{"@type":"ListItem","position":1,"name":"Home","item":"https:\/\/novalaw.unl.pt\/en\/"},{"@type":"ListItem","position":2,"name":"Call open for the award of Research Grants | Observat\u00f3rio do Racismo e da Xenofobia (Closed)"}]},{"@type":"WebSite","@id":"https:\/\/novalaw.unl.pt\/#website","url":"https:\/\/novalaw.unl.pt\/","name":"NOVA School of Law | Faculdade de Direito da Universidade NOVA de Lisboa","description":"NOVA School Of Law","publisher":{"@id":"https:\/\/novalaw.unl.pt\/#organization"},"potentialAction":[{"@type":"SearchAction","target":{"@type":"EntryPoint","urlTemplate":"https:\/\/novalaw.unl.pt\/?s={search_term_string}"},"query-input":{"@type":"PropertyValueSpecification","valueRequired":true,"valueName":"search_term_string"}}],"inLanguage":"en-US"},{"@type":"Organization","@id":"https:\/\/novalaw.unl.pt\/#organization","name":"NOVA School of Law","url":"https:\/\/novalaw.unl.pt\/","logo":{"@type":"ImageObject","inLanguage":"en-US","@id":"https:\/\/novalaw.unl.pt\/#\/schema\/logo\/image\/","url":"https:\/\/novalaw.unl.pt\/wp-content\/uploads\/2021\/02\/logo-novalaw.svg","contentUrl":"https:\/\/novalaw.unl.pt\/wp-content\/uploads\/2021\/02\/logo-novalaw.svg","width":991,"height":424,"caption":"NOVA School of Law"},"image":{"@id":"https:\/\/novalaw.unl.pt\/#\/schema\/logo\/image\/"}}]}},"novalaw_begin_date":"","novalaw_begin_date_en":"","novalaw_text":"","novalaw_tag":"","novalaw_tag_en":"","novalaw_link":"","novalaw_link_en":"","novalaw_end_date":"","novalaw_end_date_en":"","novalaw_date":"","novalaw_em_destaque":"","novalaw_tag_src":"","lang":"","_links":{"self":[{"href":"https:\/\/novalaw.unl.pt\/en\/wp-json\/wp\/v2\/pages\/57342","targetHints":{"allow":["GET"]}}],"collection":[{"href":"https:\/\/novalaw.unl.pt\/en\/wp-json\/wp\/v2\/pages"}],"about":[{"href":"https:\/\/novalaw.unl.pt\/en\/wp-json\/wp\/v2\/types\/page"}],"author":[{"embeddable":true,"href":"https:\/\/novalaw.unl.pt\/en\/wp-json\/wp\/v2\/users\/2"}],"replies":[{"embeddable":true,"href":"https:\/\/novalaw.unl.pt\/en\/wp-json\/wp\/v2\/comments?post=57342"}],"version-history":[{"count":25,"href":"https:\/\/novalaw.unl.pt\/en\/wp-json\/wp\/v2\/pages\/57342\/revisions"}],"predecessor-version":[{"id":62160,"href":"https:\/\/novalaw.unl.pt\/en\/wp-json\/wp\/v2\/pages\/57342\/revisions\/62160"}],"wp:featuredmedia":[{"embeddable":true,"href":"https:\/\/novalaw.unl.pt\/en\/wp-json\/wp\/v2\/media\/57379"}],"wp:attachment":[{"href":"https:\/\/novalaw.unl.pt\/en\/wp-json\/wp\/v2\/media?parent=57342"}],"wp:term":[{"taxonomy":"category","embeddable":true,"href":"https:\/\/novalaw.unl.pt\/en\/wp-json\/wp\/v2\/categories?post=57342"},{"taxonomy":"post_tag","embeddable":true,"href":"https:\/\/novalaw.unl.pt\/en\/wp-json\/wp\/v2\/tags?post=57342"}],"curies":[{"name":"wp","href":"https:\/\/api.w.org\/{rel}","templated":true}]}}