{"id":6310,"date":"2021-09-23T11:21:41","date_gmt":"2021-09-23T11:21:41","guid":{"rendered":"https:\/\/novalaw.unl.pt\/?page_id=6310"},"modified":"2022-04-05T14:12:21","modified_gmt":"2022-04-05T14:12:21","slug":"digital-archive-antonio-manuel-hespanha","status":"publish","type":"page","link":"https:\/\/novalaw.unl.pt\/en\/digital-archive-antonio-manuel-hespanha\/","title":{"rendered":"Digital Archive Ant\u00f3nio Manuel Hespanha"},"content":{"rendered":"\t\t<div data-elementor-type=\"wp-page\" data-elementor-id=\"6310\" class=\"elementor elementor-6310\" data-elementor-settings=\"[]\">\n\t\t\t\t\t\t\t<div class=\"elementor-section-wrap\">\n\t\t\t\t\t\t\t<section class=\"elementor-section elementor-top-section elementor-element elementor-element-a28fcc7 elementor-section-boxed elementor-section-height-default elementor-section-height-default\" data-id=\"a28fcc7\" data-element_type=\"section\" data-settings=\"{&quot;background_background&quot;:&quot;classic&quot;}\">\n\t\t\t\t\t\t<div class=\"elementor-container elementor-column-gap-default\">\n\t\t\t\t\t<div class=\"elementor-column elementor-col-100 elementor-top-column elementor-element elementor-element-39efa44\" data-id=\"39efa44\" data-element_type=\"column\">\n\t\t\t<div class=\"elementor-widget-wrap elementor-element-populated\">\n\t\t\t\t\t\t\t\t<div class=\"elementor-element elementor-element-578ee99 elementor-widget elementor-widget-heading\" data-id=\"578ee99\" data-element_type=\"widget\" data-widget_type=\"heading.default\">\n\t\t\t\t<div class=\"elementor-widget-container\">\n\t\t\t<div class=\"elementor-heading-title elementor-size-default\">Research<\/div>\t\t<\/div>\n\t\t\t\t<\/div>\n\t\t\t\t<div class=\"elementor-element elementor-element-c3bf5b5 elementor-widget elementor-widget-heading\" data-id=\"c3bf5b5\" data-element_type=\"widget\" data-widget_type=\"heading.default\">\n\t\t\t\t<div class=\"elementor-widget-container\">\n\t\t\t<h1 class=\"elementor-heading-title elementor-size-default\">Digital Archive Ant\u00f3nio Manuel Hespanha<\/h1>\t\t<\/div>\n\t\t\t\t<\/div>\n\t\t\t\t\t<\/div>\n\t\t<\/div>\n\t\t\t\t\t\t\t<\/div>\n\t\t<\/section>\n\t\t\t\t<section class=\"elementor-section elementor-top-section elementor-element elementor-element-5e1270ff elementor-section-boxed elementor-section-height-default elementor-section-height-default\" data-id=\"5e1270ff\" data-element_type=\"section\">\n\t\t\t\t\t\t<div class=\"elementor-container elementor-column-gap-default\">\n\t\t\t\t\t<div class=\"elementor-column elementor-col-100 elementor-top-column elementor-element elementor-element-5bf36ec1\" data-id=\"5bf36ec1\" data-element_type=\"column\">\n\t\t\t<div class=\"elementor-widget-wrap elementor-element-populated\">\n\t\t\t\t\t\t\t\t<div class=\"elementor-element elementor-element-357f178e elementor-widget elementor-widget-text-editor\" data-id=\"357f178e\" data-element_type=\"widget\" data-widget_type=\"text-editor.default\">\n\t\t\t\t<div class=\"elementor-widget-container\">\n\t\t\t\t\t\t\t<h3><strong>Sources for the History of Portuguese Law<\/strong><\/h3>\n<p><br><\/p><p>The Digital Archive Ant\u00f3nio Manuel Hespanha aims to make available <strong>the main body of work of Portuguese legal literature of the XIX century and first half of the XX century, through electronic publishing.<\/strong><\/p>\t\t\t\t\t\t<\/div>\n\t\t\t\t<\/div>\n\t\t\t\t<section class=\"elementor-section elementor-inner-section elementor-element elementor-element-2cff382 elementor-section-boxed elementor-section-height-default elementor-section-height-default\" data-id=\"2cff382\" data-element_type=\"section\">\n\t\t\t\t\t\t<div class=\"elementor-container elementor-column-gap-default\">\n\t\t\t\t\t<div class=\"elementor-column elementor-col-50 elementor-inner-column elementor-element elementor-element-3168c9f\" data-id=\"3168c9f\" data-element_type=\"column\">\n\t\t\t<div class=\"elementor-widget-wrap elementor-element-populated\">\n\t\t\t\t\t\t\t\t<div class=\"elementor-element elementor-element-a4f9204 elementor-widget elementor-widget-text-editor\" data-id=\"a4f9204\" data-element_type=\"widget\" data-widget_type=\"text-editor.default\">\n\t\t\t\t<div class=\"elementor-widget-container\">\n\t\t\t\t\t\t\t<p>In the selection of the works, preference was given to those produced in the academic field, although the collection also includes other complementary legal materials of a different nature (codes, repertories, collections of legislation or \u201cpiecemeal\u201d legislation, collections of court decisions, parliamentary debates on legal matters, some works of legal dissemination). Produced under <a href=\"https:\/\/novalaw.unl.pt\/cedis\/\"><strong>CEDIS (Centre for Research &amp; Development on Law and Society)<\/strong><\/a> and research projects also founded by the <strong>Foundation for Science and Technology (FCT)<\/strong>, <strong>other institutions<\/strong> have competed for its implementation by making available the originals to be reproduced and digitized.<\/p><p>\u00a0Among them we highlight the National Library, the John Paul II Library of the Portuguese Catholic University, the Library of the Legal Institute of the University of Coimbra, the Library of the School of Law of the University of Lisbon, the General Library of the University of Coimbra, the Municipal Library of Figueira da Foz, the Library and Parliamentary Historical Archive and the Library of the Ministry of Finance.\u00a0<\/p>\t\t\t\t\t\t<\/div>\n\t\t\t\t<\/div>\n\t\t\t\t\t<\/div>\n\t\t<\/div>\n\t\t\t\t<div class=\"elementor-column elementor-col-50 elementor-inner-column elementor-element elementor-element-7926f4c\" data-id=\"7926f4c\" data-element_type=\"column\">\n\t\t\t<div class=\"elementor-widget-wrap elementor-element-populated\">\n\t\t\t\t\t\t\t\t<div class=\"elementor-element elementor-element-e7567da elementor-widget elementor-widget-image\" data-id=\"e7567da\" data-element_type=\"widget\" data-widget_type=\"image.default\">\n\t\t\t\t<div class=\"elementor-widget-container\">\n\t\t\t\t\t\t\t\t\t\t\t\t\t\t\t<img loading=\"lazy\" decoding=\"async\" width=\"471\" height=\"421\" src=\"https:\/\/novalaw.unl.pt\/wp-content\/uploads\/2021\/09\/Prof-Antonio-Manuel-Hespanha-scaled-1.png\" class=\"attachment-large size-large\" alt=\"\" srcset=\"https:\/\/novalaw.unl.pt\/wp-content\/uploads\/2021\/09\/Prof-Antonio-Manuel-Hespanha-scaled-1.png 471w, https:\/\/novalaw.unl.pt\/wp-content\/uploads\/2021\/09\/Prof-Antonio-Manuel-Hespanha-scaled-1-300x268.png 300w\" sizes=\"auto, (max-width: 471px) 100vw, 471px\" \/>\t\t\t\t\t\t\t\t\t\t\t\t\t\t\t<\/div>\n\t\t\t\t<\/div>\n\t\t\t\t\t<\/div>\n\t\t<\/div>\n\t\t\t\t\t\t\t<\/div>\n\t\t<\/section>\n\t\t\t\t<div class=\"elementor-element elementor-element-ef09194 elementor-widget elementor-widget-text-editor\" data-id=\"ef09194\" data-element_type=\"widget\" data-widget_type=\"text-editor.default\">\n\t\t\t\t<div class=\"elementor-widget-container\">\n\t\t\t\t\t\t\t<p>So far hundreds of doctrinal works, draft legislation, parliamentary debates, legislative pieces, and about 20 volumes of jurisprudence have been published adding to these numbers a few dozen indexes, repertories, constitutional texts and foreign sources. This collection will be expanded in the future either through the publication of works already digitized but not yet dealt with, or through the selection of other works and materials to be digitized. Some of the biographies of the authors of the published works remain to be completed although most of them are already available with the respective work. <strong>The coordination of this project was carried out by Ant\u00f3nio Manuel Hespanha and Cristina Nogueira da Silva, researchers from CEDIS and professors from the School of Law of the University of Lisbon<\/strong>. The processing of the work, as well as the elaboration of the bio-bibliographical file, has been carried out by students of NOVA School of Law, from 2006 until the present day (among others, Joana Mota, Jonas Gentil, Lu\u00eds Cabral de Oliveira, Ana Paula Louren\u00e7o, Raquel Galv\u00e3o, Raquel Lemos, Tiago Crist\u00f3v\u00e3o, Vera Martins, Soraia Gon\u00e7alves, Jo\u00e3o Amoedo, Anilda Veiga, Ver\u00f3nica Catana, F\u00e1tima Dias, Ana Filipa Silva, Jana\u00edna Bueno).<\/p><h3><br \/>Research<\/h3><ul><li>To obtain the complete list of documents you should <strong>use the search option \u201cAll works\u201d<\/strong>. In this list, the texts with explicit author will appear sorted alphabetically by their name (first name, surname). In order for the texts of the same author to appear together in the list, we have standardized their name and added, whenever possible, the dates of birth and death. In the case of texts without an explicit author, we have prefixed the acronym (s\/A). For legal texts or similar, the reference to the date (AAA\/MM\/DD) begins, which is why they appear first in the list. In the case of texts of a legal nature or similar relating to constitutions or codes, we have anteposed to their title the indication of the constitution or code to which they refer. The same applies in the case of administrative reforms, criminal reforms or judicial reforms.<\/li><li><strong>Word searches<\/strong> (isolated or followed, but not interpolated) can be made in the name of the author or in the title, using either the Windows <strong>\u201cQuick Search\u201d or the locate command (CTRL + F) on the page<\/strong> that displays the general list of works available.<\/li><li>Searches may also be made by <strong>\u201carea of law\u201d<\/strong> (constitutional criminal law works, etc.) and by <strong>\u201ctype of work\u201d<\/strong> (jurisprudence, collection of doctrinal legislation, etc.).<\/li><\/ul><p>This work will continue in the coming months if resources are available. We welcome suggestions and corrections from users. We are aware that there is still a lot of work to be done to improve this bank of texts. As resources are scarce, we have set as a priority to make as many texts as possible available, leaving it to later to complete other elements of the Database (such as biographical and bibliographical sheets).<\/p><p>Unless otherwise indicated, legislative items are reproduced from the publication which at the time served as the official journal.<\/p><p>Unless otherwise indicated, parliamentary papers are reproduced from the minutes of the respective chamber of parliament.<\/p><p><strong>Some more commonly used abbreviations:<\/strong><\/p><p>(s\/A) \u2013 No indication of author<\/p><p>s\/d \u2013 No date<\/p><p>DCD \u2013 Journal of the House of Representatives<\/p><p>DCP \u2013 Journal of the House of Worthy Peers of the Realm<\/p><p>DCGECNP \u2013 Journal of the General and Extraordinary Courts of the Portuguese Nation.<\/p><p>DG \u2013 Government Gazette<\/p><p>p.(pp.) \u2013 pages.<\/p><p>v \u2013 Volume.<\/p><p>Digital Archive<\/p>\t\t\t\t\t\t<\/div>\n\t\t\t\t<\/div>\n\t\t\t\t<div class=\"elementor-element elementor-element-b07b8fe elementor-widget elementor-widget-text-editor\" data-id=\"b07b8fe\" data-element_type=\"widget\" data-widget_type=\"text-editor.default\">\n\t\t\t\t<div class=\"elementor-widget-container\">\n\t\t\t\t\t\t\t<iframe loading=\"lazy\" src=\"https:\/\/web.novalaw.unl.pt\/arquivodigital2021.asp\" width=\"100%\" height=\"500px\" style=\"border:none;\"> <\/iframe>\t\t\t\t\t\t<\/div>\n\t\t\t\t<\/div>\n\t\t\t\t\t<\/div>\n\t\t<\/div>\n\t\t\t\t\t\t\t<\/div>\n\t\t<\/section>\n\t\t\t\t<section class=\"elementor-section elementor-top-section elementor-element elementor-element-584629e6 elementor-section-boxed elementor-section-height-default elementor-section-height-default\" data-id=\"584629e6\" data-element_type=\"section\">\n\t\t\t\t\t\t<div class=\"elementor-container elementor-column-gap-default\">\n\t\t\t\t\t<div class=\"elementor-column elementor-col-100 elementor-top-column elementor-element elementor-element-dd4e25f\" data-id=\"dd4e25f\" data-element_type=\"column\">\n\t\t\t<div class=\"elementor-widget-wrap elementor-element-populated\">\n\t\t\t\t\t\t\t\t<div class=\"elementor-element elementor-element-28f8e4e elementor-widget elementor-widget-ekit_wb_10548\" data-id=\"28f8e4e\" data-element_type=\"widget\" data-widget_type=\"ekit_wb_10548.default\">\n\t\t\t\t<div class=\"elementor-widget-container\">\n\t\t\t<script type='text\/javascript' src='https:\/\/platform-api.sharethis.com\/js\/sharethis.js#property=64ae9869f57abe0019c4e32e&product=sticky-share-buttons' async='async'><\/script>\n\t\t\t\t<\/div>\n\t\t\t\t<\/div>\n\t\t\t\t\t<\/div>\n\t\t<\/div>\n\t\t\t\t\t\t\t<\/div>\n\t\t<\/section>\n\t\t\t\t\t\t<\/div>\n\t\t\t\t\t<\/div>\n\t\t","protected":false},"excerpt":{"rendered":"<p>Research Digital Archive Ant\u00f3nio Manuel Hespanha Sources for the History of Portuguese Law The Digital Archive Ant\u00f3nio Manuel Hespanha aims to make available the main body of work of Portuguese legal literature of the XIX century and first half of the XX century, through electronic publishing. In the selection of the works, preference was given &hellip;<\/p>\n<p class=\"read-more\"> <a class=\"\" href=\"https:\/\/novalaw.unl.pt\/en\/digital-archive-antonio-manuel-hespanha\/\"> <span class=\"screen-reader-text\">Digital Archive Ant\u00f3nio Manuel Hespanha<\/span> Read More &raquo;<\/a><\/p>\n","protected":false},"author":9,"featured_media":0,"parent":0,"menu_order":446,"comment_status":"closed","ping_status":"closed","template":"","meta":{"footnotes":""},"categories":[],"tags":[],"class_list":["post-6310","page","type-page","status-publish","hentry"],"yoast_head":"<!-- This site is optimized with the Yoast SEO Premium plugin v27.4 (Yoast SEO v27.4) - https:\/\/yoast.com\/product\/yoast-seo-premium-wordpress\/ -->\n<title>Digital Archive Ant\u00f3nio Manuel Hespanha - NOVA School of Law | Faculdade de Direito da Universidade NOVA de Lisboa<\/title>\n<meta name=\"robots\" content=\"index, follow, max-snippet:-1, max-image-preview:large, max-video-preview:-1\" \/>\n<link rel=\"canonical\" href=\"https:\/\/novalaw.unl.pt\/en\/digital-archive-antonio-manuel-hespanha\/\" \/>\n<meta property=\"og:locale\" content=\"en_US\" \/>\n<meta property=\"og:type\" content=\"article\" \/>\n<meta property=\"og:title\" content=\"Digital Archive Ant\u00f3nio Manuel Hespanha\" \/>\n<meta property=\"og:description\" content=\"Research Digital Archive Ant\u00f3nio Manuel Hespanha Sources for the History of Portuguese Law The Digital Archive Ant\u00f3nio Manuel Hespanha aims to make available the main body of work of Portuguese legal literature of the XIX century and first half of the XX century, through electronic publishing. In the selection of the works, preference was given &hellip; Digital Archive Ant\u00f3nio Manuel Hespanha Read More &raquo;\" \/>\n<meta property=\"og:url\" content=\"https:\/\/novalaw.unl.pt\/en\/digital-archive-antonio-manuel-hespanha\/\" \/>\n<meta property=\"og:site_name\" content=\"NOVA School of Law | Faculdade de Direito da Universidade NOVA de Lisboa\" \/>\n<meta property=\"article:modified_time\" content=\"2022-04-05T14:12:21+00:00\" \/>\n<meta property=\"og:image\" content=\"https:\/\/novalaw.unl.pt\/wp-content\/uploads\/2021\/09\/Prof-Antonio-Manuel-Hespanha-scaled-1.png\" \/>\n<meta name=\"twitter:card\" content=\"summary_large_image\" \/>\n<meta name=\"twitter:label1\" content=\"Est. reading time\" \/>\n\t<meta name=\"twitter:data1\" content=\"4 minutes\" \/>\n<script type=\"application\/ld+json\" class=\"yoast-schema-graph\">{\"@context\":\"https:\\\/\\\/schema.org\",\"@graph\":[{\"@type\":\"WebPage\",\"@id\":\"https:\\\/\\\/novalaw.unl.pt\\\/en\\\/digital-archive-antonio-manuel-hespanha\\\/\",\"url\":\"https:\\\/\\\/novalaw.unl.pt\\\/en\\\/digital-archive-antonio-manuel-hespanha\\\/\",\"name\":\"Digital Archive Ant\u00f3nio Manuel Hespanha - NOVA School of Law | Faculdade de Direito da Universidade NOVA de Lisboa\",\"isPartOf\":{\"@id\":\"https:\\\/\\\/novalaw.unl.pt\\\/#website\"},\"primaryImageOfPage\":{\"@id\":\"https:\\\/\\\/novalaw.unl.pt\\\/en\\\/digital-archive-antonio-manuel-hespanha\\\/#primaryimage\"},\"image\":{\"@id\":\"https:\\\/\\\/novalaw.unl.pt\\\/en\\\/digital-archive-antonio-manuel-hespanha\\\/#primaryimage\"},\"thumbnailUrl\":\"https:\\\/\\\/novalaw.unl.pt\\\/wp-content\\\/uploads\\\/2021\\\/09\\\/Prof-Antonio-Manuel-Hespanha-scaled-1.png\",\"datePublished\":\"2021-09-23T11:21:41+00:00\",\"dateModified\":\"2022-04-05T14:12:21+00:00\",\"breadcrumb\":{\"@id\":\"https:\\\/\\\/novalaw.unl.pt\\\/en\\\/digital-archive-antonio-manuel-hespanha\\\/#breadcrumb\"},\"inLanguage\":\"en-US\",\"potentialAction\":[{\"@type\":\"ReadAction\",\"target\":[\"https:\\\/\\\/novalaw.unl.pt\\\/en\\\/digital-archive-antonio-manuel-hespanha\\\/\"]}]},{\"@type\":\"ImageObject\",\"inLanguage\":\"en-US\",\"@id\":\"https:\\\/\\\/novalaw.unl.pt\\\/en\\\/digital-archive-antonio-manuel-hespanha\\\/#primaryimage\",\"url\":\"https:\\\/\\\/novalaw.unl.pt\\\/wp-content\\\/uploads\\\/2021\\\/09\\\/Prof-Antonio-Manuel-Hespanha-scaled-1.png\",\"contentUrl\":\"https:\\\/\\\/novalaw.unl.pt\\\/wp-content\\\/uploads\\\/2021\\\/09\\\/Prof-Antonio-Manuel-Hespanha-scaled-1.png\"},{\"@type\":\"BreadcrumbList\",\"@id\":\"https:\\\/\\\/novalaw.unl.pt\\\/en\\\/digital-archive-antonio-manuel-hespanha\\\/#breadcrumb\",\"itemListElement\":[{\"@type\":\"ListItem\",\"position\":1,\"name\":\"Home\",\"item\":\"https:\\\/\\\/novalaw.unl.pt\\\/en\\\/\"},{\"@type\":\"ListItem\",\"position\":2,\"name\":\"Digital Archive Ant\u00f3nio Manuel Hespanha\"}]},{\"@type\":\"WebSite\",\"@id\":\"https:\\\/\\\/novalaw.unl.pt\\\/#website\",\"url\":\"https:\\\/\\\/novalaw.unl.pt\\\/\",\"name\":\"NOVA School of Law | Faculdade de Direito da Universidade NOVA de Lisboa\",\"description\":\"NOVA School Of Law\",\"publisher\":{\"@id\":\"https:\\\/\\\/novalaw.unl.pt\\\/#organization\"},\"potentialAction\":[{\"@type\":\"SearchAction\",\"target\":{\"@type\":\"EntryPoint\",\"urlTemplate\":\"https:\\\/\\\/novalaw.unl.pt\\\/?s={search_term_string}\"},\"query-input\":{\"@type\":\"PropertyValueSpecification\",\"valueRequired\":true,\"valueName\":\"search_term_string\"}}],\"inLanguage\":\"en-US\"},{\"@type\":\"Organization\",\"@id\":\"https:\\\/\\\/novalaw.unl.pt\\\/#organization\",\"name\":\"NOVA School of Law\",\"url\":\"https:\\\/\\\/novalaw.unl.pt\\\/\",\"logo\":{\"@type\":\"ImageObject\",\"inLanguage\":\"en-US\",\"@id\":\"https:\\\/\\\/novalaw.unl.pt\\\/#\\\/schema\\\/logo\\\/image\\\/\",\"url\":\"https:\\\/\\\/novalaw.unl.pt\\\/wp-content\\\/uploads\\\/2021\\\/02\\\/logo-novalaw.svg\",\"contentUrl\":\"https:\\\/\\\/novalaw.unl.pt\\\/wp-content\\\/uploads\\\/2021\\\/02\\\/logo-novalaw.svg\",\"width\":991,\"height\":424,\"caption\":\"NOVA School of Law\"},\"image\":{\"@id\":\"https:\\\/\\\/novalaw.unl.pt\\\/#\\\/schema\\\/logo\\\/image\\\/\"}}]}<\/script>\n<!-- \/ Yoast SEO Premium plugin. -->","yoast_head_json":{"title":"Digital Archive Ant\u00f3nio Manuel Hespanha - NOVA School of Law | Faculdade de Direito da Universidade NOVA de Lisboa","robots":{"index":"index","follow":"follow","max-snippet":"max-snippet:-1","max-image-preview":"max-image-preview:large","max-video-preview":"max-video-preview:-1"},"canonical":"https:\/\/novalaw.unl.pt\/en\/digital-archive-antonio-manuel-hespanha\/","og_locale":"en_US","og_type":"article","og_title":"Digital Archive Ant\u00f3nio Manuel Hespanha","og_description":"Research Digital Archive Ant\u00f3nio Manuel Hespanha Sources for the History of Portuguese Law The Digital Archive Ant\u00f3nio Manuel Hespanha aims to make available the main body of work of Portuguese legal literature of the XIX century and first half of the XX century, through electronic publishing. In the selection of the works, preference was given &hellip; Digital Archive Ant\u00f3nio Manuel Hespanha Read More &raquo;","og_url":"https:\/\/novalaw.unl.pt\/en\/digital-archive-antonio-manuel-hespanha\/","og_site_name":"NOVA School of Law | Faculdade de Direito da Universidade NOVA de Lisboa","article_modified_time":"2022-04-05T14:12:21+00:00","og_image":[{"url":"https:\/\/novalaw.unl.pt\/wp-content\/uploads\/2021\/09\/Prof-Antonio-Manuel-Hespanha-scaled-1.png","type":"","width":"","height":""}],"twitter_card":"summary_large_image","twitter_misc":{"Est. reading time":"4 minutes"},"schema":{"@context":"https:\/\/schema.org","@graph":[{"@type":"WebPage","@id":"https:\/\/novalaw.unl.pt\/en\/digital-archive-antonio-manuel-hespanha\/","url":"https:\/\/novalaw.unl.pt\/en\/digital-archive-antonio-manuel-hespanha\/","name":"Digital Archive Ant\u00f3nio Manuel Hespanha - NOVA School of Law | Faculdade de Direito da Universidade NOVA de Lisboa","isPartOf":{"@id":"https:\/\/novalaw.unl.pt\/#website"},"primaryImageOfPage":{"@id":"https:\/\/novalaw.unl.pt\/en\/digital-archive-antonio-manuel-hespanha\/#primaryimage"},"image":{"@id":"https:\/\/novalaw.unl.pt\/en\/digital-archive-antonio-manuel-hespanha\/#primaryimage"},"thumbnailUrl":"https:\/\/novalaw.unl.pt\/wp-content\/uploads\/2021\/09\/Prof-Antonio-Manuel-Hespanha-scaled-1.png","datePublished":"2021-09-23T11:21:41+00:00","dateModified":"2022-04-05T14:12:21+00:00","breadcrumb":{"@id":"https:\/\/novalaw.unl.pt\/en\/digital-archive-antonio-manuel-hespanha\/#breadcrumb"},"inLanguage":"en-US","potentialAction":[{"@type":"ReadAction","target":["https:\/\/novalaw.unl.pt\/en\/digital-archive-antonio-manuel-hespanha\/"]}]},{"@type":"ImageObject","inLanguage":"en-US","@id":"https:\/\/novalaw.unl.pt\/en\/digital-archive-antonio-manuel-hespanha\/#primaryimage","url":"https:\/\/novalaw.unl.pt\/wp-content\/uploads\/2021\/09\/Prof-Antonio-Manuel-Hespanha-scaled-1.png","contentUrl":"https:\/\/novalaw.unl.pt\/wp-content\/uploads\/2021\/09\/Prof-Antonio-Manuel-Hespanha-scaled-1.png"},{"@type":"BreadcrumbList","@id":"https:\/\/novalaw.unl.pt\/en\/digital-archive-antonio-manuel-hespanha\/#breadcrumb","itemListElement":[{"@type":"ListItem","position":1,"name":"Home","item":"https:\/\/novalaw.unl.pt\/en\/"},{"@type":"ListItem","position":2,"name":"Digital Archive Ant\u00f3nio Manuel Hespanha"}]},{"@type":"WebSite","@id":"https:\/\/novalaw.unl.pt\/#website","url":"https:\/\/novalaw.unl.pt\/","name":"NOVA School of Law | Faculdade de Direito da Universidade NOVA de Lisboa","description":"NOVA School Of Law","publisher":{"@id":"https:\/\/novalaw.unl.pt\/#organization"},"potentialAction":[{"@type":"SearchAction","target":{"@type":"EntryPoint","urlTemplate":"https:\/\/novalaw.unl.pt\/?s={search_term_string}"},"query-input":{"@type":"PropertyValueSpecification","valueRequired":true,"valueName":"search_term_string"}}],"inLanguage":"en-US"},{"@type":"Organization","@id":"https:\/\/novalaw.unl.pt\/#organization","name":"NOVA School of Law","url":"https:\/\/novalaw.unl.pt\/","logo":{"@type":"ImageObject","inLanguage":"en-US","@id":"https:\/\/novalaw.unl.pt\/#\/schema\/logo\/image\/","url":"https:\/\/novalaw.unl.pt\/wp-content\/uploads\/2021\/02\/logo-novalaw.svg","contentUrl":"https:\/\/novalaw.unl.pt\/wp-content\/uploads\/2021\/02\/logo-novalaw.svg","width":991,"height":424,"caption":"NOVA School of Law"},"image":{"@id":"https:\/\/novalaw.unl.pt\/#\/schema\/logo\/image\/"}}]}},"novalaw_begin_date":"","novalaw_begin_date_en":"","novalaw_text":"","novalaw_tag":"","novalaw_tag_en":"","novalaw_link":"","novalaw_link_en":"","novalaw_end_date":"","novalaw_end_date_en":"","novalaw_date":"","novalaw_em_destaque":"","novalaw_tag_src":"","lang":"","_links":{"self":[{"href":"https:\/\/novalaw.unl.pt\/en\/wp-json\/wp\/v2\/pages\/6310","targetHints":{"allow":["GET"]}}],"collection":[{"href":"https:\/\/novalaw.unl.pt\/en\/wp-json\/wp\/v2\/pages"}],"about":[{"href":"https:\/\/novalaw.unl.pt\/en\/wp-json\/wp\/v2\/types\/page"}],"author":[{"embeddable":true,"href":"https:\/\/novalaw.unl.pt\/en\/wp-json\/wp\/v2\/users\/9"}],"replies":[{"embeddable":true,"href":"https:\/\/novalaw.unl.pt\/en\/wp-json\/wp\/v2\/comments?post=6310"}],"version-history":[{"count":25,"href":"https:\/\/novalaw.unl.pt\/en\/wp-json\/wp\/v2\/pages\/6310\/revisions"}],"predecessor-version":[{"id":26111,"href":"https:\/\/novalaw.unl.pt\/en\/wp-json\/wp\/v2\/pages\/6310\/revisions\/26111"}],"wp:attachment":[{"href":"https:\/\/novalaw.unl.pt\/en\/wp-json\/wp\/v2\/media?parent=6310"}],"wp:term":[{"taxonomy":"category","embeddable":true,"href":"https:\/\/novalaw.unl.pt\/en\/wp-json\/wp\/v2\/categories?post=6310"},{"taxonomy":"post_tag","embeddable":true,"href":"https:\/\/novalaw.unl.pt\/en\/wp-json\/wp\/v2\/tags?post=6310"}],"curies":[{"name":"wp","href":"https:\/\/api.w.org\/{rel}","templated":true}]}}