{"id":66246,"date":"2023-11-07T12:25:56","date_gmt":"2023-11-07T12:25:56","guid":{"rendered":"https:\/\/novalaw.unl.pt\/?page_id=66246"},"modified":"2024-01-26T12:57:57","modified_gmt":"2024-01-26T12:57:57","slug":"nova-school-of-law-signs-protocol-with-morais-leitao-galvao-teles-soares-da-silva-associados","status":"publish","type":"page","link":"https:\/\/novalaw.unl.pt\/en\/nova-school-of-law-signs-protocol-with-morais-leitao-galvao-teles-soares-da-silva-associados\/","title":{"rendered":"NOVA School of Law signs protocol with Morais Leit\u00e3o, Galv\u00e3o Teles, Soares da Silva &amp; Associados"},"content":{"rendered":"\t\t<div data-elementor-type=\"wp-page\" data-elementor-id=\"66246\" class=\"elementor elementor-66246\" data-elementor-settings=\"[]\">\n\t\t\t\t\t\t\t<div class=\"elementor-section-wrap\">\n\t\t\t\t\t\t\t<section class=\"elementor-section elementor-top-section elementor-element elementor-element-6eefa85 elementor-section-boxed elementor-section-height-default elementor-section-height-default\" data-id=\"6eefa85\" data-element_type=\"section\">\n\t\t\t\t\t\t<div class=\"elementor-container elementor-column-gap-default\">\n\t\t\t\t\t<div class=\"elementor-column elementor-col-100 elementor-top-column elementor-element elementor-element-6140dffb\" data-id=\"6140dffb\" data-element_type=\"column\">\n\t\t\t<div class=\"elementor-widget-wrap elementor-element-populated\">\n\t\t\t\t\t\t\t\t<div class=\"elementor-element elementor-element-1c854333 elementor-hidden-mobile elementor-hidden-tablet elementor-widget elementor-widget-image\" data-id=\"1c854333\" data-element_type=\"widget\" data-widget_type=\"image.default\">\n\t\t\t\t<div class=\"elementor-widget-container\">\n\t\t\t\t\t\t\t\t\t\t\t\t\t\t\t<img loading=\"lazy\" decoding=\"async\" width=\"1920\" height=\"450\" src=\"https:\/\/novalaw.unl.pt\/wp-content\/uploads\/2023\/11\/Site-ProtocoloMoraisLeitao-desktop.jpg\" class=\"attachment-full size-full\" alt=\"\" srcset=\"https:\/\/novalaw.unl.pt\/wp-content\/uploads\/2023\/11\/Site-ProtocoloMoraisLeitao-desktop.jpg 1920w, https:\/\/novalaw.unl.pt\/wp-content\/uploads\/2023\/11\/Site-ProtocoloMoraisLeitao-desktop-300x70.jpg 300w, https:\/\/novalaw.unl.pt\/wp-content\/uploads\/2023\/11\/Site-ProtocoloMoraisLeitao-desktop-1024x240.jpg 1024w, https:\/\/novalaw.unl.pt\/wp-content\/uploads\/2023\/11\/Site-ProtocoloMoraisLeitao-desktop-768x180.jpg 768w, https:\/\/novalaw.unl.pt\/wp-content\/uploads\/2023\/11\/Site-ProtocoloMoraisLeitao-desktop-1536x360.jpg 1536w\" sizes=\"auto, (max-width: 1920px) 100vw, 1920px\" \/>\t\t\t\t\t\t\t\t\t\t\t\t\t\t\t<\/div>\n\t\t\t\t<\/div>\n\t\t\t\t<div class=\"elementor-element elementor-element-3e594990 elementor-hidden-desktop elementor-hidden-laptop elementor-widget elementor-widget-image\" data-id=\"3e594990\" data-element_type=\"widget\" data-widget_type=\"image.default\">\n\t\t\t\t<div class=\"elementor-widget-container\">\n\t\t\t\t\t\t\t\t\t\t\t\t\t\t\t<img loading=\"lazy\" decoding=\"async\" width=\"720\" height=\"500\" src=\"https:\/\/novalaw.unl.pt\/wp-content\/uploads\/2023\/11\/Site-ProtocoloMoraisLeitao-mobile.jpg\" class=\"attachment-full size-full\" alt=\"\" srcset=\"https:\/\/novalaw.unl.pt\/wp-content\/uploads\/2023\/11\/Site-ProtocoloMoraisLeitao-mobile.jpg 720w, https:\/\/novalaw.unl.pt\/wp-content\/uploads\/2023\/11\/Site-ProtocoloMoraisLeitao-mobile-300x208.jpg 300w\" sizes=\"auto, (max-width: 720px) 100vw, 720px\" \/>\t\t\t\t\t\t\t\t\t\t\t\t\t\t\t<\/div>\n\t\t\t\t<\/div>\n\t\t\t\t\t<\/div>\n\t\t<\/div>\n\t\t\t\t\t\t\t<\/div>\n\t\t<\/section>\n\t\t\t\t<section class=\"elementor-section elementor-top-section elementor-element elementor-element-12d9a843 elementor-section-boxed elementor-section-height-default elementor-section-height-default\" data-id=\"12d9a843\" data-element_type=\"section\">\n\t\t\t\t\t\t<div class=\"elementor-container elementor-column-gap-default\">\n\t\t\t\t\t<div class=\"elementor-column elementor-col-100 elementor-top-column elementor-element elementor-element-41379bc2\" data-id=\"41379bc2\" data-element_type=\"column\">\n\t\t\t<div class=\"elementor-widget-wrap elementor-element-populated\">\n\t\t\t\t\t\t\t\t<div class=\"elementor-element elementor-element-6d02e1da elementor-widget elementor-widget-ekit_wb_28926\" data-id=\"6d02e1da\" data-element_type=\"widget\" data-widget_type=\"ekit_wb_28926.default\">\n\t\t\t\t<div class=\"elementor-widget-container\">\n\t\t\t<h1 class=\"normal-title preto bold-text\">NOVA School of Law signs protocol with Morais Leit\u00e3o, Galv\u00e3o Teles, Soares da Silva & Associados<\/h1>\n\t\t\t\t<\/div>\n\t\t\t\t<\/div>\n\t\t\t\t<div class=\"elementor-element elementor-element-948e638 elementor-widget elementor-widget-post-info\" data-id=\"948e638\" data-element_type=\"widget\" data-widget_type=\"post-info.default\">\n\t\t\t\t<div class=\"elementor-widget-container\">\n\t\t\t\t\t<ul class=\"elementor-inline-items elementor-icon-list-items elementor-post-info\">\n\t\t\t\t\t\t\t\t<li class=\"elementor-icon-list-item elementor-repeater-item-bc243a4 elementor-inline-item\" itemprop=\"datePublished\">\n\t\t\t\t\t\t\t\t\t\t<span class=\"elementor-icon-list-icon\">\n\t\t\t\t\t\t\t\t<i aria-hidden=\"true\" class=\"fas fa-calendar\"><\/i>\t\t\t\t\t\t\t<\/span>\n\t\t\t\t\t\t\t\t\t<span class=\"elementor-icon-list-text elementor-post-info__item elementor-post-info__item--type-date\">\n\t\t\t\t\t\t\t\t\t\t7 de November de 2023\t\t\t\t\t<\/span>\n\t\t\t\t\t\t\t\t<\/li>\n\t\t\t\t<\/ul>\n\t\t\t\t<\/div>\n\t\t\t\t<\/div>\n\t\t\t\t<div class=\"elementor-element elementor-element-11c05ab elementor-widget elementor-widget-text-editor\" data-id=\"11c05ab\" data-element_type=\"widget\" data-widget_type=\"text-editor.default\">\n\t\t\t\t<div class=\"elementor-widget-container\">\n\t\t\t\t\t\t\t<p>With the aim of bringing young people and university education closer to professional activities, NOVA School of Law is seeking to <strong>establish a range of partnerships in which firms support academic research<\/strong> by formulating scientific questions to be addressed by students in their research.<\/p><p>To this end, NOVA School of Law, represented by its Dean, Professor <a href=\"https:\/\/novalaw.unl.pt\/en\/margarida-lima-rego\/\" target=\"_blank\" rel=\"noopener\">Margarida Lima Rego<\/a>, and <a href=\"https:\/\/www.mlgts.pt\/en\/\" target=\"_blank\" rel=\"noopener\">Morais Leit\u00e3o, Galv\u00e3o Teles, Soares da Silva &amp; Associados<\/a>, represented by its Managing Director, <a href=\"https:\/\/www.mlgts.pt\/en\/people\/business-support\/Martim-Krupenski\/1636\/\" target=\"_blank\" rel=\"noopener\">Martim Krupenski<\/a>, have signed a protocol on cooperation for the creation of <strong>&#8220;Market-Based Masters&#8221;,<\/strong> <strong>allowing master\u2019s students direct contact with practical legal questions<\/strong>, preparing them to face professional challenges and an increasingly demanding labour market.<\/p><p>Through this protocol,<strong> the prestigious law firm makes itself available to facilitate the analysis and resolution of student\u2019s research questions, sharing its know-how,<\/strong> namely in areas such as Artificial Intelligence, Fintech, Cripto, Blockchain, Tech Transactions, Digital Services &amp; E-commerce, Cybersecurity, among others, and covering the costs of registering for academically relevant conferences.<\/p><p>This protocol thus continues NOVA School of Law&#8217;s commitment to an increasingly intense articulation between academia and the labour market, in order to prepare jurists with a future and for the future, giving them the skills, not only to deepen their knowledge and to be more competitive, but also to make a difference in society,<\/p>\t\t\t\t\t\t<\/div>\n\t\t\t\t<\/div>\n\t\t\t\t\t<\/div>\n\t\t<\/div>\n\t\t\t\t\t\t\t<\/div>\n\t\t<\/section>\n\t\t\t\t<section class=\"elementor-section elementor-top-section elementor-element elementor-element-318f2308 elementor-section-boxed elementor-section-height-default elementor-section-height-default\" data-id=\"318f2308\" data-element_type=\"section\">\n\t\t\t\t\t\t<div class=\"elementor-container elementor-column-gap-default\">\n\t\t\t\t\t<div class=\"elementor-column elementor-col-100 elementor-top-column elementor-element elementor-element-b839cf\" data-id=\"b839cf\" data-element_type=\"column\">\n\t\t\t<div class=\"elementor-widget-wrap elementor-element-populated\">\n\t\t\t\t\t\t\t\t<div class=\"elementor-element elementor-element-1d98c31 elementor-widget elementor-widget-ekit_wb_10548\" data-id=\"1d98c31\" data-element_type=\"widget\" data-widget_type=\"ekit_wb_10548.default\">\n\t\t\t\t<div class=\"elementor-widget-container\">\n\t\t\t<script type='text\/javascript' src='https:\/\/platform-api.sharethis.com\/js\/sharethis.js#property=64ae9869f57abe0019c4e32e&product=sticky-share-buttons' async='async'><\/script>\n\t\t\t\t<\/div>\n\t\t\t\t<\/div>\n\t\t\t\t\t<\/div>\n\t\t<\/div>\n\t\t\t\t\t\t\t<\/div>\n\t\t<\/section>\n\t\t\t\t\t\t<\/div>\n\t\t\t\t\t<\/div>\n\t\t","protected":false},"excerpt":{"rendered":"<p>NOVA School of Law signs protocol with Morais Leit\u00e3o, Galv\u00e3o Teles, Soares da Silva &#038; Associados With the aim of bringing young people and university education closer to professional activities, NOVA School of Law is seeking to establish a range of partnerships in which firms support academic research by formulating scientific questions to be addressed &hellip;<\/p>\n<p class=\"read-more\"> <a class=\"\" href=\"https:\/\/novalaw.unl.pt\/en\/nova-school-of-law-signs-protocol-with-morais-leitao-galvao-teles-soares-da-silva-associados\/\"> <span class=\"screen-reader-text\">NOVA School of Law signs protocol with Morais Leit\u00e3o, Galv\u00e3o Teles, Soares da Silva &amp; Associados<\/span> Read More &raquo;<\/a><\/p>\n","protected":false},"author":2,"featured_media":0,"parent":0,"menu_order":0,"comment_status":"closed","ping_status":"closed","template":"","meta":{"footnotes":""},"categories":[],"tags":[],"class_list":["post-66246","page","type-page","status-publish","hentry"],"yoast_head":"<!-- This site is optimized with the Yoast SEO Premium plugin v27.5 (Yoast SEO v27.5) - https:\/\/yoast.com\/product\/yoast-seo-premium-wordpress\/ -->\n<title>NOVA School of Law signs protocol with Morais Leit\u00e3o, Galv\u00e3o Teles, Soares da Silva &amp; Associados - NOVA School of Law | Faculdade de Direito da Universidade NOVA de Lisboa<\/title>\n<meta name=\"robots\" content=\"index, follow, max-snippet:-1, max-image-preview:large, max-video-preview:-1\" \/>\n<link rel=\"canonical\" href=\"https:\/\/novalaw.unl.pt\/en\/nova-school-of-law-signs-protocol-with-morais-leitao-galvao-teles-soares-da-silva-associados\/\" \/>\n<meta property=\"og:locale\" content=\"en_US\" \/>\n<meta property=\"og:type\" content=\"article\" \/>\n<meta property=\"og:title\" content=\"NOVA School of Law signs protocol with Morais Leit\u00e3o, Galv\u00e3o Teles, Soares da Silva &amp; Associados\" \/>\n<meta property=\"og:description\" content=\"NOVA School of Law signs protocol with Morais Leit\u00e3o, Galv\u00e3o Teles, Soares da Silva &#038; Associados With the aim of bringing young people and university education closer to professional activities, NOVA School of Law is seeking to establish a range of partnerships in which firms support academic research by formulating scientific questions to be addressed &hellip; NOVA School of Law signs protocol with Morais Leit\u00e3o, Galv\u00e3o Teles, Soares da Silva &amp; Associados Read More &raquo;\" \/>\n<meta property=\"og:url\" content=\"https:\/\/novalaw.unl.pt\/en\/nova-school-of-law-signs-protocol-with-morais-leitao-galvao-teles-soares-da-silva-associados\/\" \/>\n<meta property=\"og:site_name\" content=\"NOVA School of Law | Faculdade de Direito da Universidade NOVA de Lisboa\" \/>\n<meta property=\"article:modified_time\" content=\"2024-01-26T12:57:57+00:00\" \/>\n<meta property=\"og:image\" content=\"https:\/\/novalaw.unl.pt\/wp-content\/uploads\/2023\/11\/Site-ProtocoloMoraisLeitao-desktop.jpg\" \/>\n<meta name=\"twitter:card\" content=\"summary_large_image\" \/>\n<meta name=\"twitter:label1\" content=\"Est. reading time\" \/>\n\t<meta name=\"twitter:data1\" content=\"1 minute\" \/>\n<script type=\"application\/ld+json\" class=\"yoast-schema-graph\">{\"@context\":\"https:\\\/\\\/schema.org\",\"@graph\":[{\"@type\":\"WebPage\",\"@id\":\"https:\\\/\\\/novalaw.unl.pt\\\/en\\\/nova-school-of-law-signs-protocol-with-morais-leitao-galvao-teles-soares-da-silva-associados\\\/\",\"url\":\"https:\\\/\\\/novalaw.unl.pt\\\/en\\\/nova-school-of-law-signs-protocol-with-morais-leitao-galvao-teles-soares-da-silva-associados\\\/\",\"name\":\"NOVA School of Law signs protocol with Morais Leit\u00e3o, Galv\u00e3o Teles, Soares da Silva &amp; Associados - NOVA School of Law | Faculdade de Direito da Universidade NOVA de Lisboa\",\"isPartOf\":{\"@id\":\"https:\\\/\\\/novalaw.unl.pt\\\/#website\"},\"primaryImageOfPage\":{\"@id\":\"https:\\\/\\\/novalaw.unl.pt\\\/en\\\/nova-school-of-law-signs-protocol-with-morais-leitao-galvao-teles-soares-da-silva-associados\\\/#primaryimage\"},\"image\":{\"@id\":\"https:\\\/\\\/novalaw.unl.pt\\\/en\\\/nova-school-of-law-signs-protocol-with-morais-leitao-galvao-teles-soares-da-silva-associados\\\/#primaryimage\"},\"thumbnailUrl\":\"https:\\\/\\\/novalaw.unl.pt\\\/wp-content\\\/uploads\\\/2023\\\/11\\\/Site-ProtocoloMoraisLeitao-desktop.jpg\",\"datePublished\":\"2023-11-07T12:25:56+00:00\",\"dateModified\":\"2024-01-26T12:57:57+00:00\",\"breadcrumb\":{\"@id\":\"https:\\\/\\\/novalaw.unl.pt\\\/en\\\/nova-school-of-law-signs-protocol-with-morais-leitao-galvao-teles-soares-da-silva-associados\\\/#breadcrumb\"},\"inLanguage\":\"en-US\",\"potentialAction\":[{\"@type\":\"ReadAction\",\"target\":[\"https:\\\/\\\/novalaw.unl.pt\\\/en\\\/nova-school-of-law-signs-protocol-with-morais-leitao-galvao-teles-soares-da-silva-associados\\\/\"]}]},{\"@type\":\"ImageObject\",\"inLanguage\":\"en-US\",\"@id\":\"https:\\\/\\\/novalaw.unl.pt\\\/en\\\/nova-school-of-law-signs-protocol-with-morais-leitao-galvao-teles-soares-da-silva-associados\\\/#primaryimage\",\"url\":\"https:\\\/\\\/novalaw.unl.pt\\\/wp-content\\\/uploads\\\/2023\\\/11\\\/Site-ProtocoloMoraisLeitao-desktop.jpg\",\"contentUrl\":\"https:\\\/\\\/novalaw.unl.pt\\\/wp-content\\\/uploads\\\/2023\\\/11\\\/Site-ProtocoloMoraisLeitao-desktop.jpg\"},{\"@type\":\"BreadcrumbList\",\"@id\":\"https:\\\/\\\/novalaw.unl.pt\\\/en\\\/nova-school-of-law-signs-protocol-with-morais-leitao-galvao-teles-soares-da-silva-associados\\\/#breadcrumb\",\"itemListElement\":[{\"@type\":\"ListItem\",\"position\":1,\"name\":\"Home\",\"item\":\"https:\\\/\\\/novalaw.unl.pt\\\/en\\\/\"},{\"@type\":\"ListItem\",\"position\":2,\"name\":\"NOVA School of Law signs protocol with Morais Leit\u00e3o, Galv\u00e3o Teles, Soares da Silva &amp; Associados\"}]},{\"@type\":\"WebSite\",\"@id\":\"https:\\\/\\\/novalaw.unl.pt\\\/#website\",\"url\":\"https:\\\/\\\/novalaw.unl.pt\\\/\",\"name\":\"NOVA School of Law | Faculdade de Direito da Universidade NOVA de Lisboa\",\"description\":\"NOVA School Of Law\",\"publisher\":{\"@id\":\"https:\\\/\\\/novalaw.unl.pt\\\/#organization\"},\"potentialAction\":[{\"@type\":\"SearchAction\",\"target\":{\"@type\":\"EntryPoint\",\"urlTemplate\":\"https:\\\/\\\/novalaw.unl.pt\\\/?s={search_term_string}\"},\"query-input\":{\"@type\":\"PropertyValueSpecification\",\"valueRequired\":true,\"valueName\":\"search_term_string\"}}],\"inLanguage\":\"en-US\"},{\"@type\":\"Organization\",\"@id\":\"https:\\\/\\\/novalaw.unl.pt\\\/#organization\",\"name\":\"NOVA School of Law\",\"url\":\"https:\\\/\\\/novalaw.unl.pt\\\/\",\"logo\":{\"@type\":\"ImageObject\",\"inLanguage\":\"en-US\",\"@id\":\"https:\\\/\\\/novalaw.unl.pt\\\/#\\\/schema\\\/logo\\\/image\\\/\",\"url\":\"https:\\\/\\\/novalaw.unl.pt\\\/wp-content\\\/uploads\\\/2021\\\/02\\\/logo-novalaw.svg\",\"contentUrl\":\"https:\\\/\\\/novalaw.unl.pt\\\/wp-content\\\/uploads\\\/2021\\\/02\\\/logo-novalaw.svg\",\"width\":991,\"height\":424,\"caption\":\"NOVA School of Law\"},\"image\":{\"@id\":\"https:\\\/\\\/novalaw.unl.pt\\\/#\\\/schema\\\/logo\\\/image\\\/\"}}]}<\/script>\n<!-- \/ Yoast SEO Premium plugin. -->","yoast_head_json":{"title":"NOVA School of Law signs protocol with Morais Leit\u00e3o, Galv\u00e3o Teles, Soares da Silva &amp; Associados - NOVA School of Law | Faculdade de Direito da Universidade NOVA de Lisboa","robots":{"index":"index","follow":"follow","max-snippet":"max-snippet:-1","max-image-preview":"max-image-preview:large","max-video-preview":"max-video-preview:-1"},"canonical":"https:\/\/novalaw.unl.pt\/en\/nova-school-of-law-signs-protocol-with-morais-leitao-galvao-teles-soares-da-silva-associados\/","og_locale":"en_US","og_type":"article","og_title":"NOVA School of Law signs protocol with Morais Leit\u00e3o, Galv\u00e3o Teles, Soares da Silva &amp; Associados","og_description":"NOVA School of Law signs protocol with Morais Leit\u00e3o, Galv\u00e3o Teles, Soares da Silva &#038; Associados With the aim of bringing young people and university education closer to professional activities, NOVA School of Law is seeking to establish a range of partnerships in which firms support academic research by formulating scientific questions to be addressed &hellip; NOVA School of Law signs protocol with Morais Leit\u00e3o, Galv\u00e3o Teles, Soares da Silva &amp; Associados Read More &raquo;","og_url":"https:\/\/novalaw.unl.pt\/en\/nova-school-of-law-signs-protocol-with-morais-leitao-galvao-teles-soares-da-silva-associados\/","og_site_name":"NOVA School of Law | Faculdade de Direito da Universidade NOVA de Lisboa","article_modified_time":"2024-01-26T12:57:57+00:00","og_image":[{"url":"https:\/\/novalaw.unl.pt\/wp-content\/uploads\/2023\/11\/Site-ProtocoloMoraisLeitao-desktop.jpg","type":"","width":"","height":""}],"twitter_card":"summary_large_image","twitter_misc":{"Est. reading time":"1 minute"},"schema":{"@context":"https:\/\/schema.org","@graph":[{"@type":"WebPage","@id":"https:\/\/novalaw.unl.pt\/en\/nova-school-of-law-signs-protocol-with-morais-leitao-galvao-teles-soares-da-silva-associados\/","url":"https:\/\/novalaw.unl.pt\/en\/nova-school-of-law-signs-protocol-with-morais-leitao-galvao-teles-soares-da-silva-associados\/","name":"NOVA School of Law signs protocol with Morais Leit\u00e3o, Galv\u00e3o Teles, Soares da Silva &amp; Associados - NOVA School of Law | Faculdade de Direito da Universidade NOVA de Lisboa","isPartOf":{"@id":"https:\/\/novalaw.unl.pt\/#website"},"primaryImageOfPage":{"@id":"https:\/\/novalaw.unl.pt\/en\/nova-school-of-law-signs-protocol-with-morais-leitao-galvao-teles-soares-da-silva-associados\/#primaryimage"},"image":{"@id":"https:\/\/novalaw.unl.pt\/en\/nova-school-of-law-signs-protocol-with-morais-leitao-galvao-teles-soares-da-silva-associados\/#primaryimage"},"thumbnailUrl":"https:\/\/novalaw.unl.pt\/wp-content\/uploads\/2023\/11\/Site-ProtocoloMoraisLeitao-desktop.jpg","datePublished":"2023-11-07T12:25:56+00:00","dateModified":"2024-01-26T12:57:57+00:00","breadcrumb":{"@id":"https:\/\/novalaw.unl.pt\/en\/nova-school-of-law-signs-protocol-with-morais-leitao-galvao-teles-soares-da-silva-associados\/#breadcrumb"},"inLanguage":"en-US","potentialAction":[{"@type":"ReadAction","target":["https:\/\/novalaw.unl.pt\/en\/nova-school-of-law-signs-protocol-with-morais-leitao-galvao-teles-soares-da-silva-associados\/"]}]},{"@type":"ImageObject","inLanguage":"en-US","@id":"https:\/\/novalaw.unl.pt\/en\/nova-school-of-law-signs-protocol-with-morais-leitao-galvao-teles-soares-da-silva-associados\/#primaryimage","url":"https:\/\/novalaw.unl.pt\/wp-content\/uploads\/2023\/11\/Site-ProtocoloMoraisLeitao-desktop.jpg","contentUrl":"https:\/\/novalaw.unl.pt\/wp-content\/uploads\/2023\/11\/Site-ProtocoloMoraisLeitao-desktop.jpg"},{"@type":"BreadcrumbList","@id":"https:\/\/novalaw.unl.pt\/en\/nova-school-of-law-signs-protocol-with-morais-leitao-galvao-teles-soares-da-silva-associados\/#breadcrumb","itemListElement":[{"@type":"ListItem","position":1,"name":"Home","item":"https:\/\/novalaw.unl.pt\/en\/"},{"@type":"ListItem","position":2,"name":"NOVA School of Law signs protocol with Morais Leit\u00e3o, Galv\u00e3o Teles, Soares da Silva &amp; Associados"}]},{"@type":"WebSite","@id":"https:\/\/novalaw.unl.pt\/#website","url":"https:\/\/novalaw.unl.pt\/","name":"NOVA School of Law | Faculdade de Direito da Universidade NOVA de Lisboa","description":"NOVA School Of Law","publisher":{"@id":"https:\/\/novalaw.unl.pt\/#organization"},"potentialAction":[{"@type":"SearchAction","target":{"@type":"EntryPoint","urlTemplate":"https:\/\/novalaw.unl.pt\/?s={search_term_string}"},"query-input":{"@type":"PropertyValueSpecification","valueRequired":true,"valueName":"search_term_string"}}],"inLanguage":"en-US"},{"@type":"Organization","@id":"https:\/\/novalaw.unl.pt\/#organization","name":"NOVA School of Law","url":"https:\/\/novalaw.unl.pt\/","logo":{"@type":"ImageObject","inLanguage":"en-US","@id":"https:\/\/novalaw.unl.pt\/#\/schema\/logo\/image\/","url":"https:\/\/novalaw.unl.pt\/wp-content\/uploads\/2021\/02\/logo-novalaw.svg","contentUrl":"https:\/\/novalaw.unl.pt\/wp-content\/uploads\/2021\/02\/logo-novalaw.svg","width":991,"height":424,"caption":"NOVA School of Law"},"image":{"@id":"https:\/\/novalaw.unl.pt\/#\/schema\/logo\/image\/"}}]}},"novalaw_begin_date":"","novalaw_begin_date_en":"","novalaw_text":"","novalaw_tag":"","novalaw_tag_en":"","novalaw_link":"","novalaw_link_en":"","novalaw_end_date":"","novalaw_end_date_en":"","novalaw_date":"","novalaw_em_destaque":"","novalaw_tag_src":"","lang":"","_links":{"self":[{"href":"https:\/\/novalaw.unl.pt\/en\/wp-json\/wp\/v2\/pages\/66246","targetHints":{"allow":["GET"]}}],"collection":[{"href":"https:\/\/novalaw.unl.pt\/en\/wp-json\/wp\/v2\/pages"}],"about":[{"href":"https:\/\/novalaw.unl.pt\/en\/wp-json\/wp\/v2\/types\/page"}],"author":[{"embeddable":true,"href":"https:\/\/novalaw.unl.pt\/en\/wp-json\/wp\/v2\/users\/2"}],"replies":[{"embeddable":true,"href":"https:\/\/novalaw.unl.pt\/en\/wp-json\/wp\/v2\/comments?post=66246"}],"version-history":[{"count":22,"href":"https:\/\/novalaw.unl.pt\/en\/wp-json\/wp\/v2\/pages\/66246\/revisions"}],"predecessor-version":[{"id":71515,"href":"https:\/\/novalaw.unl.pt\/en\/wp-json\/wp\/v2\/pages\/66246\/revisions\/71515"}],"wp:attachment":[{"href":"https:\/\/novalaw.unl.pt\/en\/wp-json\/wp\/v2\/media?parent=66246"}],"wp:term":[{"taxonomy":"category","embeddable":true,"href":"https:\/\/novalaw.unl.pt\/en\/wp-json\/wp\/v2\/categories?post=66246"},{"taxonomy":"post_tag","embeddable":true,"href":"https:\/\/novalaw.unl.pt\/en\/wp-json\/wp\/v2\/tags?post=66246"}],"curies":[{"name":"wp","href":"https:\/\/api.w.org\/{rel}","templated":true}]}}