{"id":71699,"date":"2024-01-29T13:35:40","date_gmt":"2024-01-29T13:35:40","guid":{"rendered":"https:\/\/novalaw.unl.pt\/?page_id=71699"},"modified":"2024-09-04T07:51:28","modified_gmt":"2024-09-04T07:51:28","slug":"vera-lucia-raposo-elected-hastings-centre-fellow","status":"publish","type":"page","link":"https:\/\/novalaw.unl.pt\/en\/vera-lucia-raposo-elected-hastings-centre-fellow\/","title":{"rendered":"Vera L\u00facia Raposo elected Hastings Centre Fellow"},"content":{"rendered":"\t\t<div data-elementor-type=\"wp-page\" data-elementor-id=\"71699\" class=\"elementor elementor-71699\" data-elementor-settings=\"[]\">\n\t\t\t\t\t\t\t<div class=\"elementor-section-wrap\">\n\t\t\t\t\t\t\t<section class=\"elementor-section elementor-top-section elementor-element elementor-element-29177cbd elementor-section-boxed elementor-section-height-default elementor-section-height-default\" data-id=\"29177cbd\" data-element_type=\"section\">\n\t\t\t\t\t\t<div class=\"elementor-container elementor-column-gap-default\">\n\t\t\t\t\t<div class=\"elementor-column elementor-col-100 elementor-top-column elementor-element elementor-element-7c76dca\" data-id=\"7c76dca\" data-element_type=\"column\">\n\t\t\t<div class=\"elementor-widget-wrap elementor-element-populated\">\n\t\t\t\t\t\t\t\t<div class=\"elementor-element elementor-element-75b2d6b5 elementor-hidden-mobile elementor-hidden-tablet elementor-widget elementor-widget-image\" data-id=\"75b2d6b5\" data-element_type=\"widget\" data-widget_type=\"image.default\">\n\t\t\t\t<div class=\"elementor-widget-container\">\n\t\t\t\t\t\t\t\t\t\t\t\t\t\t\t<img loading=\"lazy\" decoding=\"async\" width=\"1920\" height=\"450\" src=\"https:\/\/novalaw.unl.pt\/wp-content\/uploads\/2024\/01\/SITE-VeraRaposo-desktop.jpg\" class=\"attachment-full size-full\" alt=\"\" srcset=\"https:\/\/novalaw.unl.pt\/wp-content\/uploads\/2024\/01\/SITE-VeraRaposo-desktop.jpg 1920w, https:\/\/novalaw.unl.pt\/wp-content\/uploads\/2024\/01\/SITE-VeraRaposo-desktop-300x70.jpg 300w, https:\/\/novalaw.unl.pt\/wp-content\/uploads\/2024\/01\/SITE-VeraRaposo-desktop-1024x240.jpg 1024w, https:\/\/novalaw.unl.pt\/wp-content\/uploads\/2024\/01\/SITE-VeraRaposo-desktop-768x180.jpg 768w, https:\/\/novalaw.unl.pt\/wp-content\/uploads\/2024\/01\/SITE-VeraRaposo-desktop-1536x360.jpg 1536w\" sizes=\"auto, (max-width: 1920px) 100vw, 1920px\" \/>\t\t\t\t\t\t\t\t\t\t\t\t\t\t\t<\/div>\n\t\t\t\t<\/div>\n\t\t\t\t<div class=\"elementor-element elementor-element-5ceef794 elementor-hidden-desktop elementor-hidden-laptop elementor-widget elementor-widget-image\" data-id=\"5ceef794\" data-element_type=\"widget\" data-widget_type=\"image.default\">\n\t\t\t\t<div class=\"elementor-widget-container\">\n\t\t\t\t\t\t\t\t\t\t\t\t\t\t\t<img loading=\"lazy\" decoding=\"async\" width=\"720\" height=\"500\" src=\"https:\/\/novalaw.unl.pt\/wp-content\/uploads\/2024\/01\/SITE-VeraRaposo-mobile.jpg\" class=\"attachment-full size-full\" alt=\"\" srcset=\"https:\/\/novalaw.unl.pt\/wp-content\/uploads\/2024\/01\/SITE-VeraRaposo-mobile.jpg 720w, https:\/\/novalaw.unl.pt\/wp-content\/uploads\/2024\/01\/SITE-VeraRaposo-mobile-300x208.jpg 300w\" sizes=\"auto, (max-width: 720px) 100vw, 720px\" \/>\t\t\t\t\t\t\t\t\t\t\t\t\t\t\t<\/div>\n\t\t\t\t<\/div>\n\t\t\t\t\t<\/div>\n\t\t<\/div>\n\t\t\t\t\t\t\t<\/div>\n\t\t<\/section>\n\t\t\t\t<section class=\"elementor-section elementor-top-section elementor-element elementor-element-4b5f2fab elementor-section-boxed elementor-section-height-default elementor-section-height-default\" data-id=\"4b5f2fab\" data-element_type=\"section\">\n\t\t\t\t\t\t<div class=\"elementor-container elementor-column-gap-default\">\n\t\t\t\t\t<div class=\"elementor-column elementor-col-100 elementor-top-column elementor-element elementor-element-5a062d\" data-id=\"5a062d\" data-element_type=\"column\">\n\t\t\t<div class=\"elementor-widget-wrap elementor-element-populated\">\n\t\t\t\t\t\t\t\t<div class=\"elementor-element elementor-element-1765af66 elementor-widget elementor-widget-ekit_wb_28926\" data-id=\"1765af66\" data-element_type=\"widget\" data-widget_type=\"ekit_wb_28926.default\">\n\t\t\t\t<div class=\"elementor-widget-container\">\n\t\t\t<h1 class=\"normal-title preto bold-text\">Vera L\u00facia Raposo elected Hastings Centre Fellow<\/h1>\n\t\t\t\t<\/div>\n\t\t\t\t<\/div>\n\t\t\t\t<div class=\"elementor-element elementor-element-2894843 elementor-widget elementor-widget-post-info\" data-id=\"2894843\" data-element_type=\"widget\" data-widget_type=\"post-info.default\">\n\t\t\t\t<div class=\"elementor-widget-container\">\n\t\t\t\t\t<ul class=\"elementor-inline-items elementor-icon-list-items elementor-post-info\">\n\t\t\t\t\t\t\t\t<li class=\"elementor-icon-list-item elementor-repeater-item-bc243a4 elementor-inline-item\" itemprop=\"datePublished\">\n\t\t\t\t\t\t\t\t\t\t<span class=\"elementor-icon-list-icon\">\n\t\t\t\t\t\t\t\t<i aria-hidden=\"true\" class=\"fas fa-calendar\"><\/i>\t\t\t\t\t\t\t<\/span>\n\t\t\t\t\t\t\t\t\t<span class=\"elementor-icon-list-text elementor-post-info__item elementor-post-info__item--type-date\">\n\t\t\t\t\t\t\t\t\t\t29 de January de 2024\t\t\t\t\t<\/span>\n\t\t\t\t\t\t\t\t<\/li>\n\t\t\t\t<\/ul>\n\t\t\t\t<\/div>\n\t\t\t\t<\/div>\n\t\t\t\t<div class=\"elementor-element elementor-element-5d456b5 elementor-widget elementor-widget-text-editor\" data-id=\"5d456b5\" data-element_type=\"widget\" data-widget_type=\"text-editor.default\">\n\t\t\t\t<div class=\"elementor-widget-container\">\n\t\t\t\t\t\t\t<p>NOVA School of Law Professor <a href=\"https:\/\/novalaw.unl.pt\/en\/vera-lucia-raposo\/\">Vera L\u00facia Raposo<\/a> <a href=\"https:\/\/www.thehastingscenter.org\/news\/hastings-center-welcomes-13-new-fellows\/\">has been elected a Fellow of the Hastings Center<\/a> a <a href=\"https:\/\/www.thehastingscenter.org\/who-we-are\/\">prestigious research centre<\/a> <strong>in the USA focusing on bioethics and health policy issues.<\/strong><\/p><p>Each year, the Centre selects individuals from around the world whose research and professional careers it considers meritorious for their <strong>contributions to academic training and\/or public understanding of complex ethical issues in the fields of health, health care, life sciences research and the environment<\/strong>.<\/p><p>Recent <a href=\"https:\/\/www.thehastingscenter.org\/who-we-are\/our-team\/hastings-center-fellows\/\">Fellows<\/a> have worked on a wide range of topics with ethical implications, including digital technologies, public health, end of life inequalities, disability rights, institutional racism, pain and addiction, and climate change.<\/p><p>Applications are highly competitive and require not only outstanding qualifications but also the nomination of a fellow, as was the case with <a href=\"https:\/\/www.thehastingscenter.org\/posts-by-author\/?id=15522\">Professor Jing Bao-Nie<\/a>, who nominated Professor Vera L\u00facia Raposo.<\/p><p>One of the main focuses of the Professor&#8217;s nomination was her <strong>pioneering work in new technologies at a time when they were relatively unknown<\/strong>. A notable example of this approach is her current involvement in the fields of <strong>Artificial Intelligence<\/strong> and <strong>Metaverse<\/strong>, demonstrating her ongoing commitment to the frontiers of knowledge and innovation.<\/p><p>Congratulations!<\/p>\t\t\t\t\t\t<\/div>\n\t\t\t\t<\/div>\n\t\t\t\t\t<\/div>\n\t\t<\/div>\n\t\t\t\t\t\t\t<\/div>\n\t\t<\/section>\n\t\t\t\t<section class=\"elementor-section elementor-top-section elementor-element elementor-element-316dde86 elementor-section-boxed elementor-section-height-default elementor-section-height-default\" data-id=\"316dde86\" data-element_type=\"section\">\n\t\t\t\t\t\t<div class=\"elementor-container elementor-column-gap-default\">\n\t\t\t\t\t<div class=\"elementor-column elementor-col-100 elementor-top-column elementor-element elementor-element-78846f6c\" data-id=\"78846f6c\" data-element_type=\"column\">\n\t\t\t<div class=\"elementor-widget-wrap\">\n\t\t\t\t\t\t\t\t\t<\/div>\n\t\t<\/div>\n\t\t\t\t\t\t\t<\/div>\n\t\t<\/section>\n\t\t\t\t<section class=\"elementor-section elementor-top-section elementor-element elementor-element-1144890f elementor-section-boxed elementor-section-height-default elementor-section-height-default\" data-id=\"1144890f\" data-element_type=\"section\">\n\t\t\t\t\t\t<div class=\"elementor-container elementor-column-gap-default\">\n\t\t\t\t\t<div class=\"elementor-column elementor-col-100 elementor-top-column elementor-element elementor-element-922c3cb\" data-id=\"922c3cb\" data-element_type=\"column\">\n\t\t\t<div class=\"elementor-widget-wrap elementor-element-populated\">\n\t\t\t\t\t\t\t\t<div class=\"elementor-element elementor-element-40f41cd4 elementor-widget elementor-widget-ekit_wb_10548\" data-id=\"40f41cd4\" data-element_type=\"widget\" data-widget_type=\"ekit_wb_10548.default\">\n\t\t\t\t<div class=\"elementor-widget-container\">\n\t\t\t<script type='text\/javascript' src='https:\/\/platform-api.sharethis.com\/js\/sharethis.js#property=64ae9869f57abe0019c4e32e&product=sticky-share-buttons' async='async'><\/script>\n\t\t\t\t<\/div>\n\t\t\t\t<\/div>\n\t\t\t\t\t<\/div>\n\t\t<\/div>\n\t\t\t\t\t\t\t<\/div>\n\t\t<\/section>\n\t\t\t\t\t\t<\/div>\n\t\t\t\t\t<\/div>\n\t\t","protected":false},"excerpt":{"rendered":"<p>Vera L\u00facia Raposo elected Hastings Centre Fellow NOVA School of Law Professor Vera L\u00facia Raposo has been elected a Fellow of the Hastings Center a prestigious research centre in the USA focusing on bioethics and health policy issues. Each year, the Centre selects individuals from around the world whose research and professional careers it considers &hellip;<\/p>\n<p class=\"read-more\"> <a class=\"\" href=\"https:\/\/novalaw.unl.pt\/en\/vera-lucia-raposo-elected-hastings-centre-fellow\/\"> <span class=\"screen-reader-text\">Vera L\u00facia Raposo elected Hastings Centre Fellow<\/span> Read More &raquo;<\/a><\/p>\n","protected":false},"author":2,"featured_media":71494,"parent":0,"menu_order":0,"comment_status":"closed","ping_status":"closed","template":"","meta":{"footnotes":""},"categories":[82],"tags":[113],"class_list":["post-71699","page","type-page","status-publish","has-post-thumbnail","hentry","category-news","tag-news-docente-en"],"yoast_head":"<!-- This site is optimized with the Yoast SEO Premium plugin v27.5 (Yoast SEO v27.5) - https:\/\/yoast.com\/product\/yoast-seo-premium-wordpress\/ -->\n<title>Vera L\u00facia Raposo elected Hastings Centre Fellow - NOVA School of Law | Faculdade de Direito da Universidade NOVA de Lisboa<\/title>\n<meta name=\"robots\" content=\"index, follow, max-snippet:-1, max-image-preview:large, max-video-preview:-1\" \/>\n<link rel=\"canonical\" href=\"https:\/\/novalaw.unl.pt\/vera-lucia-raposo-eleita-hastings-center-fellow\/\" \/>\n<meta property=\"og:locale\" content=\"en_US\" \/>\n<meta property=\"og:type\" content=\"article\" \/>\n<meta property=\"og:title\" content=\"Vera L\u00facia Raposo elected Hastings Centre Fellow\" \/>\n<meta property=\"og:description\" content=\"Vera L\u00facia Raposo elected Hastings Centre Fellow NOVA School of Law Professor Vera L\u00facia Raposo has been elected a Fellow of the Hastings Center a prestigious research centre in the USA focusing on bioethics and health policy issues. Each year, the Centre selects individuals from around the world whose research and professional careers it considers &hellip; Vera L\u00facia Raposo elected Hastings Centre Fellow Read More &raquo;\" \/>\n<meta property=\"og:url\" content=\"https:\/\/novalaw.unl.pt\/vera-lucia-raposo-eleita-hastings-center-fellow\/\" \/>\n<meta property=\"og:site_name\" content=\"NOVA School of Law | Faculdade de Direito da Universidade NOVA de Lisboa\" \/>\n<meta property=\"article:modified_time\" content=\"2024-09-04T07:51:28+00:00\" \/>\n<meta property=\"og:image\" content=\"https:\/\/novalaw.unl.pt\/wp-content\/uploads\/2024\/01\/SITE-VeraRaposo-thumbnail.jpg\" \/>\n\t<meta property=\"og:image:width\" content=\"320\" \/>\n\t<meta property=\"og:image:height\" content=\"200\" \/>\n\t<meta property=\"og:image:type\" content=\"image\/jpeg\" \/>\n<meta name=\"twitter:card\" content=\"summary_large_image\" \/>\n<meta name=\"twitter:label1\" content=\"Est. reading time\" \/>\n\t<meta name=\"twitter:data1\" content=\"1 minute\" \/>\n<script type=\"application\/ld+json\" class=\"yoast-schema-graph\">{\"@context\":\"https:\\\/\\\/schema.org\",\"@graph\":[{\"@type\":\"WebPage\",\"@id\":\"https:\\\/\\\/novalaw.unl.pt\\\/vera-lucia-raposo-eleita-hastings-center-fellow\\\/\",\"url\":\"https:\\\/\\\/novalaw.unl.pt\\\/vera-lucia-raposo-eleita-hastings-center-fellow\\\/\",\"name\":\"Vera L\u00facia Raposo elected Hastings Centre Fellow - NOVA School of Law | Faculdade de Direito da Universidade NOVA de Lisboa\",\"isPartOf\":{\"@id\":\"https:\\\/\\\/novalaw.unl.pt\\\/#website\"},\"primaryImageOfPage\":{\"@id\":\"https:\\\/\\\/novalaw.unl.pt\\\/vera-lucia-raposo-eleita-hastings-center-fellow\\\/#primaryimage\"},\"image\":{\"@id\":\"https:\\\/\\\/novalaw.unl.pt\\\/vera-lucia-raposo-eleita-hastings-center-fellow\\\/#primaryimage\"},\"thumbnailUrl\":\"https:\\\/\\\/novalaw.unl.pt\\\/wp-content\\\/uploads\\\/2024\\\/01\\\/SITE-VeraRaposo-thumbnail.jpg\",\"datePublished\":\"2024-01-29T13:35:40+00:00\",\"dateModified\":\"2024-09-04T07:51:28+00:00\",\"breadcrumb\":{\"@id\":\"https:\\\/\\\/novalaw.unl.pt\\\/vera-lucia-raposo-eleita-hastings-center-fellow\\\/#breadcrumb\"},\"inLanguage\":\"en-US\",\"potentialAction\":[{\"@type\":\"ReadAction\",\"target\":[\"https:\\\/\\\/novalaw.unl.pt\\\/vera-lucia-raposo-eleita-hastings-center-fellow\\\/\"]}]},{\"@type\":\"ImageObject\",\"inLanguage\":\"en-US\",\"@id\":\"https:\\\/\\\/novalaw.unl.pt\\\/vera-lucia-raposo-eleita-hastings-center-fellow\\\/#primaryimage\",\"url\":\"https:\\\/\\\/novalaw.unl.pt\\\/wp-content\\\/uploads\\\/2024\\\/01\\\/SITE-VeraRaposo-thumbnail.jpg\",\"contentUrl\":\"https:\\\/\\\/novalaw.unl.pt\\\/wp-content\\\/uploads\\\/2024\\\/01\\\/SITE-VeraRaposo-thumbnail.jpg\",\"width\":320,\"height\":200,\"caption\":\"A woman with red hair and a green sweater\"},{\"@type\":\"BreadcrumbList\",\"@id\":\"https:\\\/\\\/novalaw.unl.pt\\\/vera-lucia-raposo-eleita-hastings-center-fellow\\\/#breadcrumb\",\"itemListElement\":[{\"@type\":\"ListItem\",\"position\":1,\"name\":\"Home\",\"item\":\"https:\\\/\\\/novalaw.unl.pt\\\/en\\\/\"},{\"@type\":\"ListItem\",\"position\":2,\"name\":\"Vera L\u00facia Raposo elected Hastings Centre Fellow\"}]},{\"@type\":\"WebSite\",\"@id\":\"https:\\\/\\\/novalaw.unl.pt\\\/#website\",\"url\":\"https:\\\/\\\/novalaw.unl.pt\\\/\",\"name\":\"NOVA School of Law | Faculdade de Direito da Universidade NOVA de Lisboa\",\"description\":\"NOVA School Of Law\",\"publisher\":{\"@id\":\"https:\\\/\\\/novalaw.unl.pt\\\/#organization\"},\"potentialAction\":[{\"@type\":\"SearchAction\",\"target\":{\"@type\":\"EntryPoint\",\"urlTemplate\":\"https:\\\/\\\/novalaw.unl.pt\\\/?s={search_term_string}\"},\"query-input\":{\"@type\":\"PropertyValueSpecification\",\"valueRequired\":true,\"valueName\":\"search_term_string\"}}],\"inLanguage\":\"en-US\"},{\"@type\":\"Organization\",\"@id\":\"https:\\\/\\\/novalaw.unl.pt\\\/#organization\",\"name\":\"NOVA School of Law\",\"url\":\"https:\\\/\\\/novalaw.unl.pt\\\/\",\"logo\":{\"@type\":\"ImageObject\",\"inLanguage\":\"en-US\",\"@id\":\"https:\\\/\\\/novalaw.unl.pt\\\/#\\\/schema\\\/logo\\\/image\\\/\",\"url\":\"https:\\\/\\\/novalaw.unl.pt\\\/wp-content\\\/uploads\\\/2021\\\/02\\\/logo-novalaw.svg\",\"contentUrl\":\"https:\\\/\\\/novalaw.unl.pt\\\/wp-content\\\/uploads\\\/2021\\\/02\\\/logo-novalaw.svg\",\"width\":991,\"height\":424,\"caption\":\"NOVA School of Law\"},\"image\":{\"@id\":\"https:\\\/\\\/novalaw.unl.pt\\\/#\\\/schema\\\/logo\\\/image\\\/\"}}]}<\/script>\n<!-- \/ Yoast SEO Premium plugin. -->","yoast_head_json":{"title":"Vera L\u00facia Raposo elected Hastings Centre Fellow - NOVA School of Law | Faculdade de Direito da Universidade NOVA de Lisboa","robots":{"index":"index","follow":"follow","max-snippet":"max-snippet:-1","max-image-preview":"max-image-preview:large","max-video-preview":"max-video-preview:-1"},"canonical":"https:\/\/novalaw.unl.pt\/vera-lucia-raposo-eleita-hastings-center-fellow\/","og_locale":"en_US","og_type":"article","og_title":"Vera L\u00facia Raposo elected Hastings Centre Fellow","og_description":"Vera L\u00facia Raposo elected Hastings Centre Fellow NOVA School of Law Professor Vera L\u00facia Raposo has been elected a Fellow of the Hastings Center a prestigious research centre in the USA focusing on bioethics and health policy issues. Each year, the Centre selects individuals from around the world whose research and professional careers it considers &hellip; Vera L\u00facia Raposo elected Hastings Centre Fellow Read More &raquo;","og_url":"https:\/\/novalaw.unl.pt\/vera-lucia-raposo-eleita-hastings-center-fellow\/","og_site_name":"NOVA School of Law | Faculdade de Direito da Universidade NOVA de Lisboa","article_modified_time":"2024-09-04T07:51:28+00:00","og_image":[{"width":320,"height":200,"url":"https:\/\/novalaw.unl.pt\/wp-content\/uploads\/2024\/01\/SITE-VeraRaposo-thumbnail.jpg","type":"image\/jpeg"}],"twitter_card":"summary_large_image","twitter_misc":{"Est. reading time":"1 minute"},"schema":{"@context":"https:\/\/schema.org","@graph":[{"@type":"WebPage","@id":"https:\/\/novalaw.unl.pt\/vera-lucia-raposo-eleita-hastings-center-fellow\/","url":"https:\/\/novalaw.unl.pt\/vera-lucia-raposo-eleita-hastings-center-fellow\/","name":"Vera L\u00facia Raposo elected Hastings Centre Fellow - NOVA School of Law | Faculdade de Direito da Universidade NOVA de Lisboa","isPartOf":{"@id":"https:\/\/novalaw.unl.pt\/#website"},"primaryImageOfPage":{"@id":"https:\/\/novalaw.unl.pt\/vera-lucia-raposo-eleita-hastings-center-fellow\/#primaryimage"},"image":{"@id":"https:\/\/novalaw.unl.pt\/vera-lucia-raposo-eleita-hastings-center-fellow\/#primaryimage"},"thumbnailUrl":"https:\/\/novalaw.unl.pt\/wp-content\/uploads\/2024\/01\/SITE-VeraRaposo-thumbnail.jpg","datePublished":"2024-01-29T13:35:40+00:00","dateModified":"2024-09-04T07:51:28+00:00","breadcrumb":{"@id":"https:\/\/novalaw.unl.pt\/vera-lucia-raposo-eleita-hastings-center-fellow\/#breadcrumb"},"inLanguage":"en-US","potentialAction":[{"@type":"ReadAction","target":["https:\/\/novalaw.unl.pt\/vera-lucia-raposo-eleita-hastings-center-fellow\/"]}]},{"@type":"ImageObject","inLanguage":"en-US","@id":"https:\/\/novalaw.unl.pt\/vera-lucia-raposo-eleita-hastings-center-fellow\/#primaryimage","url":"https:\/\/novalaw.unl.pt\/wp-content\/uploads\/2024\/01\/SITE-VeraRaposo-thumbnail.jpg","contentUrl":"https:\/\/novalaw.unl.pt\/wp-content\/uploads\/2024\/01\/SITE-VeraRaposo-thumbnail.jpg","width":320,"height":200,"caption":"A woman with red hair and a green sweater"},{"@type":"BreadcrumbList","@id":"https:\/\/novalaw.unl.pt\/vera-lucia-raposo-eleita-hastings-center-fellow\/#breadcrumb","itemListElement":[{"@type":"ListItem","position":1,"name":"Home","item":"https:\/\/novalaw.unl.pt\/en\/"},{"@type":"ListItem","position":2,"name":"Vera L\u00facia Raposo elected Hastings Centre Fellow"}]},{"@type":"WebSite","@id":"https:\/\/novalaw.unl.pt\/#website","url":"https:\/\/novalaw.unl.pt\/","name":"NOVA School of Law | Faculdade de Direito da Universidade NOVA de Lisboa","description":"NOVA School Of Law","publisher":{"@id":"https:\/\/novalaw.unl.pt\/#organization"},"potentialAction":[{"@type":"SearchAction","target":{"@type":"EntryPoint","urlTemplate":"https:\/\/novalaw.unl.pt\/?s={search_term_string}"},"query-input":{"@type":"PropertyValueSpecification","valueRequired":true,"valueName":"search_term_string"}}],"inLanguage":"en-US"},{"@type":"Organization","@id":"https:\/\/novalaw.unl.pt\/#organization","name":"NOVA School of Law","url":"https:\/\/novalaw.unl.pt\/","logo":{"@type":"ImageObject","inLanguage":"en-US","@id":"https:\/\/novalaw.unl.pt\/#\/schema\/logo\/image\/","url":"https:\/\/novalaw.unl.pt\/wp-content\/uploads\/2021\/02\/logo-novalaw.svg","contentUrl":"https:\/\/novalaw.unl.pt\/wp-content\/uploads\/2021\/02\/logo-novalaw.svg","width":991,"height":424,"caption":"NOVA School of Law"},"image":{"@id":"https:\/\/novalaw.unl.pt\/#\/schema\/logo\/image\/"}}]}},"novalaw_begin_date":"","novalaw_begin_date_en":"","novalaw_text":"","novalaw_tag":"","novalaw_tag_en":"","novalaw_link":"","novalaw_link_en":"","novalaw_end_date":"","novalaw_end_date_en":"","novalaw_date":"","novalaw_em_destaque":"","novalaw_tag_src":"","lang":"","_links":{"self":[{"href":"https:\/\/novalaw.unl.pt\/en\/wp-json\/wp\/v2\/pages\/71699","targetHints":{"allow":["GET"]}}],"collection":[{"href":"https:\/\/novalaw.unl.pt\/en\/wp-json\/wp\/v2\/pages"}],"about":[{"href":"https:\/\/novalaw.unl.pt\/en\/wp-json\/wp\/v2\/types\/page"}],"author":[{"embeddable":true,"href":"https:\/\/novalaw.unl.pt\/en\/wp-json\/wp\/v2\/users\/2"}],"replies":[{"embeddable":true,"href":"https:\/\/novalaw.unl.pt\/en\/wp-json\/wp\/v2\/comments?post=71699"}],"version-history":[{"count":4,"href":"https:\/\/novalaw.unl.pt\/en\/wp-json\/wp\/v2\/pages\/71699\/revisions"}],"predecessor-version":[{"id":71703,"href":"https:\/\/novalaw.unl.pt\/en\/wp-json\/wp\/v2\/pages\/71699\/revisions\/71703"}],"wp:featuredmedia":[{"embeddable":true,"href":"https:\/\/novalaw.unl.pt\/en\/wp-json\/wp\/v2\/media\/71494"}],"wp:attachment":[{"href":"https:\/\/novalaw.unl.pt\/en\/wp-json\/wp\/v2\/media?parent=71699"}],"wp:term":[{"taxonomy":"category","embeddable":true,"href":"https:\/\/novalaw.unl.pt\/en\/wp-json\/wp\/v2\/categories?post=71699"},{"taxonomy":"post_tag","embeddable":true,"href":"https:\/\/novalaw.unl.pt\/en\/wp-json\/wp\/v2\/tags?post=71699"}],"curies":[{"name":"wp","href":"https:\/\/api.w.org\/{rel}","templated":true}]}}