{"id":7764,"date":"2021-10-01T10:44:35","date_gmt":"2021-10-01T10:44:35","guid":{"rendered":"https:\/\/novalaw.unl.pt\/?page_id=7764"},"modified":"2026-03-19T11:35:13","modified_gmt":"2026-03-19T11:35:13","slug":"mariana-franca-gouveia","status":"publish","type":"page","link":"https:\/\/novalaw.unl.pt\/en\/mariana-franca-gouveia\/","title":{"rendered":"Mariana Fran\u00e7a Gouveia"},"content":{"rendered":"\t\t<div data-elementor-type=\"wp-page\" data-elementor-id=\"7764\" class=\"elementor elementor-7764\" data-elementor-settings=\"[]\">\n\t\t\t\t\t\t\t<div class=\"elementor-section-wrap\">\n\t\t\t\t\t\t\t<section class=\"elementor-section elementor-top-section elementor-element elementor-element-1b943bd1 elementor-section-height-min-height elementor-section-boxed elementor-section-height-default elementor-section-items-middle\" data-id=\"1b943bd1\" data-element_type=\"section\">\n\t\t\t\t\t\t<div class=\"elementor-container elementor-column-gap-default\">\n\t\t\t\t\t<div class=\"elementor-column elementor-col-100 elementor-top-column elementor-element elementor-element-7390e958\" data-id=\"7390e958\" data-element_type=\"column\">\n\t\t\t<div class=\"elementor-widget-wrap elementor-element-populated\">\n\t\t\t\t\t\t\t\t<section class=\"elementor-section elementor-inner-section elementor-element elementor-element-3cea95e3 elementor-section-boxed elementor-section-height-default elementor-section-height-default\" data-id=\"3cea95e3\" data-element_type=\"section\">\n\t\t\t\t\t\t<div class=\"elementor-container elementor-column-gap-default\">\n\t\t\t\t\t<div class=\"elementor-column elementor-col-50 elementor-inner-column elementor-element elementor-element-383273b3\" data-id=\"383273b3\" data-element_type=\"column\">\n\t\t\t<div class=\"elementor-widget-wrap elementor-element-populated\">\n\t\t\t\t\t\t\t\t<div class=\"elementor-element elementor-element-68002a43 elementor-widget elementor-widget-image\" data-id=\"68002a43\" data-element_type=\"widget\" data-widget_type=\"image.default\">\n\t\t\t\t<div class=\"elementor-widget-container\">\n\t\t\t\t\t\t\t\t\t\t\t\t\t\t\t<img loading=\"lazy\" decoding=\"async\" width=\"202\" height=\"202\" src=\"https:\/\/novalaw.unl.pt\/wp-content\/uploads\/2021\/08\/SITE_docentes-residentes-MARIANA-FRANCA.jpg\" class=\"attachment-large size-large\" alt=\"\" srcset=\"https:\/\/novalaw.unl.pt\/wp-content\/uploads\/2021\/08\/SITE_docentes-residentes-MARIANA-FRANCA.jpg 202w, https:\/\/novalaw.unl.pt\/wp-content\/uploads\/2021\/08\/SITE_docentes-residentes-MARIANA-FRANCA-150x150.jpg 150w, https:\/\/novalaw.unl.pt\/wp-content\/uploads\/2021\/08\/SITE_docentes-residentes-MARIANA-FRANCA-100x100.jpg 100w\" sizes=\"auto, (max-width: 202px) 100vw, 202px\" \/>\t\t\t\t\t\t\t\t\t\t\t\t\t\t\t<\/div>\n\t\t\t\t<\/div>\n\t\t\t\t\t<\/div>\n\t\t<\/div>\n\t\t\t\t<div class=\"elementor-column elementor-col-50 elementor-inner-column elementor-element elementor-element-61bc2edd\" data-id=\"61bc2edd\" data-element_type=\"column\">\n\t\t\t<div class=\"elementor-widget-wrap elementor-element-populated\">\n\t\t\t\t\t\t\t\t<div class=\"elementor-element elementor-element-586358e3 elementor-widget elementor-widget-heading\" data-id=\"586358e3\" data-element_type=\"widget\" data-widget_type=\"heading.default\">\n\t\t\t\t<div class=\"elementor-widget-container\">\n\t\t\t<h1 class=\"elementor-heading-title elementor-size-default\">Mariana Fran\u00e7a Gouveia<\/h1>\t\t<\/div>\n\t\t\t\t<\/div>\n\t\t\t\t<div class=\"elementor-element elementor-element-1ee2dfc7 elementor-widget elementor-widget-heading\" data-id=\"1ee2dfc7\" data-element_type=\"widget\" data-widget_type=\"heading.default\">\n\t\t\t\t<div class=\"elementor-widget-container\">\n\t\t\t<h3 class=\"elementor-heading-title elementor-size-default\">Full Professor<\/h3>\t\t<\/div>\n\t\t\t\t<\/div>\n\t\t\t\t<div class=\"elementor-element elementor-element-0f5a653 elementor-widget elementor-widget-ekit_wb_3521\" data-id=\"0f5a653\" data-element_type=\"widget\" data-widget_type=\"ekit_wb_3521.default\">\n\t\t\t\t<div class=\"elementor-widget-container\">\n\t\t\t<a href=\"mailto:marianagouveia@novalaw.unl.pt\" style=\"vertical-align: middle;\n    display: flex;\">\n    <span><svg xmlns=\"http:\/\/www.w3.org\/2000\/svg\" width=\"32\" height=\"32\" viewBox=\"0 0 32 32\" fill=\"none\"><g clip-path=\"url(#clip0)\"><path fill-rule=\"evenodd\" clip-rule=\"evenodd\" d=\"M13.4915 0.197933C10.3659 0.694111 7.45756 2.10609 5.13445 4.25529C2.81134 6.40449 1.17778 9.19436 0.440381 12.272C-0.297019 15.3497 -0.105136 18.577 0.991764 21.5456C2.08866 24.5142 4.0413 27.0908 6.60272 28.9496C9.16413 30.8084 12.2193 31.8658 15.3817 31.9881C18.5441 32.1104 21.6718 31.2921 24.3691 29.6367C27.0664 27.9813 29.2122 25.5632 30.5351 22.6881C31.858 19.8131 32.2986 16.6103 31.8011 13.4849C31.1342 9.29534 28.8308 5.54213 25.3973 3.05051C21.9638 0.558883 17.6813 -0.467177 13.4915 0.197933ZM24.5524 9.24141L16.9002 16.8936C15.8915 17.8953 15.5089 17.8605 14.5698 16.8936C13.6306 15.9266 7.16803 9.15793 7.16803 9.15793L24.5524 9.24141ZM6.43759 10.2501L12.3854 16.2188L6.43759 22.1527V10.2501ZM7.34194 23.1405L13.2411 17.2136C13.2411 17.2136 13.8463 17.8049 14.4237 18.3197C15.6063 19.3771 16.2045 19.551 17.5472 18.3197L18.7576 17.2136L24.7263 23.1892L7.34194 23.1405ZM25.5193 22.1597L19.5228 16.191L25.5541 10.2571L25.5193 22.1597Z\" fill=\"black\"><\/path><\/g><defs><clipPath id=\"clip0\"><rect width=\"32\" height=\"32\" fill=\"white\"><\/rect><\/clipPath><\/defs><\/svg><\/span>\n    <span style=\"margin:5px\">marianagouveia@novalaw.unl.pt<\/span><\/a>\n\t\t\t\t<\/div>\n\t\t\t\t<\/div>\n\t\t\t\t<div class=\"elementor-element elementor-element-4f2fffcc elementor-absolute elementor-widget elementor-widget-text-editor\" data-id=\"4f2fffcc\" data-element_type=\"widget\" data-settings=\"{&quot;_position&quot;:&quot;absolute&quot;}\" data-widget_type=\"text-editor.default\">\n\t\t\t\t<div class=\"elementor-widget-container\">\n\t\t\t\t\t\t\t<span class=\"tab-click\" style=\"color: #dd0036; font-weight: bold;\" data-target=\"nota-biografica\">Biographical Note<\/span> | <span class=\"tab-click\" data-target=\"experiencia\"> Pedagogical Experience <\/span>| <span class=\"tab-click\" data-target=\"publicacoes\">Main Publications<\/span> | <span class=\"tab-click\" data-target=\"investigacao\">Research Areas<\/span>\t\t\t\t\t\t<\/div>\n\t\t\t\t<\/div>\n\t\t\t\t\t<\/div>\n\t\t<\/div>\n\t\t\t\t\t\t\t<\/div>\n\t\t<\/section>\n\t\t\t\t\t<\/div>\n\t\t<\/div>\n\t\t\t\t\t\t\t<\/div>\n\t\t<\/section>\n\t\t\t\t<section class=\"elementor-section elementor-top-section elementor-element elementor-element-66a28080 elementor-section-boxed elementor-section-height-default elementor-section-height-default\" data-id=\"66a28080\" data-element_type=\"section\">\n\t\t\t\t\t\t<div class=\"elementor-container elementor-column-gap-default\">\n\t\t\t\t\t<div class=\"elementor-column elementor-col-100 elementor-top-column elementor-element elementor-element-1616fafd\" data-id=\"1616fafd\" data-element_type=\"column\">\n\t\t\t<div class=\"elementor-widget-wrap elementor-element-populated\">\n\t\t\t\t\t\t\t\t<div class=\"elementor-element elementor-element-7cd064db tabs-novalaw elementor-widget elementor-widget-text-editor\" data-id=\"7cd064db\" data-element_type=\"widget\" id=\"nota-biografica\" data-widget_type=\"text-editor.default\">\n\t\t\t\t<div class=\"elementor-widget-container\">\n\t\t\t\t\t\t\t<p>Mariana Fran\u00e7a Gouveia has a degree and a PhD in Law. In the same year she graduated from the University of Lisbon (1997) she joined the PhD Program at the NOVA School of Law, and in 2003 she obtained a PhD in Civil Procedural Law (A Causa de Pedir na A\u00e7\u00e3o Declarativa, Almedina, 2004).<\/p><p>Her area of specialisation included, in addition to Civil Procedural Law, Alternative Dispute Resolution, particularly Arbitration and Mediation. In this area she has created and directs the\u00a0<a href=\"https:\/\/novalaw.unl.pt\/en\/nova-dispute-resolution-forum\/\"><strong>NOVA Dispute Resolution Forum<\/strong><\/a>, a knowledge centre that investigates and trains in matters of Civil Procedure and Alternative Dispute Resolution.<\/p><p>Between September 2018 and October 2022 she was the Dean of NOVA School of Law.<\/p><p>She is also a partner at VdA Lawyers, part of the Litigation and Arbitration team.<\/p><p>Her career is divided between management, teaching and academic research, with recognised work in the field of Justice (in particular Economic Justice, FFMS, 2012) and Alternative Dispute Resolution (in particular, Alternative Dispute Resolution Course, Almedina, 2014) and her practice as a lawyer and arbitrator in complex domestic and international arbitration proceedings.<\/p>\t\t\t\t\t\t<\/div>\n\t\t\t\t<\/div>\n\t\t\t\t<div class=\"elementor-element elementor-element-4cb48d37 tabs-novalaw elementor-widget elementor-widget-text-editor\" data-id=\"4cb48d37\" data-element_type=\"widget\" id=\"experiencia\" data-widget_type=\"text-editor.default\">\n\t\t\t\t<div class=\"elementor-widget-container\">\n\t\t\t\t\t\t\t<p class=\"p1\"><strong><span class=\"s1\">Bachelor\u2019s degree (1st Cycle):<\/span><\/strong><\/p><ul><li class=\"p1\"><span class=\"s2\">Process Theory<\/span><\/li><li class=\"p1\"><span class=\"s2\">Declarative Civil Procedural Law<\/span><\/li><li class=\"p1\"><span class=\"s2\">Executive Civil Procedural Law<\/span><\/li><\/ul><p class=\"p1\"><strong><span class=\"s1\">Master\u2019s degree (2nd Cycle):<\/span><\/strong><\/p><ul><li class=\"p1\"><span class=\"s2\">Civil Procedural Practice<\/span><\/li><li class=\"p1\"><span class=\"s2\">Alternative Dispute Resolution<\/span><\/li><li class=\"p1\"><span class=\"s2\">Introduction to Arbitration<\/span><\/li><li class=\"p1\"><span class=\"s2\">International Commercial Arbitration<\/span><\/li><\/ul><p class=\"p1\"><strong><span class=\"s1\">PhD (3rd Cycle):<\/span><\/strong><\/p><ul><li class=\"p1\"><span class=\"s2\">Procedural Law<\/span><\/li><\/ul>\t\t\t\t\t\t<\/div>\n\t\t\t\t<\/div>\n\t\t\t\t<div class=\"elementor-element elementor-element-72d3e856 tabs-novalaw elementor-widget elementor-widget-text-editor\" data-id=\"72d3e856\" data-element_type=\"widget\" id=\"publicacoes\" data-widget_type=\"text-editor.default\">\n\t\t\t\t<div class=\"elementor-widget-container\">\n\t\t\t\t\t\t\t<ul><li class=\"p1\"><span class=\"s1\">International Arbitration in Portugal, edi\u00e7\u00e3o com Andr\u00e9 Pereira da Fonseca, D\u00e1rio Moura Vicente, Alexandra Nascimento Correia e Filipe Vaz Pinto, Wolters Kluwer, 2020<\/span><\/li><li class=\"p1\"><span class=\"s1\">Arbitration in Portuguese-Speaking Jurisdictions, in International Arbitration Law in Brazil, 2020, Oxford University Press, com Ana Carolina Dall\u2019Agnol<\/span><\/li><li class=\"p1\"><span class=\"s1\">Liability of Arbitral Institutions: A Case Law Overview, in Revista Brasileira de Abritragem, 2019, S\u00e3o Paulo, com Ana Coimbra Trigo<\/span><\/li><li class=\"p1\"><span class=\"s1\">Provid\u00eancias Cautelares sem Contradit\u00f3rio decretadas por Tribunal Arbitral, in Revista de Arbitragem e Media\u00e7\u00e3o, 2017 (Ano 14, N. 54), S\u00e3o Paulo, p. 263-334<\/span><\/li><li class=\"p1\"><span class=\"s1\">Ad hoc admission of foreign counsel in international Arbitration-related judicial proceedings, in Young Arbirtration Review, 2017 (Year 6, Ed. 27), dispon\u00edvel em <a href=\"http:\/\/www.yar.com.pt\">www.yar.com.pt<\/a>, com Ana Coimbra Trigo<\/span><\/li><li class=\"p1\"><span class=\"s1\">Curso de Resolu\u00e7\u00e3o Alternativa de Lit\u00edgios, Coimbra, Almedina, 2011 (1\u00aa edi\u00e7\u00e3o), 2012 (2\u00aa edi\u00e7\u00e3o), 2014 (3\u00aa edi\u00e7\u00e3o)<\/span><\/li><li class=\"p1\"><span class=\"s1\">Justi\u00e7a Econ\u00f3mica, com Nuno Garoupa, Pedro Magalh\u00e3es e Jorge Morais Carvalho, Lisboa, Funda\u00e7\u00e3o Francisco Manuel dos Santos, 2013<\/span><\/li><\/ul>\t\t\t\t\t\t<\/div>\n\t\t\t\t<\/div>\n\t\t\t\t<div class=\"elementor-element elementor-element-7e3a4333 tabs-novalaw elementor-widget elementor-widget-text-editor\" data-id=\"7e3a4333\" data-element_type=\"widget\" id=\"investigacao\" data-widget_type=\"text-editor.default\">\n\t\t\t\t<div class=\"elementor-widget-container\">\n\t\t\t\t\t\t\t<ul><li class=\"p1\"><span class=\"s1\">Arbitration<\/span><\/li><li class=\"p1\"><span class=\"s1\">Mediation<\/span><\/li><li class=\"p1\"><span class=\"s1\">Alternative Dispute Resolution<\/span><\/li><li class=\"p1\"><span class=\"s1\">Civil Procedural Law<\/span><\/li><li class=\"p1\"><span class=\"s1\">European Civil Procedure<\/span><\/li><\/ul>\t\t\t\t\t\t<\/div>\n\t\t\t\t<\/div>\n\t\t\t\t\t<\/div>\n\t\t<\/div>\n\t\t\t\t\t\t\t<\/div>\n\t\t<\/section>\n\t\t\t\t<section class=\"elementor-section elementor-top-section elementor-element elementor-element-70e6b53 elementor-section-boxed elementor-section-height-default elementor-section-height-default\" data-id=\"70e6b53\" data-element_type=\"section\">\n\t\t\t\t\t\t<div class=\"elementor-container elementor-column-gap-default\">\n\t\t\t\t\t<div class=\"elementor-column elementor-col-100 elementor-top-column elementor-element elementor-element-80b0c40\" data-id=\"80b0c40\" data-element_type=\"column\" data-settings=\"{&quot;background_background&quot;:&quot;classic&quot;}\">\n\t\t\t<div class=\"elementor-widget-wrap elementor-element-populated\">\n\t\t\t\t\t\t\t\t<section class=\"elementor-section elementor-inner-section elementor-element elementor-element-3f9ae79 elementor-section-boxed elementor-section-height-default elementor-section-height-default\" data-id=\"3f9ae79\" data-element_type=\"section\">\n\t\t\t\t\t\t<div class=\"elementor-container elementor-column-gap-default\">\n\t\t\t\t\t<div class=\"elementor-column elementor-col-50 elementor-inner-column elementor-element elementor-element-2d6d4d2\" data-id=\"2d6d4d2\" data-element_type=\"column\">\n\t\t\t<div class=\"elementor-widget-wrap elementor-element-populated\">\n\t\t\t\t\t\t\t\t<div class=\"elementor-element elementor-element-9029a70 elementor-widget elementor-widget-text-editor\" data-id=\"9029a70\" data-element_type=\"widget\" data-widget_type=\"text-editor.default\">\n\t\t\t\t<div class=\"elementor-widget-container\">\n\t\t\t\t\t\t\t<p><strong>Students Assistance Service:<\/strong><br \/><em>Introduction to Arbitration<\/em> from Master in Litigation and Arbitration &#8211; Tuesday from 5 p.m. to 6 p.m. (Registrations by email)<\/p>\t\t\t\t\t\t<\/div>\n\t\t\t\t<\/div>\n\t\t\t\t\t<\/div>\n\t\t<\/div>\n\t\t\t\t<div class=\"elementor-column elementor-col-50 elementor-inner-column elementor-element elementor-element-82519c7\" data-id=\"82519c7\" data-element_type=\"column\">\n\t\t\t<div class=\"elementor-widget-wrap elementor-element-populated\">\n\t\t\t\t\t\t\t\t<div class=\"elementor-element elementor-element-0ec2343 elementor-widget elementor-widget-text-editor\" data-id=\"0ec2343\" data-element_type=\"widget\" data-widget_type=\"text-editor.default\">\n\t\t\t\t<div class=\"elementor-widget-container\">\n\t\t\t\t\t\t\t<p><a href=\"https:\/\/novaresearch.unl.pt\/en\/persons\/mariana-fran%C3%A7a-gouveia\"><strong>NOVA Research Portal<\/strong><\/a><br \/><a href=\"https:\/\/www.linkedin.com\/in\/mariana-fran%C3%A7a-gouveia-41553ba8\/\"><strong>Linkedin<\/strong><\/a><\/p>\t\t\t\t\t\t<\/div>\n\t\t\t\t<\/div>\n\t\t\t\t\t<\/div>\n\t\t<\/div>\n\t\t\t\t\t\t\t<\/div>\n\t\t<\/section>\n\t\t\t\t\t<\/div>\n\t\t<\/div>\n\t\t\t\t\t\t\t<\/div>\n\t\t<\/section>\n\t\t\t\t<section class=\"elementor-section elementor-top-section elementor-element elementor-element-71e632b1 elementor-section-height-min-height elementor-section-boxed elementor-section-height-default elementor-section-items-middle\" data-id=\"71e632b1\" data-element_type=\"section\">\n\t\t\t\t\t\t<div class=\"elementor-container elementor-column-gap-default\">\n\t\t\t\t\t<div class=\"elementor-column elementor-col-100 elementor-top-column elementor-element elementor-element-4f4bbc31\" data-id=\"4f4bbc31\" data-element_type=\"column\">\n\t\t\t<div class=\"elementor-widget-wrap\">\n\t\t\t\t\t\t\t\t\t<\/div>\n\t\t<\/div>\n\t\t\t\t\t\t\t<\/div>\n\t\t<\/section>\n\t\t\t\t\t\t<\/div>\n\t\t\t\t\t<\/div>\n\t\t","protected":false},"excerpt":{"rendered":"<p>Mariana Fran\u00e7a Gouveia Full Professor marianagouveia@novalaw.unl.pt Biographical Note | Pedagogical Experience | Main Publications | Research Areas Mariana Fran\u00e7a Gouveia has a degree and a PhD in Law. In the same year she graduated from the University of Lisbon (1997) she joined the PhD Program at the NOVA School of Law, and in 2003 she &hellip;<\/p>\n<p class=\"read-more\"> <a class=\"\" href=\"https:\/\/novalaw.unl.pt\/en\/mariana-franca-gouveia\/\"> <span class=\"screen-reader-text\">Mariana Fran\u00e7a Gouveia<\/span> Read More &raquo;<\/a><\/p>\n","protected":false},"author":2,"featured_media":0,"parent":0,"menu_order":118,"comment_status":"closed","ping_status":"closed","template":"","meta":{"footnotes":""},"categories":[],"tags":[],"class_list":["post-7764","page","type-page","status-publish","hentry"],"yoast_head":"<!-- This site is optimized with the Yoast SEO Premium plugin v27.4 (Yoast SEO v27.4) - https:\/\/yoast.com\/product\/yoast-seo-premium-wordpress\/ -->\n<title>Mariana Fran\u00e7a Gouveia - NOVA School of Law | Faculdade de Direito da Universidade NOVA de Lisboa<\/title>\n<meta name=\"robots\" content=\"index, follow, max-snippet:-1, max-image-preview:large, max-video-preview:-1\" \/>\n<link rel=\"canonical\" href=\"https:\/\/novalaw.unl.pt\/mariana-franca-gouveia\/\" \/>\n<meta property=\"og:locale\" content=\"en_US\" \/>\n<meta property=\"og:type\" content=\"article\" \/>\n<meta property=\"og:title\" content=\"Mariana Fran\u00e7a Gouveia\" \/>\n<meta property=\"og:description\" content=\"Mariana Fran\u00e7a Gouveia Full Professor marianagouveia@novalaw.unl.pt Biographical Note | Pedagogical Experience | Main Publications | Research Areas Mariana Fran\u00e7a Gouveia has a degree and a PhD in Law. In the same year she graduated from the University of Lisbon (1997) she joined the PhD Program at the NOVA School of Law, and in 2003 she &hellip; Mariana Fran\u00e7a Gouveia Read More &raquo;\" \/>\n<meta property=\"og:url\" content=\"https:\/\/novalaw.unl.pt\/mariana-franca-gouveia\/\" \/>\n<meta property=\"og:site_name\" content=\"NOVA School of Law | Faculdade de Direito da Universidade NOVA de Lisboa\" \/>\n<meta property=\"article:modified_time\" content=\"2026-03-19T11:35:13+00:00\" \/>\n<meta property=\"og:image\" content=\"https:\/\/novalaw.unl.pt\/wp-content\/uploads\/2021\/08\/SITE_docentes-residentes-MARIANA-FRANCA.jpg\" \/>\n<meta name=\"twitter:card\" content=\"summary_large_image\" \/>\n<meta name=\"twitter:label1\" content=\"Est. reading time\" \/>\n\t<meta name=\"twitter:data1\" content=\"3 minutes\" \/>\n<script type=\"application\/ld+json\" class=\"yoast-schema-graph\">{\"@context\":\"https:\\\/\\\/schema.org\",\"@graph\":[{\"@type\":\"WebPage\",\"@id\":\"https:\\\/\\\/novalaw.unl.pt\\\/mariana-franca-gouveia\\\/\",\"url\":\"https:\\\/\\\/novalaw.unl.pt\\\/mariana-franca-gouveia\\\/\",\"name\":\"Mariana Fran\u00e7a Gouveia - NOVA School of Law | Faculdade de Direito da Universidade NOVA de Lisboa\",\"isPartOf\":{\"@id\":\"https:\\\/\\\/novalaw.unl.pt\\\/#website\"},\"primaryImageOfPage\":{\"@id\":\"https:\\\/\\\/novalaw.unl.pt\\\/mariana-franca-gouveia\\\/#primaryimage\"},\"image\":{\"@id\":\"https:\\\/\\\/novalaw.unl.pt\\\/mariana-franca-gouveia\\\/#primaryimage\"},\"thumbnailUrl\":\"https:\\\/\\\/novalaw.unl.pt\\\/wp-content\\\/uploads\\\/2021\\\/08\\\/SITE_docentes-residentes-MARIANA-FRANCA.jpg\",\"datePublished\":\"2021-10-01T10:44:35+00:00\",\"dateModified\":\"2026-03-19T11:35:13+00:00\",\"breadcrumb\":{\"@id\":\"https:\\\/\\\/novalaw.unl.pt\\\/mariana-franca-gouveia\\\/#breadcrumb\"},\"inLanguage\":\"en-US\",\"potentialAction\":[{\"@type\":\"ReadAction\",\"target\":[\"https:\\\/\\\/novalaw.unl.pt\\\/mariana-franca-gouveia\\\/\"]}]},{\"@type\":\"ImageObject\",\"inLanguage\":\"en-US\",\"@id\":\"https:\\\/\\\/novalaw.unl.pt\\\/mariana-franca-gouveia\\\/#primaryimage\",\"url\":\"https:\\\/\\\/novalaw.unl.pt\\\/wp-content\\\/uploads\\\/2021\\\/08\\\/SITE_docentes-residentes-MARIANA-FRANCA.jpg\",\"contentUrl\":\"https:\\\/\\\/novalaw.unl.pt\\\/wp-content\\\/uploads\\\/2021\\\/08\\\/SITE_docentes-residentes-MARIANA-FRANCA.jpg\"},{\"@type\":\"BreadcrumbList\",\"@id\":\"https:\\\/\\\/novalaw.unl.pt\\\/mariana-franca-gouveia\\\/#breadcrumb\",\"itemListElement\":[{\"@type\":\"ListItem\",\"position\":1,\"name\":\"Home\",\"item\":\"https:\\\/\\\/novalaw.unl.pt\\\/en\\\/\"},{\"@type\":\"ListItem\",\"position\":2,\"name\":\"Mariana Fran\u00e7a Gouveia\"}]},{\"@type\":\"WebSite\",\"@id\":\"https:\\\/\\\/novalaw.unl.pt\\\/#website\",\"url\":\"https:\\\/\\\/novalaw.unl.pt\\\/\",\"name\":\"NOVA School of Law | Faculdade de Direito da Universidade NOVA de Lisboa\",\"description\":\"NOVA School Of Law\",\"publisher\":{\"@id\":\"https:\\\/\\\/novalaw.unl.pt\\\/#organization\"},\"potentialAction\":[{\"@type\":\"SearchAction\",\"target\":{\"@type\":\"EntryPoint\",\"urlTemplate\":\"https:\\\/\\\/novalaw.unl.pt\\\/?s={search_term_string}\"},\"query-input\":{\"@type\":\"PropertyValueSpecification\",\"valueRequired\":true,\"valueName\":\"search_term_string\"}}],\"inLanguage\":\"en-US\"},{\"@type\":\"Organization\",\"@id\":\"https:\\\/\\\/novalaw.unl.pt\\\/#organization\",\"name\":\"NOVA School of Law\",\"url\":\"https:\\\/\\\/novalaw.unl.pt\\\/\",\"logo\":{\"@type\":\"ImageObject\",\"inLanguage\":\"en-US\",\"@id\":\"https:\\\/\\\/novalaw.unl.pt\\\/#\\\/schema\\\/logo\\\/image\\\/\",\"url\":\"https:\\\/\\\/novalaw.unl.pt\\\/wp-content\\\/uploads\\\/2021\\\/02\\\/logo-novalaw.svg\",\"contentUrl\":\"https:\\\/\\\/novalaw.unl.pt\\\/wp-content\\\/uploads\\\/2021\\\/02\\\/logo-novalaw.svg\",\"width\":991,\"height\":424,\"caption\":\"NOVA School of Law\"},\"image\":{\"@id\":\"https:\\\/\\\/novalaw.unl.pt\\\/#\\\/schema\\\/logo\\\/image\\\/\"}}]}<\/script>\n<!-- \/ Yoast SEO Premium plugin. -->","yoast_head_json":{"title":"Mariana Fran\u00e7a Gouveia - NOVA School of Law | Faculdade de Direito da Universidade NOVA de Lisboa","robots":{"index":"index","follow":"follow","max-snippet":"max-snippet:-1","max-image-preview":"max-image-preview:large","max-video-preview":"max-video-preview:-1"},"canonical":"https:\/\/novalaw.unl.pt\/mariana-franca-gouveia\/","og_locale":"en_US","og_type":"article","og_title":"Mariana Fran\u00e7a Gouveia","og_description":"Mariana Fran\u00e7a Gouveia Full Professor marianagouveia@novalaw.unl.pt Biographical Note | Pedagogical Experience | Main Publications | Research Areas Mariana Fran\u00e7a Gouveia has a degree and a PhD in Law. In the same year she graduated from the University of Lisbon (1997) she joined the PhD Program at the NOVA School of Law, and in 2003 she &hellip; Mariana Fran\u00e7a Gouveia Read More &raquo;","og_url":"https:\/\/novalaw.unl.pt\/mariana-franca-gouveia\/","og_site_name":"NOVA School of Law | Faculdade de Direito da Universidade NOVA de Lisboa","article_modified_time":"2026-03-19T11:35:13+00:00","og_image":[{"url":"https:\/\/novalaw.unl.pt\/wp-content\/uploads\/2021\/08\/SITE_docentes-residentes-MARIANA-FRANCA.jpg","type":"","width":"","height":""}],"twitter_card":"summary_large_image","twitter_misc":{"Est. reading time":"3 minutes"},"schema":{"@context":"https:\/\/schema.org","@graph":[{"@type":"WebPage","@id":"https:\/\/novalaw.unl.pt\/mariana-franca-gouveia\/","url":"https:\/\/novalaw.unl.pt\/mariana-franca-gouveia\/","name":"Mariana Fran\u00e7a Gouveia - NOVA School of Law | Faculdade de Direito da Universidade NOVA de Lisboa","isPartOf":{"@id":"https:\/\/novalaw.unl.pt\/#website"},"primaryImageOfPage":{"@id":"https:\/\/novalaw.unl.pt\/mariana-franca-gouveia\/#primaryimage"},"image":{"@id":"https:\/\/novalaw.unl.pt\/mariana-franca-gouveia\/#primaryimage"},"thumbnailUrl":"https:\/\/novalaw.unl.pt\/wp-content\/uploads\/2021\/08\/SITE_docentes-residentes-MARIANA-FRANCA.jpg","datePublished":"2021-10-01T10:44:35+00:00","dateModified":"2026-03-19T11:35:13+00:00","breadcrumb":{"@id":"https:\/\/novalaw.unl.pt\/mariana-franca-gouveia\/#breadcrumb"},"inLanguage":"en-US","potentialAction":[{"@type":"ReadAction","target":["https:\/\/novalaw.unl.pt\/mariana-franca-gouveia\/"]}]},{"@type":"ImageObject","inLanguage":"en-US","@id":"https:\/\/novalaw.unl.pt\/mariana-franca-gouveia\/#primaryimage","url":"https:\/\/novalaw.unl.pt\/wp-content\/uploads\/2021\/08\/SITE_docentes-residentes-MARIANA-FRANCA.jpg","contentUrl":"https:\/\/novalaw.unl.pt\/wp-content\/uploads\/2021\/08\/SITE_docentes-residentes-MARIANA-FRANCA.jpg"},{"@type":"BreadcrumbList","@id":"https:\/\/novalaw.unl.pt\/mariana-franca-gouveia\/#breadcrumb","itemListElement":[{"@type":"ListItem","position":1,"name":"Home","item":"https:\/\/novalaw.unl.pt\/en\/"},{"@type":"ListItem","position":2,"name":"Mariana Fran\u00e7a Gouveia"}]},{"@type":"WebSite","@id":"https:\/\/novalaw.unl.pt\/#website","url":"https:\/\/novalaw.unl.pt\/","name":"NOVA School of Law | Faculdade de Direito da Universidade NOVA de Lisboa","description":"NOVA School Of Law","publisher":{"@id":"https:\/\/novalaw.unl.pt\/#organization"},"potentialAction":[{"@type":"SearchAction","target":{"@type":"EntryPoint","urlTemplate":"https:\/\/novalaw.unl.pt\/?s={search_term_string}"},"query-input":{"@type":"PropertyValueSpecification","valueRequired":true,"valueName":"search_term_string"}}],"inLanguage":"en-US"},{"@type":"Organization","@id":"https:\/\/novalaw.unl.pt\/#organization","name":"NOVA School of Law","url":"https:\/\/novalaw.unl.pt\/","logo":{"@type":"ImageObject","inLanguage":"en-US","@id":"https:\/\/novalaw.unl.pt\/#\/schema\/logo\/image\/","url":"https:\/\/novalaw.unl.pt\/wp-content\/uploads\/2021\/02\/logo-novalaw.svg","contentUrl":"https:\/\/novalaw.unl.pt\/wp-content\/uploads\/2021\/02\/logo-novalaw.svg","width":991,"height":424,"caption":"NOVA School of Law"},"image":{"@id":"https:\/\/novalaw.unl.pt\/#\/schema\/logo\/image\/"}}]}},"novalaw_begin_date":"","novalaw_begin_date_en":"","novalaw_text":"","novalaw_tag":"","novalaw_tag_en":"","novalaw_link":"","novalaw_link_en":"","novalaw_end_date":"","novalaw_end_date_en":"","novalaw_date":"","novalaw_em_destaque":"","novalaw_tag_src":"","lang":"","_links":{"self":[{"href":"https:\/\/novalaw.unl.pt\/en\/wp-json\/wp\/v2\/pages\/7764","targetHints":{"allow":["GET"]}}],"collection":[{"href":"https:\/\/novalaw.unl.pt\/en\/wp-json\/wp\/v2\/pages"}],"about":[{"href":"https:\/\/novalaw.unl.pt\/en\/wp-json\/wp\/v2\/types\/page"}],"author":[{"embeddable":true,"href":"https:\/\/novalaw.unl.pt\/en\/wp-json\/wp\/v2\/users\/2"}],"replies":[{"embeddable":true,"href":"https:\/\/novalaw.unl.pt\/en\/wp-json\/wp\/v2\/comments?post=7764"}],"version-history":[{"count":34,"href":"https:\/\/novalaw.unl.pt\/en\/wp-json\/wp\/v2\/pages\/7764\/revisions"}],"predecessor-version":[{"id":110938,"href":"https:\/\/novalaw.unl.pt\/en\/wp-json\/wp\/v2\/pages\/7764\/revisions\/110938"}],"wp:attachment":[{"href":"https:\/\/novalaw.unl.pt\/en\/wp-json\/wp\/v2\/media?parent=7764"}],"wp:term":[{"taxonomy":"category","embeddable":true,"href":"https:\/\/novalaw.unl.pt\/en\/wp-json\/wp\/v2\/categories?post=7764"},{"taxonomy":"post_tag","embeddable":true,"href":"https:\/\/novalaw.unl.pt\/en\/wp-json\/wp\/v2\/tags?post=7764"}],"curies":[{"name":"wp","href":"https:\/\/api.w.org\/{rel}","templated":true}]}}