{"id":8435,"date":"2021-10-06T17:30:15","date_gmt":"2021-10-06T17:30:15","guid":{"rendered":"https:\/\/novalaw.unl.pt\/?page_id=8435"},"modified":"2025-09-03T16:17:21","modified_gmt":"2025-09-03T16:17:21","slug":"joao-pedro-pinto-ferreira","status":"publish","type":"page","link":"https:\/\/novalaw.unl.pt\/en\/joao-pedro-pinto-ferreira\/","title":{"rendered":"Jo\u00e3o Pedro Pinto-Ferreira"},"content":{"rendered":"\t\t<div data-elementor-type=\"wp-page\" data-elementor-id=\"8435\" class=\"elementor elementor-8435\" data-elementor-settings=\"[]\">\n\t\t\t\t\t\t\t<div class=\"elementor-section-wrap\">\n\t\t\t\t\t\t\t<section class=\"elementor-section elementor-top-section elementor-element elementor-element-11efbd68 elementor-section-height-min-height elementor-section-boxed elementor-section-height-default elementor-section-items-middle\" data-id=\"11efbd68\" data-element_type=\"section\">\n\t\t\t\t\t\t<div class=\"elementor-container elementor-column-gap-default\">\n\t\t\t\t\t<div class=\"elementor-column elementor-col-100 elementor-top-column elementor-element elementor-element-5e5cb236\" data-id=\"5e5cb236\" data-element_type=\"column\">\n\t\t\t<div class=\"elementor-widget-wrap elementor-element-populated\">\n\t\t\t\t\t\t\t\t<section class=\"elementor-section elementor-inner-section elementor-element elementor-element-383e1afd elementor-section-boxed elementor-section-height-default elementor-section-height-default\" data-id=\"383e1afd\" data-element_type=\"section\">\n\t\t\t\t\t\t<div class=\"elementor-container elementor-column-gap-default\">\n\t\t\t\t\t<div class=\"elementor-column elementor-col-50 elementor-inner-column elementor-element elementor-element-6910f44a\" data-id=\"6910f44a\" data-element_type=\"column\">\n\t\t\t<div class=\"elementor-widget-wrap elementor-element-populated\">\n\t\t\t\t\t\t\t\t<div class=\"elementor-element elementor-element-71eddf49 elementor-widget elementor-widget-image\" data-id=\"71eddf49\" data-element_type=\"widget\" data-widget_type=\"image.default\">\n\t\t\t\t<div class=\"elementor-widget-container\">\n\t\t\t\t\t\t\t\t\t\t\t\t\t\t\t<img loading=\"lazy\" decoding=\"async\" width=\"202\" height=\"202\" src=\"https:\/\/novalaw.unl.pt\/wp-content\/uploads\/2022\/03\/SITE_docentes-investigadores-JOAO-PEDRO-PINTO_new.jpg\" class=\"attachment-large size-large\" alt=\"\" srcset=\"https:\/\/novalaw.unl.pt\/wp-content\/uploads\/2022\/03\/SITE_docentes-investigadores-JOAO-PEDRO-PINTO_new.jpg 202w, https:\/\/novalaw.unl.pt\/wp-content\/uploads\/2022\/03\/SITE_docentes-investigadores-JOAO-PEDRO-PINTO_new-150x150.jpg 150w\" sizes=\"auto, (max-width: 202px) 100vw, 202px\" \/>\t\t\t\t\t\t\t\t\t\t\t\t\t\t\t<\/div>\n\t\t\t\t<\/div>\n\t\t\t\t\t<\/div>\n\t\t<\/div>\n\t\t\t\t<div class=\"elementor-column elementor-col-50 elementor-inner-column elementor-element elementor-element-5e90769a\" data-id=\"5e90769a\" data-element_type=\"column\">\n\t\t\t<div class=\"elementor-widget-wrap elementor-element-populated\">\n\t\t\t\t\t\t\t\t<div class=\"elementor-element elementor-element-705e8e9f elementor-widget elementor-widget-heading\" data-id=\"705e8e9f\" data-element_type=\"widget\" data-widget_type=\"heading.default\">\n\t\t\t\t<div class=\"elementor-widget-container\">\n\t\t\t<h1 class=\"elementor-heading-title elementor-size-default\">Jo\u00e3o Pedro Pinto-Ferreira<\/h1>\t\t<\/div>\n\t\t\t\t<\/div>\n\t\t\t\t<div class=\"elementor-element elementor-element-2da9f78a elementor-widget elementor-widget-heading\" data-id=\"2da9f78a\" data-element_type=\"widget\" data-widget_type=\"heading.default\">\n\t\t\t\t<div class=\"elementor-widget-container\">\n\t\t\t<h3 class=\"elementor-heading-title elementor-size-default\">Assistant Professor and Vice Dean<\/h3>\t\t<\/div>\n\t\t\t\t<\/div>\n\t\t\t\t<div class=\"elementor-element elementor-element-02fbbd5 elementor-widget elementor-widget-ekit_wb_3521\" data-id=\"02fbbd5\" data-element_type=\"widget\" data-widget_type=\"ekit_wb_3521.default\">\n\t\t\t\t<div class=\"elementor-widget-container\">\n\t\t\t<a href=\"mailto:joao.pintoferreira@novalaw.unl.pt\" style=\"vertical-align: middle;\n    display: flex;\">\n    <span><svg xmlns=\"http:\/\/www.w3.org\/2000\/svg\" width=\"32\" height=\"32\" viewBox=\"0 0 32 32\" fill=\"none\"><g clip-path=\"url(#clip0)\"><path fill-rule=\"evenodd\" clip-rule=\"evenodd\" d=\"M13.4915 0.197933C10.3659 0.694111 7.45756 2.10609 5.13445 4.25529C2.81134 6.40449 1.17778 9.19436 0.440381 12.272C-0.297019 15.3497 -0.105136 18.577 0.991764 21.5456C2.08866 24.5142 4.0413 27.0908 6.60272 28.9496C9.16413 30.8084 12.2193 31.8658 15.3817 31.9881C18.5441 32.1104 21.6718 31.2921 24.3691 29.6367C27.0664 27.9813 29.2122 25.5632 30.5351 22.6881C31.858 19.8131 32.2986 16.6103 31.8011 13.4849C31.1342 9.29534 28.8308 5.54213 25.3973 3.05051C21.9638 0.558883 17.6813 -0.467177 13.4915 0.197933ZM24.5524 9.24141L16.9002 16.8936C15.8915 17.8953 15.5089 17.8605 14.5698 16.8936C13.6306 15.9266 7.16803 9.15793 7.16803 9.15793L24.5524 9.24141ZM6.43759 10.2501L12.3854 16.2188L6.43759 22.1527V10.2501ZM7.34194 23.1405L13.2411 17.2136C13.2411 17.2136 13.8463 17.8049 14.4237 18.3197C15.6063 19.3771 16.2045 19.551 17.5472 18.3197L18.7576 17.2136L24.7263 23.1892L7.34194 23.1405ZM25.5193 22.1597L19.5228 16.191L25.5541 10.2571L25.5193 22.1597Z\" fill=\"black\"><\/path><\/g><defs><clipPath id=\"clip0\"><rect width=\"32\" height=\"32\" fill=\"white\"><\/rect><\/clipPath><\/defs><\/svg><\/span>\n    <span style=\"margin:5px\">joao.pintoferreira@novalaw.unl.pt<\/span><\/a>\n\t\t\t\t<\/div>\n\t\t\t\t<\/div>\n\t\t\t\t<div class=\"elementor-element elementor-element-c5ed658 elementor-absolute elementor-widget elementor-widget-text-editor\" data-id=\"c5ed658\" data-element_type=\"widget\" data-settings=\"{&quot;_position&quot;:&quot;absolute&quot;}\" data-widget_type=\"text-editor.default\">\n\t\t\t\t<div class=\"elementor-widget-container\">\n\t\t\t\t\t\t\t<span class=\"tab-click\" style=\"color: #dd0036; font-weight: bold;\" data-target=\"nota-biografica\">Biographical Note<\/span> | <span class=\"tab-click\" data-target=\"experiencia\"> Pedagogical Experience <\/span>| <span class=\"tab-click\" data-target=\"publicacoes\">Main Publications<\/span> | <span class=\"tab-click\" data-target=\"investigacao\">Research Areas<\/span>\t\t\t\t\t\t<\/div>\n\t\t\t\t<\/div>\n\t\t\t\t\t<\/div>\n\t\t<\/div>\n\t\t\t\t\t\t\t<\/div>\n\t\t<\/section>\n\t\t\t\t\t<\/div>\n\t\t<\/div>\n\t\t\t\t\t\t\t<\/div>\n\t\t<\/section>\n\t\t\t\t<section class=\"elementor-section elementor-top-section elementor-element elementor-element-328b2a72 elementor-section-boxed elementor-section-height-default elementor-section-height-default\" data-id=\"328b2a72\" data-element_type=\"section\">\n\t\t\t\t\t\t<div class=\"elementor-container elementor-column-gap-default\">\n\t\t\t\t\t<div class=\"elementor-column elementor-col-100 elementor-top-column elementor-element elementor-element-56a829d6\" data-id=\"56a829d6\" data-element_type=\"column\">\n\t\t\t<div class=\"elementor-widget-wrap elementor-element-populated\">\n\t\t\t\t\t\t\t\t<div class=\"elementor-element elementor-element-3fc2a1e5 tabs-novalaw elementor-widget elementor-widget-text-editor\" data-id=\"3fc2a1e5\" data-element_type=\"widget\" id=\"nota-biografica\" data-widget_type=\"text-editor.default\">\n\t\t\t\t<div class=\"elementor-widget-container\">\n\t\t\t\t\t\t\t<p>Jo\u00e3o Pedro Pinto-Ferreira has a Bachelor in Law (2008), a Master&#8217;s in Litigation (2010) and a PhD in Procedural Law (2020), all from NOVA School of Law. <br \/>He is currently Vice Dean of NOVA School of Law and coordinator of the <a href=\"https:\/\/novalaw.unl.pt\/en\/master-in-litigation-and-arbitration\/\">Master&#8217;s in Litigation and Arbitration<\/a>.<\/p><p>He is also an integrated researcher of <a href=\"https:\/\/novalaw.unl.pt\/en\/cedis\/\">CEDIS \u2013 Center for Research &amp; Development on Law and Society<\/a> and coordinates <a href=\"https:\/\/novalaw.unl.pt\/en\/nova-dispute-resolution-forum\/\">NOVA Dispute Resolution Forum<\/a>. He was co-principal investigator of the research project \u201cIN_SOLVENS: Insolvency Law in Portugal \u2013 A Multidisciplinary Analysis.\u201d<br \/><br \/>He has more than 20 publications in Civil Procedure Law, Insolvency, and Alternative Dispute Resolution; over the years, he has participated as speaker in more than 30 conferences, courses and seminars.<\/p>\t\t\t\t\t\t<\/div>\n\t\t\t\t<\/div>\n\t\t\t\t<div class=\"elementor-element elementor-element-70bfcb02 tabs-novalaw elementor-widget elementor-widget-text-editor\" data-id=\"70bfcb02\" data-element_type=\"widget\" id=\"experiencia\" data-widget_type=\"text-editor.default\">\n\t\t\t\t<div class=\"elementor-widget-container\">\n\t\t\t\t\t\t\t<p><strong>Bachelor\u2019s degree (1st cycle)<\/strong><\/p><ul><li>Enforcement Proceedings<\/li><li>Process Theory<\/li><\/ul><p><strong>Master\u2019s degree (2nd cycle)<\/strong><\/p><ul><li>Introduction to Mediation<\/li><li>Insolvency Law<\/li><li>Interim Measures<\/li><li>Civil Procedure Practice<\/li><\/ul>\t\t\t\t\t\t<\/div>\n\t\t\t\t<\/div>\n\t\t\t\t<div class=\"elementor-element elementor-element-804feb5 tabs-novalaw elementor-widget elementor-widget-text-editor\" data-id=\"804feb5\" data-element_type=\"widget\" id=\"publicacoes\" data-widget_type=\"text-editor.default\">\n\t\t\t\t<div class=\"elementor-widget-container\">\n\t\t\t\t\t\t\t<p><strong>Main publications<\/strong><\/p><ul><li>&#8220;<em>Adequa\u00e7\u00e3o formal e garantias processuais na a\u00e7\u00e3o declarativa<\/em>&#8220;, Almedina, Coimbra, 2022<\/li><li>&#8220;<em>Manual de resolu\u00e7\u00e3o alternativa de lit\u00edgios de consumo<\/em>&#8220;, Almedina, Coimbra, 2017 (with Jorge Morais Carvalho and Joana Campos Carvalho)<\/li><li>\u201c<em>Fundamentos de oposi\u00e7\u00e3o \u00e0 execu\u00e7\u00e3o de requerimento de injun\u00e7\u00e3o com f\u00f3rmula execut\u00f3ria: Entre a celeridade e o direito de defesa<\/em>\u201d, in &#8220;<em>Estudos em homenagem ao Professor Doutor Jo\u00e3o Caupers<\/em>&#8220;, vol. I, Gestlegal, Coimbra, 2024, pp. 593-631 (with Pedro Miguel Silva).<\/li><li>\u201c<em>Processo Especial para Acordo de Pagamento: Novas e velhas quest\u00f5es<\/em>\u201d, in <em>Revista de Direito da Insolv\u00eancia,<\/em> n.\u00ba 8, 2023, pp. 33-68 (with\u00a0 Fernando Ta\u00ednhas)<\/li><li>\u201c<em>Princ\u00edpio da gest\u00e3o processual: um novo paradigma?<\/em>\u201d, &#8220;<em>Estudos em homenagem \u00e0 Professora Doutora Maria Helena Brito<\/em>&#8220;, vol. II, Gestlegal, Coimbra, 2022, pp. 595-627<\/li><li>\u201c<em>Portugal<\/em>\u201d, in A Guide to consumer insolvency proceedings in Europe, Edward Elgar Publishing, Cheltenham\/Northampton, 2019, pp. 802-815 (with Jorge Morais Carvalho)<\/li><li>\u201c<em>Consumer ADR in Portugal<\/em>\u201d, in Journal of European Consumer and Market Law, vol. 7, 2018, pp. 89-91 (with Joana Campos Carvalho)<\/li><li>\u201c<em>A alega\u00e7\u00e3o oportuna da incompet\u00eancia e da irregularidade na constitui\u00e7\u00e3o do tribunal arbitral na jurisprud\u00eancia<\/em>\u201d, in &#8220;<em>Estudos em homenagem ao Prof. Doutor Jos\u00e9 Lebre de Freitas<\/em>&#8220;, vol. II, Coimbra Editora, Coimbra, 2013, pp. 759-809<\/li><li>\u201c<em>O \u00e2mbito subjetivo do caso julgado e o sentido da decis\u00e3o no contencioso de invalidade de delibera\u00e7\u00f5es sociais<\/em>\u201d, in Themis, ano 12, 2012, n.os 22\/23, pp. 145-173.<\/li><li>\u201c<em>Litiscons\u00f3rcio necess\u00e1rio legal e litiscons\u00f3rcio necess\u00e1rio natural. A necessidade ou n\u00e3o da distin\u00e7\u00e3o<\/em>\u201d, in Themis, ano 10, 2010, n.\u00ba 19, pp. 73-113<\/li><\/ul>\t\t\t\t\t\t<\/div>\n\t\t\t\t<\/div>\n\t\t\t\t<div class=\"elementor-element elementor-element-72d04dbd tabs-novalaw elementor-widget elementor-widget-text-editor\" data-id=\"72d04dbd\" data-element_type=\"widget\" id=\"investigacao\" data-widget_type=\"text-editor.default\">\n\t\t\t\t<div class=\"elementor-widget-container\">\n\t\t\t\t\t\t\t<ul><li>Civil Procedure Law<\/li><li>Insolvency Law<\/li><li>Alternative Dispute Resolution<\/li><li>Consumer Law<\/li><\/ul>\t\t\t\t\t\t<\/div>\n\t\t\t\t<\/div>\n\t\t\t\t\t<\/div>\n\t\t<\/div>\n\t\t\t\t\t\t\t<\/div>\n\t\t<\/section>\n\t\t\t\t<section class=\"elementor-section elementor-top-section elementor-element elementor-element-4e08755f elementor-section-height-min-height elementor-section-boxed elementor-section-height-default elementor-section-items-middle\" data-id=\"4e08755f\" data-element_type=\"section\">\n\t\t\t\t\t\t<div class=\"elementor-container elementor-column-gap-default\">\n\t\t\t\t\t<div class=\"elementor-column elementor-col-100 elementor-top-column elementor-element elementor-element-1fadb01e\" data-id=\"1fadb01e\" data-element_type=\"column\">\n\t\t\t<div class=\"elementor-widget-wrap\">\n\t\t\t\t\t\t\t\t\t<\/div>\n\t\t<\/div>\n\t\t\t\t\t\t\t<\/div>\n\t\t<\/section>\n\t\t\t\t\t\t<\/div>\n\t\t\t\t\t<\/div>\n\t\t","protected":false},"excerpt":{"rendered":"<p>Jo\u00e3o Pedro Pinto-Ferreira Assistant Professor and Vice Dean joao.pintoferreira@novalaw.unl.pt Biographical Note | Pedagogical Experience | Main Publications | Research Areas Jo\u00e3o Pedro Pinto-Ferreira has a Bachelor in Law (2008), a Master&#8217;s in Litigation (2010) and a PhD in Procedural Law (2020), all from NOVA School of Law. He is currently Vice Dean of NOVA School &hellip;<\/p>\n<p class=\"read-more\"> <a class=\"\" href=\"https:\/\/novalaw.unl.pt\/en\/joao-pedro-pinto-ferreira\/\"> <span class=\"screen-reader-text\">Jo\u00e3o Pedro Pinto-Ferreira<\/span> Read More &raquo;<\/a><\/p>\n","protected":false},"author":2,"featured_media":0,"parent":0,"menu_order":381,"comment_status":"closed","ping_status":"closed","template":"","meta":{"footnotes":""},"categories":[],"tags":[],"class_list":["post-8435","page","type-page","status-publish","hentry"],"yoast_head":"<!-- This site is optimized with the Yoast SEO Premium plugin v27.4 (Yoast SEO v27.4) - https:\/\/yoast.com\/product\/yoast-seo-premium-wordpress\/ -->\n<title>Jo\u00e3o Pedro Pinto-Ferreira - NOVA School of Law | Faculdade de Direito da Universidade NOVA de Lisboa<\/title>\n<meta name=\"robots\" content=\"index, follow, max-snippet:-1, max-image-preview:large, max-video-preview:-1\" \/>\n<link rel=\"canonical\" href=\"https:\/\/novalaw.unl.pt\/joao-pedro-pinto-ferreira\/\" \/>\n<meta property=\"og:locale\" content=\"en_US\" \/>\n<meta property=\"og:type\" content=\"article\" \/>\n<meta property=\"og:title\" content=\"Jo\u00e3o Pedro Pinto-Ferreira\" \/>\n<meta property=\"og:description\" content=\"Jo\u00e3o Pedro Pinto-Ferreira Assistant Professor and Vice Dean joao.pintoferreira@novalaw.unl.pt Biographical Note | Pedagogical Experience | Main Publications | Research Areas Jo\u00e3o Pedro Pinto-Ferreira has a Bachelor in Law (2008), a Master&#8217;s in Litigation (2010) and a PhD in Procedural Law (2020), all from NOVA School of Law. He is currently Vice Dean of NOVA School &hellip; Jo\u00e3o Pedro Pinto-Ferreira Read More &raquo;\" \/>\n<meta property=\"og:url\" content=\"https:\/\/novalaw.unl.pt\/joao-pedro-pinto-ferreira\/\" \/>\n<meta property=\"og:site_name\" content=\"NOVA School of Law | Faculdade de Direito da Universidade NOVA de Lisboa\" \/>\n<meta property=\"article:modified_time\" content=\"2025-09-03T16:17:21+00:00\" \/>\n<meta property=\"og:image\" content=\"https:\/\/novalaw.unl.pt\/wp-content\/uploads\/2022\/03\/SITE_docentes-investigadores-JOAO-PEDRO-PINTO_new.jpg\" \/>\n<meta name=\"twitter:card\" content=\"summary_large_image\" \/>\n<meta name=\"twitter:label1\" content=\"Est. reading time\" \/>\n\t<meta name=\"twitter:data1\" content=\"1 minute\" \/>\n<script type=\"application\/ld+json\" class=\"yoast-schema-graph\">{\"@context\":\"https:\\\/\\\/schema.org\",\"@graph\":[{\"@type\":\"WebPage\",\"@id\":\"https:\\\/\\\/novalaw.unl.pt\\\/joao-pedro-pinto-ferreira\\\/\",\"url\":\"https:\\\/\\\/novalaw.unl.pt\\\/joao-pedro-pinto-ferreira\\\/\",\"name\":\"Jo\u00e3o Pedro Pinto-Ferreira - NOVA School of Law | Faculdade de Direito da Universidade NOVA de Lisboa\",\"isPartOf\":{\"@id\":\"https:\\\/\\\/novalaw.unl.pt\\\/#website\"},\"primaryImageOfPage\":{\"@id\":\"https:\\\/\\\/novalaw.unl.pt\\\/joao-pedro-pinto-ferreira\\\/#primaryimage\"},\"image\":{\"@id\":\"https:\\\/\\\/novalaw.unl.pt\\\/joao-pedro-pinto-ferreira\\\/#primaryimage\"},\"thumbnailUrl\":\"https:\\\/\\\/novalaw.unl.pt\\\/wp-content\\\/uploads\\\/2022\\\/03\\\/SITE_docentes-investigadores-JOAO-PEDRO-PINTO_new.jpg\",\"datePublished\":\"2021-10-06T17:30:15+00:00\",\"dateModified\":\"2025-09-03T16:17:21+00:00\",\"breadcrumb\":{\"@id\":\"https:\\\/\\\/novalaw.unl.pt\\\/joao-pedro-pinto-ferreira\\\/#breadcrumb\"},\"inLanguage\":\"en-US\",\"potentialAction\":[{\"@type\":\"ReadAction\",\"target\":[\"https:\\\/\\\/novalaw.unl.pt\\\/joao-pedro-pinto-ferreira\\\/\"]}]},{\"@type\":\"ImageObject\",\"inLanguage\":\"en-US\",\"@id\":\"https:\\\/\\\/novalaw.unl.pt\\\/joao-pedro-pinto-ferreira\\\/#primaryimage\",\"url\":\"https:\\\/\\\/novalaw.unl.pt\\\/wp-content\\\/uploads\\\/2022\\\/03\\\/SITE_docentes-investigadores-JOAO-PEDRO-PINTO_new.jpg\",\"contentUrl\":\"https:\\\/\\\/novalaw.unl.pt\\\/wp-content\\\/uploads\\\/2022\\\/03\\\/SITE_docentes-investigadores-JOAO-PEDRO-PINTO_new.jpg\"},{\"@type\":\"BreadcrumbList\",\"@id\":\"https:\\\/\\\/novalaw.unl.pt\\\/joao-pedro-pinto-ferreira\\\/#breadcrumb\",\"itemListElement\":[{\"@type\":\"ListItem\",\"position\":1,\"name\":\"Home\",\"item\":\"https:\\\/\\\/novalaw.unl.pt\\\/en\\\/\"},{\"@type\":\"ListItem\",\"position\":2,\"name\":\"Jo\u00e3o Pedro Pinto-Ferreira\"}]},{\"@type\":\"WebSite\",\"@id\":\"https:\\\/\\\/novalaw.unl.pt\\\/#website\",\"url\":\"https:\\\/\\\/novalaw.unl.pt\\\/\",\"name\":\"NOVA School of Law | Faculdade de Direito da Universidade NOVA de Lisboa\",\"description\":\"NOVA School Of Law\",\"publisher\":{\"@id\":\"https:\\\/\\\/novalaw.unl.pt\\\/#organization\"},\"potentialAction\":[{\"@type\":\"SearchAction\",\"target\":{\"@type\":\"EntryPoint\",\"urlTemplate\":\"https:\\\/\\\/novalaw.unl.pt\\\/?s={search_term_string}\"},\"query-input\":{\"@type\":\"PropertyValueSpecification\",\"valueRequired\":true,\"valueName\":\"search_term_string\"}}],\"inLanguage\":\"en-US\"},{\"@type\":\"Organization\",\"@id\":\"https:\\\/\\\/novalaw.unl.pt\\\/#organization\",\"name\":\"NOVA School of Law\",\"url\":\"https:\\\/\\\/novalaw.unl.pt\\\/\",\"logo\":{\"@type\":\"ImageObject\",\"inLanguage\":\"en-US\",\"@id\":\"https:\\\/\\\/novalaw.unl.pt\\\/#\\\/schema\\\/logo\\\/image\\\/\",\"url\":\"https:\\\/\\\/novalaw.unl.pt\\\/wp-content\\\/uploads\\\/2021\\\/02\\\/logo-novalaw.svg\",\"contentUrl\":\"https:\\\/\\\/novalaw.unl.pt\\\/wp-content\\\/uploads\\\/2021\\\/02\\\/logo-novalaw.svg\",\"width\":991,\"height\":424,\"caption\":\"NOVA School of Law\"},\"image\":{\"@id\":\"https:\\\/\\\/novalaw.unl.pt\\\/#\\\/schema\\\/logo\\\/image\\\/\"}}]}<\/script>\n<!-- \/ Yoast SEO Premium plugin. -->","yoast_head_json":{"title":"Jo\u00e3o Pedro Pinto-Ferreira - NOVA School of Law | Faculdade de Direito da Universidade NOVA de Lisboa","robots":{"index":"index","follow":"follow","max-snippet":"max-snippet:-1","max-image-preview":"max-image-preview:large","max-video-preview":"max-video-preview:-1"},"canonical":"https:\/\/novalaw.unl.pt\/joao-pedro-pinto-ferreira\/","og_locale":"en_US","og_type":"article","og_title":"Jo\u00e3o Pedro Pinto-Ferreira","og_description":"Jo\u00e3o Pedro Pinto-Ferreira Assistant Professor and Vice Dean joao.pintoferreira@novalaw.unl.pt Biographical Note | Pedagogical Experience | Main Publications | Research Areas Jo\u00e3o Pedro Pinto-Ferreira has a Bachelor in Law (2008), a Master&#8217;s in Litigation (2010) and a PhD in Procedural Law (2020), all from NOVA School of Law. He is currently Vice Dean of NOVA School &hellip; Jo\u00e3o Pedro Pinto-Ferreira Read More &raquo;","og_url":"https:\/\/novalaw.unl.pt\/joao-pedro-pinto-ferreira\/","og_site_name":"NOVA School of Law | Faculdade de Direito da Universidade NOVA de Lisboa","article_modified_time":"2025-09-03T16:17:21+00:00","og_image":[{"url":"https:\/\/novalaw.unl.pt\/wp-content\/uploads\/2022\/03\/SITE_docentes-investigadores-JOAO-PEDRO-PINTO_new.jpg","type":"","width":"","height":""}],"twitter_card":"summary_large_image","twitter_misc":{"Est. reading time":"1 minute"},"schema":{"@context":"https:\/\/schema.org","@graph":[{"@type":"WebPage","@id":"https:\/\/novalaw.unl.pt\/joao-pedro-pinto-ferreira\/","url":"https:\/\/novalaw.unl.pt\/joao-pedro-pinto-ferreira\/","name":"Jo\u00e3o Pedro Pinto-Ferreira - NOVA School of Law | Faculdade de Direito da Universidade NOVA de Lisboa","isPartOf":{"@id":"https:\/\/novalaw.unl.pt\/#website"},"primaryImageOfPage":{"@id":"https:\/\/novalaw.unl.pt\/joao-pedro-pinto-ferreira\/#primaryimage"},"image":{"@id":"https:\/\/novalaw.unl.pt\/joao-pedro-pinto-ferreira\/#primaryimage"},"thumbnailUrl":"https:\/\/novalaw.unl.pt\/wp-content\/uploads\/2022\/03\/SITE_docentes-investigadores-JOAO-PEDRO-PINTO_new.jpg","datePublished":"2021-10-06T17:30:15+00:00","dateModified":"2025-09-03T16:17:21+00:00","breadcrumb":{"@id":"https:\/\/novalaw.unl.pt\/joao-pedro-pinto-ferreira\/#breadcrumb"},"inLanguage":"en-US","potentialAction":[{"@type":"ReadAction","target":["https:\/\/novalaw.unl.pt\/joao-pedro-pinto-ferreira\/"]}]},{"@type":"ImageObject","inLanguage":"en-US","@id":"https:\/\/novalaw.unl.pt\/joao-pedro-pinto-ferreira\/#primaryimage","url":"https:\/\/novalaw.unl.pt\/wp-content\/uploads\/2022\/03\/SITE_docentes-investigadores-JOAO-PEDRO-PINTO_new.jpg","contentUrl":"https:\/\/novalaw.unl.pt\/wp-content\/uploads\/2022\/03\/SITE_docentes-investigadores-JOAO-PEDRO-PINTO_new.jpg"},{"@type":"BreadcrumbList","@id":"https:\/\/novalaw.unl.pt\/joao-pedro-pinto-ferreira\/#breadcrumb","itemListElement":[{"@type":"ListItem","position":1,"name":"Home","item":"https:\/\/novalaw.unl.pt\/en\/"},{"@type":"ListItem","position":2,"name":"Jo\u00e3o Pedro Pinto-Ferreira"}]},{"@type":"WebSite","@id":"https:\/\/novalaw.unl.pt\/#website","url":"https:\/\/novalaw.unl.pt\/","name":"NOVA School of Law | Faculdade de Direito da Universidade NOVA de Lisboa","description":"NOVA School Of Law","publisher":{"@id":"https:\/\/novalaw.unl.pt\/#organization"},"potentialAction":[{"@type":"SearchAction","target":{"@type":"EntryPoint","urlTemplate":"https:\/\/novalaw.unl.pt\/?s={search_term_string}"},"query-input":{"@type":"PropertyValueSpecification","valueRequired":true,"valueName":"search_term_string"}}],"inLanguage":"en-US"},{"@type":"Organization","@id":"https:\/\/novalaw.unl.pt\/#organization","name":"NOVA School of Law","url":"https:\/\/novalaw.unl.pt\/","logo":{"@type":"ImageObject","inLanguage":"en-US","@id":"https:\/\/novalaw.unl.pt\/#\/schema\/logo\/image\/","url":"https:\/\/novalaw.unl.pt\/wp-content\/uploads\/2021\/02\/logo-novalaw.svg","contentUrl":"https:\/\/novalaw.unl.pt\/wp-content\/uploads\/2021\/02\/logo-novalaw.svg","width":991,"height":424,"caption":"NOVA School of Law"},"image":{"@id":"https:\/\/novalaw.unl.pt\/#\/schema\/logo\/image\/"}}]}},"novalaw_begin_date":"","novalaw_begin_date_en":"","novalaw_text":"","novalaw_tag":"","novalaw_tag_en":"","novalaw_link":"","novalaw_link_en":"","novalaw_end_date":"","novalaw_end_date_en":"","novalaw_date":"","novalaw_em_destaque":"","novalaw_tag_src":"","lang":"","_links":{"self":[{"href":"https:\/\/novalaw.unl.pt\/en\/wp-json\/wp\/v2\/pages\/8435","targetHints":{"allow":["GET"]}}],"collection":[{"href":"https:\/\/novalaw.unl.pt\/en\/wp-json\/wp\/v2\/pages"}],"about":[{"href":"https:\/\/novalaw.unl.pt\/en\/wp-json\/wp\/v2\/types\/page"}],"author":[{"embeddable":true,"href":"https:\/\/novalaw.unl.pt\/en\/wp-json\/wp\/v2\/users\/2"}],"replies":[{"embeddable":true,"href":"https:\/\/novalaw.unl.pt\/en\/wp-json\/wp\/v2\/comments?post=8435"}],"version-history":[{"count":52,"href":"https:\/\/novalaw.unl.pt\/en\/wp-json\/wp\/v2\/pages\/8435\/revisions"}],"predecessor-version":[{"id":100193,"href":"https:\/\/novalaw.unl.pt\/en\/wp-json\/wp\/v2\/pages\/8435\/revisions\/100193"}],"wp:attachment":[{"href":"https:\/\/novalaw.unl.pt\/en\/wp-json\/wp\/v2\/media?parent=8435"}],"wp:term":[{"taxonomy":"category","embeddable":true,"href":"https:\/\/novalaw.unl.pt\/en\/wp-json\/wp\/v2\/categories?post=8435"},{"taxonomy":"post_tag","embeddable":true,"href":"https:\/\/novalaw.unl.pt\/en\/wp-json\/wp\/v2\/tags?post=8435"}],"curies":[{"name":"wp","href":"https:\/\/api.w.org\/{rel}","templated":true}]}}