{"id":8471,"date":"2021-10-06T17:51:19","date_gmt":"2021-10-06T17:51:19","guid":{"rendered":"https:\/\/novalaw.unl.pt\/?page_id=8471"},"modified":"2022-04-05T14:11:56","modified_gmt":"2022-04-05T14:11:56","slug":"marta-costa","status":"publish","type":"page","link":"https:\/\/novalaw.unl.pt\/en\/marta-costa\/","title":{"rendered":"Marta Costa"},"content":{"rendered":"\t\t<div data-elementor-type=\"wp-page\" data-elementor-id=\"8471\" class=\"elementor elementor-8471\" data-elementor-settings=\"[]\">\n\t\t\t\t\t\t\t<div class=\"elementor-section-wrap\">\n\t\t\t\t\t\t\t<section class=\"elementor-section elementor-top-section elementor-element elementor-element-12212680 elementor-section-height-min-height elementor-section-boxed elementor-section-height-default elementor-section-items-middle\" data-id=\"12212680\" data-element_type=\"section\">\n\t\t\t\t\t\t<div class=\"elementor-container elementor-column-gap-default\">\n\t\t\t\t\t<div class=\"elementor-column elementor-col-100 elementor-top-column elementor-element elementor-element-4e41d6b7\" data-id=\"4e41d6b7\" data-element_type=\"column\">\n\t\t\t<div class=\"elementor-widget-wrap elementor-element-populated\">\n\t\t\t\t\t\t\t\t<section class=\"elementor-section elementor-inner-section elementor-element elementor-element-42d6d18 elementor-section-boxed elementor-section-height-default elementor-section-height-default\" data-id=\"42d6d18\" data-element_type=\"section\">\n\t\t\t\t\t\t<div class=\"elementor-container elementor-column-gap-default\">\n\t\t\t\t\t<div class=\"elementor-column elementor-col-50 elementor-inner-column elementor-element elementor-element-4aab36b7\" data-id=\"4aab36b7\" data-element_type=\"column\">\n\t\t\t<div class=\"elementor-widget-wrap elementor-element-populated\">\n\t\t\t\t\t\t\t\t<div class=\"elementor-element elementor-element-2c72c00b elementor-widget elementor-widget-image\" data-id=\"2c72c00b\" data-element_type=\"widget\" data-widget_type=\"image.default\">\n\t\t\t\t<div class=\"elementor-widget-container\">\n\t\t\t\t\t\t\t\t\t\t\t\t\t\t\t<img loading=\"lazy\" decoding=\"async\" width=\"202\" height=\"202\" src=\"https:\/\/novalaw.unl.pt\/wp-content\/uploads\/2021\/08\/SITE_docentes-investigadores-MARTA-COSTA.jpg\" class=\"attachment-large size-large\" alt=\"\" srcset=\"https:\/\/novalaw.unl.pt\/wp-content\/uploads\/2021\/08\/SITE_docentes-investigadores-MARTA-COSTA.jpg 202w, https:\/\/novalaw.unl.pt\/wp-content\/uploads\/2021\/08\/SITE_docentes-investigadores-MARTA-COSTA-150x150.jpg 150w, https:\/\/novalaw.unl.pt\/wp-content\/uploads\/2021\/08\/SITE_docentes-investigadores-MARTA-COSTA-100x100.jpg 100w\" sizes=\"auto, (max-width: 202px) 100vw, 202px\" \/>\t\t\t\t\t\t\t\t\t\t\t\t\t\t\t<\/div>\n\t\t\t\t<\/div>\n\t\t\t\t\t<\/div>\n\t\t<\/div>\n\t\t\t\t<div class=\"elementor-column elementor-col-50 elementor-inner-column elementor-element elementor-element-2b3e1924\" data-id=\"2b3e1924\" data-element_type=\"column\">\n\t\t\t<div class=\"elementor-widget-wrap elementor-element-populated\">\n\t\t\t\t\t\t\t\t<div class=\"elementor-element elementor-element-4e889173 elementor-widget elementor-widget-heading\" data-id=\"4e889173\" data-element_type=\"widget\" data-widget_type=\"heading.default\">\n\t\t\t\t<div class=\"elementor-widget-container\">\n\t\t\t<h1 class=\"elementor-heading-title elementor-size-default\">Marta Costa<\/h1>\t\t<\/div>\n\t\t\t\t<\/div>\n\t\t\t\t<div class=\"elementor-element elementor-element-6990ecb5 elementor-widget elementor-widget-heading\" data-id=\"6990ecb5\" data-element_type=\"widget\" data-widget_type=\"heading.default\">\n\t\t\t\t<div class=\"elementor-widget-container\">\n\t\t\t<h3 class=\"elementor-heading-title elementor-size-default\">Guest Professor<\/h3>\t\t<\/div>\n\t\t\t\t<\/div>\n\t\t\t\t<div class=\"elementor-element elementor-element-68d9eb3 elementor-widget elementor-widget-ekit_wb_3521\" data-id=\"68d9eb3\" data-element_type=\"widget\" data-widget_type=\"ekit_wb_3521.default\">\n\t\t\t\t<div class=\"elementor-widget-container\">\n\t\t\t<a href=\"mailto:marta.costa@novalaw.unl.pt\" style=\"vertical-align: middle;\n    display: flex;\">\n    <span><svg xmlns=\"http:\/\/www.w3.org\/2000\/svg\" width=\"32\" height=\"32\" viewBox=\"0 0 32 32\" fill=\"none\"><g clip-path=\"url(#clip0)\"><path fill-rule=\"evenodd\" clip-rule=\"evenodd\" d=\"M13.4915 0.197933C10.3659 0.694111 7.45756 2.10609 5.13445 4.25529C2.81134 6.40449 1.17778 9.19436 0.440381 12.272C-0.297019 15.3497 -0.105136 18.577 0.991764 21.5456C2.08866 24.5142 4.0413 27.0908 6.60272 28.9496C9.16413 30.8084 12.2193 31.8658 15.3817 31.9881C18.5441 32.1104 21.6718 31.2921 24.3691 29.6367C27.0664 27.9813 29.2122 25.5632 30.5351 22.6881C31.858 19.8131 32.2986 16.6103 31.8011 13.4849C31.1342 9.29534 28.8308 5.54213 25.3973 3.05051C21.9638 0.558883 17.6813 -0.467177 13.4915 0.197933ZM24.5524 9.24141L16.9002 16.8936C15.8915 17.8953 15.5089 17.8605 14.5698 16.8936C13.6306 15.9266 7.16803 9.15793 7.16803 9.15793L24.5524 9.24141ZM6.43759 10.2501L12.3854 16.2188L6.43759 22.1527V10.2501ZM7.34194 23.1405L13.2411 17.2136C13.2411 17.2136 13.8463 17.8049 14.4237 18.3197C15.6063 19.3771 16.2045 19.551 17.5472 18.3197L18.7576 17.2136L24.7263 23.1892L7.34194 23.1405ZM25.5193 22.1597L19.5228 16.191L25.5541 10.2571L25.5193 22.1597Z\" fill=\"black\"><\/path><\/g><defs><clipPath id=\"clip0\"><rect width=\"32\" height=\"32\" fill=\"white\"><\/rect><\/clipPath><\/defs><\/svg><\/span>\n    <span style=\"margin:5px\">marta.costa@novalaw.unl.pt<\/span><\/a>\n\t\t\t\t<\/div>\n\t\t\t\t<\/div>\n\t\t\t\t<div class=\"elementor-element elementor-element-6be309be elementor-widget elementor-widget-text-editor\" data-id=\"6be309be\" data-element_type=\"widget\" data-widget_type=\"text-editor.default\">\n\t\t\t\t<div class=\"elementor-widget-container\">\n\t\t\t\t\t\t\t<span class=\"tab-click\" style=\"color: #dd0036; font-weight: bold;\" data-target=\"nota-biografica\">Biographical Note<\/span>\t\t\t\t\t\t<\/div>\n\t\t\t\t<\/div>\n\t\t\t\t\t<\/div>\n\t\t<\/div>\n\t\t\t\t\t\t\t<\/div>\n\t\t<\/section>\n\t\t\t\t\t<\/div>\n\t\t<\/div>\n\t\t\t\t\t\t\t<\/div>\n\t\t<\/section>\n\t\t\t\t<section class=\"elementor-section elementor-top-section elementor-element elementor-element-3346b8c7 elementor-section-boxed elementor-section-height-default elementor-section-height-default\" data-id=\"3346b8c7\" data-element_type=\"section\">\n\t\t\t\t\t\t<div class=\"elementor-container elementor-column-gap-default\">\n\t\t\t\t\t<div class=\"elementor-column elementor-col-100 elementor-top-column elementor-element elementor-element-d49e68a\" data-id=\"d49e68a\" data-element_type=\"column\">\n\t\t\t<div class=\"elementor-widget-wrap elementor-element-populated\">\n\t\t\t\t\t\t\t\t<div class=\"elementor-element elementor-element-5f372380 tabs-novalaw elementor-widget elementor-widget-text-editor\" data-id=\"5f372380\" data-element_type=\"widget\" id=\"nota-biografica\" data-widget_type=\"text-editor.default\">\n\t\t\t\t<div class=\"elementor-widget-container\">\n\t\t\t\t\t\t\t<div class=\"comp-corpo-docente\"><div><div class=\"border border-black p-8 wysiwyg\"><p>Marta has a PhD in Civil Law from the Faculty of Law of the University of Coimbra and the Faculty of Law of the University of Bologna since 2009, having been approved with Distinction and Honors. Graduated in Law, in the area of \u200b\u200bLegal and Civil Sciences, in 2002, at the Faculty of Law of the University of Coimbra, having been awarded, in December of the same year, the prize for best student of the 1997\/2002 course by the Association of Former Students of the University of Coimbra.<\/p><p>She has done several postgraduate studies, in Portugal, Italy, and the United Kingdom, in Family Law, Succession Law, Private International Law in Family and Succession Law, Telecommunications Law, and Consumer Law.<\/p><p>She has taught at several prestigious university institutions, being a Visiting Professor at the Faculty of Law of Universidade Nova de Lisboa and Associate Professor at Universidade Lus\u00f3fona de Lisboa.<\/p><p>She is an associate at the Center for Family Law, and a member of the STEP \u2013 Society of Trust and Estate Planning, one of the most renowned institutions in the world in international succession matters.<\/p><p>She has regularly written scientific articles for national and international publications and is frequently invited to be a speaker at conferences, both in Portugal and abroad, on topics of Family and Succession Law.<\/p><p>Marta is also a professional partner at Abreu &amp; Associados \u2013 Sociedade de Advogados, SP, RL, since July 2019, being the coordinator of the Private Clients and Family Business area, as well as coordinator of the Italian Desk. Previously, she was a Coordinating Associate at PLMJ, where she has been practicing law since 2007 in the same areas. In 2018 and 2019 she was distinguished by the Chambers and Partners International Directory, in the \u201cHigh Net Worth\u201d Guide, in the \u201cPrivate Wealth Law\u201d category. In 2020 she was recognized internationally as \u201cBest Lawyer\u201d in \u201cFamily Law\u201d. The Italian Desk she coordinates was awarded the European Italian Desk award, given by the Legal Community Corporate Awards, in 2020.<\/p><\/div><\/div><\/div>\t\t\t\t\t\t<\/div>\n\t\t\t\t<\/div>\n\t\t\t\t<div class=\"elementor-element elementor-element-15282a23 tabs-novalaw elementor-widget elementor-widget-text-editor\" data-id=\"15282a23\" data-element_type=\"widget\" id=\"experiencia\" data-widget_type=\"text-editor.default\">\n\t\t\t\t<div class=\"elementor-widget-container\">\n\t\t\t\t\t\t\t<p class=\"p1\"><span class=\"s1\"><b>Licenciatura (1.\u00ba Ciclo):<\/b><\/span><\/p><ul><li class=\"p2\"><span class=\"s1\">Direito das Obriga\u00e7\u00f5es<\/span><\/li><li class=\"p2\"><span class=\"s1\">Introdu\u00e7\u00e3o ao Direito e ao Pensamento Jur\u00eddico<\/span><\/li><li class=\"p2\"><span class=\"s1\">Teoria do Processo<\/span><\/li><li class=\"p2\"><span class=\"s1\">Direito das Pessoas e da Fam\u00edlia<\/span><\/li><li class=\"p2\"><span class=\"s1\">Direito Processual Civil Executivo<\/span><\/li><li class=\"p2\"><span class=\"s1\">Sistemas Jur\u00eddicos Comparados<\/span><\/li><\/ul><p class=\"p1\"><span class=\"s1\">\u00a0<\/span><\/p><p class=\"p1\"><span class=\"s1\"><b>Mestrado (2.\u00ba Ciclo):<\/b><\/span><\/p><ul><li class=\"p2\"><span class=\"s1\">Direito dos Seguros<\/span><\/li><li class=\"p2\"><span class=\"s1\">Direito Banc\u00e1rio e dos Seguros<\/span><\/li><li class=\"p2\"><span class=\"s1\">Mercados e Opera\u00e7\u00f5es Financeiras<\/span><\/li><li class=\"p3\"><span class=\"s1\">Oralidade na Advocacia<\/span><\/li><\/ul><p>\u00a0<\/p><p class=\"p3\"><span class=\"s1\"><b>Doutoramento (3.\u00ba Ciclo):<\/b><\/span><\/p><ul><li class=\"p4\"><span class=\"s1\">Publica\u00e7\u00e3o Cient\u00edfica<\/span><\/li><\/ul>\t\t\t\t\t\t<\/div>\n\t\t\t\t<\/div>\n\t\t\t\t<div class=\"elementor-element elementor-element-445d60ba tabs-novalaw elementor-widget elementor-widget-text-editor\" data-id=\"445d60ba\" data-element_type=\"widget\" id=\"publicacoes\" data-widget_type=\"text-editor.default\">\n\t\t\t\t<div class=\"elementor-widget-container\">\n\t\t\t\t\t\t\t<ul><li class=\"p1\"><span class=\"s1\"><i>Contrato de seguro e terceiros. Estudo de direito civil<\/i>, Coimbra 2010 (tese de doutoramento)<\/span><\/li><li class=\"p1\"><span class=\"s1\"><i>No right to perform a contract?<\/i>\u00a0Almedina 2006 (tese de mestrado)<\/span><\/li><li class=\"p1\"><span class=\"s1\"><i>Temas de direito dos seguros<\/i>, Almedina 2012, 2.\u00aa edi\u00e7\u00e3o Almedina 2016 (coordena\u00e7\u00e3o e coautoria)<\/span><\/li><li class=\"p1\"><span class=\"s1\"><i>Regulaci\u00f3n del contrato de seguro en Portugal y Espa\u00f1a: an\u00e1lisis comparado<\/i>, Fundaci\u00f3n INADE 2018, em portugu\u00eas 2019 (coautoria)\u00a0<\/span><\/li><li class=\"p1\"><span class=\"s1\">Autora de diversos cap\u00edtulos de livros e artigos publicados em revistas cient\u00edficas de circula\u00e7\u00e3o internacional sobre uma vasta gama de temas de direito civil e comercial.<\/span><\/li><\/ul>\t\t\t\t\t\t<\/div>\n\t\t\t\t<\/div>\n\t\t\t\t<div class=\"elementor-element elementor-element-7663b043 tabs-novalaw elementor-widget elementor-widget-text-editor\" data-id=\"7663b043\" data-element_type=\"widget\" id=\"investigacao\" data-widget_type=\"text-editor.default\">\n\t\t\t\t<div class=\"elementor-widget-container\">\n\t\t\t\t\t\t\t<ul><li><span class=\"s1\">Contratos civis e comerciais;<\/span><\/li><li><span class=\"s1\">Teoria geral dos contratos;<\/span><\/li><li><span class=\"s1\">Direito dos seguros;<\/span><\/li><li><span class=\"s1\">Obriga\u00e7\u00f5es;<\/span><\/li><li><span class=\"s1\">Inova\u00e7\u00e3o tecnol\u00f3gica nos mercados financeiros e o seu impacto no direito geral dos contratos;<\/span><\/li><li><span class=\"s1\">A utiliza\u00e7\u00e3o de prova cient\u00edfica como fundamento para as decis\u00f5es judiciais ou jur\u00eddicas em geral;<\/span><\/li><li><span class=\"s1\">Direitos humanos ou fundamentais e seu impacto nas quest\u00f5es de direito dos contratos;<\/span><\/li><li><span class=\"s1\">Discrimina\u00e7\u00e3o;<\/span><\/li><li><span class=\"s1\">Igualdade de g\u00e9nero.<\/span><\/li><\/ul>\t\t\t\t\t\t<\/div>\n\t\t\t\t<\/div>\n\t\t\t\t\t<\/div>\n\t\t<\/div>\n\t\t\t\t\t\t\t<\/div>\n\t\t<\/section>\n\t\t\t\t<section class=\"elementor-section elementor-top-section elementor-element elementor-element-29529d20 elementor-section-height-min-height elementor-section-boxed elementor-section-height-default elementor-section-items-middle\" data-id=\"29529d20\" data-element_type=\"section\">\n\t\t\t\t\t\t<div class=\"elementor-container elementor-column-gap-default\">\n\t\t\t\t\t<div class=\"elementor-column elementor-col-100 elementor-top-column elementor-element elementor-element-37033ae7\" data-id=\"37033ae7\" data-element_type=\"column\">\n\t\t\t<div class=\"elementor-widget-wrap\">\n\t\t\t\t\t\t\t\t\t<\/div>\n\t\t<\/div>\n\t\t\t\t\t\t\t<\/div>\n\t\t<\/section>\n\t\t\t\t\t\t<\/div>\n\t\t\t\t\t<\/div>\n\t\t","protected":false},"excerpt":{"rendered":"<p>Marta Costa Guest Professor marta.costa@novalaw.unl.pt Biographical Note Marta has a PhD in Civil Law from the Faculty of Law of the University of Coimbra and the Faculty of Law of the University of Bologna since 2009, having been approved with Distinction and Honors. Graduated in Law, in the area of \u200b\u200bLegal and Civil Sciences, in &hellip;<\/p>\n<p class=\"read-more\"> <a class=\"\" href=\"https:\/\/novalaw.unl.pt\/en\/marta-costa\/\"> <span class=\"screen-reader-text\">Marta Costa<\/span> Read More &raquo;<\/a><\/p>\n","protected":false},"author":2,"featured_media":0,"parent":0,"menu_order":367,"comment_status":"closed","ping_status":"closed","template":"","meta":{"footnotes":""},"categories":[],"tags":[],"class_list":["post-8471","page","type-page","status-publish","hentry"],"yoast_head":"<!-- This site is optimized with the Yoast SEO Premium plugin v27.5 (Yoast SEO v27.5) - https:\/\/yoast.com\/product\/yoast-seo-premium-wordpress\/ -->\n<title>Marta Costa - NOVA School of Law | Faculdade de Direito da Universidade NOVA de Lisboa<\/title>\n<meta name=\"robots\" content=\"index, follow, max-snippet:-1, max-image-preview:large, max-video-preview:-1\" \/>\n<link rel=\"canonical\" href=\"https:\/\/novalaw.unl.pt\/marta-costa\/\" \/>\n<meta property=\"og:locale\" content=\"en_US\" \/>\n<meta property=\"og:type\" content=\"article\" \/>\n<meta property=\"og:title\" content=\"Marta Costa\" \/>\n<meta property=\"og:description\" content=\"Marta Costa Guest Professor marta.costa@novalaw.unl.pt Biographical Note Marta has a PhD in Civil Law from the Faculty of Law of the University of Coimbra and the Faculty of Law of the University of Bologna since 2009, having been approved with Distinction and Honors. Graduated in Law, in the area of \u200b\u200bLegal and Civil Sciences, in &hellip; Marta Costa Read More &raquo;\" \/>\n<meta property=\"og:url\" content=\"https:\/\/novalaw.unl.pt\/marta-costa\/\" \/>\n<meta property=\"og:site_name\" content=\"NOVA School of Law | Faculdade de Direito da Universidade NOVA de Lisboa\" \/>\n<meta property=\"article:modified_time\" content=\"2022-04-05T14:11:56+00:00\" \/>\n<meta property=\"og:image\" content=\"https:\/\/novalaw.unl.pt\/wp-content\/uploads\/2021\/08\/SITE_docentes-investigadores-MARTA-COSTA.jpg\" \/>\n<meta name=\"twitter:card\" content=\"summary_large_image\" \/>\n<meta name=\"twitter:label1\" content=\"Est. reading time\" \/>\n\t<meta name=\"twitter:data1\" content=\"3 minutes\" \/>\n<script type=\"application\/ld+json\" class=\"yoast-schema-graph\">{\"@context\":\"https:\\\/\\\/schema.org\",\"@graph\":[{\"@type\":\"WebPage\",\"@id\":\"https:\\\/\\\/novalaw.unl.pt\\\/marta-costa\\\/\",\"url\":\"https:\\\/\\\/novalaw.unl.pt\\\/marta-costa\\\/\",\"name\":\"Marta Costa - NOVA School of Law | Faculdade de Direito da Universidade NOVA de Lisboa\",\"isPartOf\":{\"@id\":\"https:\\\/\\\/novalaw.unl.pt\\\/#website\"},\"primaryImageOfPage\":{\"@id\":\"https:\\\/\\\/novalaw.unl.pt\\\/marta-costa\\\/#primaryimage\"},\"image\":{\"@id\":\"https:\\\/\\\/novalaw.unl.pt\\\/marta-costa\\\/#primaryimage\"},\"thumbnailUrl\":\"https:\\\/\\\/novalaw.unl.pt\\\/wp-content\\\/uploads\\\/2021\\\/08\\\/SITE_docentes-investigadores-MARTA-COSTA.jpg\",\"datePublished\":\"2021-10-06T17:51:19+00:00\",\"dateModified\":\"2022-04-05T14:11:56+00:00\",\"breadcrumb\":{\"@id\":\"https:\\\/\\\/novalaw.unl.pt\\\/marta-costa\\\/#breadcrumb\"},\"inLanguage\":\"en-US\",\"potentialAction\":[{\"@type\":\"ReadAction\",\"target\":[\"https:\\\/\\\/novalaw.unl.pt\\\/marta-costa\\\/\"]}]},{\"@type\":\"ImageObject\",\"inLanguage\":\"en-US\",\"@id\":\"https:\\\/\\\/novalaw.unl.pt\\\/marta-costa\\\/#primaryimage\",\"url\":\"https:\\\/\\\/novalaw.unl.pt\\\/wp-content\\\/uploads\\\/2021\\\/08\\\/SITE_docentes-investigadores-MARTA-COSTA.jpg\",\"contentUrl\":\"https:\\\/\\\/novalaw.unl.pt\\\/wp-content\\\/uploads\\\/2021\\\/08\\\/SITE_docentes-investigadores-MARTA-COSTA.jpg\"},{\"@type\":\"BreadcrumbList\",\"@id\":\"https:\\\/\\\/novalaw.unl.pt\\\/marta-costa\\\/#breadcrumb\",\"itemListElement\":[{\"@type\":\"ListItem\",\"position\":1,\"name\":\"Home\",\"item\":\"https:\\\/\\\/novalaw.unl.pt\\\/en\\\/\"},{\"@type\":\"ListItem\",\"position\":2,\"name\":\"Marta Costa\"}]},{\"@type\":\"WebSite\",\"@id\":\"https:\\\/\\\/novalaw.unl.pt\\\/#website\",\"url\":\"https:\\\/\\\/novalaw.unl.pt\\\/\",\"name\":\"NOVA School of Law | Faculdade de Direito da Universidade NOVA de Lisboa\",\"description\":\"NOVA School Of Law\",\"publisher\":{\"@id\":\"https:\\\/\\\/novalaw.unl.pt\\\/#organization\"},\"potentialAction\":[{\"@type\":\"SearchAction\",\"target\":{\"@type\":\"EntryPoint\",\"urlTemplate\":\"https:\\\/\\\/novalaw.unl.pt\\\/?s={search_term_string}\"},\"query-input\":{\"@type\":\"PropertyValueSpecification\",\"valueRequired\":true,\"valueName\":\"search_term_string\"}}],\"inLanguage\":\"en-US\"},{\"@type\":\"Organization\",\"@id\":\"https:\\\/\\\/novalaw.unl.pt\\\/#organization\",\"name\":\"NOVA School of Law\",\"url\":\"https:\\\/\\\/novalaw.unl.pt\\\/\",\"logo\":{\"@type\":\"ImageObject\",\"inLanguage\":\"en-US\",\"@id\":\"https:\\\/\\\/novalaw.unl.pt\\\/#\\\/schema\\\/logo\\\/image\\\/\",\"url\":\"https:\\\/\\\/novalaw.unl.pt\\\/wp-content\\\/uploads\\\/2021\\\/02\\\/logo-novalaw.svg\",\"contentUrl\":\"https:\\\/\\\/novalaw.unl.pt\\\/wp-content\\\/uploads\\\/2021\\\/02\\\/logo-novalaw.svg\",\"width\":991,\"height\":424,\"caption\":\"NOVA School of Law\"},\"image\":{\"@id\":\"https:\\\/\\\/novalaw.unl.pt\\\/#\\\/schema\\\/logo\\\/image\\\/\"}}]}<\/script>\n<!-- \/ Yoast SEO Premium plugin. -->","yoast_head_json":{"title":"Marta Costa - NOVA School of Law | Faculdade de Direito da Universidade NOVA de Lisboa","robots":{"index":"index","follow":"follow","max-snippet":"max-snippet:-1","max-image-preview":"max-image-preview:large","max-video-preview":"max-video-preview:-1"},"canonical":"https:\/\/novalaw.unl.pt\/marta-costa\/","og_locale":"en_US","og_type":"article","og_title":"Marta Costa","og_description":"Marta Costa Guest Professor marta.costa@novalaw.unl.pt Biographical Note Marta has a PhD in Civil Law from the Faculty of Law of the University of Coimbra and the Faculty of Law of the University of Bologna since 2009, having been approved with Distinction and Honors. Graduated in Law, in the area of \u200b\u200bLegal and Civil Sciences, in &hellip; Marta Costa Read More &raquo;","og_url":"https:\/\/novalaw.unl.pt\/marta-costa\/","og_site_name":"NOVA School of Law | Faculdade de Direito da Universidade NOVA de Lisboa","article_modified_time":"2022-04-05T14:11:56+00:00","og_image":[{"url":"https:\/\/novalaw.unl.pt\/wp-content\/uploads\/2021\/08\/SITE_docentes-investigadores-MARTA-COSTA.jpg","type":"","width":"","height":""}],"twitter_card":"summary_large_image","twitter_misc":{"Est. reading time":"3 minutes"},"schema":{"@context":"https:\/\/schema.org","@graph":[{"@type":"WebPage","@id":"https:\/\/novalaw.unl.pt\/marta-costa\/","url":"https:\/\/novalaw.unl.pt\/marta-costa\/","name":"Marta Costa - NOVA School of Law | Faculdade de Direito da Universidade NOVA de Lisboa","isPartOf":{"@id":"https:\/\/novalaw.unl.pt\/#website"},"primaryImageOfPage":{"@id":"https:\/\/novalaw.unl.pt\/marta-costa\/#primaryimage"},"image":{"@id":"https:\/\/novalaw.unl.pt\/marta-costa\/#primaryimage"},"thumbnailUrl":"https:\/\/novalaw.unl.pt\/wp-content\/uploads\/2021\/08\/SITE_docentes-investigadores-MARTA-COSTA.jpg","datePublished":"2021-10-06T17:51:19+00:00","dateModified":"2022-04-05T14:11:56+00:00","breadcrumb":{"@id":"https:\/\/novalaw.unl.pt\/marta-costa\/#breadcrumb"},"inLanguage":"en-US","potentialAction":[{"@type":"ReadAction","target":["https:\/\/novalaw.unl.pt\/marta-costa\/"]}]},{"@type":"ImageObject","inLanguage":"en-US","@id":"https:\/\/novalaw.unl.pt\/marta-costa\/#primaryimage","url":"https:\/\/novalaw.unl.pt\/wp-content\/uploads\/2021\/08\/SITE_docentes-investigadores-MARTA-COSTA.jpg","contentUrl":"https:\/\/novalaw.unl.pt\/wp-content\/uploads\/2021\/08\/SITE_docentes-investigadores-MARTA-COSTA.jpg"},{"@type":"BreadcrumbList","@id":"https:\/\/novalaw.unl.pt\/marta-costa\/#breadcrumb","itemListElement":[{"@type":"ListItem","position":1,"name":"Home","item":"https:\/\/novalaw.unl.pt\/en\/"},{"@type":"ListItem","position":2,"name":"Marta Costa"}]},{"@type":"WebSite","@id":"https:\/\/novalaw.unl.pt\/#website","url":"https:\/\/novalaw.unl.pt\/","name":"NOVA School of Law | Faculdade de Direito da Universidade NOVA de Lisboa","description":"NOVA School Of Law","publisher":{"@id":"https:\/\/novalaw.unl.pt\/#organization"},"potentialAction":[{"@type":"SearchAction","target":{"@type":"EntryPoint","urlTemplate":"https:\/\/novalaw.unl.pt\/?s={search_term_string}"},"query-input":{"@type":"PropertyValueSpecification","valueRequired":true,"valueName":"search_term_string"}}],"inLanguage":"en-US"},{"@type":"Organization","@id":"https:\/\/novalaw.unl.pt\/#organization","name":"NOVA School of Law","url":"https:\/\/novalaw.unl.pt\/","logo":{"@type":"ImageObject","inLanguage":"en-US","@id":"https:\/\/novalaw.unl.pt\/#\/schema\/logo\/image\/","url":"https:\/\/novalaw.unl.pt\/wp-content\/uploads\/2021\/02\/logo-novalaw.svg","contentUrl":"https:\/\/novalaw.unl.pt\/wp-content\/uploads\/2021\/02\/logo-novalaw.svg","width":991,"height":424,"caption":"NOVA School of Law"},"image":{"@id":"https:\/\/novalaw.unl.pt\/#\/schema\/logo\/image\/"}}]}},"novalaw_begin_date":"","novalaw_begin_date_en":"","novalaw_text":"","novalaw_tag":"","novalaw_tag_en":"","novalaw_link":"","novalaw_link_en":"","novalaw_end_date":"","novalaw_end_date_en":"","novalaw_date":"","novalaw_em_destaque":"","novalaw_tag_src":"","lang":"","_links":{"self":[{"href":"https:\/\/novalaw.unl.pt\/en\/wp-json\/wp\/v2\/pages\/8471","targetHints":{"allow":["GET"]}}],"collection":[{"href":"https:\/\/novalaw.unl.pt\/en\/wp-json\/wp\/v2\/pages"}],"about":[{"href":"https:\/\/novalaw.unl.pt\/en\/wp-json\/wp\/v2\/types\/page"}],"author":[{"embeddable":true,"href":"https:\/\/novalaw.unl.pt\/en\/wp-json\/wp\/v2\/users\/2"}],"replies":[{"embeddable":true,"href":"https:\/\/novalaw.unl.pt\/en\/wp-json\/wp\/v2\/comments?post=8471"}],"version-history":[{"count":4,"href":"https:\/\/novalaw.unl.pt\/en\/wp-json\/wp\/v2\/pages\/8471\/revisions"}],"predecessor-version":[{"id":8475,"href":"https:\/\/novalaw.unl.pt\/en\/wp-json\/wp\/v2\/pages\/8471\/revisions\/8475"}],"wp:attachment":[{"href":"https:\/\/novalaw.unl.pt\/en\/wp-json\/wp\/v2\/media?parent=8471"}],"wp:term":[{"taxonomy":"category","embeddable":true,"href":"https:\/\/novalaw.unl.pt\/en\/wp-json\/wp\/v2\/categories?post=8471"},{"taxonomy":"post_tag","embeddable":true,"href":"https:\/\/novalaw.unl.pt\/en\/wp-json\/wp\/v2\/tags?post=8471"}],"curies":[{"name":"wp","href":"https:\/\/api.w.org\/{rel}","templated":true}]}}