{"id":9469,"date":"2021-10-15T16:20:54","date_gmt":"2021-10-15T16:20:54","guid":{"rendered":"https:\/\/novalaw.unl.pt\/?page_id=9469"},"modified":"2024-10-25T11:08:55","modified_gmt":"2024-10-25T11:08:55","slug":"pedro-simoes-coelho","status":"publish","type":"page","link":"https:\/\/novalaw.unl.pt\/en\/pedro-simoes-coelho\/","title":{"rendered":"Pedro Sim\u00f5es Coelho"},"content":{"rendered":"\t\t<div data-elementor-type=\"wp-page\" data-elementor-id=\"9469\" class=\"elementor elementor-9469\" data-elementor-settings=\"[]\">\n\t\t\t\t\t\t\t<div class=\"elementor-section-wrap\">\n\t\t\t\t\t\t\t<section class=\"elementor-section elementor-top-section elementor-element elementor-element-1b46218b elementor-section-height-min-height elementor-section-boxed elementor-section-height-default elementor-section-items-middle\" data-id=\"1b46218b\" data-element_type=\"section\">\n\t\t\t\t\t\t<div class=\"elementor-container elementor-column-gap-default\">\n\t\t\t\t\t<div class=\"elementor-column elementor-col-100 elementor-top-column elementor-element elementor-element-7cbeace1\" data-id=\"7cbeace1\" data-element_type=\"column\">\n\t\t\t<div class=\"elementor-widget-wrap elementor-element-populated\">\n\t\t\t\t\t\t\t\t<section class=\"elementor-section elementor-inner-section elementor-element elementor-element-46028ddf elementor-section-boxed elementor-section-height-default elementor-section-height-default\" data-id=\"46028ddf\" data-element_type=\"section\">\n\t\t\t\t\t\t<div class=\"elementor-container elementor-column-gap-default\">\n\t\t\t\t\t<div class=\"elementor-column elementor-col-50 elementor-inner-column elementor-element elementor-element-1d7974e1\" data-id=\"1d7974e1\" data-element_type=\"column\">\n\t\t\t<div class=\"elementor-widget-wrap elementor-element-populated\">\n\t\t\t\t\t\t\t\t<div class=\"elementor-element elementor-element-53f29b4d elementor-widget elementor-widget-image\" data-id=\"53f29b4d\" data-element_type=\"widget\" data-widget_type=\"image.default\">\n\t\t\t\t<div class=\"elementor-widget-container\">\n\t\t\t\t\t\t\t\t\t\t\t\t\t\t\t<img loading=\"lazy\" decoding=\"async\" width=\"202\" height=\"202\" src=\"https:\/\/novalaw.unl.pt\/wp-content\/uploads\/2021\/08\/SITE_docentes-parcerias-PEDRO-SIMOES.jpg\" class=\"attachment-large size-large\" alt=\"\" srcset=\"https:\/\/novalaw.unl.pt\/wp-content\/uploads\/2021\/08\/SITE_docentes-parcerias-PEDRO-SIMOES.jpg 202w, https:\/\/novalaw.unl.pt\/wp-content\/uploads\/2021\/08\/SITE_docentes-parcerias-PEDRO-SIMOES-150x150.jpg 150w, https:\/\/novalaw.unl.pt\/wp-content\/uploads\/2021\/08\/SITE_docentes-parcerias-PEDRO-SIMOES-100x100.jpg 100w\" sizes=\"auto, (max-width: 202px) 100vw, 202px\" \/>\t\t\t\t\t\t\t\t\t\t\t\t\t\t\t<\/div>\n\t\t\t\t<\/div>\n\t\t\t\t\t<\/div>\n\t\t<\/div>\n\t\t\t\t<div class=\"elementor-column elementor-col-50 elementor-inner-column elementor-element elementor-element-1fe05a58\" data-id=\"1fe05a58\" data-element_type=\"column\">\n\t\t\t<div class=\"elementor-widget-wrap elementor-element-populated\">\n\t\t\t\t\t\t\t\t<div class=\"elementor-element elementor-element-4694847f elementor-widget elementor-widget-heading\" data-id=\"4694847f\" data-element_type=\"widget\" data-widget_type=\"heading.default\">\n\t\t\t\t<div class=\"elementor-widget-container\">\n\t\t\t<h1 class=\"elementor-heading-title elementor-size-default\">Pedro Sim\u00f5es Coelho<\/h1>\t\t<\/div>\n\t\t\t\t<\/div>\n\t\t\t\t<div class=\"elementor-element elementor-element-32cecfd9 elementor-widget elementor-widget-heading\" data-id=\"32cecfd9\" data-element_type=\"widget\" data-widget_type=\"heading.default\">\n\t\t\t\t<div class=\"elementor-widget-container\">\n\t\t\t<h3 class=\"elementor-heading-title elementor-size-default\">Full Professor (NOVA IMS)<\/h3>\t\t<\/div>\n\t\t\t\t<\/div>\n\t\t\t\t<div class=\"elementor-element elementor-element-0bf8c4f elementor-widget elementor-widget-ekit_wb_3521\" data-id=\"0bf8c4f\" data-element_type=\"widget\" data-widget_type=\"ekit_wb_3521.default\">\n\t\t\t\t<div class=\"elementor-widget-container\">\n\t\t\t<a href=\"mailto:psc@novaims.unl.pt\" style=\"vertical-align: middle;\n    display: flex;\">\n    <span><svg xmlns=\"http:\/\/www.w3.org\/2000\/svg\" width=\"32\" height=\"32\" viewBox=\"0 0 32 32\" fill=\"none\"><g clip-path=\"url(#clip0)\"><path fill-rule=\"evenodd\" clip-rule=\"evenodd\" d=\"M13.4915 0.197933C10.3659 0.694111 7.45756 2.10609 5.13445 4.25529C2.81134 6.40449 1.17778 9.19436 0.440381 12.272C-0.297019 15.3497 -0.105136 18.577 0.991764 21.5456C2.08866 24.5142 4.0413 27.0908 6.60272 28.9496C9.16413 30.8084 12.2193 31.8658 15.3817 31.9881C18.5441 32.1104 21.6718 31.2921 24.3691 29.6367C27.0664 27.9813 29.2122 25.5632 30.5351 22.6881C31.858 19.8131 32.2986 16.6103 31.8011 13.4849C31.1342 9.29534 28.8308 5.54213 25.3973 3.05051C21.9638 0.558883 17.6813 -0.467177 13.4915 0.197933ZM24.5524 9.24141L16.9002 16.8936C15.8915 17.8953 15.5089 17.8605 14.5698 16.8936C13.6306 15.9266 7.16803 9.15793 7.16803 9.15793L24.5524 9.24141ZM6.43759 10.2501L12.3854 16.2188L6.43759 22.1527V10.2501ZM7.34194 23.1405L13.2411 17.2136C13.2411 17.2136 13.8463 17.8049 14.4237 18.3197C15.6063 19.3771 16.2045 19.551 17.5472 18.3197L18.7576 17.2136L24.7263 23.1892L7.34194 23.1405ZM25.5193 22.1597L19.5228 16.191L25.5541 10.2571L25.5193 22.1597Z\" fill=\"black\"><\/path><\/g><defs><clipPath id=\"clip0\"><rect width=\"32\" height=\"32\" fill=\"white\"><\/rect><\/clipPath><\/defs><\/svg><\/span>\n    <span style=\"margin:5px\">psc@novaims.unl.pt<\/span><\/a>\n\t\t\t\t<\/div>\n\t\t\t\t<\/div>\n\t\t\t\t<div class=\"elementor-element elementor-element-658a588b elementor-absolute elementor-widget elementor-widget-text-editor\" data-id=\"658a588b\" data-element_type=\"widget\" data-settings=\"{&quot;_position&quot;:&quot;absolute&quot;}\" data-widget_type=\"text-editor.default\">\n\t\t\t\t<div class=\"elementor-widget-container\">\n\t\t\t\t\t\t\t<p><span class=\"tab-click\" style=\"color: #dd0036; font-weight: bold;\" data-target=\"nota-biografica\">Nota Biogr\u00e1fica<\/span><\/p>\t\t\t\t\t\t<\/div>\n\t\t\t\t<\/div>\n\t\t\t\t\t<\/div>\n\t\t<\/div>\n\t\t\t\t\t\t\t<\/div>\n\t\t<\/section>\n\t\t\t\t\t<\/div>\n\t\t<\/div>\n\t\t\t\t\t\t\t<\/div>\n\t\t<\/section>\n\t\t\t\t<section class=\"elementor-section elementor-top-section elementor-element elementor-element-5b815163 elementor-section-boxed elementor-section-height-default elementor-section-height-default\" data-id=\"5b815163\" data-element_type=\"section\">\n\t\t\t\t\t\t<div class=\"elementor-container elementor-column-gap-default\">\n\t\t\t\t\t<div class=\"elementor-column elementor-col-100 elementor-top-column elementor-element elementor-element-74058e36\" data-id=\"74058e36\" data-element_type=\"column\">\n\t\t\t<div class=\"elementor-widget-wrap elementor-element-populated\">\n\t\t\t\t\t\t\t\t<div class=\"elementor-element elementor-element-76804a2d tabs-novalaw elementor-widget elementor-widget-text-editor\" data-id=\"76804a2d\" data-element_type=\"widget\" id=\"nota-biografica\" data-widget_type=\"text-editor.default\">\n\t\t\t\t<div class=\"elementor-widget-container\">\n\t\t\t\t\t\t\t<p>Pedro Sim\u00f5es Coelho is presently Full Professor and President of the Scientific Board of the NOVA Information Management School (NOVA IMS) of Universidade Nova de Lisboa. He is also researcher in the Information Management Research Center (MagIC) of NOVA University. He is presently senior expert near the European Commission for the area of statistical methods and sampling techniques.<\/p><p>He is member of the board of the European Master of Official Statistics (EMOS), member of the Ischools accreditation committee, member of the Portuguese Health Technologies Commission and head of information and statistics in NOVA Clinical Research Unit (NOVA CRU). He is former President of the General Assembly of the Portuguese Association for Classification and Data Analysis (CLAD), former member of the Portuguese High Council for Statistics (CSE) and President of the Fiscal Board of the European Center of Statistics for the Developing Countries (CESD-Lisboa).<\/p><p>Pedro S. Coelho has \u201caggregation\u201d (post-doctoral degree) in Statistics (NOVA University), PhD in Statistics (NOVA University), MSc in Statistics and Information Management and a graduation in Systems Engineering. He has been lecturer of near 30 graduate and undergraduate courses, including Structural Equation Modeling, Research Methodologies, Sampling, Survey Methodology, Marketing Research, Data Collection Methodologies and Data Analysis.<\/p><p>He is author of about 200 studies and projects, resulting in more than 500 research reports. He is also author of more than 100 refereed publications. He has presented near 100 seminars, invited conferences and oral presentations in scientific conferences.<\/p><p>Pedro S. Coelho has been consultant and trainer for several organizations, namely for the European Commission, Eurostat, the Portuguese Statistical Office, the Portuguese Central Bank and several National Statistical Offices around the world. For these institutions has been developing methodologies and offering training in data analysis techniques.<\/p><p><a href=\"https:\/\/www.novaims.unl.pt\/docentes-investigacao-docentes?d=123\"><strong>NOVA IMS<\/strong><\/a><\/p>\t\t\t\t\t\t<\/div>\n\t\t\t\t<\/div>\n\t\t\t\t<div class=\"elementor-element elementor-element-6782c05b tabs-novalaw elementor-widget elementor-widget-text-editor\" data-id=\"6782c05b\" data-element_type=\"widget\" id=\"experiencia\" data-widget_type=\"text-editor.default\">\n\t\t\t\t<div class=\"elementor-widget-container\">\n\t\t\t\t\t\t\t<ul><li>Desenvolvimento de escalas<\/li><li>Estudos de Mercado<\/li><li>Metodologias de Investiga\u00e7\u00e3o<\/li><li>M\u00e9todos Anal\u00edticos Descritivos em Marketing<\/li><li>M\u00e9todos Estat\u00edsticos I<\/li><li>M\u00e9todos Estat\u00edsticos II<\/li><li>Recolha de Dados, Fontes Administrativas e Big Data<\/li><li>Semin\u00e1rio de Investiga\u00e7\u00e3o II<\/li><li>Sondagens<\/li><li>Teste de teoria com modelos de equa\u00e7\u00f5es estruturais<\/li><\/ul>\t\t\t\t\t\t<\/div>\n\t\t\t\t<\/div>\n\t\t\t\t<div class=\"elementor-element elementor-element-5a30b344 tabs-novalaw elementor-widget elementor-widget-text-editor\" data-id=\"5a30b344\" data-element_type=\"widget\" id=\"publicacoes\" data-widget_type=\"text-editor.default\">\n\t\t\t\t<div class=\"elementor-widget-container\">\n\t\t\t\t\t\t\t\t\t\t\t\t\t<\/div>\n\t\t\t\t<\/div>\n\t\t\t\t<div class=\"elementor-element elementor-element-5fafb043 tabs-novalaw elementor-widget elementor-widget-text-editor\" data-id=\"5fafb043\" data-element_type=\"widget\" id=\"investigacao\" data-widget_type=\"text-editor.default\">\n\t\t\t\t<div class=\"elementor-widget-container\">\n\t\t\t\t\t\t\t\t\t\t\t\t\t<\/div>\n\t\t\t\t<\/div>\n\t\t\t\t\t<\/div>\n\t\t<\/div>\n\t\t\t\t\t\t\t<\/div>\n\t\t<\/section>\n\t\t\t\t<section class=\"elementor-section elementor-top-section elementor-element elementor-element-462dfc10 elementor-section-height-min-height elementor-section-boxed elementor-section-height-default elementor-section-items-middle\" data-id=\"462dfc10\" data-element_type=\"section\">\n\t\t\t\t\t\t<div class=\"elementor-container elementor-column-gap-default\">\n\t\t\t\t\t<div class=\"elementor-column elementor-col-100 elementor-top-column elementor-element elementor-element-31ed7eb9\" data-id=\"31ed7eb9\" data-element_type=\"column\">\n\t\t\t<div class=\"elementor-widget-wrap\">\n\t\t\t\t\t\t\t\t\t<\/div>\n\t\t<\/div>\n\t\t\t\t\t\t\t<\/div>\n\t\t<\/section>\n\t\t\t\t\t\t<\/div>\n\t\t\t\t\t<\/div>\n\t\t","protected":false},"excerpt":{"rendered":"<p>Pedro Sim\u00f5es Coelho Full Professor (NOVA IMS) psc@novaims.unl.pt Nota Biogr\u00e1fica Pedro Sim\u00f5es Coelho is presently Full Professor and President of the Scientific Board of the NOVA Information Management School (NOVA IMS) of Universidade Nova de Lisboa. He is also researcher in the Information Management Research Center (MagIC) of NOVA University. He is presently senior expert &hellip;<\/p>\n<p class=\"read-more\"> <a class=\"\" href=\"https:\/\/novalaw.unl.pt\/en\/pedro-simoes-coelho\/\"> <span class=\"screen-reader-text\">Pedro Sim\u00f5es Coelho<\/span> Read More &raquo;<\/a><\/p>\n","protected":false},"author":2,"featured_media":0,"parent":0,"menu_order":341,"comment_status":"closed","ping_status":"closed","template":"","meta":{"footnotes":""},"categories":[],"tags":[],"class_list":["post-9469","page","type-page","status-publish","hentry"],"yoast_head":"<!-- This site is optimized with the Yoast SEO Premium plugin v27.4 (Yoast SEO v27.4) - https:\/\/yoast.com\/product\/yoast-seo-premium-wordpress\/ -->\n<title>Pedro Sim\u00f5es Coelho - NOVA School of Law | Faculdade de Direito da Universidade NOVA de Lisboa<\/title>\n<meta name=\"robots\" content=\"index, follow, max-snippet:-1, max-image-preview:large, max-video-preview:-1\" \/>\n<link rel=\"canonical\" href=\"https:\/\/novalaw.unl.pt\/en\/pedro-simoes-coelho\/\" \/>\n<meta property=\"og:locale\" content=\"en_US\" \/>\n<meta property=\"og:type\" content=\"article\" \/>\n<meta property=\"og:title\" content=\"Pedro Sim\u00f5es Coelho\" \/>\n<meta property=\"og:description\" content=\"Pedro Sim\u00f5es Coelho Full Professor (NOVA IMS) psc@novaims.unl.pt Nota Biogr\u00e1fica Pedro Sim\u00f5es Coelho is presently Full Professor and President of the Scientific Board of the NOVA Information Management School (NOVA IMS) of Universidade Nova de Lisboa. He is also researcher in the Information Management Research Center (MagIC) of NOVA University. He is presently senior expert &hellip; Pedro Sim\u00f5es Coelho Read More &raquo;\" \/>\n<meta property=\"og:url\" content=\"https:\/\/novalaw.unl.pt\/en\/pedro-simoes-coelho\/\" \/>\n<meta property=\"og:site_name\" content=\"NOVA School of Law | Faculdade de Direito da Universidade NOVA de Lisboa\" \/>\n<meta property=\"article:modified_time\" content=\"2024-10-25T11:08:55+00:00\" \/>\n<meta property=\"og:image\" content=\"https:\/\/novalaw.unl.pt\/wp-content\/uploads\/2021\/08\/SITE_docentes-parcerias-PEDRO-SIMOES.jpg\" \/>\n<meta name=\"twitter:card\" content=\"summary_large_image\" \/>\n<meta name=\"twitter:label1\" content=\"Est. reading time\" \/>\n\t<meta name=\"twitter:data1\" content=\"2 minutes\" \/>\n<script type=\"application\/ld+json\" class=\"yoast-schema-graph\">{\"@context\":\"https:\\\/\\\/schema.org\",\"@graph\":[{\"@type\":\"WebPage\",\"@id\":\"https:\\\/\\\/novalaw.unl.pt\\\/en\\\/pedro-simoes-coelho\\\/\",\"url\":\"https:\\\/\\\/novalaw.unl.pt\\\/en\\\/pedro-simoes-coelho\\\/\",\"name\":\"Pedro Sim\u00f5es Coelho - NOVA School of Law | Faculdade de Direito da Universidade NOVA de Lisboa\",\"isPartOf\":{\"@id\":\"https:\\\/\\\/novalaw.unl.pt\\\/#website\"},\"primaryImageOfPage\":{\"@id\":\"https:\\\/\\\/novalaw.unl.pt\\\/en\\\/pedro-simoes-coelho\\\/#primaryimage\"},\"image\":{\"@id\":\"https:\\\/\\\/novalaw.unl.pt\\\/en\\\/pedro-simoes-coelho\\\/#primaryimage\"},\"thumbnailUrl\":\"https:\\\/\\\/novalaw.unl.pt\\\/wp-content\\\/uploads\\\/2021\\\/08\\\/SITE_docentes-parcerias-PEDRO-SIMOES.jpg\",\"datePublished\":\"2021-10-15T16:20:54+00:00\",\"dateModified\":\"2024-10-25T11:08:55+00:00\",\"breadcrumb\":{\"@id\":\"https:\\\/\\\/novalaw.unl.pt\\\/en\\\/pedro-simoes-coelho\\\/#breadcrumb\"},\"inLanguage\":\"en-US\",\"potentialAction\":[{\"@type\":\"ReadAction\",\"target\":[\"https:\\\/\\\/novalaw.unl.pt\\\/en\\\/pedro-simoes-coelho\\\/\"]}]},{\"@type\":\"ImageObject\",\"inLanguage\":\"en-US\",\"@id\":\"https:\\\/\\\/novalaw.unl.pt\\\/en\\\/pedro-simoes-coelho\\\/#primaryimage\",\"url\":\"https:\\\/\\\/novalaw.unl.pt\\\/wp-content\\\/uploads\\\/2021\\\/08\\\/SITE_docentes-parcerias-PEDRO-SIMOES.jpg\",\"contentUrl\":\"https:\\\/\\\/novalaw.unl.pt\\\/wp-content\\\/uploads\\\/2021\\\/08\\\/SITE_docentes-parcerias-PEDRO-SIMOES.jpg\"},{\"@type\":\"BreadcrumbList\",\"@id\":\"https:\\\/\\\/novalaw.unl.pt\\\/en\\\/pedro-simoes-coelho\\\/#breadcrumb\",\"itemListElement\":[{\"@type\":\"ListItem\",\"position\":1,\"name\":\"Home\",\"item\":\"https:\\\/\\\/novalaw.unl.pt\\\/en\\\/\"},{\"@type\":\"ListItem\",\"position\":2,\"name\":\"Pedro Sim\u00f5es Coelho\"}]},{\"@type\":\"WebSite\",\"@id\":\"https:\\\/\\\/novalaw.unl.pt\\\/#website\",\"url\":\"https:\\\/\\\/novalaw.unl.pt\\\/\",\"name\":\"NOVA School of Law | Faculdade de Direito da Universidade NOVA de Lisboa\",\"description\":\"NOVA School Of Law\",\"publisher\":{\"@id\":\"https:\\\/\\\/novalaw.unl.pt\\\/#organization\"},\"potentialAction\":[{\"@type\":\"SearchAction\",\"target\":{\"@type\":\"EntryPoint\",\"urlTemplate\":\"https:\\\/\\\/novalaw.unl.pt\\\/?s={search_term_string}\"},\"query-input\":{\"@type\":\"PropertyValueSpecification\",\"valueRequired\":true,\"valueName\":\"search_term_string\"}}],\"inLanguage\":\"en-US\"},{\"@type\":\"Organization\",\"@id\":\"https:\\\/\\\/novalaw.unl.pt\\\/#organization\",\"name\":\"NOVA School of Law\",\"url\":\"https:\\\/\\\/novalaw.unl.pt\\\/\",\"logo\":{\"@type\":\"ImageObject\",\"inLanguage\":\"en-US\",\"@id\":\"https:\\\/\\\/novalaw.unl.pt\\\/#\\\/schema\\\/logo\\\/image\\\/\",\"url\":\"https:\\\/\\\/novalaw.unl.pt\\\/wp-content\\\/uploads\\\/2021\\\/02\\\/logo-novalaw.svg\",\"contentUrl\":\"https:\\\/\\\/novalaw.unl.pt\\\/wp-content\\\/uploads\\\/2021\\\/02\\\/logo-novalaw.svg\",\"width\":991,\"height\":424,\"caption\":\"NOVA School of Law\"},\"image\":{\"@id\":\"https:\\\/\\\/novalaw.unl.pt\\\/#\\\/schema\\\/logo\\\/image\\\/\"}}]}<\/script>\n<!-- \/ Yoast SEO Premium plugin. -->","yoast_head_json":{"title":"Pedro Sim\u00f5es Coelho - NOVA School of Law | Faculdade de Direito da Universidade NOVA de Lisboa","robots":{"index":"index","follow":"follow","max-snippet":"max-snippet:-1","max-image-preview":"max-image-preview:large","max-video-preview":"max-video-preview:-1"},"canonical":"https:\/\/novalaw.unl.pt\/en\/pedro-simoes-coelho\/","og_locale":"en_US","og_type":"article","og_title":"Pedro Sim\u00f5es Coelho","og_description":"Pedro Sim\u00f5es Coelho Full Professor (NOVA IMS) psc@novaims.unl.pt Nota Biogr\u00e1fica Pedro Sim\u00f5es Coelho is presently Full Professor and President of the Scientific Board of the NOVA Information Management School (NOVA IMS) of Universidade Nova de Lisboa. He is also researcher in the Information Management Research Center (MagIC) of NOVA University. He is presently senior expert &hellip; Pedro Sim\u00f5es Coelho Read More &raquo;","og_url":"https:\/\/novalaw.unl.pt\/en\/pedro-simoes-coelho\/","og_site_name":"NOVA School of Law | Faculdade de Direito da Universidade NOVA de Lisboa","article_modified_time":"2024-10-25T11:08:55+00:00","og_image":[{"url":"https:\/\/novalaw.unl.pt\/wp-content\/uploads\/2021\/08\/SITE_docentes-parcerias-PEDRO-SIMOES.jpg","type":"","width":"","height":""}],"twitter_card":"summary_large_image","twitter_misc":{"Est. reading time":"2 minutes"},"schema":{"@context":"https:\/\/schema.org","@graph":[{"@type":"WebPage","@id":"https:\/\/novalaw.unl.pt\/en\/pedro-simoes-coelho\/","url":"https:\/\/novalaw.unl.pt\/en\/pedro-simoes-coelho\/","name":"Pedro Sim\u00f5es Coelho - NOVA School of Law | Faculdade de Direito da Universidade NOVA de Lisboa","isPartOf":{"@id":"https:\/\/novalaw.unl.pt\/#website"},"primaryImageOfPage":{"@id":"https:\/\/novalaw.unl.pt\/en\/pedro-simoes-coelho\/#primaryimage"},"image":{"@id":"https:\/\/novalaw.unl.pt\/en\/pedro-simoes-coelho\/#primaryimage"},"thumbnailUrl":"https:\/\/novalaw.unl.pt\/wp-content\/uploads\/2021\/08\/SITE_docentes-parcerias-PEDRO-SIMOES.jpg","datePublished":"2021-10-15T16:20:54+00:00","dateModified":"2024-10-25T11:08:55+00:00","breadcrumb":{"@id":"https:\/\/novalaw.unl.pt\/en\/pedro-simoes-coelho\/#breadcrumb"},"inLanguage":"en-US","potentialAction":[{"@type":"ReadAction","target":["https:\/\/novalaw.unl.pt\/en\/pedro-simoes-coelho\/"]}]},{"@type":"ImageObject","inLanguage":"en-US","@id":"https:\/\/novalaw.unl.pt\/en\/pedro-simoes-coelho\/#primaryimage","url":"https:\/\/novalaw.unl.pt\/wp-content\/uploads\/2021\/08\/SITE_docentes-parcerias-PEDRO-SIMOES.jpg","contentUrl":"https:\/\/novalaw.unl.pt\/wp-content\/uploads\/2021\/08\/SITE_docentes-parcerias-PEDRO-SIMOES.jpg"},{"@type":"BreadcrumbList","@id":"https:\/\/novalaw.unl.pt\/en\/pedro-simoes-coelho\/#breadcrumb","itemListElement":[{"@type":"ListItem","position":1,"name":"Home","item":"https:\/\/novalaw.unl.pt\/en\/"},{"@type":"ListItem","position":2,"name":"Pedro Sim\u00f5es Coelho"}]},{"@type":"WebSite","@id":"https:\/\/novalaw.unl.pt\/#website","url":"https:\/\/novalaw.unl.pt\/","name":"NOVA School of Law | Faculdade de Direito da Universidade NOVA de Lisboa","description":"NOVA School Of Law","publisher":{"@id":"https:\/\/novalaw.unl.pt\/#organization"},"potentialAction":[{"@type":"SearchAction","target":{"@type":"EntryPoint","urlTemplate":"https:\/\/novalaw.unl.pt\/?s={search_term_string}"},"query-input":{"@type":"PropertyValueSpecification","valueRequired":true,"valueName":"search_term_string"}}],"inLanguage":"en-US"},{"@type":"Organization","@id":"https:\/\/novalaw.unl.pt\/#organization","name":"NOVA School of Law","url":"https:\/\/novalaw.unl.pt\/","logo":{"@type":"ImageObject","inLanguage":"en-US","@id":"https:\/\/novalaw.unl.pt\/#\/schema\/logo\/image\/","url":"https:\/\/novalaw.unl.pt\/wp-content\/uploads\/2021\/02\/logo-novalaw.svg","contentUrl":"https:\/\/novalaw.unl.pt\/wp-content\/uploads\/2021\/02\/logo-novalaw.svg","width":991,"height":424,"caption":"NOVA School of Law"},"image":{"@id":"https:\/\/novalaw.unl.pt\/#\/schema\/logo\/image\/"}}]}},"novalaw_begin_date":"","novalaw_begin_date_en":"","novalaw_text":"","novalaw_tag":"","novalaw_tag_en":"","novalaw_link":"","novalaw_link_en":"","novalaw_end_date":"","novalaw_end_date_en":"","novalaw_date":"","novalaw_em_destaque":"","novalaw_tag_src":"","lang":"","_links":{"self":[{"href":"https:\/\/novalaw.unl.pt\/en\/wp-json\/wp\/v2\/pages\/9469","targetHints":{"allow":["GET"]}}],"collection":[{"href":"https:\/\/novalaw.unl.pt\/en\/wp-json\/wp\/v2\/pages"}],"about":[{"href":"https:\/\/novalaw.unl.pt\/en\/wp-json\/wp\/v2\/types\/page"}],"author":[{"embeddable":true,"href":"https:\/\/novalaw.unl.pt\/en\/wp-json\/wp\/v2\/users\/2"}],"replies":[{"embeddable":true,"href":"https:\/\/novalaw.unl.pt\/en\/wp-json\/wp\/v2\/comments?post=9469"}],"version-history":[{"count":7,"href":"https:\/\/novalaw.unl.pt\/en\/wp-json\/wp\/v2\/pages\/9469\/revisions"}],"predecessor-version":[{"id":86092,"href":"https:\/\/novalaw.unl.pt\/en\/wp-json\/wp\/v2\/pages\/9469\/revisions\/86092"}],"wp:attachment":[{"href":"https:\/\/novalaw.unl.pt\/en\/wp-json\/wp\/v2\/media?parent=9469"}],"wp:term":[{"taxonomy":"category","embeddable":true,"href":"https:\/\/novalaw.unl.pt\/en\/wp-json\/wp\/v2\/categories?post=9469"},{"taxonomy":"post_tag","embeddable":true,"href":"https:\/\/novalaw.unl.pt\/en\/wp-json\/wp\/v2\/tags?post=9469"}],"curies":[{"name":"wp","href":"https:\/\/api.w.org\/{rel}","templated":true}]}}